{"id":21388,"date":"2020-06-23T23:17:51","date_gmt":"2020-06-23T20:17:51","guid":{"rendered":"https:\/\/woodinout.net\/product\/grosses-hoelzernes-scrabble-board-5x5\/"},"modified":"2022-04-28T09:56:17","modified_gmt":"2022-04-28T06:56:17","slug":"holzbuchstaben-brettspiel-scrabble-kacheln-5x5","status":"publish","type":"product","link":"https:\/\/woodinout.net\/de\/product\/holzbuchstaben-brettspiel-scrabble-kacheln-5x5\/","title":{"rendered":"Gro\u00dfes H\u00f6lzernes Scrabble Board 5&#215;5"},"content":{"rendered":"<p>Wir pr\u00e4sentieren Ihnen ein personalisiertes Geschenk Holzbuchstaben Brettspiel. Dieses Alphabet-Puzzle ist das perfekte Familiengeschenk f\u00fcr wertvolle Familienzeit zu zweit. Scrabble Spiel ist das beliebteste Wortlernspiel der Welt. Werden Sie kreativ auf dem Scrabble-Board und verbinden Sie Alphabetbl\u00f6cke zu Holzw\u00f6rtern. Holzbuchstaben abc Holzblock bringt Sie in die Welt der W\u00f6rter, lass uns JETZT zusammen gehen! Schlie\u00dfen Sie sich der Familie der gl\u00fccklichen Kunden bei Woodinout an!<\/p>\n<p>Kit enth\u00e4lt aus:<br \/>\nScrabble Board<\/p>\n<p>ABMESSUNGEN DER PLATINE<br \/>\nL\u00e4nge: ~ 12 Zoll<br \/>\nH\u00f6he: ~ 12 Zoll<br \/>\nDicke: ~ 0,6 Zoll<\/p>\n<p>FARBEN UND MATERIAL<br \/>\nFarbe: natur oder braun ge\u00f6lt.<br \/>\nBoard ist aus NAT\u00dcRLICHEM MASSIVHOLZ gefertigt.<br \/>\nBitte beachten Sie, dass die Farben aufgrund der Einstellungen und der Beleuchtung des Computermonitors variieren k\u00f6nnen.<\/p>\n<div style=\"width: 1080px;\" class=\"wp-video\"><!--[if lt IE 9]><script>document.createElement('video');<\/script><![endif]-->\n<video class=\"wp-video-shortcode\" id=\"video-21388-1\" width=\"1080\" height=\"810\" preload=\"metadata\" controls=\"controls\"><source type=\"video\/mp4\" src=\"http:\/\/woodinout.net\/wp-content\/uploads\/2020\/06\/MEDINIS_18.mp4?_=1\" \/><a href=\"http:\/\/woodinout.net\/wp-content\/uploads\/2020\/06\/MEDINIS_18.mp4\">http:\/\/woodinout.net\/wp-content\/uploads\/2020\/06\/MEDINIS_18.mp4<\/a><\/video><\/div>\n","protected":false},"excerpt":{"rendered":"<p>Wir pr\u00e4sentieren Ihnen ein personalisiertes Geschenk Holzbuchstaben Brettspiel. Dieses Alphabet-Puzzle ist das perfekte Familiengeschenk f\u00fcr wertvolle Familienzeit zu zweit. Scrabble Spiel ist das beliebteste Wortlernspiel der Welt. Werden Sie kreativ auf dem Scrabble-Board und verbinden Sie Alphabetbl\u00f6cke zu Holzw\u00f6rtern. Holzbuchstaben abc Holzblock bringt Sie in die Welt der W\u00f6rter, lass uns JETZT zusammen gehen! Schlie\u00dfen [&hellip;]<\/p>\n","protected":false},"featured_media":18056,"template":"","meta":{"_monsterinsights_skip_tracking":false,"_monsterinsights_sitenote_active":false,"_monsterinsights_sitenote_note":"","_monsterinsights_sitenote_category":0},"product_cat":[1355,1405,1362],"product_tag":[1358,2129,1367,1368,1366,1361,1360,1363,1412,1413,2128],"yoast_head":"<!-- This site is optimized with the Yoast SEO plugin v22.1 - https:\/\/yoast.com\/wordpress\/plugins\/seo\/ -->\n<title>Gro\u00dfes H\u00f6lzernes Scrabble Board 5x5 - Woodinout \u00a9 Rechtschreibspiele<\/title>\n<meta name=\"description\" content=\"Junior Scrabble BrettSchreibspiel - f\u00fcr wertvolle Familienzeit mit Ihren Kindern. Handgefertigtes und umweltfreundliches Lernspielzeug von Woodinout.\" \/>\n<meta name=\"robots\" content=\"index, follow, max-snippet:-1, max-image-preview:large, max-video-preview:-1\" \/>\n<link rel=\"canonical\" href=\"https:\/\/woodinout.net\/de\/product\/holzbuchstaben-brettspiel-scrabble-kacheln-5x5\/\" \/>\n<meta property=\"og:locale\" content=\"de_DE\" \/>\n<meta property=\"og:type\" content=\"article\" \/>\n<meta property=\"og:title\" content=\"Gro\u00dfes H\u00f6lzernes Scrabble Board 5x5 - Woodinout \u00a9 Rechtschreibspiele\" \/>\n<meta property=\"og:description\" content=\"Junior Scrabble BrettSchreibspiel - f\u00fcr wertvolle Familienzeit mit Ihren Kindern. Handgefertigtes und umweltfreundliches Lernspielzeug von Woodinout.\" \/>\n<meta property=\"og:url\" content=\"https:\/\/woodinout.net\/de\/product\/holzbuchstaben-brettspiel-scrabble-kacheln-5x5\/\" \/>\n<meta property=\"og:site_name\" content=\"Woodinout \u00a9\" \/>\n<meta property=\"article:modified_time\" content=\"2022-04-28T06:56:17+00:00\" \/>\n<meta property=\"og:image\" content=\"https:\/\/woodinout.net\/wp-content\/uploads\/2020\/06\/Scrabble-tiles-5x5-1.jpg\" \/>\n\t<meta property=\"og:image:width\" content=\"853\" \/>\n\t<meta property=\"og:image:height\" content=\"1280\" \/>\n\t<meta property=\"og:image:type\" content=\"image\/jpeg\" \/>\n<meta name=\"twitter:card\" content=\"summary_large_image\" \/>\n<meta name=\"twitter:label1\" content=\"Gesch\u00e4tzte Lesezeit\" \/>\n\t<meta name=\"twitter:data1\" content=\"1\u00a0Minute\" \/>\n<script type=\"application\/ld+json\" class=\"yoast-schema-graph\">{\"@context\":\"https:\/\/schema.org\",\"@graph\":[{\"@type\":\"WebPage\",\"@id\":\"https:\/\/woodinout.net\/de\/product\/holzbuchstaben-brettspiel-scrabble-kacheln-5x5\/\",\"url\":\"https:\/\/woodinout.net\/de\/product\/holzbuchstaben-brettspiel-scrabble-kacheln-5x5\/\",\"name\":\"Gro\u00dfes H\u00f6lzernes Scrabble Board 5x5 - Woodinout \u00a9 Rechtschreibspiele\",\"isPartOf\":{\"@id\":\"https:\/\/woodinout.net\/de\/#website\"},\"datePublished\":\"2020-06-23T20:17:51+00:00\",\"dateModified\":\"2022-04-28T06:56:17+00:00\",\"description\":\"Junior Scrabble BrettSchreibspiel - f\u00fcr wertvolle Familienzeit mit Ihren Kindern. Handgefertigtes und umweltfreundliches Lernspielzeug von Woodinout.\",\"breadcrumb\":{\"@id\":\"https:\/\/woodinout.net\/de\/product\/holzbuchstaben-brettspiel-scrabble-kacheln-5x5\/#breadcrumb\"},\"inLanguage\":\"de\",\"potentialAction\":[{\"@type\":\"ReadAction\",\"target\":[\"https:\/\/woodinout.net\/de\/product\/holzbuchstaben-brettspiel-scrabble-kacheln-5x5\/\"]}]},{\"@type\":\"BreadcrumbList\",\"@id\":\"https:\/\/woodinout.net\/de\/product\/holzbuchstaben-brettspiel-scrabble-kacheln-5x5\/#breadcrumb\",\"itemListElement\":[{\"@type\":\"ListItem\",\"position\":1,\"name\":\"Home\",\"item\":\"https:\/\/woodinout.net\/de\/\"},{\"@type\":\"ListItem\",\"position\":2,\"name\":\"Shop\",\"item\":\"https:\/\/woodinout.net\/shop\/\"},{\"@type\":\"ListItem\",\"position\":3,\"name\":\"Gro\u00dfes H\u00f6lzernes Scrabble Board 5&#215;5\"}]},{\"@type\":\"WebSite\",\"@id\":\"https:\/\/woodinout.net\/de\/#website\",\"url\":\"https:\/\/woodinout.net\/de\/\",\"name\":\"Woodinout \u00a9\",\"description\":\"Wooden Montessori toys, gifts, home and events decor details\",\"potentialAction\":[{\"@type\":\"SearchAction\",\"target\":{\"@type\":\"EntryPoint\",\"urlTemplate\":\"https:\/\/woodinout.net\/de\/?s={search_term_string}\"},\"query-input\":\"required name=search_term_string\"}],\"inLanguage\":\"de\"}]}<\/script>\n<!-- \/ Yoast SEO plugin. -->","yoast_head_json":{"title":"Gro\u00dfes H\u00f6lzernes Scrabble Board 5x5 - Woodinout \u00a9 Rechtschreibspiele","description":"Junior Scrabble BrettSchreibspiel - f\u00fcr wertvolle Familienzeit mit Ihren Kindern. Handgefertigtes und umweltfreundliches Lernspielzeug von Woodinout.","robots":{"index":"index","follow":"follow","max-snippet":"max-snippet:-1","max-image-preview":"max-image-preview:large","max-video-preview":"max-video-preview:-1"},"canonical":"https:\/\/woodinout.net\/de\/product\/holzbuchstaben-brettspiel-scrabble-kacheln-5x5\/","og_locale":"de_DE","og_type":"article","og_title":"Gro\u00dfes H\u00f6lzernes Scrabble Board 5x5 - Woodinout \u00a9 Rechtschreibspiele","og_description":"Junior Scrabble BrettSchreibspiel - f\u00fcr wertvolle Familienzeit mit Ihren Kindern. Handgefertigtes und umweltfreundliches Lernspielzeug von Woodinout.","og_url":"https:\/\/woodinout.net\/de\/product\/holzbuchstaben-brettspiel-scrabble-kacheln-5x5\/","og_site_name":"Woodinout \u00a9","article_modified_time":"2022-04-28T06:56:17+00:00","og_image":[{"width":853,"height":1280,"url":"https:\/\/woodinout.net\/wp-content\/uploads\/2020\/06\/Scrabble-tiles-5x5-1.jpg","type":"image\/jpeg"}],"twitter_card":"summary_large_image","twitter_misc":{"Gesch\u00e4tzte Lesezeit":"1\u00a0Minute"},"schema":{"@context":"https:\/\/schema.org","@graph":[{"@type":"WebPage","@id":"https:\/\/woodinout.net\/de\/product\/holzbuchstaben-brettspiel-scrabble-kacheln-5x5\/","url":"https:\/\/woodinout.net\/de\/product\/holzbuchstaben-brettspiel-scrabble-kacheln-5x5\/","name":"Gro\u00dfes H\u00f6lzernes Scrabble Board 5x5 - Woodinout \u00a9 Rechtschreibspiele","isPartOf":{"@id":"https:\/\/woodinout.net\/de\/#website"},"datePublished":"2020-06-23T20:17:51+00:00","dateModified":"2022-04-28T06:56:17+00:00","description":"Junior Scrabble BrettSchreibspiel - f\u00fcr wertvolle Familienzeit mit Ihren Kindern. Handgefertigtes und umweltfreundliches Lernspielzeug von Woodinout.","breadcrumb":{"@id":"https:\/\/woodinout.net\/de\/product\/holzbuchstaben-brettspiel-scrabble-kacheln-5x5\/#breadcrumb"},"inLanguage":"de","potentialAction":[{"@type":"ReadAction","target":["https:\/\/woodinout.net\/de\/product\/holzbuchstaben-brettspiel-scrabble-kacheln-5x5\/"]}]},{"@type":"BreadcrumbList","@id":"https:\/\/woodinout.net\/de\/product\/holzbuchstaben-brettspiel-scrabble-kacheln-5x5\/#breadcrumb","itemListElement":[{"@type":"ListItem","position":1,"name":"Home","item":"https:\/\/woodinout.net\/de\/"},{"@type":"ListItem","position":2,"name":"Shop","item":"https:\/\/woodinout.net\/shop\/"},{"@type":"ListItem","position":3,"name":"Gro\u00dfes H\u00f6lzernes Scrabble Board 5&#215;5"}]},{"@type":"WebSite","@id":"https:\/\/woodinout.net\/de\/#website","url":"https:\/\/woodinout.net\/de\/","name":"Woodinout \u00a9","description":"Wooden Montessori toys, gifts, home and events decor details","potentialAction":[{"@type":"SearchAction","target":{"@type":"EntryPoint","urlTemplate":"https:\/\/woodinout.net\/de\/?s={search_term_string}"},"query-input":"required name=search_term_string"}],"inLanguage":"de"}]}},"_links":{"self":[{"href":"https:\/\/woodinout.net\/de\/wp-json\/wp\/v2\/product\/21388"}],"collection":[{"href":"https:\/\/woodinout.net\/de\/wp-json\/wp\/v2\/product"}],"about":[{"href":"https:\/\/woodinout.net\/de\/wp-json\/wp\/v2\/types\/product"}],"wp:featuredmedia":[{"embeddable":true,"href":"https:\/\/woodinout.net\/de\/wp-json\/wp\/v2\/media\/18056"}],"wp:attachment":[{"href":"https:\/\/woodinout.net\/de\/wp-json\/wp\/v2\/media?parent=21388"}],"wp:term":[{"taxonomy":"product_cat","embeddable":true,"href":"https:\/\/woodinout.net\/de\/wp-json\/wp\/v2\/product_cat?post=21388"},{"taxonomy":"product_tag","embeddable":true,"href":"https:\/\/woodinout.net\/de\/wp-json\/wp\/v2\/product_tag?post=21388"}],"curies":[{"name":"wp","href":"https:\/\/api.w.org\/{rel}","templated":true}]}}