{"id":21387,"date":"2020-06-20T23:42:07","date_gmt":"2020-06-20T20:42:07","guid":{"rendered":"https:\/\/woodinout.net\/product\/hoelzerne-alphabetbloecke-massivholz\/"},"modified":"2022-04-28T10:23:06","modified_gmt":"2022-04-28T07:23:06","slug":"holz-alphabet-blocke","status":"publish","type":"product","link":"https:\/\/woodinout.net\/de\/product\/holz-alphabet-blocke\/","title":{"rendered":"H\u00f6lzerne Alphabetbl\u00f6cke (Massivholz)"},"content":{"rendered":"<p>H\u00f6lzerne Alphabetbl\u00f6cke werden zu Holzw\u00f6rtern zusammengef\u00fcgt. Zauberei! Das ist es, was Lernspielzeug wie h\u00f6lzerne ABC-Bl\u00f6cke ist. Dieses Montessori-Holzspielzeug wird auf der ganzen Welt gesch\u00e4tzt und ist eines der begehrtesten Geschenke f\u00fcr Kleinkinder. ABC Holz Block f\u00fcr Block Kinder lernen Rechtschreibung und Schreiben auf einfache und unterhaltsame Weise. Alphabet Puzzle wird Ihnen eine gute Zeit vom Kleinkindjahr bis zum Erwachsenenalter geben. Scrabble Fliesen sind aus Massivholz gefertigt und sehen daher sehr gut aus&#8230; Montessori-Spielzeug &#8211; Spielzeug lernen ist das, was wir am besten k\u00f6nnen, schlie\u00dfen Sie sich unserer gl\u00fccklichen Kundenfamilie an Jetzt mit diesem erstaunlichen Holzbuchstaben-Set.<\/p>\n<p>Kit enth\u00e4lt aus:<br \/>\n26 Stk. NATURAL WOOD Buchstabenbl\u00f6cke<br \/>\nHolzstift<\/p>\n<p>DIMENSIONEN<\/p>\n<p>H\u00f6he: ~ 1,8 Zoll<br \/>\nL\u00e4nge: ~ 1,8 Zoll<br \/>\nDicke: ~ 0,6 Zoll<\/p>\n<p>FARBEN UND MATERIAL<br \/>\nFarbe: dunkelbraun oder nat\u00fcrlich ge\u00f6lt.<br \/>\nDas Spielzeug besteht aus NAT\u00dcRLICHEM MASSIVHOLZ und umweltfreundlichen Farben \/ \u00d6len.<br \/>\nBitte beachten Sie, dass die Farben aufgrund der Einstellungen und der Beleuchtung des Computermonitors variieren k\u00f6nnen.<\/p>\n","protected":false},"excerpt":{"rendered":"<p>H\u00f6lzerne Alphabetbl\u00f6cke werden zu Holzw\u00f6rtern zusammengef\u00fcgt. Zauberei! Das ist es, was Lernspielzeug wie h\u00f6lzerne ABC-Bl\u00f6cke ist. Dieses Montessori-Holzspielzeug wird auf der ganzen Welt gesch\u00e4tzt und ist eines der begehrtesten Geschenke f\u00fcr Kleinkinder. ABC Holz Block f\u00fcr Block Kinder lernen Rechtschreibung und Schreiben auf einfache und unterhaltsame Weise. Alphabet Puzzle wird Ihnen eine gute Zeit vom [&hellip;]<\/p>\n","protected":false},"featured_media":17408,"template":"","meta":{"_monsterinsights_skip_tracking":false,"_monsterinsights_sitenote_active":false,"_monsterinsights_sitenote_note":"","_monsterinsights_sitenote_category":0},"product_cat":[1355,1405],"product_tag":[2000,1999,1358,1367,1368,1366,1361,1360,1363,1412,1413],"yoast_head":"<!-- This site is optimized with the Yoast SEO plugin v22.1 - https:\/\/yoast.com\/wordpress\/plugins\/seo\/ -->\n<title>H\u00f6lzerne Alphabetbl\u00f6cke (Massivholz) - Woodinout \u00a9 Lernspielzeug<\/title>\n<meta name=\"description\" content=\"Montessori anerkannt - Umweltfreundlich - Sicher - Handgefertigt. Diese Alphabetbl\u00f6cke sind ein perfektes Lernspielzeug f\u00fcr Kleinkinder und Vorschulkinder.\" \/>\n<meta name=\"robots\" content=\"index, follow, max-snippet:-1, max-image-preview:large, max-video-preview:-1\" \/>\n<link rel=\"canonical\" href=\"https:\/\/woodinout.net\/de\/product\/holz-alphabet-blocke\/\" \/>\n<meta property=\"og:locale\" content=\"de_DE\" \/>\n<meta property=\"og:type\" content=\"article\" \/>\n<meta property=\"og:title\" content=\"H\u00f6lzerne Alphabetbl\u00f6cke (Massivholz) - Woodinout \u00a9 Lernspielzeug\" \/>\n<meta property=\"og:description\" content=\"Montessori anerkannt - Umweltfreundlich - Sicher - Handgefertigt. Diese Alphabetbl\u00f6cke sind ein perfektes Lernspielzeug f\u00fcr Kleinkinder und Vorschulkinder.\" \/>\n<meta property=\"og:url\" content=\"https:\/\/woodinout.net\/de\/product\/holz-alphabet-blocke\/\" \/>\n<meta property=\"og:site_name\" content=\"Woodinout \u00a9\" \/>\n<meta property=\"article:modified_time\" content=\"2022-04-28T07:23:06+00:00\" \/>\n<meta property=\"og:image\" content=\"https:\/\/woodinout.net\/wp-content\/uploads\/2020\/06\/Wooden-alphabet-blocks.jpg\" \/>\n\t<meta property=\"og:image:width\" content=\"853\" \/>\n\t<meta property=\"og:image:height\" content=\"1280\" \/>\n\t<meta property=\"og:image:type\" content=\"image\/jpeg\" \/>\n<meta name=\"twitter:card\" content=\"summary_large_image\" \/>\n<meta name=\"twitter:label1\" content=\"Gesch\u00e4tzte Lesezeit\" \/>\n\t<meta name=\"twitter:data1\" content=\"1\u00a0Minute\" \/>\n<script type=\"application\/ld+json\" class=\"yoast-schema-graph\">{\"@context\":\"https:\/\/schema.org\",\"@graph\":[{\"@type\":\"WebPage\",\"@id\":\"https:\/\/woodinout.net\/de\/product\/holz-alphabet-blocke\/\",\"url\":\"https:\/\/woodinout.net\/de\/product\/holz-alphabet-blocke\/\",\"name\":\"H\u00f6lzerne Alphabetbl\u00f6cke (Massivholz) - Woodinout \u00a9 Lernspielzeug\",\"isPartOf\":{\"@id\":\"https:\/\/woodinout.net\/de\/#website\"},\"datePublished\":\"2020-06-20T20:42:07+00:00\",\"dateModified\":\"2022-04-28T07:23:06+00:00\",\"description\":\"Montessori anerkannt - Umweltfreundlich - Sicher - Handgefertigt. Diese Alphabetbl\u00f6cke sind ein perfektes Lernspielzeug f\u00fcr Kleinkinder und Vorschulkinder.\",\"breadcrumb\":{\"@id\":\"https:\/\/woodinout.net\/de\/product\/holz-alphabet-blocke\/#breadcrumb\"},\"inLanguage\":\"de\",\"potentialAction\":[{\"@type\":\"ReadAction\",\"target\":[\"https:\/\/woodinout.net\/de\/product\/holz-alphabet-blocke\/\"]}]},{\"@type\":\"BreadcrumbList\",\"@id\":\"https:\/\/woodinout.net\/de\/product\/holz-alphabet-blocke\/#breadcrumb\",\"itemListElement\":[{\"@type\":\"ListItem\",\"position\":1,\"name\":\"Home\",\"item\":\"https:\/\/woodinout.net\/de\/\"},{\"@type\":\"ListItem\",\"position\":2,\"name\":\"Shop\",\"item\":\"https:\/\/woodinout.net\/shop\/\"},{\"@type\":\"ListItem\",\"position\":3,\"name\":\"H\u00f6lzerne Alphabetbl\u00f6cke (Massivholz)\"}]},{\"@type\":\"WebSite\",\"@id\":\"https:\/\/woodinout.net\/de\/#website\",\"url\":\"https:\/\/woodinout.net\/de\/\",\"name\":\"Woodinout \u00a9\",\"description\":\"Wooden Montessori toys, gifts, home and events decor details\",\"potentialAction\":[{\"@type\":\"SearchAction\",\"target\":{\"@type\":\"EntryPoint\",\"urlTemplate\":\"https:\/\/woodinout.net\/de\/?s={search_term_string}\"},\"query-input\":\"required name=search_term_string\"}],\"inLanguage\":\"de\"}]}<\/script>\n<!-- \/ Yoast SEO plugin. -->","yoast_head_json":{"title":"H\u00f6lzerne Alphabetbl\u00f6cke (Massivholz) - Woodinout \u00a9 Lernspielzeug","description":"Montessori anerkannt - Umweltfreundlich - Sicher - Handgefertigt. Diese Alphabetbl\u00f6cke sind ein perfektes Lernspielzeug f\u00fcr Kleinkinder und Vorschulkinder.","robots":{"index":"index","follow":"follow","max-snippet":"max-snippet:-1","max-image-preview":"max-image-preview:large","max-video-preview":"max-video-preview:-1"},"canonical":"https:\/\/woodinout.net\/de\/product\/holz-alphabet-blocke\/","og_locale":"de_DE","og_type":"article","og_title":"H\u00f6lzerne Alphabetbl\u00f6cke (Massivholz) - Woodinout \u00a9 Lernspielzeug","og_description":"Montessori anerkannt - Umweltfreundlich - Sicher - Handgefertigt. Diese Alphabetbl\u00f6cke sind ein perfektes Lernspielzeug f\u00fcr Kleinkinder und Vorschulkinder.","og_url":"https:\/\/woodinout.net\/de\/product\/holz-alphabet-blocke\/","og_site_name":"Woodinout \u00a9","article_modified_time":"2022-04-28T07:23:06+00:00","og_image":[{"width":853,"height":1280,"url":"https:\/\/woodinout.net\/wp-content\/uploads\/2020\/06\/Wooden-alphabet-blocks.jpg","type":"image\/jpeg"}],"twitter_card":"summary_large_image","twitter_misc":{"Gesch\u00e4tzte Lesezeit":"1\u00a0Minute"},"schema":{"@context":"https:\/\/schema.org","@graph":[{"@type":"WebPage","@id":"https:\/\/woodinout.net\/de\/product\/holz-alphabet-blocke\/","url":"https:\/\/woodinout.net\/de\/product\/holz-alphabet-blocke\/","name":"H\u00f6lzerne Alphabetbl\u00f6cke (Massivholz) - Woodinout \u00a9 Lernspielzeug","isPartOf":{"@id":"https:\/\/woodinout.net\/de\/#website"},"datePublished":"2020-06-20T20:42:07+00:00","dateModified":"2022-04-28T07:23:06+00:00","description":"Montessori anerkannt - Umweltfreundlich - Sicher - Handgefertigt. Diese Alphabetbl\u00f6cke sind ein perfektes Lernspielzeug f\u00fcr Kleinkinder und Vorschulkinder.","breadcrumb":{"@id":"https:\/\/woodinout.net\/de\/product\/holz-alphabet-blocke\/#breadcrumb"},"inLanguage":"de","potentialAction":[{"@type":"ReadAction","target":["https:\/\/woodinout.net\/de\/product\/holz-alphabet-blocke\/"]}]},{"@type":"BreadcrumbList","@id":"https:\/\/woodinout.net\/de\/product\/holz-alphabet-blocke\/#breadcrumb","itemListElement":[{"@type":"ListItem","position":1,"name":"Home","item":"https:\/\/woodinout.net\/de\/"},{"@type":"ListItem","position":2,"name":"Shop","item":"https:\/\/woodinout.net\/shop\/"},{"@type":"ListItem","position":3,"name":"H\u00f6lzerne Alphabetbl\u00f6cke (Massivholz)"}]},{"@type":"WebSite","@id":"https:\/\/woodinout.net\/de\/#website","url":"https:\/\/woodinout.net\/de\/","name":"Woodinout \u00a9","description":"Wooden Montessori toys, gifts, home and events decor details","potentialAction":[{"@type":"SearchAction","target":{"@type":"EntryPoint","urlTemplate":"https:\/\/woodinout.net\/de\/?s={search_term_string}"},"query-input":"required name=search_term_string"}],"inLanguage":"de"}]}},"_links":{"self":[{"href":"https:\/\/woodinout.net\/de\/wp-json\/wp\/v2\/product\/21387"}],"collection":[{"href":"https:\/\/woodinout.net\/de\/wp-json\/wp\/v2\/product"}],"about":[{"href":"https:\/\/woodinout.net\/de\/wp-json\/wp\/v2\/types\/product"}],"wp:featuredmedia":[{"embeddable":true,"href":"https:\/\/woodinout.net\/de\/wp-json\/wp\/v2\/media\/17408"}],"wp:attachment":[{"href":"https:\/\/woodinout.net\/de\/wp-json\/wp\/v2\/media?parent=21387"}],"wp:term":[{"taxonomy":"product_cat","embeddable":true,"href":"https:\/\/woodinout.net\/de\/wp-json\/wp\/v2\/product_cat?post=21387"},{"taxonomy":"product_tag","embeddable":true,"href":"https:\/\/woodinout.net\/de\/wp-json\/wp\/v2\/product_tag?post=21387"}],"curies":[{"name":"wp","href":"https:\/\/api.w.org\/{rel}","templated":true}]}}