{"id":21384,"date":"2020-06-23T20:56:14","date_gmt":"2020-06-23T17:56:14","guid":{"rendered":"https:\/\/woodinout.net\/product\/holzzaehlstoecke-sortierspielzeug\/"},"modified":"2022-04-28T11:40:14","modified_gmt":"2022-04-28T08:40:14","slug":"holz-sortierspielzeug-fur-kleinkind-vorschul-lernen","status":"publish","type":"product","link":"https:\/\/woodinout.net\/de\/product\/holz-sortierspielzeug-fur-kleinkind-vorschul-lernen\/","title":{"rendered":"Holzz\u00e4hlst\u00f6cke Sortierspielzeug"},"content":{"rendered":"<p>Auf der Suche nach einem einzigartigen Entwicklungsgeschenk f\u00fcr Kleinkinder? Holzz\u00e4hlst\u00f6cke Sortierspielzeug ist sowohl lehrreich als auch stilvoll. Weltweit bekannte Waldorf &amp; Montessori Mathespielzeuge sind eine einfache und unterhaltsame M\u00f6glichkeit, Zahlen und Z\u00e4hlen im Kindergarten zu lernen. Dieser h\u00f6lzerne Montessori-Zehner-Sortierrahmen ist eine der niedlichen und lustigen M\u00f6glichkeiten, homeschool EINFACH zu machen. Lerne ZAHLEN UND Z\u00c4HLEN. Vertrau mir, Kinder lieben es.<br \/>\nLERNSPIELZEUG ist in den Augen eines Kindes immer noch SPIELZEUG. Unsere handgefertigten Holzspielzeuge sind nicht nur perfekte Geschenke f\u00fcr Kinder, sondern sehen auch sehr gut aus. Daher k\u00f6nnte dieses personalisierte Geschenk stilvolle Kinderzimmerdekoration sein &#8211; nutzen Sie hier Ihre Vorstellungskraft.<\/p>\n<p>Kit enth\u00e4lt aus:<br \/>\nSortierschale<br \/>\n60 Stk. klebt<\/p>\n<p>DIMENSIONEN<br \/>\nL\u00e4nge: ~ 17,7 Zoll<br \/>\nH\u00f6he: ~ 2 Zoll<br \/>\nDicke: ~ 1,6 Zoll<\/p>\n<p>FARBEN UND MATERIAL<br \/>\nFarbe: nat\u00fcrlich ge\u00f6lt.<br \/>\nDas Spielzeug besteht aus NAT\u00dcRLICHEM MASSIVHOLZ und Sperrholz.<br \/>\nBitte beachten Sie, dass die Farben aufgrund der Einstellungen und der Beleuchtung des Computermonitors variieren k\u00f6nnen.<\/p>\n<p>F\u00fcr weitere Ideen folgen Sie uns auf <a href=\"https:\/\/www.instagram.com\/woodinout\/\">INSTAGRAM<\/a> &amp; <a href=\"https:\/\/www.facebook.com\/Woodinout.net\">FACEBOOK<\/a><\/p>\n","protected":false},"excerpt":{"rendered":"<p>Auf der Suche nach einem einzigartigen Entwicklungsgeschenk f\u00fcr Kleinkinder? Holzz\u00e4hlst\u00f6cke Sortierspielzeug ist sowohl lehrreich als auch stilvoll. Weltweit bekannte Waldorf &amp; Montessori Mathespielzeuge sind eine einfache und unterhaltsame M\u00f6glichkeit, Zahlen und Z\u00e4hlen im Kindergarten zu lernen. Dieser h\u00f6lzerne Montessori-Zehner-Sortierrahmen ist eine der niedlichen und lustigen M\u00f6glichkeiten, homeschool EINFACH zu machen. Lerne ZAHLEN UND Z\u00c4HLEN. Vertrau [&hellip;]<\/p>\n","protected":false},"featured_media":17680,"template":"","meta":{"_monsterinsights_skip_tracking":false,"_monsterinsights_sitenote_active":false,"_monsterinsights_sitenote_note":"","_monsterinsights_sitenote_category":0},"product_cat":[1355,1365],"product_tag":[1358,1367,1368,1366,1361,1360,1386,1387,1371,1388,1363,2115,2117],"yoast_head":"<!-- This site is optimized with the Yoast SEO plugin v22.1 - https:\/\/yoast.com\/wordpress\/plugins\/seo\/ -->\n<title>Holzz\u00e4hlst\u00f6cke Sortierspielzeug - Woodinout \u00a9 Montessori Spielzeug<\/title>\n<meta name=\"description\" content=\"Sortierspielzeug f\u00fcr Z\u00e4hlst\u00e4bchen. Montessori-Spielzeug ist eine nat\u00fcrliche Art, Spa\u00df zu lernen. Mathe-Manuskripte handgefertigt aus Holz von Woodinout.\" \/>\n<meta name=\"robots\" content=\"index, follow, max-snippet:-1, max-image-preview:large, max-video-preview:-1\" \/>\n<link rel=\"canonical\" href=\"https:\/\/woodinout.net\/de\/product\/holz-sortierspielzeug-fur-kleinkind-vorschul-lernen\/\" \/>\n<meta property=\"og:locale\" content=\"de_DE\" \/>\n<meta property=\"og:type\" content=\"article\" \/>\n<meta property=\"og:title\" content=\"Holzz\u00e4hlst\u00f6cke Sortierspielzeug - Woodinout \u00a9 Montessori Spielzeug\" \/>\n<meta property=\"og:description\" content=\"Sortierspielzeug f\u00fcr Z\u00e4hlst\u00e4bchen. Montessori-Spielzeug ist eine nat\u00fcrliche Art, Spa\u00df zu lernen. Mathe-Manuskripte handgefertigt aus Holz von Woodinout.\" \/>\n<meta property=\"og:url\" content=\"https:\/\/woodinout.net\/de\/product\/holz-sortierspielzeug-fur-kleinkind-vorschul-lernen\/\" \/>\n<meta property=\"og:site_name\" content=\"Woodinout \u00a9\" \/>\n<meta property=\"article:modified_time\" content=\"2022-04-28T08:40:14+00:00\" \/>\n<meta property=\"og:image\" content=\"https:\/\/woodinout.net\/wp-content\/uploads\/2020\/06\/Wooden-sorting-toys-for-toddler-preschool-learning-2.jpg\" \/>\n\t<meta property=\"og:image:width\" content=\"853\" \/>\n\t<meta property=\"og:image:height\" content=\"1280\" \/>\n\t<meta property=\"og:image:type\" content=\"image\/jpeg\" \/>\n<meta name=\"twitter:card\" content=\"summary_large_image\" \/>\n<meta name=\"twitter:label1\" content=\"Gesch\u00e4tzte Lesezeit\" \/>\n\t<meta name=\"twitter:data1\" content=\"1\u00a0Minute\" \/>\n<script type=\"application\/ld+json\" class=\"yoast-schema-graph\">{\"@context\":\"https:\/\/schema.org\",\"@graph\":[{\"@type\":\"WebPage\",\"@id\":\"https:\/\/woodinout.net\/de\/product\/holz-sortierspielzeug-fur-kleinkind-vorschul-lernen\/\",\"url\":\"https:\/\/woodinout.net\/de\/product\/holz-sortierspielzeug-fur-kleinkind-vorschul-lernen\/\",\"name\":\"Holzz\u00e4hlst\u00f6cke Sortierspielzeug - Woodinout \u00a9 Montessori Spielzeug\",\"isPartOf\":{\"@id\":\"https:\/\/woodinout.net\/de\/#website\"},\"datePublished\":\"2020-06-23T17:56:14+00:00\",\"dateModified\":\"2022-04-28T08:40:14+00:00\",\"description\":\"Sortierspielzeug f\u00fcr Z\u00e4hlst\u00e4bchen. Montessori-Spielzeug ist eine nat\u00fcrliche Art, Spa\u00df zu lernen. Mathe-Manuskripte handgefertigt aus Holz von Woodinout.\",\"breadcrumb\":{\"@id\":\"https:\/\/woodinout.net\/de\/product\/holz-sortierspielzeug-fur-kleinkind-vorschul-lernen\/#breadcrumb\"},\"inLanguage\":\"de\",\"potentialAction\":[{\"@type\":\"ReadAction\",\"target\":[\"https:\/\/woodinout.net\/de\/product\/holz-sortierspielzeug-fur-kleinkind-vorschul-lernen\/\"]}]},{\"@type\":\"BreadcrumbList\",\"@id\":\"https:\/\/woodinout.net\/de\/product\/holz-sortierspielzeug-fur-kleinkind-vorschul-lernen\/#breadcrumb\",\"itemListElement\":[{\"@type\":\"ListItem\",\"position\":1,\"name\":\"Home\",\"item\":\"https:\/\/woodinout.net\/de\/\"},{\"@type\":\"ListItem\",\"position\":2,\"name\":\"Shop\",\"item\":\"https:\/\/woodinout.net\/shop\/\"},{\"@type\":\"ListItem\",\"position\":3,\"name\":\"Holzz\u00e4hlst\u00f6cke Sortierspielzeug\"}]},{\"@type\":\"WebSite\",\"@id\":\"https:\/\/woodinout.net\/de\/#website\",\"url\":\"https:\/\/woodinout.net\/de\/\",\"name\":\"Woodinout \u00a9\",\"description\":\"Wooden Montessori toys, gifts, home and events decor details\",\"potentialAction\":[{\"@type\":\"SearchAction\",\"target\":{\"@type\":\"EntryPoint\",\"urlTemplate\":\"https:\/\/woodinout.net\/de\/?s={search_term_string}\"},\"query-input\":\"required name=search_term_string\"}],\"inLanguage\":\"de\"}]}<\/script>\n<!-- \/ Yoast SEO plugin. -->","yoast_head_json":{"title":"Holzz\u00e4hlst\u00f6cke Sortierspielzeug - Woodinout \u00a9 Montessori Spielzeug","description":"Sortierspielzeug f\u00fcr Z\u00e4hlst\u00e4bchen. Montessori-Spielzeug ist eine nat\u00fcrliche Art, Spa\u00df zu lernen. Mathe-Manuskripte handgefertigt aus Holz von Woodinout.","robots":{"index":"index","follow":"follow","max-snippet":"max-snippet:-1","max-image-preview":"max-image-preview:large","max-video-preview":"max-video-preview:-1"},"canonical":"https:\/\/woodinout.net\/de\/product\/holz-sortierspielzeug-fur-kleinkind-vorschul-lernen\/","og_locale":"de_DE","og_type":"article","og_title":"Holzz\u00e4hlst\u00f6cke Sortierspielzeug - Woodinout \u00a9 Montessori Spielzeug","og_description":"Sortierspielzeug f\u00fcr Z\u00e4hlst\u00e4bchen. Montessori-Spielzeug ist eine nat\u00fcrliche Art, Spa\u00df zu lernen. Mathe-Manuskripte handgefertigt aus Holz von Woodinout.","og_url":"https:\/\/woodinout.net\/de\/product\/holz-sortierspielzeug-fur-kleinkind-vorschul-lernen\/","og_site_name":"Woodinout \u00a9","article_modified_time":"2022-04-28T08:40:14+00:00","og_image":[{"width":853,"height":1280,"url":"https:\/\/woodinout.net\/wp-content\/uploads\/2020\/06\/Wooden-sorting-toys-for-toddler-preschool-learning-2.jpg","type":"image\/jpeg"}],"twitter_card":"summary_large_image","twitter_misc":{"Gesch\u00e4tzte Lesezeit":"1\u00a0Minute"},"schema":{"@context":"https:\/\/schema.org","@graph":[{"@type":"WebPage","@id":"https:\/\/woodinout.net\/de\/product\/holz-sortierspielzeug-fur-kleinkind-vorschul-lernen\/","url":"https:\/\/woodinout.net\/de\/product\/holz-sortierspielzeug-fur-kleinkind-vorschul-lernen\/","name":"Holzz\u00e4hlst\u00f6cke Sortierspielzeug - Woodinout \u00a9 Montessori Spielzeug","isPartOf":{"@id":"https:\/\/woodinout.net\/de\/#website"},"datePublished":"2020-06-23T17:56:14+00:00","dateModified":"2022-04-28T08:40:14+00:00","description":"Sortierspielzeug f\u00fcr Z\u00e4hlst\u00e4bchen. Montessori-Spielzeug ist eine nat\u00fcrliche Art, Spa\u00df zu lernen. Mathe-Manuskripte handgefertigt aus Holz von Woodinout.","breadcrumb":{"@id":"https:\/\/woodinout.net\/de\/product\/holz-sortierspielzeug-fur-kleinkind-vorschul-lernen\/#breadcrumb"},"inLanguage":"de","potentialAction":[{"@type":"ReadAction","target":["https:\/\/woodinout.net\/de\/product\/holz-sortierspielzeug-fur-kleinkind-vorschul-lernen\/"]}]},{"@type":"BreadcrumbList","@id":"https:\/\/woodinout.net\/de\/product\/holz-sortierspielzeug-fur-kleinkind-vorschul-lernen\/#breadcrumb","itemListElement":[{"@type":"ListItem","position":1,"name":"Home","item":"https:\/\/woodinout.net\/de\/"},{"@type":"ListItem","position":2,"name":"Shop","item":"https:\/\/woodinout.net\/shop\/"},{"@type":"ListItem","position":3,"name":"Holzz\u00e4hlst\u00f6cke Sortierspielzeug"}]},{"@type":"WebSite","@id":"https:\/\/woodinout.net\/de\/#website","url":"https:\/\/woodinout.net\/de\/","name":"Woodinout \u00a9","description":"Wooden Montessori toys, gifts, home and events decor details","potentialAction":[{"@type":"SearchAction","target":{"@type":"EntryPoint","urlTemplate":"https:\/\/woodinout.net\/de\/?s={search_term_string}"},"query-input":"required name=search_term_string"}],"inLanguage":"de"}]}},"_links":{"self":[{"href":"https:\/\/woodinout.net\/de\/wp-json\/wp\/v2\/product\/21384"}],"collection":[{"href":"https:\/\/woodinout.net\/de\/wp-json\/wp\/v2\/product"}],"about":[{"href":"https:\/\/woodinout.net\/de\/wp-json\/wp\/v2\/types\/product"}],"wp:featuredmedia":[{"embeddable":true,"href":"https:\/\/woodinout.net\/de\/wp-json\/wp\/v2\/media\/17680"}],"wp:attachment":[{"href":"https:\/\/woodinout.net\/de\/wp-json\/wp\/v2\/media?parent=21384"}],"wp:term":[{"taxonomy":"product_cat","embeddable":true,"href":"https:\/\/woodinout.net\/de\/wp-json\/wp\/v2\/product_cat?post=21384"},{"taxonomy":"product_tag","embeddable":true,"href":"https:\/\/woodinout.net\/de\/wp-json\/wp\/v2\/product_tag?post=21384"}],"curies":[{"name":"wp","href":"https:\/\/api.w.org\/{rel}","templated":true}]}}