{"id":21378,"date":"2020-06-23T23:22:33","date_gmt":"2020-06-23T20:22:33","guid":{"rendered":"https:\/\/woodinout.net\/product\/natuerliche-holzbuchstaben\/"},"modified":"2022-04-28T11:37:40","modified_gmt":"2022-04-28T08:37:40","slug":"holzbuchstaben-kleinkind-geschenke","status":"publish","type":"product","link":"https:\/\/woodinout.net\/de\/product\/holzbuchstaben-kleinkind-geschenke\/","title":{"rendered":"Nat\u00fcrliche Holzbuchstaben"},"content":{"rendered":"<p>Holzbuchstaben sind die besten Geschenke f\u00fcr Kleinkinder. Wir pr\u00e4sentieren Ihnen lasergeschnittene Buchstaben, die nicht nur stilvoll aussehen, sondern weltweit als Montessori-Spielzeug bekannt sind. F\u00fcgen Sie Holzbuchstaben zu Holzw\u00f6rtern hinzu und lernen Sie die Rechtschreibung auf die unterhaltsamste Weise. Diese Alphabet-Kindergartenkunst macht Homeschool EINFACH! Ich kann mir keine besseren Geschenke f\u00fcr Kinder vorstellen. Waldorfspielzeug &#8211; Lernspielzeug &#8211; Vorschulspielzeug &#8211; Das k\u00f6nnen wir bei Woodinout am besten! Schlie\u00dfen Sie sich JETZT der Familie der gl\u00fccklichen Kunden an, indem Sie dieses Holzbuchstabenset erhalten.<\/p>\n<p>Kit enth\u00e4lt aus:<br \/>\n26 ABC Holzbuchstaben aus Massivholz<\/p>\n<p>DIMENSIONEN<\/p>\n<p>Buchstaben<br \/>\nH\u00f6he: ~ 2,7 Zoll<br \/>\nDicke: ~ 0,6 Zoll<\/p>\n<p>FARBEN UND MATERIAL<br \/>\nFarbe: dunkelbraun oder nat\u00fcrlich ge\u00f6lt.<br \/>\nDas Spielzeug besteht aus NAT\u00dcRLICHEM MASSIVHOLZ und umweltfreundlichen Farben \/ \u00d6len.<br \/>\nBitte beachten Sie, dass die Farben aufgrund der Einstellungen und der Beleuchtung des Computermonitors variieren k\u00f6nnen.<\/p>\n<div style=\"width: 1080px;\" class=\"wp-video\"><!--[if lt IE 9]><script>document.createElement('video');<\/script><![endif]-->\n<video class=\"wp-video-shortcode\" id=\"video-21378-1\" width=\"1080\" height=\"810\" preload=\"metadata\" controls=\"controls\"><source type=\"video\/mp4\" src=\"http:\/\/woodinout.net\/wp-content\/uploads\/2020\/06\/MEDINIS_17.mp4?_=1\" \/><a href=\"http:\/\/woodinout.net\/wp-content\/uploads\/2020\/06\/MEDINIS_17.mp4\">http:\/\/woodinout.net\/wp-content\/uploads\/2020\/06\/MEDINIS_17.mp4<\/a><\/video><\/div>\n","protected":false},"excerpt":{"rendered":"<p>Holzbuchstaben sind die besten Geschenke f\u00fcr Kleinkinder. Wir pr\u00e4sentieren Ihnen lasergeschnittene Buchstaben, die nicht nur stilvoll aussehen, sondern weltweit als Montessori-Spielzeug bekannt sind. F\u00fcgen Sie Holzbuchstaben zu Holzw\u00f6rtern hinzu und lernen Sie die Rechtschreibung auf die unterhaltsamste Weise. Diese Alphabet-Kindergartenkunst macht Homeschool EINFACH! Ich kann mir keine besseren Geschenke f\u00fcr Kinder vorstellen. Waldorfspielzeug &#8211; Lernspielzeug [&hellip;]<\/p>\n","protected":false},"featured_media":18064,"template":"","meta":{"_monsterinsights_skip_tracking":false,"_monsterinsights_sitenote_active":false,"_monsterinsights_sitenote_note":"","_monsterinsights_sitenote_category":0},"product_cat":[1355,1405],"product_tag":[2114,2113,1358,1367,1368,1366,1361,1360,1363,1412,1413],"yoast_head":"<!-- This site is optimized with the Yoast SEO plugin v22.1 - https:\/\/yoast.com\/wordpress\/plugins\/seo\/ -->\n<title>Nat\u00fcrliche Holzbuchstaben - Woodinout \u00a9 Lernspielzeug<\/title>\n<meta name=\"description\" content=\"Montessori anerkannt - Umweltfreundlich - Sicher - Handgefertigt. Dieses Alphabet-Buchstaben-Kit ist das perfekte Lernspielzeug f\u00fcr Kleinkinder und Vorschulkinder.\" \/>\n<meta name=\"robots\" content=\"index, follow, max-snippet:-1, max-image-preview:large, max-video-preview:-1\" \/>\n<link rel=\"canonical\" href=\"https:\/\/woodinout.net\/de\/product\/holzbuchstaben-kleinkind-geschenke\/\" \/>\n<meta property=\"og:locale\" content=\"de_DE\" \/>\n<meta property=\"og:type\" content=\"article\" \/>\n<meta property=\"og:title\" content=\"Nat\u00fcrliche Holzbuchstaben - Woodinout \u00a9 Lernspielzeug\" \/>\n<meta property=\"og:description\" content=\"Montessori anerkannt - Umweltfreundlich - Sicher - Handgefertigt. Dieses Alphabet-Buchstaben-Kit ist das perfekte Lernspielzeug f\u00fcr Kleinkinder und Vorschulkinder.\" \/>\n<meta property=\"og:url\" content=\"https:\/\/woodinout.net\/de\/product\/holzbuchstaben-kleinkind-geschenke\/\" \/>\n<meta property=\"og:site_name\" content=\"Woodinout \u00a9\" \/>\n<meta property=\"article:modified_time\" content=\"2022-04-28T08:37:40+00:00\" \/>\n<meta property=\"og:image\" content=\"https:\/\/woodinout.net\/wp-content\/uploads\/2020\/06\/Wooden-letters-1.jpg\" \/>\n\t<meta property=\"og:image:width\" content=\"853\" \/>\n\t<meta property=\"og:image:height\" content=\"1280\" \/>\n\t<meta property=\"og:image:type\" content=\"image\/jpeg\" \/>\n<meta name=\"twitter:card\" content=\"summary_large_image\" \/>\n<meta name=\"twitter:label1\" content=\"Gesch\u00e4tzte Lesezeit\" \/>\n\t<meta name=\"twitter:data1\" content=\"1\u00a0Minute\" \/>\n<script type=\"application\/ld+json\" class=\"yoast-schema-graph\">{\"@context\":\"https:\/\/schema.org\",\"@graph\":[{\"@type\":\"WebPage\",\"@id\":\"https:\/\/woodinout.net\/de\/product\/holzbuchstaben-kleinkind-geschenke\/\",\"url\":\"https:\/\/woodinout.net\/de\/product\/holzbuchstaben-kleinkind-geschenke\/\",\"name\":\"Nat\u00fcrliche Holzbuchstaben - Woodinout \u00a9 Lernspielzeug\",\"isPartOf\":{\"@id\":\"https:\/\/woodinout.net\/de\/#website\"},\"datePublished\":\"2020-06-23T20:22:33+00:00\",\"dateModified\":\"2022-04-28T08:37:40+00:00\",\"description\":\"Montessori anerkannt - Umweltfreundlich - Sicher - Handgefertigt. Dieses Alphabet-Buchstaben-Kit ist das perfekte Lernspielzeug f\u00fcr Kleinkinder und Vorschulkinder.\",\"breadcrumb\":{\"@id\":\"https:\/\/woodinout.net\/de\/product\/holzbuchstaben-kleinkind-geschenke\/#breadcrumb\"},\"inLanguage\":\"de\",\"potentialAction\":[{\"@type\":\"ReadAction\",\"target\":[\"https:\/\/woodinout.net\/de\/product\/holzbuchstaben-kleinkind-geschenke\/\"]}]},{\"@type\":\"BreadcrumbList\",\"@id\":\"https:\/\/woodinout.net\/de\/product\/holzbuchstaben-kleinkind-geschenke\/#breadcrumb\",\"itemListElement\":[{\"@type\":\"ListItem\",\"position\":1,\"name\":\"Home\",\"item\":\"https:\/\/woodinout.net\/de\/\"},{\"@type\":\"ListItem\",\"position\":2,\"name\":\"Shop\",\"item\":\"https:\/\/woodinout.net\/shop\/\"},{\"@type\":\"ListItem\",\"position\":3,\"name\":\"Nat\u00fcrliche Holzbuchstaben\"}]},{\"@type\":\"WebSite\",\"@id\":\"https:\/\/woodinout.net\/de\/#website\",\"url\":\"https:\/\/woodinout.net\/de\/\",\"name\":\"Woodinout \u00a9\",\"description\":\"Wooden Montessori toys, gifts, home and events decor details\",\"potentialAction\":[{\"@type\":\"SearchAction\",\"target\":{\"@type\":\"EntryPoint\",\"urlTemplate\":\"https:\/\/woodinout.net\/de\/?s={search_term_string}\"},\"query-input\":\"required name=search_term_string\"}],\"inLanguage\":\"de\"}]}<\/script>\n<!-- \/ Yoast SEO plugin. -->","yoast_head_json":{"title":"Nat\u00fcrliche Holzbuchstaben - Woodinout \u00a9 Lernspielzeug","description":"Montessori anerkannt - Umweltfreundlich - Sicher - Handgefertigt. Dieses Alphabet-Buchstaben-Kit ist das perfekte Lernspielzeug f\u00fcr Kleinkinder und Vorschulkinder.","robots":{"index":"index","follow":"follow","max-snippet":"max-snippet:-1","max-image-preview":"max-image-preview:large","max-video-preview":"max-video-preview:-1"},"canonical":"https:\/\/woodinout.net\/de\/product\/holzbuchstaben-kleinkind-geschenke\/","og_locale":"de_DE","og_type":"article","og_title":"Nat\u00fcrliche Holzbuchstaben - Woodinout \u00a9 Lernspielzeug","og_description":"Montessori anerkannt - Umweltfreundlich - Sicher - Handgefertigt. Dieses Alphabet-Buchstaben-Kit ist das perfekte Lernspielzeug f\u00fcr Kleinkinder und Vorschulkinder.","og_url":"https:\/\/woodinout.net\/de\/product\/holzbuchstaben-kleinkind-geschenke\/","og_site_name":"Woodinout \u00a9","article_modified_time":"2022-04-28T08:37:40+00:00","og_image":[{"width":853,"height":1280,"url":"https:\/\/woodinout.net\/wp-content\/uploads\/2020\/06\/Wooden-letters-1.jpg","type":"image\/jpeg"}],"twitter_card":"summary_large_image","twitter_misc":{"Gesch\u00e4tzte Lesezeit":"1\u00a0Minute"},"schema":{"@context":"https:\/\/schema.org","@graph":[{"@type":"WebPage","@id":"https:\/\/woodinout.net\/de\/product\/holzbuchstaben-kleinkind-geschenke\/","url":"https:\/\/woodinout.net\/de\/product\/holzbuchstaben-kleinkind-geschenke\/","name":"Nat\u00fcrliche Holzbuchstaben - Woodinout \u00a9 Lernspielzeug","isPartOf":{"@id":"https:\/\/woodinout.net\/de\/#website"},"datePublished":"2020-06-23T20:22:33+00:00","dateModified":"2022-04-28T08:37:40+00:00","description":"Montessori anerkannt - Umweltfreundlich - Sicher - Handgefertigt. Dieses Alphabet-Buchstaben-Kit ist das perfekte Lernspielzeug f\u00fcr Kleinkinder und Vorschulkinder.","breadcrumb":{"@id":"https:\/\/woodinout.net\/de\/product\/holzbuchstaben-kleinkind-geschenke\/#breadcrumb"},"inLanguage":"de","potentialAction":[{"@type":"ReadAction","target":["https:\/\/woodinout.net\/de\/product\/holzbuchstaben-kleinkind-geschenke\/"]}]},{"@type":"BreadcrumbList","@id":"https:\/\/woodinout.net\/de\/product\/holzbuchstaben-kleinkind-geschenke\/#breadcrumb","itemListElement":[{"@type":"ListItem","position":1,"name":"Home","item":"https:\/\/woodinout.net\/de\/"},{"@type":"ListItem","position":2,"name":"Shop","item":"https:\/\/woodinout.net\/shop\/"},{"@type":"ListItem","position":3,"name":"Nat\u00fcrliche Holzbuchstaben"}]},{"@type":"WebSite","@id":"https:\/\/woodinout.net\/de\/#website","url":"https:\/\/woodinout.net\/de\/","name":"Woodinout \u00a9","description":"Wooden Montessori toys, gifts, home and events decor details","potentialAction":[{"@type":"SearchAction","target":{"@type":"EntryPoint","urlTemplate":"https:\/\/woodinout.net\/de\/?s={search_term_string}"},"query-input":"required name=search_term_string"}],"inLanguage":"de"}]}},"_links":{"self":[{"href":"https:\/\/woodinout.net\/de\/wp-json\/wp\/v2\/product\/21378"}],"collection":[{"href":"https:\/\/woodinout.net\/de\/wp-json\/wp\/v2\/product"}],"about":[{"href":"https:\/\/woodinout.net\/de\/wp-json\/wp\/v2\/types\/product"}],"wp:featuredmedia":[{"embeddable":true,"href":"https:\/\/woodinout.net\/de\/wp-json\/wp\/v2\/media\/18064"}],"wp:attachment":[{"href":"https:\/\/woodinout.net\/de\/wp-json\/wp\/v2\/media?parent=21378"}],"wp:term":[{"taxonomy":"product_cat","embeddable":true,"href":"https:\/\/woodinout.net\/de\/wp-json\/wp\/v2\/product_cat?post=21378"},{"taxonomy":"product_tag","embeddable":true,"href":"https:\/\/woodinout.net\/de\/wp-json\/wp\/v2\/product_tag?post=21378"}],"curies":[{"name":"wp","href":"https:\/\/api.w.org\/{rel}","templated":true}]}}