{"id":21374,"date":"2021-03-19T13:01:30","date_gmt":"2021-03-19T11:01:30","guid":{"rendered":"https:\/\/woodinout.net\/product\/balance-rainbow-wetterspiel\/"},"modified":"2022-04-22T12:22:13","modified_gmt":"2022-04-22T09:22:13","slug":"balance-regenbogen-wetter-spiel","status":"publish","type":"product","link":"https:\/\/woodinout.net\/de\/product\/balance-regenbogen-wetter-spiel\/","title":{"rendered":"Balance Rainbow &#8211; Wetterspiel"},"content":{"rendered":"<p>Balancieren, stapeln, Spa\u00df haben! Dieses balancierende Wetterspielzeug ist handgefertigt aus Massivholz. Nur nat\u00fcrliche Materialien verwendet &#8211; sicher f\u00fcr Babys und Kleinkinder. Wir legen Wert auf eine sichere und nat\u00fcrliche Umgebung, in der Kinder lernen und sich entwickeln k\u00f6nnen. Dieser h\u00f6lzerne Montessori-Stapler ist keine Ausnahme &#8211; lernen, kreieren, Zeit mit Ihrem Baby oder Kleinkind verbringen &#8211; einfach Spa\u00df damit haben. Lernen Sie die W\u00f6rter \u00fcber das Wetter, wie Sonne -&gt; sonnig.<\/p>\n<p>Hier finden Sie weitere <a href=\"https:\/\/woodinout.net\/product-category\/wooden-toys\/science-nature-toys\/\">SCIENCE &amp; NATURE<\/a> Spielzeuge.<\/p>\n<p>DIMENSIONEN<br \/>\n&#x1f308;Haupt-Regenbogen:<br \/>\nH\u00f6he: ~ 5,9 Zoll (15 cm)<br \/>\nL\u00e4nge: ~ 13,8 Zoll (35 cm)<br \/>\nDicke: ~0,66 Zoll (1,7 cm)<br \/>\n&#x26c8;&#xfe0f;Wetterbl\u00f6cke:<br \/>\nH\u00f6he: ~ 2,3-2,9 Zoll (6-7,5 cm)<br \/>\nL\u00e4nge: ~ 2,3-2,9 Zoll (6-7,5 cm)<br \/>\nDicke: ~0,66 Zoll (1,7 cm)<\/p>\n<p>FARBEN UND MATERIAL<br \/>\nFarbe: Naturholz<br \/>\nSpielzeug ist aus NAT\u00dcRLICHEM MASSIVHOLZ gefertigt.<br \/>\nBitte beachten Sie, dass die Farben aufgrund der Einstellungen und der Beleuchtung des Computermonitors variieren k\u00f6nnen.<\/p>\n<p>F\u00fcr weitere Ideen folgen Sie uns auf <a href=\"https:\/\/www.instagram.com\/woodinout\/\">INSTAGRAM<\/a> &amp; <a href=\"https:\/\/www.facebook.com\/Woodinout.net\">FACEBOOK<\/a><\/p>\n<p>&nbsp;<\/p>\n","protected":false},"excerpt":{"rendered":"<p>Balancieren, stapeln, Spa\u00df haben! Dieses balancierende Wetterspielzeug ist handgefertigt aus Massivholz. Nur nat\u00fcrliche Materialien verwendet &#8211; sicher f\u00fcr Babys und Kleinkinder. Wir legen Wert auf eine sichere und nat\u00fcrliche Umgebung, in der Kinder lernen und sich entwickeln k\u00f6nnen. Dieser h\u00f6lzerne Montessori-Stapler ist keine Ausnahme &#8211; lernen, kreieren, Zeit mit Ihrem Baby oder Kleinkind verbringen &#8211; [&hellip;]<\/p>\n","protected":false},"featured_media":19424,"template":"","meta":{"_monsterinsights_skip_tracking":false,"_monsterinsights_sitenote_active":false,"_monsterinsights_sitenote_note":"","_monsterinsights_sitenote_category":0},"product_cat":[1407,1355,1365,1356],"product_tag":[1410,1358,1367,1368,1366,1361,1360,1363],"yoast_head":"<!-- This site is optimized with the Yoast SEO plugin v22.1 - https:\/\/yoast.com\/wordpress\/plugins\/seo\/ -->\n<title>Balance Rainbow - Wetterspiel - Woodinout \u00a9 Montessori Spielzeug<\/title>\n<meta name=\"description\" content=\"Wir legen Wert auf eine sichere und nat\u00fcrliche Umgebung, in der Kinder lernen und sich entwickeln k\u00f6nnen. Dies ist keine Ausnahme - lernen, kreieren, Zeit miteinander verbringen.\" \/>\n<meta name=\"robots\" content=\"index, follow, max-snippet:-1, max-image-preview:large, max-video-preview:-1\" \/>\n<link rel=\"canonical\" href=\"https:\/\/woodinout.net\/de\/product\/balance-regenbogen-wetter-spiel\/\" \/>\n<meta property=\"og:locale\" content=\"de_DE\" \/>\n<meta property=\"og:type\" content=\"article\" \/>\n<meta property=\"og:title\" content=\"Balance Rainbow - Wetterspiel - Woodinout \u00a9 Montessori Spielzeug\" \/>\n<meta property=\"og:description\" content=\"Wir legen Wert auf eine sichere und nat\u00fcrliche Umgebung, in der Kinder lernen und sich entwickeln k\u00f6nnen. Dies ist keine Ausnahme - lernen, kreieren, Zeit miteinander verbringen.\" \/>\n<meta property=\"og:url\" content=\"https:\/\/woodinout.net\/de\/product\/balance-regenbogen-wetter-spiel\/\" \/>\n<meta property=\"og:site_name\" content=\"Woodinout \u00a9\" \/>\n<meta property=\"article:modified_time\" content=\"2022-04-22T09:22:13+00:00\" \/>\n<meta property=\"og:image\" content=\"https:\/\/woodinout.net\/wp-content\/uploads\/2021\/03\/Balance_rainbow-weather_game_3.jpg\" \/>\n\t<meta property=\"og:image:width\" content=\"1706\" \/>\n\t<meta property=\"og:image:height\" content=\"2560\" \/>\n\t<meta property=\"og:image:type\" content=\"image\/jpeg\" \/>\n<meta name=\"twitter:card\" content=\"summary_large_image\" \/>\n<meta name=\"twitter:label1\" content=\"Gesch\u00e4tzte Lesezeit\" \/>\n\t<meta name=\"twitter:data1\" content=\"1\u00a0Minute\" \/>\n<script type=\"application\/ld+json\" class=\"yoast-schema-graph\">{\"@context\":\"https:\/\/schema.org\",\"@graph\":[{\"@type\":\"WebPage\",\"@id\":\"https:\/\/woodinout.net\/de\/product\/balance-regenbogen-wetter-spiel\/\",\"url\":\"https:\/\/woodinout.net\/de\/product\/balance-regenbogen-wetter-spiel\/\",\"name\":\"Balance Rainbow - Wetterspiel - Woodinout \u00a9 Montessori Spielzeug\",\"isPartOf\":{\"@id\":\"https:\/\/woodinout.net\/de\/#website\"},\"datePublished\":\"2021-03-19T11:01:30+00:00\",\"dateModified\":\"2022-04-22T09:22:13+00:00\",\"description\":\"Wir legen Wert auf eine sichere und nat\u00fcrliche Umgebung, in der Kinder lernen und sich entwickeln k\u00f6nnen. Dies ist keine Ausnahme - lernen, kreieren, Zeit miteinander verbringen.\",\"breadcrumb\":{\"@id\":\"https:\/\/woodinout.net\/de\/product\/balance-regenbogen-wetter-spiel\/#breadcrumb\"},\"inLanguage\":\"de\",\"potentialAction\":[{\"@type\":\"ReadAction\",\"target\":[\"https:\/\/woodinout.net\/de\/product\/balance-regenbogen-wetter-spiel\/\"]}]},{\"@type\":\"BreadcrumbList\",\"@id\":\"https:\/\/woodinout.net\/de\/product\/balance-regenbogen-wetter-spiel\/#breadcrumb\",\"itemListElement\":[{\"@type\":\"ListItem\",\"position\":1,\"name\":\"Home\",\"item\":\"https:\/\/woodinout.net\/de\/\"},{\"@type\":\"ListItem\",\"position\":2,\"name\":\"Shop\",\"item\":\"https:\/\/woodinout.net\/shop\/\"},{\"@type\":\"ListItem\",\"position\":3,\"name\":\"Balance Rainbow &#8211; Wetterspiel\"}]},{\"@type\":\"WebSite\",\"@id\":\"https:\/\/woodinout.net\/de\/#website\",\"url\":\"https:\/\/woodinout.net\/de\/\",\"name\":\"Woodinout \u00a9\",\"description\":\"Wooden Montessori toys, gifts, home and events decor details\",\"potentialAction\":[{\"@type\":\"SearchAction\",\"target\":{\"@type\":\"EntryPoint\",\"urlTemplate\":\"https:\/\/woodinout.net\/de\/?s={search_term_string}\"},\"query-input\":\"required name=search_term_string\"}],\"inLanguage\":\"de\"}]}<\/script>\n<!-- \/ Yoast SEO plugin. -->","yoast_head_json":{"title":"Balance Rainbow - Wetterspiel - Woodinout \u00a9 Montessori Spielzeug","description":"Wir legen Wert auf eine sichere und nat\u00fcrliche Umgebung, in der Kinder lernen und sich entwickeln k\u00f6nnen. Dies ist keine Ausnahme - lernen, kreieren, Zeit miteinander verbringen.","robots":{"index":"index","follow":"follow","max-snippet":"max-snippet:-1","max-image-preview":"max-image-preview:large","max-video-preview":"max-video-preview:-1"},"canonical":"https:\/\/woodinout.net\/de\/product\/balance-regenbogen-wetter-spiel\/","og_locale":"de_DE","og_type":"article","og_title":"Balance Rainbow - Wetterspiel - Woodinout \u00a9 Montessori Spielzeug","og_description":"Wir legen Wert auf eine sichere und nat\u00fcrliche Umgebung, in der Kinder lernen und sich entwickeln k\u00f6nnen. Dies ist keine Ausnahme - lernen, kreieren, Zeit miteinander verbringen.","og_url":"https:\/\/woodinout.net\/de\/product\/balance-regenbogen-wetter-spiel\/","og_site_name":"Woodinout \u00a9","article_modified_time":"2022-04-22T09:22:13+00:00","og_image":[{"width":1706,"height":2560,"url":"https:\/\/woodinout.net\/wp-content\/uploads\/2021\/03\/Balance_rainbow-weather_game_3.jpg","type":"image\/jpeg"}],"twitter_card":"summary_large_image","twitter_misc":{"Gesch\u00e4tzte Lesezeit":"1\u00a0Minute"},"schema":{"@context":"https:\/\/schema.org","@graph":[{"@type":"WebPage","@id":"https:\/\/woodinout.net\/de\/product\/balance-regenbogen-wetter-spiel\/","url":"https:\/\/woodinout.net\/de\/product\/balance-regenbogen-wetter-spiel\/","name":"Balance Rainbow - Wetterspiel - Woodinout \u00a9 Montessori Spielzeug","isPartOf":{"@id":"https:\/\/woodinout.net\/de\/#website"},"datePublished":"2021-03-19T11:01:30+00:00","dateModified":"2022-04-22T09:22:13+00:00","description":"Wir legen Wert auf eine sichere und nat\u00fcrliche Umgebung, in der Kinder lernen und sich entwickeln k\u00f6nnen. Dies ist keine Ausnahme - lernen, kreieren, Zeit miteinander verbringen.","breadcrumb":{"@id":"https:\/\/woodinout.net\/de\/product\/balance-regenbogen-wetter-spiel\/#breadcrumb"},"inLanguage":"de","potentialAction":[{"@type":"ReadAction","target":["https:\/\/woodinout.net\/de\/product\/balance-regenbogen-wetter-spiel\/"]}]},{"@type":"BreadcrumbList","@id":"https:\/\/woodinout.net\/de\/product\/balance-regenbogen-wetter-spiel\/#breadcrumb","itemListElement":[{"@type":"ListItem","position":1,"name":"Home","item":"https:\/\/woodinout.net\/de\/"},{"@type":"ListItem","position":2,"name":"Shop","item":"https:\/\/woodinout.net\/shop\/"},{"@type":"ListItem","position":3,"name":"Balance Rainbow &#8211; Wetterspiel"}]},{"@type":"WebSite","@id":"https:\/\/woodinout.net\/de\/#website","url":"https:\/\/woodinout.net\/de\/","name":"Woodinout \u00a9","description":"Wooden Montessori toys, gifts, home and events decor details","potentialAction":[{"@type":"SearchAction","target":{"@type":"EntryPoint","urlTemplate":"https:\/\/woodinout.net\/de\/?s={search_term_string}"},"query-input":"required name=search_term_string"}],"inLanguage":"de"}]}},"_links":{"self":[{"href":"https:\/\/woodinout.net\/de\/wp-json\/wp\/v2\/product\/21374"}],"collection":[{"href":"https:\/\/woodinout.net\/de\/wp-json\/wp\/v2\/product"}],"about":[{"href":"https:\/\/woodinout.net\/de\/wp-json\/wp\/v2\/types\/product"}],"wp:featuredmedia":[{"embeddable":true,"href":"https:\/\/woodinout.net\/de\/wp-json\/wp\/v2\/media\/19424"}],"wp:attachment":[{"href":"https:\/\/woodinout.net\/de\/wp-json\/wp\/v2\/media?parent=21374"}],"wp:term":[{"taxonomy":"product_cat","embeddable":true,"href":"https:\/\/woodinout.net\/de\/wp-json\/wp\/v2\/product_cat?post=21374"},{"taxonomy":"product_tag","embeddable":true,"href":"https:\/\/woodinout.net\/de\/wp-json\/wp\/v2\/product_tag?post=21374"}],"curies":[{"name":"wp","href":"https:\/\/api.w.org\/{rel}","templated":true}]}}