{"id":21373,"date":"2021-03-17T22:12:51","date_gmt":"2021-03-17T20:12:51","guid":{"rendered":"https:\/\/woodinout.net\/product\/holzuhr\/"},"modified":"2022-04-28T11:20:05","modified_gmt":"2022-04-28T08:20:05","slug":"holzuhr","status":"publish","type":"product","link":"https:\/\/woodinout.net\/de\/product\/holzuhr\/","title":{"rendered":"Holzuhr"},"content":{"rendered":"<p>Dieses h\u00f6lzerne Uhrenspielzeug ist die perfekte Erg\u00e4nzung zu Ihrer Montessori-Materialsammlung. Eine unterhaltsame M\u00f6glichkeit f\u00fcr Ihr Kind, die Zeit zu erz\u00e4hlen und an fr\u00fchen mathematischen F\u00e4higkeiten zu arbeiten. Verwenden Sie es in der Homeschool, im Kindergarten oder in der Vorschule!<\/p>\n<p>Handgefertigt aus Massivholz.<\/p>\n<p>Hier ist ein ganz nat\u00fcrliches, einfaches h\u00f6lzernes Uhrenspielzeug, das Ihr Kind manipulieren kann, um die Funktionen der Zeitmessung zu erlernen. Sowohl die Stunden- als auch die Minutenzeiger bewegen sich. Die Zahlen sind in den Sockel eingraviert.<\/p>\n<p>DIMENSIONEN<br \/>\nDurchmesser: ~ 6,9 Zoll (17,5 cm)<br \/>\nDicke: ~0,6 Zoll (1,5 cm)<\/p>\n<p>FARBEN UND MATERIAL<br \/>\nFarbe: nat\u00fcrlich und braun ge\u00f6lt.<br \/>\nDas Spielzeug besteht aus NAT\u00dcRLICHEM MASSIVHOLZ und Sperrholz.<br \/>\nBitte beachten Sie, dass die Farben aufgrund der Einstellungen und der Beleuchtung des Computermonitors variieren k\u00f6nnen.<\/p>\n<p>F\u00fcr weitere Ideen folgen Sie uns auf <a href=\"https:\/\/www.instagram.com\/woodinout\/\">INSTAGRAM<\/a> &amp; <a href=\"https:\/\/www.facebook.com\/Woodinout.net\">FACEBOOK<\/a><\/p>\n","protected":false},"excerpt":{"rendered":"<p>Dieses h\u00f6lzerne Uhrenspielzeug ist die perfekte Erg\u00e4nzung zu Ihrer Montessori-Materialsammlung. Eine unterhaltsame M\u00f6glichkeit f\u00fcr Ihr Kind, die Zeit zu erz\u00e4hlen und an fr\u00fchen mathematischen F\u00e4higkeiten zu arbeiten. Verwenden Sie es in der Homeschool, im Kindergarten oder in der Vorschule! Handgefertigt aus Massivholz. Hier ist ein ganz nat\u00fcrliches, einfaches h\u00f6lzernes Uhrenspielzeug, das Ihr Kind manipulieren kann, [&hellip;]<\/p>\n","protected":false},"featured_media":19080,"template":"","meta":{"_monsterinsights_skip_tracking":false,"_monsterinsights_sitenote_active":false,"_monsterinsights_sitenote_note":"","_monsterinsights_sitenote_category":0},"product_cat":[1355,1356],"product_tag":[2102,1358,2105,1367,1368,1366,1361,1360,1386,1387,1388,1363,2106,1971],"yoast_head":"<!-- This site is optimized with the Yoast SEO plugin v22.1 - https:\/\/yoast.com\/wordpress\/plugins\/seo\/ -->\n<title>Holzuhr - Woodinout \u00a9 Montessori Lernspielzeug<\/title>\n<meta name=\"description\" content=\"Lernen Sie, die Zeit f\u00fcr Kinder mit dieser super coolen Holzuhr zu bestimmen. Nat\u00fcrliche Materilas, handgefertigt und lehrreich - Inspiriertes Montessori-Spielzeug.\" \/>\n<meta name=\"robots\" content=\"index, follow, max-snippet:-1, max-image-preview:large, max-video-preview:-1\" \/>\n<link rel=\"canonical\" href=\"https:\/\/woodinout.net\/de\/product\/holzuhr\/\" \/>\n<meta property=\"og:locale\" content=\"de_DE\" \/>\n<meta property=\"og:type\" content=\"article\" \/>\n<meta property=\"og:title\" content=\"Holzuhr - Woodinout \u00a9 Montessori Lernspielzeug\" \/>\n<meta property=\"og:description\" content=\"Lernen Sie, die Zeit f\u00fcr Kinder mit dieser super coolen Holzuhr zu bestimmen. Nat\u00fcrliche Materilas, handgefertigt und lehrreich - Inspiriertes Montessori-Spielzeug.\" \/>\n<meta property=\"og:url\" content=\"https:\/\/woodinout.net\/de\/product\/holzuhr\/\" \/>\n<meta property=\"og:site_name\" content=\"Woodinout \u00a9\" \/>\n<meta property=\"article:modified_time\" content=\"2022-04-28T08:20:05+00:00\" \/>\n<meta property=\"og:image\" content=\"https:\/\/woodinout.net\/wp-content\/uploads\/2021\/03\/Wooden_clock_3.jpg\" \/>\n\t<meta property=\"og:image:width\" content=\"1706\" \/>\n\t<meta property=\"og:image:height\" content=\"2560\" \/>\n\t<meta property=\"og:image:type\" content=\"image\/jpeg\" \/>\n<meta name=\"twitter:card\" content=\"summary_large_image\" \/>\n<meta name=\"twitter:label1\" content=\"Gesch\u00e4tzte Lesezeit\" \/>\n\t<meta name=\"twitter:data1\" content=\"1\u00a0Minute\" \/>\n<script type=\"application\/ld+json\" class=\"yoast-schema-graph\">{\"@context\":\"https:\/\/schema.org\",\"@graph\":[{\"@type\":\"WebPage\",\"@id\":\"https:\/\/woodinout.net\/de\/product\/holzuhr\/\",\"url\":\"https:\/\/woodinout.net\/de\/product\/holzuhr\/\",\"name\":\"Holzuhr - Woodinout \u00a9 Montessori Lernspielzeug\",\"isPartOf\":{\"@id\":\"https:\/\/woodinout.net\/de\/#website\"},\"datePublished\":\"2021-03-17T20:12:51+00:00\",\"dateModified\":\"2022-04-28T08:20:05+00:00\",\"description\":\"Lernen Sie, die Zeit f\u00fcr Kinder mit dieser super coolen Holzuhr zu bestimmen. Nat\u00fcrliche Materilas, handgefertigt und lehrreich - Inspiriertes Montessori-Spielzeug.\",\"breadcrumb\":{\"@id\":\"https:\/\/woodinout.net\/de\/product\/holzuhr\/#breadcrumb\"},\"inLanguage\":\"de\",\"potentialAction\":[{\"@type\":\"ReadAction\",\"target\":[\"https:\/\/woodinout.net\/de\/product\/holzuhr\/\"]}]},{\"@type\":\"BreadcrumbList\",\"@id\":\"https:\/\/woodinout.net\/de\/product\/holzuhr\/#breadcrumb\",\"itemListElement\":[{\"@type\":\"ListItem\",\"position\":1,\"name\":\"Home\",\"item\":\"https:\/\/woodinout.net\/de\/\"},{\"@type\":\"ListItem\",\"position\":2,\"name\":\"Shop\",\"item\":\"https:\/\/woodinout.net\/shop\/\"},{\"@type\":\"ListItem\",\"position\":3,\"name\":\"Holzuhr\"}]},{\"@type\":\"WebSite\",\"@id\":\"https:\/\/woodinout.net\/de\/#website\",\"url\":\"https:\/\/woodinout.net\/de\/\",\"name\":\"Woodinout \u00a9\",\"description\":\"Wooden Montessori toys, gifts, home and events decor details\",\"potentialAction\":[{\"@type\":\"SearchAction\",\"target\":{\"@type\":\"EntryPoint\",\"urlTemplate\":\"https:\/\/woodinout.net\/de\/?s={search_term_string}\"},\"query-input\":\"required name=search_term_string\"}],\"inLanguage\":\"de\"}]}<\/script>\n<!-- \/ Yoast SEO plugin. -->","yoast_head_json":{"title":"Holzuhr - Woodinout \u00a9 Montessori Lernspielzeug","description":"Lernen Sie, die Zeit f\u00fcr Kinder mit dieser super coolen Holzuhr zu bestimmen. Nat\u00fcrliche Materilas, handgefertigt und lehrreich - Inspiriertes Montessori-Spielzeug.","robots":{"index":"index","follow":"follow","max-snippet":"max-snippet:-1","max-image-preview":"max-image-preview:large","max-video-preview":"max-video-preview:-1"},"canonical":"https:\/\/woodinout.net\/de\/product\/holzuhr\/","og_locale":"de_DE","og_type":"article","og_title":"Holzuhr - Woodinout \u00a9 Montessori Lernspielzeug","og_description":"Lernen Sie, die Zeit f\u00fcr Kinder mit dieser super coolen Holzuhr zu bestimmen. Nat\u00fcrliche Materilas, handgefertigt und lehrreich - Inspiriertes Montessori-Spielzeug.","og_url":"https:\/\/woodinout.net\/de\/product\/holzuhr\/","og_site_name":"Woodinout \u00a9","article_modified_time":"2022-04-28T08:20:05+00:00","og_image":[{"width":1706,"height":2560,"url":"https:\/\/woodinout.net\/wp-content\/uploads\/2021\/03\/Wooden_clock_3.jpg","type":"image\/jpeg"}],"twitter_card":"summary_large_image","twitter_misc":{"Gesch\u00e4tzte Lesezeit":"1\u00a0Minute"},"schema":{"@context":"https:\/\/schema.org","@graph":[{"@type":"WebPage","@id":"https:\/\/woodinout.net\/de\/product\/holzuhr\/","url":"https:\/\/woodinout.net\/de\/product\/holzuhr\/","name":"Holzuhr - Woodinout \u00a9 Montessori Lernspielzeug","isPartOf":{"@id":"https:\/\/woodinout.net\/de\/#website"},"datePublished":"2021-03-17T20:12:51+00:00","dateModified":"2022-04-28T08:20:05+00:00","description":"Lernen Sie, die Zeit f\u00fcr Kinder mit dieser super coolen Holzuhr zu bestimmen. Nat\u00fcrliche Materilas, handgefertigt und lehrreich - Inspiriertes Montessori-Spielzeug.","breadcrumb":{"@id":"https:\/\/woodinout.net\/de\/product\/holzuhr\/#breadcrumb"},"inLanguage":"de","potentialAction":[{"@type":"ReadAction","target":["https:\/\/woodinout.net\/de\/product\/holzuhr\/"]}]},{"@type":"BreadcrumbList","@id":"https:\/\/woodinout.net\/de\/product\/holzuhr\/#breadcrumb","itemListElement":[{"@type":"ListItem","position":1,"name":"Home","item":"https:\/\/woodinout.net\/de\/"},{"@type":"ListItem","position":2,"name":"Shop","item":"https:\/\/woodinout.net\/shop\/"},{"@type":"ListItem","position":3,"name":"Holzuhr"}]},{"@type":"WebSite","@id":"https:\/\/woodinout.net\/de\/#website","url":"https:\/\/woodinout.net\/de\/","name":"Woodinout \u00a9","description":"Wooden Montessori toys, gifts, home and events decor details","potentialAction":[{"@type":"SearchAction","target":{"@type":"EntryPoint","urlTemplate":"https:\/\/woodinout.net\/de\/?s={search_term_string}"},"query-input":"required name=search_term_string"}],"inLanguage":"de"}]}},"_links":{"self":[{"href":"https:\/\/woodinout.net\/de\/wp-json\/wp\/v2\/product\/21373"}],"collection":[{"href":"https:\/\/woodinout.net\/de\/wp-json\/wp\/v2\/product"}],"about":[{"href":"https:\/\/woodinout.net\/de\/wp-json\/wp\/v2\/types\/product"}],"wp:featuredmedia":[{"embeddable":true,"href":"https:\/\/woodinout.net\/de\/wp-json\/wp\/v2\/media\/19080"}],"wp:attachment":[{"href":"https:\/\/woodinout.net\/de\/wp-json\/wp\/v2\/media?parent=21373"}],"wp:term":[{"taxonomy":"product_cat","embeddable":true,"href":"https:\/\/woodinout.net\/de\/wp-json\/wp\/v2\/product_cat?post=21373"},{"taxonomy":"product_tag","embeddable":true,"href":"https:\/\/woodinout.net\/de\/wp-json\/wp\/v2\/product_tag?post=21373"}],"curies":[{"name":"wp","href":"https:\/\/api.w.org\/{rel}","templated":true}]}}