{"id":21372,"date":"2021-03-19T11:51:06","date_gmt":"2021-03-19T09:51:06","guid":{"rendered":"https:\/\/woodinout.net\/product\/holzplatte-6-dreiecke\/"},"modified":"2022-04-22T12:25:34","modified_gmt":"2022-04-22T09:25:34","slug":"holzplatte-6-dreiecke","status":"publish","type":"product","link":"https:\/\/woodinout.net\/de\/product\/holzplatte-6-dreiecke\/","title":{"rendered":"Holzplatte &#8220;6 Dreiecke&#8221;"},"content":{"rendered":"<p>Dieses h\u00f6lzerne Sechskanttablett &#8211; ist ein einzigartiges Montessori-Sensorspielzeug. Einfach, aber mit vielen M\u00f6glichkeiten &#8211; verwenden Sie es f\u00fcr Montessori-Z\u00e4hlung und Farbsortierung. F\u00fcllen Sie das h\u00f6lzerne Sandtablett mit verschiedenen Materialien, um eines der beliebtesten Autismus-Sinnesspielzeuge zu schaffen. Nat\u00fcrlich, inspiriert von umweltfreundlichem Waldorfspielzeug ist dies ein perfektes Montessori-Klassenzimmer oder Autismus-Lernmaterial.<\/p>\n<p>ABMESSUNGEN des Tabletts<br \/>\nL\u00e4nge: ~ 10,2 Zoll (26 cm)<br \/>\nH\u00f6he: ~ 8,7 Zoll (22 cm)<br \/>\nDicke: ~0,66 Zoll (1,7 cm)<\/p>\n<p>FARBEN UND MATERIAL<br \/>\nFarbe: nat\u00fcrlich und braun ge\u00f6lt.<br \/>\nSpielzeug ist aus NAT\u00dcRLICHEM MASSIVHOLZ gefertigt.<br \/>\nBitte beachten Sie, dass die Farben aufgrund der Einstellungen und der Beleuchtung des Computermonitors variieren k\u00f6nnen.<\/p>\n<p>B\u00c4LLE hinzuf\u00fcgen:<\/p>\n<p>Farbig: https:\/\/woodinout.net\/product\/coloured-wooden-balls\/<\/p>\n<p>Nat\u00fcrlich: https:\/\/woodinout.net\/product\/natural-wooden-balls\/<\/p>\n<p>&nbsp;<\/p>\n","protected":false},"excerpt":{"rendered":"<p>Dieses h\u00f6lzerne Sechskanttablett &#8211; ist ein einzigartiges Montessori-Sensorspielzeug. Einfach, aber mit vielen M\u00f6glichkeiten &#8211; verwenden Sie es f\u00fcr Montessori-Z\u00e4hlung und Farbsortierung. F\u00fcllen Sie das h\u00f6lzerne Sandtablett mit verschiedenen Materialien, um eines der beliebtesten Autismus-Sinnesspielzeuge zu schaffen. Nat\u00fcrlich, inspiriert von umweltfreundlichem Waldorfspielzeug ist dies ein perfektes Montessori-Klassenzimmer oder Autismus-Lernmaterial. ABMESSUNGEN des Tabletts L\u00e4nge: ~ 10,2 Zoll [&hellip;]<\/p>\n","protected":false},"featured_media":19328,"template":"","meta":{"_monsterinsights_skip_tracking":false,"_monsterinsights_sitenote_active":false,"_monsterinsights_sitenote_note":"","_monsterinsights_sitenote_category":0},"product_cat":[1355,1365,1362],"product_tag":[1966,1358,1367,1368,1366,1361,1360,1386,1387,1371,1388,1363,1370],"yoast_head":"<!-- This site is optimized with the Yoast SEO plugin v22.1 - https:\/\/yoast.com\/wordpress\/plugins\/seo\/ -->\n<title>Holzplatte &quot;6 Dreiecke&quot; - Woodinout \u00a9 Montessori Spielzeug<\/title>\n<meta name=\"description\" content=\"Lernen macht jetzt Spa\u00df und ist einfach - Nat\u00fcrliches Holz Mathe-Spielzeug f\u00fcr wertvolle Familienzeit. Sortier- und Z\u00e4hlplatten aus Holz - mehr Learn &amp; Play M\u00f6glichkeiten.\" \/>\n<meta name=\"robots\" content=\"index, follow, max-snippet:-1, max-image-preview:large, max-video-preview:-1\" \/>\n<link rel=\"canonical\" href=\"https:\/\/woodinout.net\/de\/product\/holzplatte-6-dreiecke\/\" \/>\n<meta property=\"og:locale\" content=\"de_DE\" \/>\n<meta property=\"og:type\" content=\"article\" \/>\n<meta property=\"og:title\" content=\"Holzplatte &quot;6 Dreiecke&quot; - Woodinout \u00a9 Montessori Spielzeug\" \/>\n<meta property=\"og:description\" content=\"Lernen macht jetzt Spa\u00df und ist einfach - Nat\u00fcrliches Holz Mathe-Spielzeug f\u00fcr wertvolle Familienzeit. Sortier- und Z\u00e4hlplatten aus Holz - mehr Learn &amp; Play M\u00f6glichkeiten.\" \/>\n<meta property=\"og:url\" content=\"https:\/\/woodinout.net\/de\/product\/holzplatte-6-dreiecke\/\" \/>\n<meta property=\"og:site_name\" content=\"Woodinout \u00a9\" \/>\n<meta property=\"article:modified_time\" content=\"2022-04-22T09:25:34+00:00\" \/>\n<meta property=\"og:image\" content=\"https:\/\/woodinout.net\/wp-content\/uploads\/2021\/03\/Wooden_plate_6_triangle.jpg\" \/>\n\t<meta property=\"og:image:width\" content=\"1706\" \/>\n\t<meta property=\"og:image:height\" content=\"2560\" \/>\n\t<meta property=\"og:image:type\" content=\"image\/jpeg\" \/>\n<meta name=\"twitter:card\" content=\"summary_large_image\" \/>\n<meta name=\"twitter:label1\" content=\"Gesch\u00e4tzte Lesezeit\" \/>\n\t<meta name=\"twitter:data1\" content=\"1\u00a0Minute\" \/>\n<script type=\"application\/ld+json\" class=\"yoast-schema-graph\">{\"@context\":\"https:\/\/schema.org\",\"@graph\":[{\"@type\":\"WebPage\",\"@id\":\"https:\/\/woodinout.net\/de\/product\/holzplatte-6-dreiecke\/\",\"url\":\"https:\/\/woodinout.net\/de\/product\/holzplatte-6-dreiecke\/\",\"name\":\"Holzplatte \\\"6 Dreiecke\\\" - Woodinout \u00a9 Montessori Spielzeug\",\"isPartOf\":{\"@id\":\"https:\/\/woodinout.net\/de\/#website\"},\"datePublished\":\"2021-03-19T09:51:06+00:00\",\"dateModified\":\"2022-04-22T09:25:34+00:00\",\"description\":\"Lernen macht jetzt Spa\u00df und ist einfach - Nat\u00fcrliches Holz Mathe-Spielzeug f\u00fcr wertvolle Familienzeit. Sortier- und Z\u00e4hlplatten aus Holz - mehr Learn & Play M\u00f6glichkeiten.\",\"breadcrumb\":{\"@id\":\"https:\/\/woodinout.net\/de\/product\/holzplatte-6-dreiecke\/#breadcrumb\"},\"inLanguage\":\"de\",\"potentialAction\":[{\"@type\":\"ReadAction\",\"target\":[\"https:\/\/woodinout.net\/de\/product\/holzplatte-6-dreiecke\/\"]}]},{\"@type\":\"BreadcrumbList\",\"@id\":\"https:\/\/woodinout.net\/de\/product\/holzplatte-6-dreiecke\/#breadcrumb\",\"itemListElement\":[{\"@type\":\"ListItem\",\"position\":1,\"name\":\"Home\",\"item\":\"https:\/\/woodinout.net\/de\/\"},{\"@type\":\"ListItem\",\"position\":2,\"name\":\"Shop\",\"item\":\"https:\/\/woodinout.net\/shop\/\"},{\"@type\":\"ListItem\",\"position\":3,\"name\":\"Holzplatte &#8220;6 Dreiecke&#8221;\"}]},{\"@type\":\"WebSite\",\"@id\":\"https:\/\/woodinout.net\/de\/#website\",\"url\":\"https:\/\/woodinout.net\/de\/\",\"name\":\"Woodinout \u00a9\",\"description\":\"Wooden Montessori toys, gifts, home and events decor details\",\"potentialAction\":[{\"@type\":\"SearchAction\",\"target\":{\"@type\":\"EntryPoint\",\"urlTemplate\":\"https:\/\/woodinout.net\/de\/?s={search_term_string}\"},\"query-input\":\"required name=search_term_string\"}],\"inLanguage\":\"de\"}]}<\/script>\n<!-- \/ Yoast SEO plugin. -->","yoast_head_json":{"title":"Holzplatte \"6 Dreiecke\" - Woodinout \u00a9 Montessori Spielzeug","description":"Lernen macht jetzt Spa\u00df und ist einfach - Nat\u00fcrliches Holz Mathe-Spielzeug f\u00fcr wertvolle Familienzeit. Sortier- und Z\u00e4hlplatten aus Holz - mehr Learn & Play M\u00f6glichkeiten.","robots":{"index":"index","follow":"follow","max-snippet":"max-snippet:-1","max-image-preview":"max-image-preview:large","max-video-preview":"max-video-preview:-1"},"canonical":"https:\/\/woodinout.net\/de\/product\/holzplatte-6-dreiecke\/","og_locale":"de_DE","og_type":"article","og_title":"Holzplatte \"6 Dreiecke\" - Woodinout \u00a9 Montessori Spielzeug","og_description":"Lernen macht jetzt Spa\u00df und ist einfach - Nat\u00fcrliches Holz Mathe-Spielzeug f\u00fcr wertvolle Familienzeit. Sortier- und Z\u00e4hlplatten aus Holz - mehr Learn & Play M\u00f6glichkeiten.","og_url":"https:\/\/woodinout.net\/de\/product\/holzplatte-6-dreiecke\/","og_site_name":"Woodinout \u00a9","article_modified_time":"2022-04-22T09:25:34+00:00","og_image":[{"width":1706,"height":2560,"url":"https:\/\/woodinout.net\/wp-content\/uploads\/2021\/03\/Wooden_plate_6_triangle.jpg","type":"image\/jpeg"}],"twitter_card":"summary_large_image","twitter_misc":{"Gesch\u00e4tzte Lesezeit":"1\u00a0Minute"},"schema":{"@context":"https:\/\/schema.org","@graph":[{"@type":"WebPage","@id":"https:\/\/woodinout.net\/de\/product\/holzplatte-6-dreiecke\/","url":"https:\/\/woodinout.net\/de\/product\/holzplatte-6-dreiecke\/","name":"Holzplatte \"6 Dreiecke\" - Woodinout \u00a9 Montessori Spielzeug","isPartOf":{"@id":"https:\/\/woodinout.net\/de\/#website"},"datePublished":"2021-03-19T09:51:06+00:00","dateModified":"2022-04-22T09:25:34+00:00","description":"Lernen macht jetzt Spa\u00df und ist einfach - Nat\u00fcrliches Holz Mathe-Spielzeug f\u00fcr wertvolle Familienzeit. Sortier- und Z\u00e4hlplatten aus Holz - mehr Learn & Play M\u00f6glichkeiten.","breadcrumb":{"@id":"https:\/\/woodinout.net\/de\/product\/holzplatte-6-dreiecke\/#breadcrumb"},"inLanguage":"de","potentialAction":[{"@type":"ReadAction","target":["https:\/\/woodinout.net\/de\/product\/holzplatte-6-dreiecke\/"]}]},{"@type":"BreadcrumbList","@id":"https:\/\/woodinout.net\/de\/product\/holzplatte-6-dreiecke\/#breadcrumb","itemListElement":[{"@type":"ListItem","position":1,"name":"Home","item":"https:\/\/woodinout.net\/de\/"},{"@type":"ListItem","position":2,"name":"Shop","item":"https:\/\/woodinout.net\/shop\/"},{"@type":"ListItem","position":3,"name":"Holzplatte &#8220;6 Dreiecke&#8221;"}]},{"@type":"WebSite","@id":"https:\/\/woodinout.net\/de\/#website","url":"https:\/\/woodinout.net\/de\/","name":"Woodinout \u00a9","description":"Wooden Montessori toys, gifts, home and events decor details","potentialAction":[{"@type":"SearchAction","target":{"@type":"EntryPoint","urlTemplate":"https:\/\/woodinout.net\/de\/?s={search_term_string}"},"query-input":"required name=search_term_string"}],"inLanguage":"de"}]}},"_links":{"self":[{"href":"https:\/\/woodinout.net\/de\/wp-json\/wp\/v2\/product\/21372"}],"collection":[{"href":"https:\/\/woodinout.net\/de\/wp-json\/wp\/v2\/product"}],"about":[{"href":"https:\/\/woodinout.net\/de\/wp-json\/wp\/v2\/types\/product"}],"wp:featuredmedia":[{"embeddable":true,"href":"https:\/\/woodinout.net\/de\/wp-json\/wp\/v2\/media\/19328"}],"wp:attachment":[{"href":"https:\/\/woodinout.net\/de\/wp-json\/wp\/v2\/media?parent=21372"}],"wp:term":[{"taxonomy":"product_cat","embeddable":true,"href":"https:\/\/woodinout.net\/de\/wp-json\/wp\/v2\/product_cat?post=21372"},{"taxonomy":"product_tag","embeddable":true,"href":"https:\/\/woodinout.net\/de\/wp-json\/wp\/v2\/product_tag?post=21372"}],"curies":[{"name":"wp","href":"https:\/\/api.w.org\/{rel}","templated":true}]}}