{"id":21364,"date":"2021-03-19T13:06:23","date_gmt":"2021-03-19T11:06:23","guid":{"rendered":"https:\/\/woodinout.net\/product\/kalender\/"},"modified":"2022-04-28T11:48:13","modified_gmt":"2022-04-28T08:48:13","slug":"kalender","status":"publish","type":"product","link":"https:\/\/woodinout.net\/de\/product\/kalender\/","title":{"rendered":"Kalender"},"content":{"rendered":"<p>Holzkalender f\u00fcr Kinder &#8211; nachhaltige Montessori-Materialien zum Lernen und Spielen. Perfekte Passform f\u00fcr Homeschool oder Preschool oder Kindergarten. Hergestellt aus Holz, ist es ein nat\u00fcrliches Lernwerkzeug f\u00fcr Jahre, Jahreszeiten, Wochentage. Unterhaltsame M\u00f6glichkeit, Ihrem Kind beizubringen, die Bedeutung des Datums und die Dauer der Woche, des Monats und der gesamten Saison zu verstehen.<\/p>\n<p>Morgenboard Set enth\u00e4lt:<br \/>\nHauptkalendertafel<br \/>\n31 Tagesm\u00fcnzen (31 St\u00fcck) (~1.6 Zoll \/ 4cm)<br \/>\nJahre M\u00fcnzen 5cm (20 St\u00fcck) (~2 Zoll \/ 5cm)<br \/>\nMonatskarten (12 Stk.) (~8.4&#215;2 Zoll \/ 21.5x5cm)<br \/>\nSeasons M\u00fcnzen (4 St\u00fcck) (~3.1 Zoll \/ 8cm)<br \/>\nWochentagskarten (7 St\u00fcck) (~ 3,3 x 1,2 Zoll \/ 8,5 x 3 cm)<\/p>\n<p>ABMESSUNGEN des Boards:<br \/>\nL\u00e4nge: ~ 14,5 Zoll (37 cm)<br \/>\nH\u00f6he: ~ 18,1 Zoll (46 cm)<br \/>\nDicke: ~0,6 Zoll (1,5 cm)<\/p>\n<p>FARBEN UND MATERIAL<br \/>\nFarbe: Naturholz.<br \/>\nDas Spielzeug besteht aus NAT\u00dcRLICHEM MASSIVHOLZ und Sperrholz.<br \/>\nBitte beachten Sie, dass die Farben aufgrund der Einstellungen und der Beleuchtung des Computermonitors variieren k\u00f6nnen.<\/p>\n<p>F\u00fcr weitere Ideen folgen Sie uns auf <a href=\"https:\/\/www.instagram.com\/woodinout\/\">INSTAGRAM<\/a> &amp; <a href=\"https:\/\/www.facebook.com\/Woodinout.net\">FACEBOOK<\/a><\/p>\n","protected":false},"excerpt":{"rendered":"<p>Holzkalender f\u00fcr Kinder &#8211; nachhaltige Montessori-Materialien zum Lernen und Spielen. Perfekte Passform f\u00fcr Homeschool oder Preschool oder Kindergarten. Hergestellt aus Holz, ist es ein nat\u00fcrliches Lernwerkzeug f\u00fcr Jahre, Jahreszeiten, Wochentage. Unterhaltsame M\u00f6glichkeit, Ihrem Kind beizubringen, die Bedeutung des Datums und die Dauer der Woche, des Monats und der gesamten Saison zu verstehen. Morgenboard Set enth\u00e4lt: [&hellip;]<\/p>\n","protected":false},"featured_media":19456,"template":"","meta":{"_monsterinsights_skip_tracking":false,"_monsterinsights_sitenote_active":false,"_monsterinsights_sitenote_note":"","_monsterinsights_sitenote_category":0},"product_cat":[1355,1356],"product_tag":[1358,1367,1368,1366,1361,1360,1386,1387,1371,1388,1363,1370],"yoast_head":"<!-- This site is optimized with the Yoast SEO plugin v22.1 - https:\/\/yoast.com\/wordpress\/plugins\/seo\/ -->\n<title>Kalender - Woodinout \u00a9 p\u00e4dagogische Montessori-Spielzeuge<\/title>\n<meta name=\"description\" content=\"Lernen ist jetzt Fun &amp; Easy - Naturholzspielzeug f\u00fcr wertvolle Familienzeit. Homeschool oder Vorschule muss haben. Weltweiter Versand.\" \/>\n<meta name=\"robots\" content=\"index, follow, max-snippet:-1, max-image-preview:large, max-video-preview:-1\" \/>\n<link rel=\"canonical\" href=\"https:\/\/woodinout.net\/de\/product\/kalender\/\" \/>\n<meta property=\"og:locale\" content=\"de_DE\" \/>\n<meta property=\"og:type\" content=\"article\" \/>\n<meta property=\"og:title\" content=\"Kalender - Woodinout \u00a9 p\u00e4dagogische Montessori-Spielzeuge\" \/>\n<meta property=\"og:description\" content=\"Lernen ist jetzt Fun &amp; Easy - Naturholzspielzeug f\u00fcr wertvolle Familienzeit. Homeschool oder Vorschule muss haben. Weltweiter Versand.\" \/>\n<meta property=\"og:url\" content=\"https:\/\/woodinout.net\/de\/product\/kalender\/\" \/>\n<meta property=\"og:site_name\" content=\"Woodinout \u00a9\" \/>\n<meta property=\"article:modified_time\" content=\"2022-04-28T08:48:13+00:00\" \/>\n<meta property=\"og:image\" content=\"https:\/\/woodinout.net\/wp-content\/uploads\/2021\/03\/Calendar_1.jpg\" \/>\n\t<meta property=\"og:image:width\" content=\"1706\" \/>\n\t<meta property=\"og:image:height\" content=\"2560\" \/>\n\t<meta property=\"og:image:type\" content=\"image\/jpeg\" \/>\n<meta name=\"twitter:card\" content=\"summary_large_image\" \/>\n<meta name=\"twitter:label1\" content=\"Gesch\u00e4tzte Lesezeit\" \/>\n\t<meta name=\"twitter:data1\" content=\"1\u00a0Minute\" \/>\n<script type=\"application\/ld+json\" class=\"yoast-schema-graph\">{\"@context\":\"https:\/\/schema.org\",\"@graph\":[{\"@type\":\"WebPage\",\"@id\":\"https:\/\/woodinout.net\/de\/product\/kalender\/\",\"url\":\"https:\/\/woodinout.net\/de\/product\/kalender\/\",\"name\":\"Kalender - Woodinout \u00a9 p\u00e4dagogische Montessori-Spielzeuge\",\"isPartOf\":{\"@id\":\"https:\/\/woodinout.net\/de\/#website\"},\"datePublished\":\"2021-03-19T11:06:23+00:00\",\"dateModified\":\"2022-04-28T08:48:13+00:00\",\"description\":\"Lernen ist jetzt Fun & Easy - Naturholzspielzeug f\u00fcr wertvolle Familienzeit. Homeschool oder Vorschule muss haben. Weltweiter Versand.\",\"breadcrumb\":{\"@id\":\"https:\/\/woodinout.net\/de\/product\/kalender\/#breadcrumb\"},\"inLanguage\":\"de\",\"potentialAction\":[{\"@type\":\"ReadAction\",\"target\":[\"https:\/\/woodinout.net\/de\/product\/kalender\/\"]}]},{\"@type\":\"BreadcrumbList\",\"@id\":\"https:\/\/woodinout.net\/de\/product\/kalender\/#breadcrumb\",\"itemListElement\":[{\"@type\":\"ListItem\",\"position\":1,\"name\":\"Home\",\"item\":\"https:\/\/woodinout.net\/de\/\"},{\"@type\":\"ListItem\",\"position\":2,\"name\":\"Shop\",\"item\":\"https:\/\/woodinout.net\/shop\/\"},{\"@type\":\"ListItem\",\"position\":3,\"name\":\"Kalender\"}]},{\"@type\":\"WebSite\",\"@id\":\"https:\/\/woodinout.net\/de\/#website\",\"url\":\"https:\/\/woodinout.net\/de\/\",\"name\":\"Woodinout \u00a9\",\"description\":\"Wooden Montessori toys, gifts, home and events decor details\",\"potentialAction\":[{\"@type\":\"SearchAction\",\"target\":{\"@type\":\"EntryPoint\",\"urlTemplate\":\"https:\/\/woodinout.net\/de\/?s={search_term_string}\"},\"query-input\":\"required name=search_term_string\"}],\"inLanguage\":\"de\"}]}<\/script>\n<!-- \/ Yoast SEO plugin. -->","yoast_head_json":{"title":"Kalender - Woodinout \u00a9 p\u00e4dagogische Montessori-Spielzeuge","description":"Lernen ist jetzt Fun & Easy - Naturholzspielzeug f\u00fcr wertvolle Familienzeit. Homeschool oder Vorschule muss haben. Weltweiter Versand.","robots":{"index":"index","follow":"follow","max-snippet":"max-snippet:-1","max-image-preview":"max-image-preview:large","max-video-preview":"max-video-preview:-1"},"canonical":"https:\/\/woodinout.net\/de\/product\/kalender\/","og_locale":"de_DE","og_type":"article","og_title":"Kalender - Woodinout \u00a9 p\u00e4dagogische Montessori-Spielzeuge","og_description":"Lernen ist jetzt Fun & Easy - Naturholzspielzeug f\u00fcr wertvolle Familienzeit. Homeschool oder Vorschule muss haben. Weltweiter Versand.","og_url":"https:\/\/woodinout.net\/de\/product\/kalender\/","og_site_name":"Woodinout \u00a9","article_modified_time":"2022-04-28T08:48:13+00:00","og_image":[{"width":1706,"height":2560,"url":"https:\/\/woodinout.net\/wp-content\/uploads\/2021\/03\/Calendar_1.jpg","type":"image\/jpeg"}],"twitter_card":"summary_large_image","twitter_misc":{"Gesch\u00e4tzte Lesezeit":"1\u00a0Minute"},"schema":{"@context":"https:\/\/schema.org","@graph":[{"@type":"WebPage","@id":"https:\/\/woodinout.net\/de\/product\/kalender\/","url":"https:\/\/woodinout.net\/de\/product\/kalender\/","name":"Kalender - Woodinout \u00a9 p\u00e4dagogische Montessori-Spielzeuge","isPartOf":{"@id":"https:\/\/woodinout.net\/de\/#website"},"datePublished":"2021-03-19T11:06:23+00:00","dateModified":"2022-04-28T08:48:13+00:00","description":"Lernen ist jetzt Fun & Easy - Naturholzspielzeug f\u00fcr wertvolle Familienzeit. Homeschool oder Vorschule muss haben. Weltweiter Versand.","breadcrumb":{"@id":"https:\/\/woodinout.net\/de\/product\/kalender\/#breadcrumb"},"inLanguage":"de","potentialAction":[{"@type":"ReadAction","target":["https:\/\/woodinout.net\/de\/product\/kalender\/"]}]},{"@type":"BreadcrumbList","@id":"https:\/\/woodinout.net\/de\/product\/kalender\/#breadcrumb","itemListElement":[{"@type":"ListItem","position":1,"name":"Home","item":"https:\/\/woodinout.net\/de\/"},{"@type":"ListItem","position":2,"name":"Shop","item":"https:\/\/woodinout.net\/shop\/"},{"@type":"ListItem","position":3,"name":"Kalender"}]},{"@type":"WebSite","@id":"https:\/\/woodinout.net\/de\/#website","url":"https:\/\/woodinout.net\/de\/","name":"Woodinout \u00a9","description":"Wooden Montessori toys, gifts, home and events decor details","potentialAction":[{"@type":"SearchAction","target":{"@type":"EntryPoint","urlTemplate":"https:\/\/woodinout.net\/de\/?s={search_term_string}"},"query-input":"required name=search_term_string"}],"inLanguage":"de"}]}},"_links":{"self":[{"href":"https:\/\/woodinout.net\/de\/wp-json\/wp\/v2\/product\/21364"}],"collection":[{"href":"https:\/\/woodinout.net\/de\/wp-json\/wp\/v2\/product"}],"about":[{"href":"https:\/\/woodinout.net\/de\/wp-json\/wp\/v2\/types\/product"}],"wp:featuredmedia":[{"embeddable":true,"href":"https:\/\/woodinout.net\/de\/wp-json\/wp\/v2\/media\/19456"}],"wp:attachment":[{"href":"https:\/\/woodinout.net\/de\/wp-json\/wp\/v2\/media?parent=21364"}],"wp:term":[{"taxonomy":"product_cat","embeddable":true,"href":"https:\/\/woodinout.net\/de\/wp-json\/wp\/v2\/product_cat?post=21364"},{"taxonomy":"product_tag","embeddable":true,"href":"https:\/\/woodinout.net\/de\/wp-json\/wp\/v2\/product_tag?post=21364"}],"curies":[{"name":"wp","href":"https:\/\/api.w.org\/{rel}","templated":true}]}}