{"id":21363,"date":"2020-06-23T21:09:58","date_gmt":"2020-06-23T18:09:58","guid":{"rendered":"https:\/\/woodinout.net\/product\/hoelzernes-regenbogen-sortierspielzeug\/"},"modified":"2022-04-28T11:11:49","modified_gmt":"2022-04-28T08:11:49","slug":"regenbogen-holz-sortierspielzeug","status":"publish","type":"product","link":"https:\/\/woodinout.net\/de\/product\/regenbogen-holz-sortierspielzeug\/","title":{"rendered":"H\u00f6lzernes Regenbogen-Sortierspielzeug"},"content":{"rendered":"<p>Auf der Suche nach einem einzigartigen Kindergeschenk? H\u00f6lzernes Regenbogenspielzeug ist sowohl lehrreich als auch stilvoll. Weltweit bekannte Waldorf- und Montessori-Spielzeuge haben uns dazu inspiriert, eine einfache und unterhaltsame M\u00f6glichkeit zu schaffen, Farben und Z\u00e4hlen zu lernen. Regenbogen-Farbsortierspielzeug malt Homeschool in fr\u00f6hlichen Farben. Vertrau mir, Kinder lieben die bunten Regenbogenperlen.<br \/>\nLERNSPIELZEUG ist in den Augen eines Kindes immer noch SPIELZEUG. Unsere handgefertigten Holzspielzeuge (Vorschulspielzeug) sind nicht nur ein perfektes p\u00e4dagogisches Regenbogengeschenk, sondern sehen auch sehr gut aus. Daher auch von den Eltern sehr gesch\u00e4tzt. Jeder genie\u00dft eine gut aussehende Kinderzimmereinrichtung.<\/p>\n<p>Kit enth\u00e4lt aus:<br \/>\nRegenbogenbrett aus Holz<br \/>\n125 Stk. aus bunten Holzkugeln (0,05 Zoll Durchmesser)<\/p>\n<p>DIMENSIONEN<br \/>\nH\u00f6he: ~ 11 Zoll<br \/>\nL\u00e4nge: ~ 13,4 Zoll<br \/>\nDicke: ~ 0,6 Zoll<\/p>\n<p>FARBEN UND MATERIAL<br \/>\nFarbe: natur oder braun ge\u00f6lt.<br \/>\nSpielzeug ist aus NAT\u00dcRLICHEM MASSIVHOLZ gefertigt.<br \/>\nBitte beachten Sie, dass die Farben aufgrund der Einstellungen und der Beleuchtung des Computermonitors variieren k\u00f6nnen.<\/p>\n<p>F\u00fcr weitere Ideen folgen Sie uns auf <a href=\"https:\/\/www.instagram.com\/woodinout\/\">INSTAGRAM<\/a> &amp; <a href=\"https:\/\/www.facebook.com\/Woodinout.net\">FACEBOOK<\/a><\/p>\n","protected":false},"excerpt":{"rendered":"<p>Auf der Suche nach einem einzigartigen Kindergeschenk? H\u00f6lzernes Regenbogenspielzeug ist sowohl lehrreich als auch stilvoll. Weltweit bekannte Waldorf- und Montessori-Spielzeuge haben uns dazu inspiriert, eine einfache und unterhaltsame M\u00f6glichkeit zu schaffen, Farben und Z\u00e4hlen zu lernen. Regenbogen-Farbsortierspielzeug malt Homeschool in fr\u00f6hlichen Farben. Vertrau mir, Kinder lieben die bunten Regenbogenperlen. LERNSPIELZEUG ist in den Augen eines [&hellip;]<\/p>\n","protected":false},"featured_media":17752,"template":"","meta":{"_monsterinsights_skip_tracking":false,"_monsterinsights_sitenote_active":false,"_monsterinsights_sitenote_note":"","_monsterinsights_sitenote_category":0},"product_cat":[1355,1365],"product_tag":[1377,2099,2101,1358,1367,1368,1366,1361,1360,1363,2103],"yoast_head":"<!-- This site is optimized with the Yoast SEO plugin v22.1 - https:\/\/yoast.com\/wordpress\/plugins\/seo\/ -->\n<title>H\u00f6lzernes Regenbogen-Sortierspielzeug - Woodinout \u00a9 Montessori Spielzeug<\/title>\n<meta name=\"description\" content=\"H\u00f6lzernes Regenbogenspielzeug - Farbsortierspiel. Naturholz Personalisierte Kindergeschenke - Eltern lieben Lernspiele als Geschenke.\" \/>\n<meta name=\"robots\" content=\"index, follow, max-snippet:-1, max-image-preview:large, max-video-preview:-1\" \/>\n<link rel=\"canonical\" href=\"https:\/\/woodinout.net\/de\/product\/regenbogen-holz-sortierspielzeug\/\" \/>\n<meta property=\"og:locale\" content=\"de_DE\" \/>\n<meta property=\"og:type\" content=\"article\" \/>\n<meta property=\"og:title\" content=\"H\u00f6lzernes Regenbogen-Sortierspielzeug - Woodinout \u00a9 Montessori Spielzeug\" \/>\n<meta property=\"og:description\" content=\"H\u00f6lzernes Regenbogenspielzeug - Farbsortierspiel. Naturholz Personalisierte Kindergeschenke - Eltern lieben Lernspiele als Geschenke.\" \/>\n<meta property=\"og:url\" content=\"https:\/\/woodinout.net\/de\/product\/regenbogen-holz-sortierspielzeug\/\" \/>\n<meta property=\"og:site_name\" content=\"Woodinout \u00a9\" \/>\n<meta property=\"article:modified_time\" content=\"2022-04-28T08:11:49+00:00\" \/>\n<meta property=\"og:image\" content=\"https:\/\/woodinout.net\/wp-content\/uploads\/2020\/06\/Rainbow-Wooden-sorting-toy-3.jpg\" \/>\n\t<meta property=\"og:image:width\" content=\"853\" \/>\n\t<meta property=\"og:image:height\" content=\"1280\" \/>\n\t<meta property=\"og:image:type\" content=\"image\/jpeg\" \/>\n<meta name=\"twitter:card\" content=\"summary_large_image\" \/>\n<meta name=\"twitter:label1\" content=\"Gesch\u00e4tzte Lesezeit\" \/>\n\t<meta name=\"twitter:data1\" content=\"1\u00a0Minute\" \/>\n<script type=\"application\/ld+json\" class=\"yoast-schema-graph\">{\"@context\":\"https:\/\/schema.org\",\"@graph\":[{\"@type\":\"WebPage\",\"@id\":\"https:\/\/woodinout.net\/de\/product\/regenbogen-holz-sortierspielzeug\/\",\"url\":\"https:\/\/woodinout.net\/de\/product\/regenbogen-holz-sortierspielzeug\/\",\"name\":\"H\u00f6lzernes Regenbogen-Sortierspielzeug - Woodinout \u00a9 Montessori Spielzeug\",\"isPartOf\":{\"@id\":\"https:\/\/woodinout.net\/de\/#website\"},\"datePublished\":\"2020-06-23T18:09:58+00:00\",\"dateModified\":\"2022-04-28T08:11:49+00:00\",\"description\":\"H\u00f6lzernes Regenbogenspielzeug - Farbsortierspiel. Naturholz Personalisierte Kindergeschenke - Eltern lieben Lernspiele als Geschenke.\",\"breadcrumb\":{\"@id\":\"https:\/\/woodinout.net\/de\/product\/regenbogen-holz-sortierspielzeug\/#breadcrumb\"},\"inLanguage\":\"de\",\"potentialAction\":[{\"@type\":\"ReadAction\",\"target\":[\"https:\/\/woodinout.net\/de\/product\/regenbogen-holz-sortierspielzeug\/\"]}]},{\"@type\":\"BreadcrumbList\",\"@id\":\"https:\/\/woodinout.net\/de\/product\/regenbogen-holz-sortierspielzeug\/#breadcrumb\",\"itemListElement\":[{\"@type\":\"ListItem\",\"position\":1,\"name\":\"Home\",\"item\":\"https:\/\/woodinout.net\/de\/\"},{\"@type\":\"ListItem\",\"position\":2,\"name\":\"Shop\",\"item\":\"https:\/\/woodinout.net\/shop\/\"},{\"@type\":\"ListItem\",\"position\":3,\"name\":\"H\u00f6lzernes Regenbogen-Sortierspielzeug\"}]},{\"@type\":\"WebSite\",\"@id\":\"https:\/\/woodinout.net\/de\/#website\",\"url\":\"https:\/\/woodinout.net\/de\/\",\"name\":\"Woodinout \u00a9\",\"description\":\"Wooden Montessori toys, gifts, home and events decor details\",\"potentialAction\":[{\"@type\":\"SearchAction\",\"target\":{\"@type\":\"EntryPoint\",\"urlTemplate\":\"https:\/\/woodinout.net\/de\/?s={search_term_string}\"},\"query-input\":\"required name=search_term_string\"}],\"inLanguage\":\"de\"}]}<\/script>\n<!-- \/ Yoast SEO plugin. -->","yoast_head_json":{"title":"H\u00f6lzernes Regenbogen-Sortierspielzeug - Woodinout \u00a9 Montessori Spielzeug","description":"H\u00f6lzernes Regenbogenspielzeug - Farbsortierspiel. Naturholz Personalisierte Kindergeschenke - Eltern lieben Lernspiele als Geschenke.","robots":{"index":"index","follow":"follow","max-snippet":"max-snippet:-1","max-image-preview":"max-image-preview:large","max-video-preview":"max-video-preview:-1"},"canonical":"https:\/\/woodinout.net\/de\/product\/regenbogen-holz-sortierspielzeug\/","og_locale":"de_DE","og_type":"article","og_title":"H\u00f6lzernes Regenbogen-Sortierspielzeug - Woodinout \u00a9 Montessori Spielzeug","og_description":"H\u00f6lzernes Regenbogenspielzeug - Farbsortierspiel. Naturholz Personalisierte Kindergeschenke - Eltern lieben Lernspiele als Geschenke.","og_url":"https:\/\/woodinout.net\/de\/product\/regenbogen-holz-sortierspielzeug\/","og_site_name":"Woodinout \u00a9","article_modified_time":"2022-04-28T08:11:49+00:00","og_image":[{"width":853,"height":1280,"url":"https:\/\/woodinout.net\/wp-content\/uploads\/2020\/06\/Rainbow-Wooden-sorting-toy-3.jpg","type":"image\/jpeg"}],"twitter_card":"summary_large_image","twitter_misc":{"Gesch\u00e4tzte Lesezeit":"1\u00a0Minute"},"schema":{"@context":"https:\/\/schema.org","@graph":[{"@type":"WebPage","@id":"https:\/\/woodinout.net\/de\/product\/regenbogen-holz-sortierspielzeug\/","url":"https:\/\/woodinout.net\/de\/product\/regenbogen-holz-sortierspielzeug\/","name":"H\u00f6lzernes Regenbogen-Sortierspielzeug - Woodinout \u00a9 Montessori Spielzeug","isPartOf":{"@id":"https:\/\/woodinout.net\/de\/#website"},"datePublished":"2020-06-23T18:09:58+00:00","dateModified":"2022-04-28T08:11:49+00:00","description":"H\u00f6lzernes Regenbogenspielzeug - Farbsortierspiel. Naturholz Personalisierte Kindergeschenke - Eltern lieben Lernspiele als Geschenke.","breadcrumb":{"@id":"https:\/\/woodinout.net\/de\/product\/regenbogen-holz-sortierspielzeug\/#breadcrumb"},"inLanguage":"de","potentialAction":[{"@type":"ReadAction","target":["https:\/\/woodinout.net\/de\/product\/regenbogen-holz-sortierspielzeug\/"]}]},{"@type":"BreadcrumbList","@id":"https:\/\/woodinout.net\/de\/product\/regenbogen-holz-sortierspielzeug\/#breadcrumb","itemListElement":[{"@type":"ListItem","position":1,"name":"Home","item":"https:\/\/woodinout.net\/de\/"},{"@type":"ListItem","position":2,"name":"Shop","item":"https:\/\/woodinout.net\/shop\/"},{"@type":"ListItem","position":3,"name":"H\u00f6lzernes Regenbogen-Sortierspielzeug"}]},{"@type":"WebSite","@id":"https:\/\/woodinout.net\/de\/#website","url":"https:\/\/woodinout.net\/de\/","name":"Woodinout \u00a9","description":"Wooden Montessori toys, gifts, home and events decor details","potentialAction":[{"@type":"SearchAction","target":{"@type":"EntryPoint","urlTemplate":"https:\/\/woodinout.net\/de\/?s={search_term_string}"},"query-input":"required name=search_term_string"}],"inLanguage":"de"}]}},"_links":{"self":[{"href":"https:\/\/woodinout.net\/de\/wp-json\/wp\/v2\/product\/21363"}],"collection":[{"href":"https:\/\/woodinout.net\/de\/wp-json\/wp\/v2\/product"}],"about":[{"href":"https:\/\/woodinout.net\/de\/wp-json\/wp\/v2\/types\/product"}],"wp:featuredmedia":[{"embeddable":true,"href":"https:\/\/woodinout.net\/de\/wp-json\/wp\/v2\/media\/17752"}],"wp:attachment":[{"href":"https:\/\/woodinout.net\/de\/wp-json\/wp\/v2\/media?parent=21363"}],"wp:term":[{"taxonomy":"product_cat","embeddable":true,"href":"https:\/\/woodinout.net\/de\/wp-json\/wp\/v2\/product_cat?post=21363"},{"taxonomy":"product_tag","embeddable":true,"href":"https:\/\/woodinout.net\/de\/wp-json\/wp\/v2\/product_tag?post=21363"}],"curies":[{"name":"wp","href":"https:\/\/api.w.org\/{rel}","templated":true}]}}