{"id":21362,"date":"2020-06-23T23:35:10","date_gmt":"2020-06-23T20:35:10","guid":{"rendered":"https:\/\/woodinout.net\/product\/2x5-zahlen-und-zaehlfach\/"},"modified":"2022-04-28T09:43:48","modified_gmt":"2022-04-28T06:43:48","slug":"zahlen-und-zahlen-fach-2x5","status":"publish","type":"product","link":"https:\/\/woodinout.net\/de\/product\/zahlen-und-zahlen-fach-2x5\/","title":{"rendered":"2&#215;5 Zahlen und Z\u00e4hlfach"},"content":{"rendered":"<p>Dieses Zahlen- und Z\u00e4hltablett ist so konzipiert, dass es auf vielf\u00e4ltige Weise verwendet werden kann: Lassen Sie es einzigartige Montessori-Geschenke f\u00fcr Mathematiklehrer sein, f\u00fcgen Sie einfach gravierten Text auf der R\u00fcckseite hinzu und los geht&#8217;s &#8211; es wird zu einem PERSONALISIERTEN Geschenk.<br \/>\nLernspielzeug ist immer noch SPIELZEUG f\u00fcr Kinder, und Waldorfspielzeug wie diese mathematischen Manipulativa sind die besten Homeschool-Helfer. Das Z\u00e4hltablett hat einen Platz, um Z\u00e4hlperlen hineinzulegen, und oben haben wir Holznummern, die auf Bl\u00f6cken eingraviert sind. Multiplikationsperlen sind aus Holz, daher umweltfreundlich und ungiftig. Dieses Holzspielzeug sieht nicht nur gut aus (es kann eine perfekte Einrichtung im Mathematikunterricht sein), sondern auch sehr wertvoll im Kindergarten oder in der Vorschule, wenn es als eine der Aktivit\u00e4ten f\u00fcr Kinder verwendet wird. Lernen ist FUN &amp; STYLISH mit Woodinout.<\/p>\n<p>Kit enth\u00e4lt aus:<br \/>\nZ\u00e4hlfach<br \/>\n60 Stk. von Z\u00e4hlkugeln (0,05 Zoll Durchmesser)<\/p>\n<p>Sie k\u00f6nnen aus 2 OPTIONEN w\u00e4hlen:<br \/>\nA: 20 Stk. Holzsperrholz-Zahlenkarten und 3 Symbole (-+=), Abmessung: ~ 1,8 x 1,8 Zoll, Dicke ~ 0,12 Zoll<br \/>\nB: 20 Stk. NATURAL WOOD Zahlenbl\u00f6cke und 3 Symbole (-+=), Abmessung: ~ 1,8 x 1,8 Zoll, Dicke ~0,6 Zoll<\/p>\n<p>BRETTMA\u00dfE ~25 x 35 cm.<\/p>\n<p>FARBEN UND MATERIAL<br \/>\nFarbe: natur oder braun ge\u00f6lt.<br \/>\nSpielzeug ist aus NAT\u00dcRLICHEM MASSIVHOLZ gefertigt.<br \/>\nBitte beachten Sie, dass die Farben aufgrund der Einstellungen und der Beleuchtung des Computermonitors variieren k\u00f6nnen.<\/p>\n<div style=\"width: 1080px;\" class=\"wp-video\"><!--[if lt IE 9]><script>document.createElement('video');<\/script><![endif]-->\n<video class=\"wp-video-shortcode\" id=\"video-21362-1\" width=\"1080\" height=\"810\" preload=\"metadata\" controls=\"controls\"><source type=\"video\/mp4\" src=\"http:\/\/woodinout.net\/wp-content\/uploads\/2020\/06\/MEDINIS_4.mp4?_=1\" \/><a href=\"http:\/\/woodinout.net\/wp-content\/uploads\/2020\/06\/MEDINIS_4.mp4\">http:\/\/woodinout.net\/wp-content\/uploads\/2020\/06\/MEDINIS_4.mp4<\/a><\/video><\/div>\n","protected":false},"excerpt":{"rendered":"<p>Dieses Zahlen- und Z\u00e4hltablett ist so konzipiert, dass es auf vielf\u00e4ltige Weise verwendet werden kann: Lassen Sie es einzigartige Montessori-Geschenke f\u00fcr Mathematiklehrer sein, f\u00fcgen Sie einfach gravierten Text auf der R\u00fcckseite hinzu und los geht&#8217;s &#8211; es wird zu einem PERSONALISIERTEN Geschenk. Lernspielzeug ist immer noch SPIELZEUG f\u00fcr Kinder, und Waldorfspielzeug wie diese mathematischen Manipulativa [&hellip;]<\/p>\n","protected":false},"featured_media":18080,"template":"","meta":{"_monsterinsights_skip_tracking":false,"_monsterinsights_sitenote_active":false,"_monsterinsights_sitenote_note":"","_monsterinsights_sitenote_category":0},"product_cat":[1355,1362],"product_tag":[1966,1358,1367,1368,1366,1361,1360,1386,1387,1371,1388,1363],"yoast_head":"<!-- This site is optimized with the Yoast SEO plugin v22.1 - https:\/\/yoast.com\/wordpress\/plugins\/seo\/ -->\n<title>2x5 Zahlen und Z\u00e4hlfach - Woodinout \u00a9 Holzspielzeug<\/title>\n<meta name=\"description\" content=\"Lernen, Spielen, Sortieren, Z\u00e4hlen - Montessori Mathematerial Holzz\u00e4hltablett - Langlebig, nat\u00fcrlich, personalisiert - perfekte Kindergeschenke.\" \/>\n<meta name=\"robots\" content=\"index, follow, max-snippet:-1, max-image-preview:large, max-video-preview:-1\" \/>\n<link rel=\"canonical\" href=\"https:\/\/woodinout.net\/de\/product\/zahlen-und-zahlen-fach-2x5\/\" \/>\n<meta property=\"og:locale\" content=\"de_DE\" \/>\n<meta property=\"og:type\" content=\"article\" \/>\n<meta property=\"og:title\" content=\"2x5 Zahlen und Z\u00e4hlfach - Woodinout \u00a9 Holzspielzeug\" \/>\n<meta property=\"og:description\" content=\"Lernen, Spielen, Sortieren, Z\u00e4hlen - Montessori Mathematerial Holzz\u00e4hltablett - Langlebig, nat\u00fcrlich, personalisiert - perfekte Kindergeschenke.\" \/>\n<meta property=\"og:url\" content=\"https:\/\/woodinout.net\/de\/product\/zahlen-und-zahlen-fach-2x5\/\" \/>\n<meta property=\"og:site_name\" content=\"Woodinout \u00a9\" \/>\n<meta property=\"article:modified_time\" content=\"2022-04-28T06:43:48+00:00\" \/>\n<meta property=\"og:image\" content=\"https:\/\/woodinout.net\/wp-content\/uploads\/2020\/06\/Numbers-and-Counting-tray-2x5-1.jpg\" \/>\n\t<meta property=\"og:image:width\" content=\"853\" \/>\n\t<meta property=\"og:image:height\" content=\"1280\" \/>\n\t<meta property=\"og:image:type\" content=\"image\/jpeg\" \/>\n<meta name=\"twitter:card\" content=\"summary_large_image\" \/>\n<meta name=\"twitter:label1\" content=\"Gesch\u00e4tzte Lesezeit\" \/>\n\t<meta name=\"twitter:data1\" content=\"1\u00a0Minute\" \/>\n<script type=\"application\/ld+json\" class=\"yoast-schema-graph\">{\"@context\":\"https:\/\/schema.org\",\"@graph\":[{\"@type\":\"WebPage\",\"@id\":\"https:\/\/woodinout.net\/de\/product\/zahlen-und-zahlen-fach-2x5\/\",\"url\":\"https:\/\/woodinout.net\/de\/product\/zahlen-und-zahlen-fach-2x5\/\",\"name\":\"2x5 Zahlen und Z\u00e4hlfach - Woodinout \u00a9 Holzspielzeug\",\"isPartOf\":{\"@id\":\"https:\/\/woodinout.net\/de\/#website\"},\"datePublished\":\"2020-06-23T20:35:10+00:00\",\"dateModified\":\"2022-04-28T06:43:48+00:00\",\"description\":\"Lernen, Spielen, Sortieren, Z\u00e4hlen - Montessori Mathematerial Holzz\u00e4hltablett - Langlebig, nat\u00fcrlich, personalisiert - perfekte Kindergeschenke.\",\"breadcrumb\":{\"@id\":\"https:\/\/woodinout.net\/de\/product\/zahlen-und-zahlen-fach-2x5\/#breadcrumb\"},\"inLanguage\":\"de\",\"potentialAction\":[{\"@type\":\"ReadAction\",\"target\":[\"https:\/\/woodinout.net\/de\/product\/zahlen-und-zahlen-fach-2x5\/\"]}]},{\"@type\":\"BreadcrumbList\",\"@id\":\"https:\/\/woodinout.net\/de\/product\/zahlen-und-zahlen-fach-2x5\/#breadcrumb\",\"itemListElement\":[{\"@type\":\"ListItem\",\"position\":1,\"name\":\"Home\",\"item\":\"https:\/\/woodinout.net\/de\/\"},{\"@type\":\"ListItem\",\"position\":2,\"name\":\"Shop\",\"item\":\"https:\/\/woodinout.net\/shop\/\"},{\"@type\":\"ListItem\",\"position\":3,\"name\":\"2&#215;5 Zahlen und Z\u00e4hlfach\"}]},{\"@type\":\"WebSite\",\"@id\":\"https:\/\/woodinout.net\/de\/#website\",\"url\":\"https:\/\/woodinout.net\/de\/\",\"name\":\"Woodinout \u00a9\",\"description\":\"Wooden Montessori toys, gifts, home and events decor details\",\"potentialAction\":[{\"@type\":\"SearchAction\",\"target\":{\"@type\":\"EntryPoint\",\"urlTemplate\":\"https:\/\/woodinout.net\/de\/?s={search_term_string}\"},\"query-input\":\"required name=search_term_string\"}],\"inLanguage\":\"de\"}]}<\/script>\n<!-- \/ Yoast SEO plugin. -->","yoast_head_json":{"title":"2x5 Zahlen und Z\u00e4hlfach - Woodinout \u00a9 Holzspielzeug","description":"Lernen, Spielen, Sortieren, Z\u00e4hlen - Montessori Mathematerial Holzz\u00e4hltablett - Langlebig, nat\u00fcrlich, personalisiert - perfekte Kindergeschenke.","robots":{"index":"index","follow":"follow","max-snippet":"max-snippet:-1","max-image-preview":"max-image-preview:large","max-video-preview":"max-video-preview:-1"},"canonical":"https:\/\/woodinout.net\/de\/product\/zahlen-und-zahlen-fach-2x5\/","og_locale":"de_DE","og_type":"article","og_title":"2x5 Zahlen und Z\u00e4hlfach - Woodinout \u00a9 Holzspielzeug","og_description":"Lernen, Spielen, Sortieren, Z\u00e4hlen - Montessori Mathematerial Holzz\u00e4hltablett - Langlebig, nat\u00fcrlich, personalisiert - perfekte Kindergeschenke.","og_url":"https:\/\/woodinout.net\/de\/product\/zahlen-und-zahlen-fach-2x5\/","og_site_name":"Woodinout \u00a9","article_modified_time":"2022-04-28T06:43:48+00:00","og_image":[{"width":853,"height":1280,"url":"https:\/\/woodinout.net\/wp-content\/uploads\/2020\/06\/Numbers-and-Counting-tray-2x5-1.jpg","type":"image\/jpeg"}],"twitter_card":"summary_large_image","twitter_misc":{"Gesch\u00e4tzte Lesezeit":"1\u00a0Minute"},"schema":{"@context":"https:\/\/schema.org","@graph":[{"@type":"WebPage","@id":"https:\/\/woodinout.net\/de\/product\/zahlen-und-zahlen-fach-2x5\/","url":"https:\/\/woodinout.net\/de\/product\/zahlen-und-zahlen-fach-2x5\/","name":"2x5 Zahlen und Z\u00e4hlfach - Woodinout \u00a9 Holzspielzeug","isPartOf":{"@id":"https:\/\/woodinout.net\/de\/#website"},"datePublished":"2020-06-23T20:35:10+00:00","dateModified":"2022-04-28T06:43:48+00:00","description":"Lernen, Spielen, Sortieren, Z\u00e4hlen - Montessori Mathematerial Holzz\u00e4hltablett - Langlebig, nat\u00fcrlich, personalisiert - perfekte Kindergeschenke.","breadcrumb":{"@id":"https:\/\/woodinout.net\/de\/product\/zahlen-und-zahlen-fach-2x5\/#breadcrumb"},"inLanguage":"de","potentialAction":[{"@type":"ReadAction","target":["https:\/\/woodinout.net\/de\/product\/zahlen-und-zahlen-fach-2x5\/"]}]},{"@type":"BreadcrumbList","@id":"https:\/\/woodinout.net\/de\/product\/zahlen-und-zahlen-fach-2x5\/#breadcrumb","itemListElement":[{"@type":"ListItem","position":1,"name":"Home","item":"https:\/\/woodinout.net\/de\/"},{"@type":"ListItem","position":2,"name":"Shop","item":"https:\/\/woodinout.net\/shop\/"},{"@type":"ListItem","position":3,"name":"2&#215;5 Zahlen und Z\u00e4hlfach"}]},{"@type":"WebSite","@id":"https:\/\/woodinout.net\/de\/#website","url":"https:\/\/woodinout.net\/de\/","name":"Woodinout \u00a9","description":"Wooden Montessori toys, gifts, home and events decor details","potentialAction":[{"@type":"SearchAction","target":{"@type":"EntryPoint","urlTemplate":"https:\/\/woodinout.net\/de\/?s={search_term_string}"},"query-input":"required name=search_term_string"}],"inLanguage":"de"}]}},"_links":{"self":[{"href":"https:\/\/woodinout.net\/de\/wp-json\/wp\/v2\/product\/21362"}],"collection":[{"href":"https:\/\/woodinout.net\/de\/wp-json\/wp\/v2\/product"}],"about":[{"href":"https:\/\/woodinout.net\/de\/wp-json\/wp\/v2\/types\/product"}],"wp:featuredmedia":[{"embeddable":true,"href":"https:\/\/woodinout.net\/de\/wp-json\/wp\/v2\/media\/18080"}],"wp:attachment":[{"href":"https:\/\/woodinout.net\/de\/wp-json\/wp\/v2\/media?parent=21362"}],"wp:term":[{"taxonomy":"product_cat","embeddable":true,"href":"https:\/\/woodinout.net\/de\/wp-json\/wp\/v2\/product_cat?post=21362"},{"taxonomy":"product_tag","embeddable":true,"href":"https:\/\/woodinout.net\/de\/wp-json\/wp\/v2\/product_tag?post=21362"}],"curies":[{"name":"wp","href":"https:\/\/api.w.org\/{rel}","templated":true}]}}