{"id":21361,"date":"2020-06-20T23:45:09","date_gmt":"2020-06-20T20:45:09","guid":{"rendered":"https:\/\/woodinout.net\/product\/hoelzernes-bogenschiessen-spielzeug-pfeil-und-bogen\/"},"modified":"2022-04-28T10:25:37","modified_gmt":"2022-04-28T07:25:37","slug":"holz-bogenschiesen-pfeil-und-bogen","status":"publish","type":"product","link":"https:\/\/woodinout.net\/de\/product\/holz-bogenschiesen-pfeil-und-bogen\/","title":{"rendered":"H\u00f6lzernes Bogenschie\u00dfen Spielzeug, Pfeil und Bogen"},"content":{"rendered":"<p>H\u00f6lzernes Bogenschie\u00dfspielzeug mit Bogen und bunten Pfeilen, die als wertvolles personalisiertes Kleinkindgeschenk geschaffen wurden. Waldorfspielzeug ist die Nummer eins, die f\u00fcr ihre vorget\u00e4uschten Spiele und Spiele im Freien bekannt ist. Diese h\u00f6lzernen Pfeile und Bogen sind davon inspiriert. Spa\u00df am Lernen ist genau der Zweck dieses Bogenschie\u00dfspielzeug-Sets. Holzspielzeug ist heutzutage die Antwort auf einzigartige Jungen- und M\u00e4dchengeschenke. Langlebig, stilvoll und erdfreundlich. H\u00f6lzerne Bogenschie\u00dfen Pfeil und Bogen sind nicht nur eines der lustigsten fantasievollen Spiele, sondern auch stilvolle Kinderzimmer Dekor Erg\u00e4nzung.<\/p>\n<p>Weitere Geschenkideen f\u00fcr Kleinkinder finden Sie <a href=\"https:\/\/woodinout.net\/product-tag\/gifts-for-18-month-old\/\">hier<\/a>.<\/p>\n<p>Kit enth\u00e4lt aus:<br \/>\nHolzbogen<br \/>\n5 Stk. aus Holzpfeilen<\/p>\n<p>DIMENSIONEN:<\/p>\n<p>H\u00f6he: ~ 18 Zoll (45cm)<br \/>\nDicke: ~ 0,6 Zoll (1,5 cm)<\/p>\n<p>FARBEN UND MATERIALIEN:<br \/>\nFarbe: natur oder braun ge\u00f6lt.<br \/>\nMaterial: Spielzeug ist aus NAT\u00dcRLICHEM MASSIVEM HARTHOLZ gefertigt.<br \/>\nBitte beachten Sie, dass die Farben aufgrund der Einstellungen und der Beleuchtung des Computermonitors variieren k\u00f6nnen.<\/p>\n<p>F\u00fcr weitere Ideen folgen Sie uns auf <a href=\"https:\/\/www.instagram.com\/woodinout\/\">INSTAGRAM<\/a> &amp; <a href=\"https:\/\/www.facebook.com\/Woodinout.net\">FACEBOOK<\/a><\/p>\n","protected":false},"excerpt":{"rendered":"<p>H\u00f6lzernes Bogenschie\u00dfspielzeug mit Bogen und bunten Pfeilen, die als wertvolles personalisiertes Kleinkindgeschenk geschaffen wurden. Waldorfspielzeug ist die Nummer eins, die f\u00fcr ihre vorget\u00e4uschten Spiele und Spiele im Freien bekannt ist. Diese h\u00f6lzernen Pfeile und Bogen sind davon inspiriert. Spa\u00df am Lernen ist genau der Zweck dieses Bogenschie\u00dfspielzeug-Sets. Holzspielzeug ist heutzutage die Antwort auf einzigartige Jungen- [&hellip;]<\/p>\n","protected":false},"featured_media":17440,"template":"","meta":{"_monsterinsights_skip_tracking":false,"_monsterinsights_sitenote_active":false,"_monsterinsights_sitenote_note":"","_monsterinsights_sitenote_category":0},"product_cat":[1355,2096],"product_tag":[1376,2098,1358,2104,1367,1368,1378,1366,1361,1360,1363,2100],"yoast_head":"<!-- This site is optimized with the Yoast SEO plugin v22.1 - https:\/\/yoast.com\/wordpress\/plugins\/seo\/ -->\n<title>H\u00f6lzernes Bogenschie\u00dfen Spielzeug, Pfeil und Bogen - Woodinout \u00a9<\/title>\n<meta name=\"description\" content=\"Holzbogen und Pfeile - Kinder Bogenschie\u00dfen Spielzeug Set f\u00fcr vorget\u00e4uschtes Spiel. Personalisiertes Geschenk f\u00fcr Kleinkinder. Nat\u00fcrliches, langlebiges, waldorfinspiriertes Spielzeug.\" \/>\n<meta name=\"robots\" content=\"index, follow, max-snippet:-1, max-image-preview:large, max-video-preview:-1\" \/>\n<link rel=\"canonical\" href=\"https:\/\/woodinout.net\/de\/product\/holz-bogenschiesen-pfeil-und-bogen\/\" \/>\n<meta property=\"og:locale\" content=\"de_DE\" \/>\n<meta property=\"og:type\" content=\"article\" \/>\n<meta property=\"og:title\" content=\"H\u00f6lzernes Bogenschie\u00dfen Spielzeug, Pfeil und Bogen - Woodinout \u00a9\" \/>\n<meta property=\"og:description\" content=\"Holzbogen und Pfeile - Kinder Bogenschie\u00dfen Spielzeug Set f\u00fcr vorget\u00e4uschtes Spiel. Personalisiertes Geschenk f\u00fcr Kleinkinder. Nat\u00fcrliches, langlebiges, waldorfinspiriertes Spielzeug.\" \/>\n<meta property=\"og:url\" content=\"https:\/\/woodinout.net\/de\/product\/holz-bogenschiesen-pfeil-und-bogen\/\" \/>\n<meta property=\"og:site_name\" content=\"Woodinout \u00a9\" \/>\n<meta property=\"article:modified_time\" content=\"2022-04-28T07:25:37+00:00\" \/>\n<meta property=\"og:image\" content=\"https:\/\/woodinout.net\/wp-content\/uploads\/2020\/06\/Wooden-archery-bow-and-arrows-3.jpg\" \/>\n\t<meta property=\"og:image:width\" content=\"853\" \/>\n\t<meta property=\"og:image:height\" content=\"1280\" \/>\n\t<meta property=\"og:image:type\" content=\"image\/jpeg\" \/>\n<meta name=\"twitter:card\" content=\"summary_large_image\" \/>\n<meta name=\"twitter:label1\" content=\"Gesch\u00e4tzte Lesezeit\" \/>\n\t<meta name=\"twitter:data1\" content=\"1\u00a0Minute\" \/>\n<script type=\"application\/ld+json\" class=\"yoast-schema-graph\">{\"@context\":\"https:\/\/schema.org\",\"@graph\":[{\"@type\":\"WebPage\",\"@id\":\"https:\/\/woodinout.net\/de\/product\/holz-bogenschiesen-pfeil-und-bogen\/\",\"url\":\"https:\/\/woodinout.net\/de\/product\/holz-bogenschiesen-pfeil-und-bogen\/\",\"name\":\"H\u00f6lzernes Bogenschie\u00dfen Spielzeug, Pfeil und Bogen - Woodinout \u00a9\",\"isPartOf\":{\"@id\":\"https:\/\/woodinout.net\/de\/#website\"},\"datePublished\":\"2020-06-20T20:45:09+00:00\",\"dateModified\":\"2022-04-28T07:25:37+00:00\",\"description\":\"Holzbogen und Pfeile - Kinder Bogenschie\u00dfen Spielzeug Set f\u00fcr vorget\u00e4uschtes Spiel. Personalisiertes Geschenk f\u00fcr Kleinkinder. Nat\u00fcrliches, langlebiges, waldorfinspiriertes Spielzeug.\",\"breadcrumb\":{\"@id\":\"https:\/\/woodinout.net\/de\/product\/holz-bogenschiesen-pfeil-und-bogen\/#breadcrumb\"},\"inLanguage\":\"de\",\"potentialAction\":[{\"@type\":\"ReadAction\",\"target\":[\"https:\/\/woodinout.net\/de\/product\/holz-bogenschiesen-pfeil-und-bogen\/\"]}]},{\"@type\":\"BreadcrumbList\",\"@id\":\"https:\/\/woodinout.net\/de\/product\/holz-bogenschiesen-pfeil-und-bogen\/#breadcrumb\",\"itemListElement\":[{\"@type\":\"ListItem\",\"position\":1,\"name\":\"Home\",\"item\":\"https:\/\/woodinout.net\/de\/\"},{\"@type\":\"ListItem\",\"position\":2,\"name\":\"Shop\",\"item\":\"https:\/\/woodinout.net\/shop\/\"},{\"@type\":\"ListItem\",\"position\":3,\"name\":\"H\u00f6lzernes Bogenschie\u00dfen Spielzeug, Pfeil und Bogen\"}]},{\"@type\":\"WebSite\",\"@id\":\"https:\/\/woodinout.net\/de\/#website\",\"url\":\"https:\/\/woodinout.net\/de\/\",\"name\":\"Woodinout \u00a9\",\"description\":\"Wooden Montessori toys, gifts, home and events decor details\",\"potentialAction\":[{\"@type\":\"SearchAction\",\"target\":{\"@type\":\"EntryPoint\",\"urlTemplate\":\"https:\/\/woodinout.net\/de\/?s={search_term_string}\"},\"query-input\":\"required name=search_term_string\"}],\"inLanguage\":\"de\"}]}<\/script>\n<!-- \/ Yoast SEO plugin. -->","yoast_head_json":{"title":"H\u00f6lzernes Bogenschie\u00dfen Spielzeug, Pfeil und Bogen - Woodinout \u00a9","description":"Holzbogen und Pfeile - Kinder Bogenschie\u00dfen Spielzeug Set f\u00fcr vorget\u00e4uschtes Spiel. Personalisiertes Geschenk f\u00fcr Kleinkinder. Nat\u00fcrliches, langlebiges, waldorfinspiriertes Spielzeug.","robots":{"index":"index","follow":"follow","max-snippet":"max-snippet:-1","max-image-preview":"max-image-preview:large","max-video-preview":"max-video-preview:-1"},"canonical":"https:\/\/woodinout.net\/de\/product\/holz-bogenschiesen-pfeil-und-bogen\/","og_locale":"de_DE","og_type":"article","og_title":"H\u00f6lzernes Bogenschie\u00dfen Spielzeug, Pfeil und Bogen - Woodinout \u00a9","og_description":"Holzbogen und Pfeile - Kinder Bogenschie\u00dfen Spielzeug Set f\u00fcr vorget\u00e4uschtes Spiel. Personalisiertes Geschenk f\u00fcr Kleinkinder. Nat\u00fcrliches, langlebiges, waldorfinspiriertes Spielzeug.","og_url":"https:\/\/woodinout.net\/de\/product\/holz-bogenschiesen-pfeil-und-bogen\/","og_site_name":"Woodinout \u00a9","article_modified_time":"2022-04-28T07:25:37+00:00","og_image":[{"width":853,"height":1280,"url":"https:\/\/woodinout.net\/wp-content\/uploads\/2020\/06\/Wooden-archery-bow-and-arrows-3.jpg","type":"image\/jpeg"}],"twitter_card":"summary_large_image","twitter_misc":{"Gesch\u00e4tzte Lesezeit":"1\u00a0Minute"},"schema":{"@context":"https:\/\/schema.org","@graph":[{"@type":"WebPage","@id":"https:\/\/woodinout.net\/de\/product\/holz-bogenschiesen-pfeil-und-bogen\/","url":"https:\/\/woodinout.net\/de\/product\/holz-bogenschiesen-pfeil-und-bogen\/","name":"H\u00f6lzernes Bogenschie\u00dfen Spielzeug, Pfeil und Bogen - Woodinout \u00a9","isPartOf":{"@id":"https:\/\/woodinout.net\/de\/#website"},"datePublished":"2020-06-20T20:45:09+00:00","dateModified":"2022-04-28T07:25:37+00:00","description":"Holzbogen und Pfeile - Kinder Bogenschie\u00dfen Spielzeug Set f\u00fcr vorget\u00e4uschtes Spiel. Personalisiertes Geschenk f\u00fcr Kleinkinder. Nat\u00fcrliches, langlebiges, waldorfinspiriertes Spielzeug.","breadcrumb":{"@id":"https:\/\/woodinout.net\/de\/product\/holz-bogenschiesen-pfeil-und-bogen\/#breadcrumb"},"inLanguage":"de","potentialAction":[{"@type":"ReadAction","target":["https:\/\/woodinout.net\/de\/product\/holz-bogenschiesen-pfeil-und-bogen\/"]}]},{"@type":"BreadcrumbList","@id":"https:\/\/woodinout.net\/de\/product\/holz-bogenschiesen-pfeil-und-bogen\/#breadcrumb","itemListElement":[{"@type":"ListItem","position":1,"name":"Home","item":"https:\/\/woodinout.net\/de\/"},{"@type":"ListItem","position":2,"name":"Shop","item":"https:\/\/woodinout.net\/shop\/"},{"@type":"ListItem","position":3,"name":"H\u00f6lzernes Bogenschie\u00dfen Spielzeug, Pfeil und Bogen"}]},{"@type":"WebSite","@id":"https:\/\/woodinout.net\/de\/#website","url":"https:\/\/woodinout.net\/de\/","name":"Woodinout \u00a9","description":"Wooden Montessori toys, gifts, home and events decor details","potentialAction":[{"@type":"SearchAction","target":{"@type":"EntryPoint","urlTemplate":"https:\/\/woodinout.net\/de\/?s={search_term_string}"},"query-input":"required name=search_term_string"}],"inLanguage":"de"}]}},"_links":{"self":[{"href":"https:\/\/woodinout.net\/de\/wp-json\/wp\/v2\/product\/21361"}],"collection":[{"href":"https:\/\/woodinout.net\/de\/wp-json\/wp\/v2\/product"}],"about":[{"href":"https:\/\/woodinout.net\/de\/wp-json\/wp\/v2\/types\/product"}],"wp:featuredmedia":[{"embeddable":true,"href":"https:\/\/woodinout.net\/de\/wp-json\/wp\/v2\/media\/17440"}],"wp:attachment":[{"href":"https:\/\/woodinout.net\/de\/wp-json\/wp\/v2\/media?parent=21361"}],"wp:term":[{"taxonomy":"product_cat","embeddable":true,"href":"https:\/\/woodinout.net\/de\/wp-json\/wp\/v2\/product_cat?post=21361"},{"taxonomy":"product_tag","embeddable":true,"href":"https:\/\/woodinout.net\/de\/wp-json\/wp\/v2\/product_tag?post=21361"}],"curies":[{"name":"wp","href":"https:\/\/api.w.org\/{rel}","templated":true}]}}