{"id":21358,"date":"2020-06-30T23:36:25","date_gmt":"2020-06-30T20:36:25","guid":{"rendered":"https:\/\/woodinout.net\/product\/kleine-holzkugeln\/"},"modified":"2022-04-28T11:14:23","modified_gmt":"2022-04-28T08:14:23","slug":"natur-holz-kugeln","status":"publish","type":"product","link":"https:\/\/woodinout.net\/de\/product\/natur-holz-kugeln\/","title":{"rendered":"Kleine Holzkugeln"},"content":{"rendered":"<p>Handgefertigte, umweltfreundliche, NAT\u00dcRLICHE kleine Holzkugeln &#8211; das ist eine Erg\u00e4nzung zu unseren Waldorf &amp; Montessori inspirierten Spielzeugen. Holzperlen sehen nicht nur stilvoll aus, sondern haben viele Zwecke: Zahlen lernen und mit Perlen z\u00e4hlen ist FUN &amp; EASY. K\u00f6nnten einfache Holzkugeln Lernspielzeug sein? Lernspiele? JA und Kinder werden nicht einmal bemerken, dass sie spielen und lernen. Spielen, anfassen, sortieren, z\u00e4hlen &#8211; nat\u00fcrliches Holz-Montessori-Spielzeug ist hier, um Sie f\u00fcr eine Weile zu besch\u00e4ftigen. Seien Sie frei, die B\u00e4lle separat zu verwenden oder sie mit unseren <a href=\"http:\/\/woodinout.net\/product-tag\/math-manipulatives\/\">umweltfreundlichen mathematischen Manipulationen zu kombinieren.<\/a><\/p>\n<p>Wir kreieren unsere Lernspiele &amp; Spielzeuge mit Liebe und Leidenschaft. Wir k\u00fcmmern uns um sie genauso wie um unsere Kunden, seien Sie herzlich eingeladen, uns eine Nachricht zu senden. Werden Sie Teil unserer Familie und verwirklichen Sie Ihren eigenen umweltfreundlichen Traum.<\/p>\n<div style=\"width: 1080px;\" class=\"wp-video\"><!--[if lt IE 9]><script>document.createElement('video');<\/script><![endif]-->\n<video class=\"wp-video-shortcode\" id=\"video-21358-1\" width=\"1080\" height=\"810\" preload=\"metadata\" controls=\"controls\"><source type=\"video\/mp4\" src=\"http:\/\/woodinout.net\/wp-content\/uploads\/2020\/06\/MEDINIS_8.mp4?_=1\" \/><a href=\"http:\/\/woodinout.net\/wp-content\/uploads\/2020\/06\/MEDINIS_8.mp4\">http:\/\/woodinout.net\/wp-content\/uploads\/2020\/06\/MEDINIS_8.mp4<\/a><\/video><\/div>\n<h3>DIMENSIONEN:<\/h3>\n<ul>\n<li>0,05 Zoll Durchmesser<\/li>\n<\/ul>\n<h3>FARBEN UND MATERIAL:<\/h3>\n<ul>\n<li>Farbe: natur, braun<\/li>\n<li>Spielzeug ist aus nat\u00fcrlichem HOLZ gefertigt.<\/li>\n<\/ul>\n<p>Bitte beachten Sie, dass die Farben aufgrund der Einstellungen und der Beleuchtung des Computermonitors variieren k\u00f6nnen.<\/p>\n<p>\u00a9 Woodinout. Alle Rechte vorbehalten.<\/p>\n","protected":false},"excerpt":{"rendered":"<p>Handgefertigte, umweltfreundliche, NAT\u00dcRLICHE kleine Holzkugeln &#8211; das ist eine Erg\u00e4nzung zu unseren Waldorf &amp; Montessori inspirierten Spielzeugen. Holzperlen sehen nicht nur stilvoll aus, sondern haben viele Zwecke: Zahlen lernen und mit Perlen z\u00e4hlen ist FUN &amp; EASY. K\u00f6nnten einfache Holzkugeln Lernspielzeug sein? Lernspiele? JA und Kinder werden nicht einmal bemerken, dass sie spielen und lernen. [&hellip;]<\/p>\n","protected":false},"featured_media":18384,"template":"","meta":{"_monsterinsights_skip_tracking":false,"_monsterinsights_sitenote_active":false,"_monsterinsights_sitenote_note":"","_monsterinsights_sitenote_category":0},"product_cat":[1355,1365,1362],"product_tag":[2111,2112,1358,1367,1368,1366,1361,1360,1371,1363],"yoast_head":"<!-- This site is optimized with the Yoast SEO plugin v22.1 - https:\/\/yoast.com\/wordpress\/plugins\/seo\/ -->\n<title>Kleine Holzkugeln - Woodinout \u00a9 Montessori Spielzeug<\/title>\n<meta name=\"description\" content=\"Handgefertigte, umweltfreundliche, NAT\u00dcRLICHE kleine Holzkugeln - das ist eine Erg\u00e4nzung zu unseren Waldorf &amp; Montessori inspirierten Spielzeugen. Z\u00e4hlen, sortieren, anfassen - Spielen!\" \/>\n<meta name=\"robots\" content=\"index, follow, max-snippet:-1, max-image-preview:large, max-video-preview:-1\" \/>\n<link rel=\"canonical\" href=\"https:\/\/woodinout.net\/de\/product\/natur-holz-kugeln\/\" \/>\n<meta property=\"og:locale\" content=\"de_DE\" \/>\n<meta property=\"og:type\" content=\"article\" \/>\n<meta property=\"og:title\" content=\"Kleine Holzkugeln - Woodinout \u00a9 Montessori Spielzeug\" \/>\n<meta property=\"og:description\" content=\"Handgefertigte, umweltfreundliche, NAT\u00dcRLICHE kleine Holzkugeln - das ist eine Erg\u00e4nzung zu unseren Waldorf &amp; Montessori inspirierten Spielzeugen. Z\u00e4hlen, sortieren, anfassen - Spielen!\" \/>\n<meta property=\"og:url\" content=\"https:\/\/woodinout.net\/de\/product\/natur-holz-kugeln\/\" \/>\n<meta property=\"og:site_name\" content=\"Woodinout \u00a9\" \/>\n<meta property=\"article:modified_time\" content=\"2022-04-28T08:14:23+00:00\" \/>\n<meta property=\"og:image\" content=\"https:\/\/woodinout.net\/wp-content\/uploads\/2020\/06\/Natural-Wooden-beads.jpg\" \/>\n\t<meta property=\"og:image:width\" content=\"853\" \/>\n\t<meta property=\"og:image:height\" content=\"1280\" \/>\n\t<meta property=\"og:image:type\" content=\"image\/jpeg\" \/>\n<meta name=\"twitter:card\" content=\"summary_large_image\" \/>\n<meta name=\"twitter:label1\" content=\"Gesch\u00e4tzte Lesezeit\" \/>\n\t<meta name=\"twitter:data1\" content=\"1\u00a0Minute\" \/>\n<script type=\"application\/ld+json\" class=\"yoast-schema-graph\">{\"@context\":\"https:\/\/schema.org\",\"@graph\":[{\"@type\":\"WebPage\",\"@id\":\"https:\/\/woodinout.net\/de\/product\/natur-holz-kugeln\/\",\"url\":\"https:\/\/woodinout.net\/de\/product\/natur-holz-kugeln\/\",\"name\":\"Kleine Holzkugeln - Woodinout \u00a9 Montessori Spielzeug\",\"isPartOf\":{\"@id\":\"https:\/\/woodinout.net\/de\/#website\"},\"datePublished\":\"2020-06-30T20:36:25+00:00\",\"dateModified\":\"2022-04-28T08:14:23+00:00\",\"description\":\"Handgefertigte, umweltfreundliche, NAT\u00dcRLICHE kleine Holzkugeln - das ist eine Erg\u00e4nzung zu unseren Waldorf & Montessori inspirierten Spielzeugen. Z\u00e4hlen, sortieren, anfassen - Spielen!\",\"breadcrumb\":{\"@id\":\"https:\/\/woodinout.net\/de\/product\/natur-holz-kugeln\/#breadcrumb\"},\"inLanguage\":\"de\",\"potentialAction\":[{\"@type\":\"ReadAction\",\"target\":[\"https:\/\/woodinout.net\/de\/product\/natur-holz-kugeln\/\"]}]},{\"@type\":\"BreadcrumbList\",\"@id\":\"https:\/\/woodinout.net\/de\/product\/natur-holz-kugeln\/#breadcrumb\",\"itemListElement\":[{\"@type\":\"ListItem\",\"position\":1,\"name\":\"Home\",\"item\":\"https:\/\/woodinout.net\/de\/\"},{\"@type\":\"ListItem\",\"position\":2,\"name\":\"Shop\",\"item\":\"https:\/\/woodinout.net\/shop\/\"},{\"@type\":\"ListItem\",\"position\":3,\"name\":\"Kleine Holzkugeln\"}]},{\"@type\":\"WebSite\",\"@id\":\"https:\/\/woodinout.net\/de\/#website\",\"url\":\"https:\/\/woodinout.net\/de\/\",\"name\":\"Woodinout \u00a9\",\"description\":\"Wooden Montessori toys, gifts, home and events decor details\",\"potentialAction\":[{\"@type\":\"SearchAction\",\"target\":{\"@type\":\"EntryPoint\",\"urlTemplate\":\"https:\/\/woodinout.net\/de\/?s={search_term_string}\"},\"query-input\":\"required name=search_term_string\"}],\"inLanguage\":\"de\"}]}<\/script>\n<!-- \/ Yoast SEO plugin. -->","yoast_head_json":{"title":"Kleine Holzkugeln - Woodinout \u00a9 Montessori Spielzeug","description":"Handgefertigte, umweltfreundliche, NAT\u00dcRLICHE kleine Holzkugeln - das ist eine Erg\u00e4nzung zu unseren Waldorf & Montessori inspirierten Spielzeugen. Z\u00e4hlen, sortieren, anfassen - Spielen!","robots":{"index":"index","follow":"follow","max-snippet":"max-snippet:-1","max-image-preview":"max-image-preview:large","max-video-preview":"max-video-preview:-1"},"canonical":"https:\/\/woodinout.net\/de\/product\/natur-holz-kugeln\/","og_locale":"de_DE","og_type":"article","og_title":"Kleine Holzkugeln - Woodinout \u00a9 Montessori Spielzeug","og_description":"Handgefertigte, umweltfreundliche, NAT\u00dcRLICHE kleine Holzkugeln - das ist eine Erg\u00e4nzung zu unseren Waldorf & Montessori inspirierten Spielzeugen. Z\u00e4hlen, sortieren, anfassen - Spielen!","og_url":"https:\/\/woodinout.net\/de\/product\/natur-holz-kugeln\/","og_site_name":"Woodinout \u00a9","article_modified_time":"2022-04-28T08:14:23+00:00","og_image":[{"width":853,"height":1280,"url":"https:\/\/woodinout.net\/wp-content\/uploads\/2020\/06\/Natural-Wooden-beads.jpg","type":"image\/jpeg"}],"twitter_card":"summary_large_image","twitter_misc":{"Gesch\u00e4tzte Lesezeit":"1\u00a0Minute"},"schema":{"@context":"https:\/\/schema.org","@graph":[{"@type":"WebPage","@id":"https:\/\/woodinout.net\/de\/product\/natur-holz-kugeln\/","url":"https:\/\/woodinout.net\/de\/product\/natur-holz-kugeln\/","name":"Kleine Holzkugeln - Woodinout \u00a9 Montessori Spielzeug","isPartOf":{"@id":"https:\/\/woodinout.net\/de\/#website"},"datePublished":"2020-06-30T20:36:25+00:00","dateModified":"2022-04-28T08:14:23+00:00","description":"Handgefertigte, umweltfreundliche, NAT\u00dcRLICHE kleine Holzkugeln - das ist eine Erg\u00e4nzung zu unseren Waldorf & Montessori inspirierten Spielzeugen. Z\u00e4hlen, sortieren, anfassen - Spielen!","breadcrumb":{"@id":"https:\/\/woodinout.net\/de\/product\/natur-holz-kugeln\/#breadcrumb"},"inLanguage":"de","potentialAction":[{"@type":"ReadAction","target":["https:\/\/woodinout.net\/de\/product\/natur-holz-kugeln\/"]}]},{"@type":"BreadcrumbList","@id":"https:\/\/woodinout.net\/de\/product\/natur-holz-kugeln\/#breadcrumb","itemListElement":[{"@type":"ListItem","position":1,"name":"Home","item":"https:\/\/woodinout.net\/de\/"},{"@type":"ListItem","position":2,"name":"Shop","item":"https:\/\/woodinout.net\/shop\/"},{"@type":"ListItem","position":3,"name":"Kleine Holzkugeln"}]},{"@type":"WebSite","@id":"https:\/\/woodinout.net\/de\/#website","url":"https:\/\/woodinout.net\/de\/","name":"Woodinout \u00a9","description":"Wooden Montessori toys, gifts, home and events decor details","potentialAction":[{"@type":"SearchAction","target":{"@type":"EntryPoint","urlTemplate":"https:\/\/woodinout.net\/de\/?s={search_term_string}"},"query-input":"required name=search_term_string"}],"inLanguage":"de"}]}},"_links":{"self":[{"href":"https:\/\/woodinout.net\/de\/wp-json\/wp\/v2\/product\/21358"}],"collection":[{"href":"https:\/\/woodinout.net\/de\/wp-json\/wp\/v2\/product"}],"about":[{"href":"https:\/\/woodinout.net\/de\/wp-json\/wp\/v2\/types\/product"}],"wp:featuredmedia":[{"embeddable":true,"href":"https:\/\/woodinout.net\/de\/wp-json\/wp\/v2\/media\/18384"}],"wp:attachment":[{"href":"https:\/\/woodinout.net\/de\/wp-json\/wp\/v2\/media?parent=21358"}],"wp:term":[{"taxonomy":"product_cat","embeddable":true,"href":"https:\/\/woodinout.net\/de\/wp-json\/wp\/v2\/product_cat?post=21358"},{"taxonomy":"product_tag","embeddable":true,"href":"https:\/\/woodinout.net\/de\/wp-json\/wp\/v2\/product_tag?post=21358"}],"curies":[{"name":"wp","href":"https:\/\/api.w.org\/{rel}","templated":true}]}}