{"id":21160,"date":"2020-06-30T23:00:01","date_gmt":"2020-06-30T20:00:01","guid":{"rendered":"https:\/\/woodinout.net\/product\/hammerspielzeug-aus-holz-mit-teig-zahlen\/"},"modified":"2022-04-22T12:29:05","modified_gmt":"2022-04-22T09:29:05","slug":"gravierter-hammer-mit-namen-holz-nummern-waldorf-holz-set","status":"publish","type":"product","link":"https:\/\/woodinout.net\/de\/product\/gravierter-hammer-mit-namen-holz-nummern-waldorf-holz-set\/","title":{"rendered":"Hammerspielzeug aus Holz mit Teig &amp; Zahlen"},"content":{"rendered":"<p>Dieses Waldorf-Holzset inklusive H\u00f6lzernem Hammerspielzeug mit eingraviertem Namen &amp; winzigen Zahlen auf Sternen ist ohne Zweifel unser Bestseller, wenn es um Jungenspielzeug geht. Unterhaltsame Art, Zahlen zu lernen und zu z\u00e4hlen. Lernspielzeug ist immer noch SPIELZEUG f\u00fcr Kinder. Mathegeschenke f\u00fcr Kinder werden von den Eltern immer gesch\u00e4tzt und mit einem personalisierten Hammer werden Sie das Herz jedes kleinen Jungen gewinnen! Montessori-Spielzeug ist das, was wir LIEBEN und wir garantieren Ihnen die beste Erfahrung.<\/p>\n<p>Kit enth\u00e4lt aus:<br \/>\nHauptbrett mit Spielteig<br \/>\n10 Holzsterne mit winzigen Zahlen<br \/>\n12 Holzstecker<br \/>\n1 Holzhammer<\/p>\n<p>ABMESSUNGEN DER PLATINE<br \/>\nL\u00e4nge: ~ 9 Zoll<br \/>\nH\u00f6he: ~ 2,4 Zoll<br \/>\nDicke: ~ 1,6 Zoll<\/p>\n<p>FARBEN UND MATERIAL<br \/>\nFarbe: natur oder braun ge\u00f6lt.<br \/>\nBoard ist aus NAT\u00dcRLICHEM MASSIVHOLZ gefertigt.<br \/>\nBitte beachten Sie, dass die Farben aufgrund der Einstellungen und der Beleuchtung des Computermonitors variieren k\u00f6nnen.<\/p>\n","protected":false},"excerpt":{"rendered":"<p>Dieses Waldorf-Holzset inklusive H\u00f6lzernem Hammerspielzeug mit eingraviertem Namen &amp; winzigen Zahlen auf Sternen ist ohne Zweifel unser Bestseller, wenn es um Jungenspielzeug geht. Unterhaltsame Art, Zahlen zu lernen und zu z\u00e4hlen. Lernspielzeug ist immer noch SPIELZEUG f\u00fcr Kinder. Mathegeschenke f\u00fcr Kinder werden von den Eltern immer gesch\u00e4tzt und mit einem personalisierten Hammer werden Sie das [&hellip;]<\/p>\n","protected":false},"featured_media":18304,"template":"","meta":{"_monsterinsights_skip_tracking":false,"_monsterinsights_sitenote_active":false,"_monsterinsights_sitenote_note":"","_monsterinsights_sitenote_category":0},"product_cat":[1355,1362],"product_tag":[1996,1997,1358,1998,1367,1368,1366,1361,1360,1363],"yoast_head":"<!-- This site is optimized with the Yoast SEO plugin v22.1 - https:\/\/yoast.com\/wordpress\/plugins\/seo\/ -->\n<title>Hammerspielzeug aus Holz mit Teig &amp; Zahlen - Woodinout \u00a9<\/title>\n<meta name=\"description\" content=\"H\u00f6lzernes Hammerspielzeug mit eingraviertem Namen und winzigen Zahlen auf Sternen ist zweifellos unser Bestseller, wenn es um Jungenspielzeug geht.\" \/>\n<meta name=\"robots\" content=\"index, follow, max-snippet:-1, max-image-preview:large, max-video-preview:-1\" \/>\n<link rel=\"canonical\" href=\"https:\/\/woodinout.net\/de\/product\/gravierter-hammer-mit-namen-holz-nummern-waldorf-holz-set\/\" \/>\n<meta property=\"og:locale\" content=\"de_DE\" \/>\n<meta property=\"og:type\" content=\"article\" \/>\n<meta property=\"og:title\" content=\"Hammerspielzeug aus Holz mit Teig &amp; Zahlen - Woodinout \u00a9\" \/>\n<meta property=\"og:description\" content=\"H\u00f6lzernes Hammerspielzeug mit eingraviertem Namen und winzigen Zahlen auf Sternen ist zweifellos unser Bestseller, wenn es um Jungenspielzeug geht.\" \/>\n<meta property=\"og:url\" content=\"https:\/\/woodinout.net\/de\/product\/gravierter-hammer-mit-namen-holz-nummern-waldorf-holz-set\/\" \/>\n<meta property=\"og:site_name\" content=\"Woodinout \u00a9\" \/>\n<meta property=\"article:modified_time\" content=\"2022-04-22T09:29:05+00:00\" \/>\n<meta property=\"og:image\" content=\"https:\/\/woodinout.net\/wp-content\/uploads\/2020\/06\/Engraved-hammer-with-name-wood-numbers-Waldorf-wood-set-1.jpg\" \/>\n\t<meta property=\"og:image:width\" content=\"853\" \/>\n\t<meta property=\"og:image:height\" content=\"1280\" \/>\n\t<meta property=\"og:image:type\" content=\"image\/jpeg\" \/>\n<meta name=\"twitter:card\" content=\"summary_large_image\" \/>\n<meta name=\"twitter:label1\" content=\"Gesch\u00e4tzte Lesezeit\" \/>\n\t<meta name=\"twitter:data1\" content=\"1\u00a0Minute\" \/>\n<script type=\"application\/ld+json\" class=\"yoast-schema-graph\">{\"@context\":\"https:\/\/schema.org\",\"@graph\":[{\"@type\":\"WebPage\",\"@id\":\"https:\/\/woodinout.net\/de\/product\/gravierter-hammer-mit-namen-holz-nummern-waldorf-holz-set\/\",\"url\":\"https:\/\/woodinout.net\/de\/product\/gravierter-hammer-mit-namen-holz-nummern-waldorf-holz-set\/\",\"name\":\"Hammerspielzeug aus Holz mit Teig &amp; Zahlen - Woodinout \u00a9\",\"isPartOf\":{\"@id\":\"https:\/\/woodinout.net\/de\/#website\"},\"datePublished\":\"2020-06-30T20:00:01+00:00\",\"dateModified\":\"2022-04-22T09:29:05+00:00\",\"description\":\"H\u00f6lzernes Hammerspielzeug mit eingraviertem Namen und winzigen Zahlen auf Sternen ist zweifellos unser Bestseller, wenn es um Jungenspielzeug geht.\",\"breadcrumb\":{\"@id\":\"https:\/\/woodinout.net\/de\/product\/gravierter-hammer-mit-namen-holz-nummern-waldorf-holz-set\/#breadcrumb\"},\"inLanguage\":\"de\",\"potentialAction\":[{\"@type\":\"ReadAction\",\"target\":[\"https:\/\/woodinout.net\/de\/product\/gravierter-hammer-mit-namen-holz-nummern-waldorf-holz-set\/\"]}]},{\"@type\":\"BreadcrumbList\",\"@id\":\"https:\/\/woodinout.net\/de\/product\/gravierter-hammer-mit-namen-holz-nummern-waldorf-holz-set\/#breadcrumb\",\"itemListElement\":[{\"@type\":\"ListItem\",\"position\":1,\"name\":\"Home\",\"item\":\"https:\/\/woodinout.net\/de\/\"},{\"@type\":\"ListItem\",\"position\":2,\"name\":\"Shop\",\"item\":\"https:\/\/woodinout.net\/shop\/\"},{\"@type\":\"ListItem\",\"position\":3,\"name\":\"Hammerspielzeug aus Holz mit Teig &amp; Zahlen\"}]},{\"@type\":\"WebSite\",\"@id\":\"https:\/\/woodinout.net\/de\/#website\",\"url\":\"https:\/\/woodinout.net\/de\/\",\"name\":\"Woodinout \u00a9\",\"description\":\"Wooden Montessori toys, gifts, home and events decor details\",\"potentialAction\":[{\"@type\":\"SearchAction\",\"target\":{\"@type\":\"EntryPoint\",\"urlTemplate\":\"https:\/\/woodinout.net\/de\/?s={search_term_string}\"},\"query-input\":\"required name=search_term_string\"}],\"inLanguage\":\"de\"}]}<\/script>\n<!-- \/ Yoast SEO plugin. -->","yoast_head_json":{"title":"Hammerspielzeug aus Holz mit Teig &amp; Zahlen - Woodinout \u00a9","description":"H\u00f6lzernes Hammerspielzeug mit eingraviertem Namen und winzigen Zahlen auf Sternen ist zweifellos unser Bestseller, wenn es um Jungenspielzeug geht.","robots":{"index":"index","follow":"follow","max-snippet":"max-snippet:-1","max-image-preview":"max-image-preview:large","max-video-preview":"max-video-preview:-1"},"canonical":"https:\/\/woodinout.net\/de\/product\/gravierter-hammer-mit-namen-holz-nummern-waldorf-holz-set\/","og_locale":"de_DE","og_type":"article","og_title":"Hammerspielzeug aus Holz mit Teig &amp; Zahlen - Woodinout \u00a9","og_description":"H\u00f6lzernes Hammerspielzeug mit eingraviertem Namen und winzigen Zahlen auf Sternen ist zweifellos unser Bestseller, wenn es um Jungenspielzeug geht.","og_url":"https:\/\/woodinout.net\/de\/product\/gravierter-hammer-mit-namen-holz-nummern-waldorf-holz-set\/","og_site_name":"Woodinout \u00a9","article_modified_time":"2022-04-22T09:29:05+00:00","og_image":[{"width":853,"height":1280,"url":"https:\/\/woodinout.net\/wp-content\/uploads\/2020\/06\/Engraved-hammer-with-name-wood-numbers-Waldorf-wood-set-1.jpg","type":"image\/jpeg"}],"twitter_card":"summary_large_image","twitter_misc":{"Gesch\u00e4tzte Lesezeit":"1\u00a0Minute"},"schema":{"@context":"https:\/\/schema.org","@graph":[{"@type":"WebPage","@id":"https:\/\/woodinout.net\/de\/product\/gravierter-hammer-mit-namen-holz-nummern-waldorf-holz-set\/","url":"https:\/\/woodinout.net\/de\/product\/gravierter-hammer-mit-namen-holz-nummern-waldorf-holz-set\/","name":"Hammerspielzeug aus Holz mit Teig &amp; Zahlen - Woodinout \u00a9","isPartOf":{"@id":"https:\/\/woodinout.net\/de\/#website"},"datePublished":"2020-06-30T20:00:01+00:00","dateModified":"2022-04-22T09:29:05+00:00","description":"H\u00f6lzernes Hammerspielzeug mit eingraviertem Namen und winzigen Zahlen auf Sternen ist zweifellos unser Bestseller, wenn es um Jungenspielzeug geht.","breadcrumb":{"@id":"https:\/\/woodinout.net\/de\/product\/gravierter-hammer-mit-namen-holz-nummern-waldorf-holz-set\/#breadcrumb"},"inLanguage":"de","potentialAction":[{"@type":"ReadAction","target":["https:\/\/woodinout.net\/de\/product\/gravierter-hammer-mit-namen-holz-nummern-waldorf-holz-set\/"]}]},{"@type":"BreadcrumbList","@id":"https:\/\/woodinout.net\/de\/product\/gravierter-hammer-mit-namen-holz-nummern-waldorf-holz-set\/#breadcrumb","itemListElement":[{"@type":"ListItem","position":1,"name":"Home","item":"https:\/\/woodinout.net\/de\/"},{"@type":"ListItem","position":2,"name":"Shop","item":"https:\/\/woodinout.net\/shop\/"},{"@type":"ListItem","position":3,"name":"Hammerspielzeug aus Holz mit Teig &amp; Zahlen"}]},{"@type":"WebSite","@id":"https:\/\/woodinout.net\/de\/#website","url":"https:\/\/woodinout.net\/de\/","name":"Woodinout \u00a9","description":"Wooden Montessori toys, gifts, home and events decor details","potentialAction":[{"@type":"SearchAction","target":{"@type":"EntryPoint","urlTemplate":"https:\/\/woodinout.net\/de\/?s={search_term_string}"},"query-input":"required name=search_term_string"}],"inLanguage":"de"}]}},"_links":{"self":[{"href":"https:\/\/woodinout.net\/de\/wp-json\/wp\/v2\/product\/21160"}],"collection":[{"href":"https:\/\/woodinout.net\/de\/wp-json\/wp\/v2\/product"}],"about":[{"href":"https:\/\/woodinout.net\/de\/wp-json\/wp\/v2\/types\/product"}],"wp:featuredmedia":[{"embeddable":true,"href":"https:\/\/woodinout.net\/de\/wp-json\/wp\/v2\/media\/18304"}],"wp:attachment":[{"href":"https:\/\/woodinout.net\/de\/wp-json\/wp\/v2\/media?parent=21160"}],"wp:term":[{"taxonomy":"product_cat","embeddable":true,"href":"https:\/\/woodinout.net\/de\/wp-json\/wp\/v2\/product_cat?post=21160"},{"taxonomy":"product_tag","embeddable":true,"href":"https:\/\/woodinout.net\/de\/wp-json\/wp\/v2\/product_tag?post=21160"}],"curies":[{"name":"wp","href":"https:\/\/api.w.org\/{rel}","templated":true}]}}