{"id":21137,"date":"2020-06-20T22:55:58","date_gmt":"2020-06-20T19:55:58","guid":{"rendered":"https:\/\/woodinout.net\/product\/holznummern\/"},"modified":"2022-04-22T14:05:29","modified_gmt":"2022-04-22T11:05:29","slug":"holz-zahlen-und-zahlen-lernspielzeug","status":"publish","type":"product","link":"https:\/\/woodinout.net\/de\/product\/holz-zahlen-und-zahlen-lernspielzeug\/","title":{"rendered":"Holznummern"},"content":{"rendered":"<p>Kleine Holznummern als Lernspielzeug sind das, was wir am besten k\u00f6nnen. Willst du Eltern gl\u00fccklich machen? Lernspielzeug als Holznummern sind tolle Geschenke f\u00fcr Kinder und werden von den Eltern sehr gesch\u00e4tzt. Unser Waldorf Kleinkinderspielzeug ist eine unterhaltsame Art, Zahlen und Z\u00e4hlen zu lernen. Diese Holznummern sind die Antwort auf n\u00fctzliche und wertvolle Babygeschenke. Montessori Babyspielzeug ist auch f\u00fcr den langfristigen Gebrauch bekannt, nach Kleinkindjahren k\u00f6nnte es stilvolle Montessori Mathematik Klassenzimmer Dekor in der Vorschule werden.<br \/>\nWeiteres Holzspielzeug finden Sie in unserem Shop: etsy.com\/shop\/woodinout<\/p>\n<p>Kit enth\u00e4lt aus:<br \/>\nZahlen von 1 bis 10<\/p>\n<p>Verbessert die motorischen F\u00e4higkeiten<\/p>\n<p>DIMENSIONEN<\/p>\n<p>Zahlen<br \/>\nH\u00f6he: ~ 2,7 Zoll<br \/>\nDicke: ~ 0,6 Zoll<\/p>\n<p>FARBEN UND MATERIAL<br \/>\nFarbe: dunkelbraun oder nat\u00fcrlich ge\u00f6lt.<br \/>\nDas Spielzeug besteht aus NAT\u00dcRLICHEM MASSIVHOLZ und umweltfreundlichen Farben \/ \u00d6len.<br \/>\nBitte beachten Sie, dass die Farben aufgrund der Einstellungen und der Beleuchtung des Computermonitors variieren k\u00f6nnen.<\/p>\n","protected":false},"excerpt":{"rendered":"<p>Kleine Holznummern als Lernspielzeug sind das, was wir am besten k\u00f6nnen. Willst du Eltern gl\u00fccklich machen? Lernspielzeug als Holznummern sind tolle Geschenke f\u00fcr Kinder und werden von den Eltern sehr gesch\u00e4tzt. Unser Waldorf Kleinkinderspielzeug ist eine unterhaltsame Art, Zahlen und Z\u00e4hlen zu lernen. Diese Holznummern sind die Antwort auf n\u00fctzliche und wertvolle Babygeschenke. Montessori Babyspielzeug [&hellip;]<\/p>\n","protected":false},"featured_media":17104,"template":"","meta":{"_monsterinsights_skip_tracking":false,"_monsterinsights_sitenote_active":false,"_monsterinsights_sitenote_note":"","_monsterinsights_sitenote_category":0},"product_cat":[1355,1362],"product_tag":[1358,1369,1367,1368,1988,1366,1361,1360,1386,1387,1373,1388,1363],"yoast_head":"<!-- This site is optimized with the Yoast SEO plugin v22.1 - https:\/\/yoast.com\/wordpress\/plugins\/seo\/ -->\n<title>Holznummern - Woodinout \u00a9 h\u00f6lzerne Montessori-Spielzeuge<\/title>\n<meta name=\"description\" content=\"Kleine Holznummern - bestes Montessori-Mathematerial f\u00fcr Kleinkinder und Vorschulkinder. Wertvolle Familienzeitgarantie.\" \/>\n<meta name=\"robots\" content=\"index, follow, max-snippet:-1, max-image-preview:large, max-video-preview:-1\" \/>\n<link rel=\"canonical\" href=\"https:\/\/woodinout.net\/de\/product\/holz-zahlen-und-zahlen-lernspielzeug\/\" \/>\n<meta property=\"og:locale\" content=\"de_DE\" \/>\n<meta property=\"og:type\" content=\"article\" \/>\n<meta property=\"og:title\" content=\"Holznummern - Woodinout \u00a9 h\u00f6lzerne Montessori-Spielzeuge\" \/>\n<meta property=\"og:description\" content=\"Kleine Holznummern - bestes Montessori-Mathematerial f\u00fcr Kleinkinder und Vorschulkinder. Wertvolle Familienzeitgarantie.\" \/>\n<meta property=\"og:url\" content=\"https:\/\/woodinout.net\/de\/product\/holz-zahlen-und-zahlen-lernspielzeug\/\" \/>\n<meta property=\"og:site_name\" content=\"Woodinout \u00a9\" \/>\n<meta property=\"article:modified_time\" content=\"2022-04-22T11:05:29+00:00\" \/>\n<meta property=\"og:image\" content=\"https:\/\/woodinout.net\/wp-content\/uploads\/2020\/06\/Wood-numbers-and-counting-learning-toys-1.jpg\" \/>\n\t<meta property=\"og:image:width\" content=\"853\" \/>\n\t<meta property=\"og:image:height\" content=\"1280\" \/>\n\t<meta property=\"og:image:type\" content=\"image\/jpeg\" \/>\n<meta name=\"twitter:card\" content=\"summary_large_image\" \/>\n<meta name=\"twitter:label1\" content=\"Gesch\u00e4tzte Lesezeit\" \/>\n\t<meta name=\"twitter:data1\" content=\"1\u00a0Minute\" \/>\n<script type=\"application\/ld+json\" class=\"yoast-schema-graph\">{\"@context\":\"https:\/\/schema.org\",\"@graph\":[{\"@type\":\"WebPage\",\"@id\":\"https:\/\/woodinout.net\/de\/product\/holz-zahlen-und-zahlen-lernspielzeug\/\",\"url\":\"https:\/\/woodinout.net\/de\/product\/holz-zahlen-und-zahlen-lernspielzeug\/\",\"name\":\"Holznummern - Woodinout \u00a9 h\u00f6lzerne Montessori-Spielzeuge\",\"isPartOf\":{\"@id\":\"https:\/\/woodinout.net\/de\/#website\"},\"datePublished\":\"2020-06-20T19:55:58+00:00\",\"dateModified\":\"2022-04-22T11:05:29+00:00\",\"description\":\"Kleine Holznummern - bestes Montessori-Mathematerial f\u00fcr Kleinkinder und Vorschulkinder. Wertvolle Familienzeitgarantie.\",\"breadcrumb\":{\"@id\":\"https:\/\/woodinout.net\/de\/product\/holz-zahlen-und-zahlen-lernspielzeug\/#breadcrumb\"},\"inLanguage\":\"de\",\"potentialAction\":[{\"@type\":\"ReadAction\",\"target\":[\"https:\/\/woodinout.net\/de\/product\/holz-zahlen-und-zahlen-lernspielzeug\/\"]}]},{\"@type\":\"BreadcrumbList\",\"@id\":\"https:\/\/woodinout.net\/de\/product\/holz-zahlen-und-zahlen-lernspielzeug\/#breadcrumb\",\"itemListElement\":[{\"@type\":\"ListItem\",\"position\":1,\"name\":\"Home\",\"item\":\"https:\/\/woodinout.net\/de\/\"},{\"@type\":\"ListItem\",\"position\":2,\"name\":\"Shop\",\"item\":\"https:\/\/woodinout.net\/shop\/\"},{\"@type\":\"ListItem\",\"position\":3,\"name\":\"Holznummern\"}]},{\"@type\":\"WebSite\",\"@id\":\"https:\/\/woodinout.net\/de\/#website\",\"url\":\"https:\/\/woodinout.net\/de\/\",\"name\":\"Woodinout \u00a9\",\"description\":\"Wooden Montessori toys, gifts, home and events decor details\",\"potentialAction\":[{\"@type\":\"SearchAction\",\"target\":{\"@type\":\"EntryPoint\",\"urlTemplate\":\"https:\/\/woodinout.net\/de\/?s={search_term_string}\"},\"query-input\":\"required name=search_term_string\"}],\"inLanguage\":\"de\"}]}<\/script>\n<!-- \/ Yoast SEO plugin. -->","yoast_head_json":{"title":"Holznummern - Woodinout \u00a9 h\u00f6lzerne Montessori-Spielzeuge","description":"Kleine Holznummern - bestes Montessori-Mathematerial f\u00fcr Kleinkinder und Vorschulkinder. Wertvolle Familienzeitgarantie.","robots":{"index":"index","follow":"follow","max-snippet":"max-snippet:-1","max-image-preview":"max-image-preview:large","max-video-preview":"max-video-preview:-1"},"canonical":"https:\/\/woodinout.net\/de\/product\/holz-zahlen-und-zahlen-lernspielzeug\/","og_locale":"de_DE","og_type":"article","og_title":"Holznummern - Woodinout \u00a9 h\u00f6lzerne Montessori-Spielzeuge","og_description":"Kleine Holznummern - bestes Montessori-Mathematerial f\u00fcr Kleinkinder und Vorschulkinder. Wertvolle Familienzeitgarantie.","og_url":"https:\/\/woodinout.net\/de\/product\/holz-zahlen-und-zahlen-lernspielzeug\/","og_site_name":"Woodinout \u00a9","article_modified_time":"2022-04-22T11:05:29+00:00","og_image":[{"width":853,"height":1280,"url":"https:\/\/woodinout.net\/wp-content\/uploads\/2020\/06\/Wood-numbers-and-counting-learning-toys-1.jpg","type":"image\/jpeg"}],"twitter_card":"summary_large_image","twitter_misc":{"Gesch\u00e4tzte Lesezeit":"1\u00a0Minute"},"schema":{"@context":"https:\/\/schema.org","@graph":[{"@type":"WebPage","@id":"https:\/\/woodinout.net\/de\/product\/holz-zahlen-und-zahlen-lernspielzeug\/","url":"https:\/\/woodinout.net\/de\/product\/holz-zahlen-und-zahlen-lernspielzeug\/","name":"Holznummern - Woodinout \u00a9 h\u00f6lzerne Montessori-Spielzeuge","isPartOf":{"@id":"https:\/\/woodinout.net\/de\/#website"},"datePublished":"2020-06-20T19:55:58+00:00","dateModified":"2022-04-22T11:05:29+00:00","description":"Kleine Holznummern - bestes Montessori-Mathematerial f\u00fcr Kleinkinder und Vorschulkinder. Wertvolle Familienzeitgarantie.","breadcrumb":{"@id":"https:\/\/woodinout.net\/de\/product\/holz-zahlen-und-zahlen-lernspielzeug\/#breadcrumb"},"inLanguage":"de","potentialAction":[{"@type":"ReadAction","target":["https:\/\/woodinout.net\/de\/product\/holz-zahlen-und-zahlen-lernspielzeug\/"]}]},{"@type":"BreadcrumbList","@id":"https:\/\/woodinout.net\/de\/product\/holz-zahlen-und-zahlen-lernspielzeug\/#breadcrumb","itemListElement":[{"@type":"ListItem","position":1,"name":"Home","item":"https:\/\/woodinout.net\/de\/"},{"@type":"ListItem","position":2,"name":"Shop","item":"https:\/\/woodinout.net\/shop\/"},{"@type":"ListItem","position":3,"name":"Holznummern"}]},{"@type":"WebSite","@id":"https:\/\/woodinout.net\/de\/#website","url":"https:\/\/woodinout.net\/de\/","name":"Woodinout \u00a9","description":"Wooden Montessori toys, gifts, home and events decor details","potentialAction":[{"@type":"SearchAction","target":{"@type":"EntryPoint","urlTemplate":"https:\/\/woodinout.net\/de\/?s={search_term_string}"},"query-input":"required name=search_term_string"}],"inLanguage":"de"}]}},"_links":{"self":[{"href":"https:\/\/woodinout.net\/de\/wp-json\/wp\/v2\/product\/21137"}],"collection":[{"href":"https:\/\/woodinout.net\/de\/wp-json\/wp\/v2\/product"}],"about":[{"href":"https:\/\/woodinout.net\/de\/wp-json\/wp\/v2\/types\/product"}],"wp:featuredmedia":[{"embeddable":true,"href":"https:\/\/woodinout.net\/de\/wp-json\/wp\/v2\/media\/17104"}],"wp:attachment":[{"href":"https:\/\/woodinout.net\/de\/wp-json\/wp\/v2\/media?parent=21137"}],"wp:term":[{"taxonomy":"product_cat","embeddable":true,"href":"https:\/\/woodinout.net\/de\/wp-json\/wp\/v2\/product_cat?post=21137"},{"taxonomy":"product_tag","embeddable":true,"href":"https:\/\/woodinout.net\/de\/wp-json\/wp\/v2\/product_tag?post=21137"}],"curies":[{"name":"wp","href":"https:\/\/api.w.org\/{rel}","templated":true}]}}