{"id":21136,"date":"2020-06-20T22:14:57","date_gmt":"2020-06-20T19:14:57","guid":{"rendered":"https:\/\/woodinout.net\/product\/hoelzernes-suchtafel-namensschild\/"},"modified":"2022-04-28T09:33:41","modified_gmt":"2022-04-28T06:33:41","slug":"holz-tracing-board-namensschild","status":"publish","type":"product","link":"https:\/\/woodinout.net\/de\/product\/holz-tracing-board-namensschild\/","title":{"rendered":"H\u00f6lzernes Suchtafel-Namensschild"},"content":{"rendered":"<p>Holz, das Ihr Namensschild nachzeichnet, ist ein einzigartiges personalisiertes Geschenk. Weltweit bekannte Waldorf- und Montessori-Spielzeuge sind eine einfache und unterhaltsame M\u00f6glichkeit, Kinder in der Vorschule zu lernen und zu erziehen. Dieses h\u00f6lzerne Namensschild mit der Idee, Buchstaben zu verfolgen, ist eine der niedlichen und lustigen M\u00f6glichkeiten, das Schreiben Ihres Namens zu lernen. Vertrau mir, Kinder lieben es. Keine Hunderte von Namensverfolgungsbl\u00e4ttern mehr erforderlich!<br \/>\nLernspielzeug ist in den Augen eines Kindes immer noch SPIELZEUG. Unsere handgefertigten Holzspielzeuge sind nicht nur so gemacht, dass sie Spa\u00df machen, sondern auch sehr gut aussehen. Daher k\u00f6nnte dieses personalisierte Geschenk stilvolle Kinderzimmereinrichtung sein &#8211; an der Wand h\u00e4ngend oder als Schreibtisch-Namensschild verwendet &#8211; nutzen Sie hier Ihre Fantasie.<\/p>\n<p>Holen Sie sich zus\u00e4tzlich alphabet letter tracing board, Sie finden es unter etsy.com\/shop\/woodinout<\/p>\n<p>Kit enth\u00e4lt aus:<br \/>\nTracing Board mit dem Namen<br \/>\nHolzstift<\/p>\n<p>Verbessert die motorischen F\u00e4higkeiten<br \/>\nWird versuchen, seinen Namen zu buchstabieren. Nat\u00fcrlich mit Ihrer Hilfe<\/p>\n<p>DIMENSIONEN<br \/>\nH\u00f6he &#8211; ~ 5 Zoll<br \/>\nPlatinendicke: ~ 0,6 Zoll<br \/>\nL\u00e4nge &#8211; abh\u00e4ngig von der Anzahl der Briefe<\/p>\n<p>FARBEN UND MATERIAL<br \/>\nHintergrund: dunkelbraun oder naturge\u00f6lt.<br \/>\nDas Spielzeug besteht aus NAT\u00dcRLICHEM MASSIVHOLZ und umweltfreundlichen Farben \/ \u00d6len.<br \/>\nBitte beachten Sie, dass die Farben aufgrund der Einstellungen und der Beleuchtung des Computermonitors variieren k\u00f6nnen.<\/p>\n","protected":false},"excerpt":{"rendered":"<p>Holz, das Ihr Namensschild nachzeichnet, ist ein einzigartiges personalisiertes Geschenk. Weltweit bekannte Waldorf- und Montessori-Spielzeuge sind eine einfache und unterhaltsame M\u00f6glichkeit, Kinder in der Vorschule zu lernen und zu erziehen. Dieses h\u00f6lzerne Namensschild mit der Idee, Buchstaben zu verfolgen, ist eine der niedlichen und lustigen M\u00f6glichkeiten, das Schreiben Ihres Namens zu lernen. Vertrau mir, Kinder [&hellip;]<\/p>\n","protected":false},"featured_media":16912,"template":"","meta":{"_monsterinsights_skip_tracking":false,"_monsterinsights_sitenote_active":false,"_monsterinsights_sitenote_note":"","_monsterinsights_sitenote_category":0},"product_cat":[1355,1405],"product_tag":[1358,1367,1368,1417,1366,1361,1360,1363,1416,1412,1413,1987,1418],"yoast_head":"<!-- This site is optimized with the Yoast SEO plugin v22.1 - https:\/\/yoast.com\/wordpress\/plugins\/seo\/ -->\n<title>H\u00f6lzernes Suchtafel-Namensschild - Woodinout \u00a9 Lernspielzeug<\/title>\n<meta name=\"description\" content=\"Personalisierte Nachzeichnung Ihres Namensschildes - keine Papierb\u00f6gen mehr - Verwenden Sie dieses Holzbrett so oft Sie m\u00f6chten.\" \/>\n<meta name=\"robots\" content=\"index, follow, max-snippet:-1, max-image-preview:large, max-video-preview:-1\" \/>\n<link rel=\"canonical\" href=\"https:\/\/woodinout.net\/de\/product\/holz-tracing-board-namensschild\/\" \/>\n<meta property=\"og:locale\" content=\"de_DE\" \/>\n<meta property=\"og:type\" content=\"article\" \/>\n<meta property=\"og:title\" content=\"H\u00f6lzernes Suchtafel-Namensschild - Woodinout \u00a9 Lernspielzeug\" \/>\n<meta property=\"og:description\" content=\"Personalisierte Nachzeichnung Ihres Namensschildes - keine Papierb\u00f6gen mehr - Verwenden Sie dieses Holzbrett so oft Sie m\u00f6chten.\" \/>\n<meta property=\"og:url\" content=\"https:\/\/woodinout.net\/de\/product\/holz-tracing-board-namensschild\/\" \/>\n<meta property=\"og:site_name\" content=\"Woodinout \u00a9\" \/>\n<meta property=\"article:modified_time\" content=\"2022-04-28T06:33:41+00:00\" \/>\n<meta property=\"og:image\" content=\"https:\/\/woodinout.net\/wp-content\/uploads\/2020\/06\/Wooden-Tracing-board-name-sign-2.jpg\" \/>\n\t<meta property=\"og:image:width\" content=\"580\" \/>\n\t<meta property=\"og:image:height\" content=\"768\" \/>\n\t<meta property=\"og:image:type\" content=\"image\/jpeg\" \/>\n<meta name=\"twitter:card\" content=\"summary_large_image\" \/>\n<meta name=\"twitter:label1\" content=\"Gesch\u00e4tzte Lesezeit\" \/>\n\t<meta name=\"twitter:data1\" content=\"1\u00a0Minute\" \/>\n<script type=\"application\/ld+json\" class=\"yoast-schema-graph\">{\"@context\":\"https:\/\/schema.org\",\"@graph\":[{\"@type\":\"WebPage\",\"@id\":\"https:\/\/woodinout.net\/de\/product\/holz-tracing-board-namensschild\/\",\"url\":\"https:\/\/woodinout.net\/de\/product\/holz-tracing-board-namensschild\/\",\"name\":\"H\u00f6lzernes Suchtafel-Namensschild - Woodinout \u00a9 Lernspielzeug\",\"isPartOf\":{\"@id\":\"https:\/\/woodinout.net\/de\/#website\"},\"datePublished\":\"2020-06-20T19:14:57+00:00\",\"dateModified\":\"2022-04-28T06:33:41+00:00\",\"description\":\"Personalisierte Nachzeichnung Ihres Namensschildes - keine Papierb\u00f6gen mehr - Verwenden Sie dieses Holzbrett so oft Sie m\u00f6chten.\",\"breadcrumb\":{\"@id\":\"https:\/\/woodinout.net\/de\/product\/holz-tracing-board-namensschild\/#breadcrumb\"},\"inLanguage\":\"de\",\"potentialAction\":[{\"@type\":\"ReadAction\",\"target\":[\"https:\/\/woodinout.net\/de\/product\/holz-tracing-board-namensschild\/\"]}]},{\"@type\":\"BreadcrumbList\",\"@id\":\"https:\/\/woodinout.net\/de\/product\/holz-tracing-board-namensschild\/#breadcrumb\",\"itemListElement\":[{\"@type\":\"ListItem\",\"position\":1,\"name\":\"Home\",\"item\":\"https:\/\/woodinout.net\/de\/\"},{\"@type\":\"ListItem\",\"position\":2,\"name\":\"Shop\",\"item\":\"https:\/\/woodinout.net\/shop\/\"},{\"@type\":\"ListItem\",\"position\":3,\"name\":\"H\u00f6lzernes Suchtafel-Namensschild\"}]},{\"@type\":\"WebSite\",\"@id\":\"https:\/\/woodinout.net\/de\/#website\",\"url\":\"https:\/\/woodinout.net\/de\/\",\"name\":\"Woodinout \u00a9\",\"description\":\"Wooden Montessori toys, gifts, home and events decor details\",\"potentialAction\":[{\"@type\":\"SearchAction\",\"target\":{\"@type\":\"EntryPoint\",\"urlTemplate\":\"https:\/\/woodinout.net\/de\/?s={search_term_string}\"},\"query-input\":\"required name=search_term_string\"}],\"inLanguage\":\"de\"}]}<\/script>\n<!-- \/ Yoast SEO plugin. -->","yoast_head_json":{"title":"H\u00f6lzernes Suchtafel-Namensschild - Woodinout \u00a9 Lernspielzeug","description":"Personalisierte Nachzeichnung Ihres Namensschildes - keine Papierb\u00f6gen mehr - Verwenden Sie dieses Holzbrett so oft Sie m\u00f6chten.","robots":{"index":"index","follow":"follow","max-snippet":"max-snippet:-1","max-image-preview":"max-image-preview:large","max-video-preview":"max-video-preview:-1"},"canonical":"https:\/\/woodinout.net\/de\/product\/holz-tracing-board-namensschild\/","og_locale":"de_DE","og_type":"article","og_title":"H\u00f6lzernes Suchtafel-Namensschild - Woodinout \u00a9 Lernspielzeug","og_description":"Personalisierte Nachzeichnung Ihres Namensschildes - keine Papierb\u00f6gen mehr - Verwenden Sie dieses Holzbrett so oft Sie m\u00f6chten.","og_url":"https:\/\/woodinout.net\/de\/product\/holz-tracing-board-namensschild\/","og_site_name":"Woodinout \u00a9","article_modified_time":"2022-04-28T06:33:41+00:00","og_image":[{"width":580,"height":768,"url":"https:\/\/woodinout.net\/wp-content\/uploads\/2020\/06\/Wooden-Tracing-board-name-sign-2.jpg","type":"image\/jpeg"}],"twitter_card":"summary_large_image","twitter_misc":{"Gesch\u00e4tzte Lesezeit":"1\u00a0Minute"},"schema":{"@context":"https:\/\/schema.org","@graph":[{"@type":"WebPage","@id":"https:\/\/woodinout.net\/de\/product\/holz-tracing-board-namensschild\/","url":"https:\/\/woodinout.net\/de\/product\/holz-tracing-board-namensschild\/","name":"H\u00f6lzernes Suchtafel-Namensschild - Woodinout \u00a9 Lernspielzeug","isPartOf":{"@id":"https:\/\/woodinout.net\/de\/#website"},"datePublished":"2020-06-20T19:14:57+00:00","dateModified":"2022-04-28T06:33:41+00:00","description":"Personalisierte Nachzeichnung Ihres Namensschildes - keine Papierb\u00f6gen mehr - Verwenden Sie dieses Holzbrett so oft Sie m\u00f6chten.","breadcrumb":{"@id":"https:\/\/woodinout.net\/de\/product\/holz-tracing-board-namensschild\/#breadcrumb"},"inLanguage":"de","potentialAction":[{"@type":"ReadAction","target":["https:\/\/woodinout.net\/de\/product\/holz-tracing-board-namensschild\/"]}]},{"@type":"BreadcrumbList","@id":"https:\/\/woodinout.net\/de\/product\/holz-tracing-board-namensschild\/#breadcrumb","itemListElement":[{"@type":"ListItem","position":1,"name":"Home","item":"https:\/\/woodinout.net\/de\/"},{"@type":"ListItem","position":2,"name":"Shop","item":"https:\/\/woodinout.net\/shop\/"},{"@type":"ListItem","position":3,"name":"H\u00f6lzernes Suchtafel-Namensschild"}]},{"@type":"WebSite","@id":"https:\/\/woodinout.net\/de\/#website","url":"https:\/\/woodinout.net\/de\/","name":"Woodinout \u00a9","description":"Wooden Montessori toys, gifts, home and events decor details","potentialAction":[{"@type":"SearchAction","target":{"@type":"EntryPoint","urlTemplate":"https:\/\/woodinout.net\/de\/?s={search_term_string}"},"query-input":"required name=search_term_string"}],"inLanguage":"de"}]}},"_links":{"self":[{"href":"https:\/\/woodinout.net\/de\/wp-json\/wp\/v2\/product\/21136"}],"collection":[{"href":"https:\/\/woodinout.net\/de\/wp-json\/wp\/v2\/product"}],"about":[{"href":"https:\/\/woodinout.net\/de\/wp-json\/wp\/v2\/types\/product"}],"wp:featuredmedia":[{"embeddable":true,"href":"https:\/\/woodinout.net\/de\/wp-json\/wp\/v2\/media\/16912"}],"wp:attachment":[{"href":"https:\/\/woodinout.net\/de\/wp-json\/wp\/v2\/media?parent=21136"}],"wp:term":[{"taxonomy":"product_cat","embeddable":true,"href":"https:\/\/woodinout.net\/de\/wp-json\/wp\/v2\/product_cat?post=21136"},{"taxonomy":"product_tag","embeddable":true,"href":"https:\/\/woodinout.net\/de\/wp-json\/wp\/v2\/product_tag?post=21136"}],"curies":[{"name":"wp","href":"https:\/\/api.w.org\/{rel}","templated":true}]}}