{"id":21135,"date":"2020-06-20T23:16:45","date_gmt":"2020-06-20T20:16:45","guid":{"rendered":"https:\/\/woodinout.net\/product\/7x7-geoboard-aus-holz\/"},"modified":"2020-06-20T23:16:45","modified_gmt":"2020-06-20T20:16:45","slug":"vorschule-geschenke-fur-kinder-7x7-holz-pegboard-geoboard","status":"publish","type":"product","link":"https:\/\/woodinout.net\/de\/product\/vorschule-geschenke-fur-kinder-7x7-holz-pegboard-geoboard\/","title":{"rendered":"7&#215;7 Geoboard aus Holz"},"content":{"rendered":"<p>H\u00f6lzernes Geoboard ist ein einzigartiges<a href=\"https:\/\/woodinout.net\/product-tag\/kids-gifts\/\"> P\u00e4dagogisches Geschenk<\/a>. Weltweit bekannte Montessori-Spielzeuge sind eine einfache und unterhaltsame M\u00f6glichkeit, Kinder im Kleinkindalter oder in der Vorschule zu lernen und zu erziehen. Dieses h\u00f6lzerne Stiftbrett ist eine der niedlichen und lustigen M\u00f6glichkeiten, Formen, Farben, Zahlen und so weiter zu lernen. Vertrau mir, Kinder lieben es. Sie k\u00f6nnen STUNDEN auf diesem wunderbaren Aktivit\u00e4tsbrett verbringen.<br \/>\nLernspielzeug ist in den Augen eines Kleinkindes immer noch SPIELZEUG. Unsere handgefertigten Holzspielzeuge sind nicht nur so gemacht, dass sie Spa\u00df machen, sondern auch sehr gut aussehen. Daher k\u00f6nnte dieses Nat\u00fcrliche Spielzeug stilvolle Kinderzimmereinrichtung sein &#8211; nutzen Sie hier einfach Ihre Fantasie.<\/p>\n<p>Kit enth\u00e4lt aus:<br \/>\nBrett mit 49 Heringen<br \/>\nBausatz aus bunten Gummib\u00e4ndern<\/p>\n<p>DIMENSIONEN<br \/>\nH\u00f6he: ~ 8,3 Zoll<br \/>\nL\u00e4nge: ~ 8,3 Zoll<br \/>\nDicke: ~ 1,6 Zoll<\/p>\n<p>FARBEN UND MATERIAL<br \/>\nFarbe: natur oder braun ge\u00f6lt.<br \/>\nSpielzeug ist aus NAT\u00dcRLICHEM MASSIVHOLZ gefertigt.<br \/>\nBitte beachten Sie, dass die Farben aufgrund der Einstellungen und der Beleuchtung des Computermonitors variieren k\u00f6nnen.<\/p>\n<p>Weitere Holzideen finden Sie auf unserem <a href=\"https:\/\/www.pinterest.com\/Woodinoutnet\/_created\/\">PINTEREST.<\/a><\/p>\n","protected":false},"excerpt":{"rendered":"<p>H\u00f6lzernes Geoboard ist ein einzigartiges P\u00e4dagogisches Geschenk. Weltweit bekannte Montessori-Spielzeuge sind eine einfache und unterhaltsame M\u00f6glichkeit, Kinder im Kleinkindalter oder in der Vorschule zu lernen und zu erziehen. Dieses h\u00f6lzerne Stiftbrett ist eine der niedlichen und lustigen M\u00f6glichkeiten, Formen, Farben, Zahlen und so weiter zu lernen. Vertrau mir, Kinder lieben es. Sie k\u00f6nnen STUNDEN auf [&hellip;]<\/p>\n","protected":false},"featured_media":17264,"template":"","meta":{"_monsterinsights_skip_tracking":false,"_monsterinsights_sitenote_active":false,"_monsterinsights_sitenote_note":"","_monsterinsights_sitenote_category":0},"product_cat":[1355,1357],"product_tag":[1376,1374,1358,1367,1368,1378,1366,1361,1360,1363],"yoast_head":"<!-- This site is optimized with the Yoast SEO plugin v22.1 - https:\/\/yoast.com\/wordpress\/plugins\/seo\/ -->\n<title>7x7 Geoboard aus Holz - Woodinout \u00a9 Montessori Spielzeug<\/title>\n<meta name=\"description\" content=\"Nat\u00fcrliches Holzspielzeug eignet sich am besten f\u00fcr fantasievolles und kreatives Spielen. Montessori inspiriertes Geoboard ist genau das! Kinder lernen auf unterhaltsame Weise.\" \/>\n<meta name=\"robots\" content=\"index, follow, max-snippet:-1, max-image-preview:large, max-video-preview:-1\" \/>\n<link rel=\"canonical\" href=\"https:\/\/woodinout.net\/de\/product\/vorschule-geschenke-fur-kinder-7x7-holz-pegboard-geoboard\/\" \/>\n<meta property=\"og:locale\" content=\"de_DE\" \/>\n<meta property=\"og:type\" content=\"article\" \/>\n<meta property=\"og:title\" content=\"7x7 Geoboard aus Holz - Woodinout \u00a9 Montessori Spielzeug\" \/>\n<meta property=\"og:description\" content=\"Nat\u00fcrliches Holzspielzeug eignet sich am besten f\u00fcr fantasievolles und kreatives Spielen. Montessori inspiriertes Geoboard ist genau das! Kinder lernen auf unterhaltsame Weise.\" \/>\n<meta property=\"og:url\" content=\"https:\/\/woodinout.net\/de\/product\/vorschule-geschenke-fur-kinder-7x7-holz-pegboard-geoboard\/\" \/>\n<meta property=\"og:site_name\" content=\"Woodinout \u00a9\" \/>\n<meta property=\"og:image\" content=\"https:\/\/woodinout.net\/wp-content\/uploads\/2020\/06\/wood-pegboard-7x7-1.jpg\" \/>\n\t<meta property=\"og:image:width\" content=\"853\" \/>\n\t<meta property=\"og:image:height\" content=\"1280\" \/>\n\t<meta property=\"og:image:type\" content=\"image\/jpeg\" \/>\n<meta name=\"twitter:card\" content=\"summary_large_image\" \/>\n<meta name=\"twitter:label1\" content=\"Gesch\u00e4tzte Lesezeit\" \/>\n\t<meta name=\"twitter:data1\" content=\"1\u00a0Minute\" \/>\n<script type=\"application\/ld+json\" class=\"yoast-schema-graph\">{\"@context\":\"https:\/\/schema.org\",\"@graph\":[{\"@type\":\"WebPage\",\"@id\":\"https:\/\/woodinout.net\/de\/product\/vorschule-geschenke-fur-kinder-7x7-holz-pegboard-geoboard\/\",\"url\":\"https:\/\/woodinout.net\/de\/product\/vorschule-geschenke-fur-kinder-7x7-holz-pegboard-geoboard\/\",\"name\":\"7x7 Geoboard aus Holz - Woodinout \u00a9 Montessori Spielzeug\",\"isPartOf\":{\"@id\":\"https:\/\/woodinout.net\/de\/#website\"},\"datePublished\":\"2020-06-20T20:16:45+00:00\",\"dateModified\":\"2020-06-20T20:16:45+00:00\",\"description\":\"Nat\u00fcrliches Holzspielzeug eignet sich am besten f\u00fcr fantasievolles und kreatives Spielen. Montessori inspiriertes Geoboard ist genau das! Kinder lernen auf unterhaltsame Weise.\",\"breadcrumb\":{\"@id\":\"https:\/\/woodinout.net\/de\/product\/vorschule-geschenke-fur-kinder-7x7-holz-pegboard-geoboard\/#breadcrumb\"},\"inLanguage\":\"de\",\"potentialAction\":[{\"@type\":\"ReadAction\",\"target\":[\"https:\/\/woodinout.net\/de\/product\/vorschule-geschenke-fur-kinder-7x7-holz-pegboard-geoboard\/\"]}]},{\"@type\":\"BreadcrumbList\",\"@id\":\"https:\/\/woodinout.net\/de\/product\/vorschule-geschenke-fur-kinder-7x7-holz-pegboard-geoboard\/#breadcrumb\",\"itemListElement\":[{\"@type\":\"ListItem\",\"position\":1,\"name\":\"Home\",\"item\":\"https:\/\/woodinout.net\/de\/\"},{\"@type\":\"ListItem\",\"position\":2,\"name\":\"Shop\",\"item\":\"https:\/\/woodinout.net\/shop\/\"},{\"@type\":\"ListItem\",\"position\":3,\"name\":\"7&#215;7 Geoboard aus Holz\"}]},{\"@type\":\"WebSite\",\"@id\":\"https:\/\/woodinout.net\/de\/#website\",\"url\":\"https:\/\/woodinout.net\/de\/\",\"name\":\"Woodinout \u00a9\",\"description\":\"Wooden Montessori toys, gifts, home and events decor details\",\"potentialAction\":[{\"@type\":\"SearchAction\",\"target\":{\"@type\":\"EntryPoint\",\"urlTemplate\":\"https:\/\/woodinout.net\/de\/?s={search_term_string}\"},\"query-input\":\"required name=search_term_string\"}],\"inLanguage\":\"de\"}]}<\/script>\n<!-- \/ Yoast SEO plugin. -->","yoast_head_json":{"title":"7x7 Geoboard aus Holz - Woodinout \u00a9 Montessori Spielzeug","description":"Nat\u00fcrliches Holzspielzeug eignet sich am besten f\u00fcr fantasievolles und kreatives Spielen. Montessori inspiriertes Geoboard ist genau das! Kinder lernen auf unterhaltsame Weise.","robots":{"index":"index","follow":"follow","max-snippet":"max-snippet:-1","max-image-preview":"max-image-preview:large","max-video-preview":"max-video-preview:-1"},"canonical":"https:\/\/woodinout.net\/de\/product\/vorschule-geschenke-fur-kinder-7x7-holz-pegboard-geoboard\/","og_locale":"de_DE","og_type":"article","og_title":"7x7 Geoboard aus Holz - Woodinout \u00a9 Montessori Spielzeug","og_description":"Nat\u00fcrliches Holzspielzeug eignet sich am besten f\u00fcr fantasievolles und kreatives Spielen. Montessori inspiriertes Geoboard ist genau das! Kinder lernen auf unterhaltsame Weise.","og_url":"https:\/\/woodinout.net\/de\/product\/vorschule-geschenke-fur-kinder-7x7-holz-pegboard-geoboard\/","og_site_name":"Woodinout \u00a9","og_image":[{"width":853,"height":1280,"url":"https:\/\/woodinout.net\/wp-content\/uploads\/2020\/06\/wood-pegboard-7x7-1.jpg","type":"image\/jpeg"}],"twitter_card":"summary_large_image","twitter_misc":{"Gesch\u00e4tzte Lesezeit":"1\u00a0Minute"},"schema":{"@context":"https:\/\/schema.org","@graph":[{"@type":"WebPage","@id":"https:\/\/woodinout.net\/de\/product\/vorschule-geschenke-fur-kinder-7x7-holz-pegboard-geoboard\/","url":"https:\/\/woodinout.net\/de\/product\/vorschule-geschenke-fur-kinder-7x7-holz-pegboard-geoboard\/","name":"7x7 Geoboard aus Holz - Woodinout \u00a9 Montessori Spielzeug","isPartOf":{"@id":"https:\/\/woodinout.net\/de\/#website"},"datePublished":"2020-06-20T20:16:45+00:00","dateModified":"2020-06-20T20:16:45+00:00","description":"Nat\u00fcrliches Holzspielzeug eignet sich am besten f\u00fcr fantasievolles und kreatives Spielen. Montessori inspiriertes Geoboard ist genau das! Kinder lernen auf unterhaltsame Weise.","breadcrumb":{"@id":"https:\/\/woodinout.net\/de\/product\/vorschule-geschenke-fur-kinder-7x7-holz-pegboard-geoboard\/#breadcrumb"},"inLanguage":"de","potentialAction":[{"@type":"ReadAction","target":["https:\/\/woodinout.net\/de\/product\/vorschule-geschenke-fur-kinder-7x7-holz-pegboard-geoboard\/"]}]},{"@type":"BreadcrumbList","@id":"https:\/\/woodinout.net\/de\/product\/vorschule-geschenke-fur-kinder-7x7-holz-pegboard-geoboard\/#breadcrumb","itemListElement":[{"@type":"ListItem","position":1,"name":"Home","item":"https:\/\/woodinout.net\/de\/"},{"@type":"ListItem","position":2,"name":"Shop","item":"https:\/\/woodinout.net\/shop\/"},{"@type":"ListItem","position":3,"name":"7&#215;7 Geoboard aus Holz"}]},{"@type":"WebSite","@id":"https:\/\/woodinout.net\/de\/#website","url":"https:\/\/woodinout.net\/de\/","name":"Woodinout \u00a9","description":"Wooden Montessori toys, gifts, home and events decor details","potentialAction":[{"@type":"SearchAction","target":{"@type":"EntryPoint","urlTemplate":"https:\/\/woodinout.net\/de\/?s={search_term_string}"},"query-input":"required name=search_term_string"}],"inLanguage":"de"}]}},"_links":{"self":[{"href":"https:\/\/woodinout.net\/de\/wp-json\/wp\/v2\/product\/21135"}],"collection":[{"href":"https:\/\/woodinout.net\/de\/wp-json\/wp\/v2\/product"}],"about":[{"href":"https:\/\/woodinout.net\/de\/wp-json\/wp\/v2\/types\/product"}],"wp:featuredmedia":[{"embeddable":true,"href":"https:\/\/woodinout.net\/de\/wp-json\/wp\/v2\/media\/17264"}],"wp:attachment":[{"href":"https:\/\/woodinout.net\/de\/wp-json\/wp\/v2\/media?parent=21135"}],"wp:term":[{"taxonomy":"product_cat","embeddable":true,"href":"https:\/\/woodinout.net\/de\/wp-json\/wp\/v2\/product_cat?post=21135"},{"taxonomy":"product_tag","embeddable":true,"href":"https:\/\/woodinout.net\/de\/wp-json\/wp\/v2\/product_tag?post=21135"}],"curies":[{"name":"wp","href":"https:\/\/api.w.org\/{rel}","templated":true}]}}