{"id":21134,"date":"2020-06-20T22:59:35","date_gmt":"2020-06-20T19:59:35","guid":{"rendered":"https:\/\/woodinout.net\/product\/holzformsortierer-puzzle\/"},"modified":"2022-04-06T09:03:32","modified_gmt":"2022-04-06T06:03:32","slug":"holz-form-sortierer","status":"publish","type":"product","link":"https:\/\/woodinout.net\/de\/product\/holz-form-sortierer\/","title":{"rendered":"Holzformsortierer &#8211; Puzzle"},"content":{"rendered":"<p>Holzformsortierer &#8211; wertvoll, von Eltern sehr gesch\u00e4tzt und stilvolles Babygeschenk! Montessori Babyspielzeug ist weltweit bekannt, dieser Babyformsortierer ist einer von ihnen.<br \/>\nSortierspielzeug aus Holz ist das beste Geschenk f\u00fcr die Entwicklung von Babys f\u00fcr Ihre Lieben. Wir machen dieses Holzpuzzle zu einem personalisierten Geschenk mit IHREM gew\u00fcnschten Text auf der R\u00fcckseite. Holzbl\u00f6cke sind so gut aussehend, passt zu jedem Stil Kinderzimmer Dekor. H\u00f6lzerne Lernspielzeuge sind das, was wir bei Woodinout am besten k\u00f6nnen, holen Sie sich diesen Holzformsortierer und treten Sie der Familie der gl\u00fccklichen Kunden bei!<\/p>\n<p>Wird die Feinmotorik verbessern;<br \/>\nWird Augenhandkoordination entwickeln;<br \/>\nBaby wird Formnamen lernen;<\/p>\n<p>Weitere Montessori-inspirierte Babygeschenke finden Sie <a href=\"https:\/\/woodinout.net\/product-category\/wooden-toys\/baby-toys\/\">HIER.<\/a><\/p>\n<p>Kit enth\u00e4lt aus:<br \/>\nSortierbrett f\u00fcr Holzform<br \/>\n9 Formen\/Holzkl\u00f6tze<\/p>\n<p>DIMENSIONEN<\/p>\n<p>Zahlen<br \/>\nH\u00f6he: ~ 6,7 Zoll<br \/>\nL\u00e4nge: ~ 7,9 Zoll<br \/>\nDicke: ~ 0,6 Zoll<\/p>\n<p>FARBEN UND MATERIAL<br \/>\nFarbe: dunkelbraun und nat\u00fcrlich ge\u00f6lt.<br \/>\nSpielzeug ist aus NAT\u00dcRLICHEM MASSIVHOLZ gefertigt.<br \/>\nBitte beachten Sie, dass die Farben aufgrund der Einstellungen und der Beleuchtung des Computermonitors variieren k\u00f6nnen.<\/p>\n<p>F\u00fcr weitere Ideen folgen Sie uns auf <a href=\"https:\/\/www.instagram.com\/woodinout\/\">INSTAGRAM<\/a> &amp; <a href=\"https:\/\/www.facebook.com\/Woodinout.net\">FACEBOOK<\/a><\/p>\n","protected":false},"excerpt":{"rendered":"<p>Holzformsortierer &#8211; wertvoll, von Eltern sehr gesch\u00e4tzt und stilvolles Babygeschenk! Montessori Babyspielzeug ist weltweit bekannt, dieser Babyformsortierer ist einer von ihnen. Sortierspielzeug aus Holz ist das beste Geschenk f\u00fcr die Entwicklung von Babys f\u00fcr Ihre Lieben. Wir machen dieses Holzpuzzle zu einem personalisierten Geschenk mit IHREM gew\u00fcnschten Text auf der R\u00fcckseite. Holzbl\u00f6cke sind so gut [&hellip;]<\/p>\n","protected":false},"featured_media":17128,"template":"","meta":{"_monsterinsights_skip_tracking":false,"_monsterinsights_sitenote_active":false,"_monsterinsights_sitenote_note":"","_monsterinsights_sitenote_category":0},"product_cat":[1407,1355,1406,1365],"product_tag":[1986,1380,1410,1985,1358,1367,1368,1366,1361,1360,1363,1983,1408],"yoast_head":"<!-- This site is optimized with the Yoast SEO plugin v22.1 - https:\/\/yoast.com\/wordpress\/plugins\/seo\/ -->\n<title>Holzformsortierer - Puzzle - Woodinout \u00a9 Montessori Spielzeug<\/title>\n<meta name=\"description\" content=\"Fr\u00fche Lernspielzeuge f\u00fcr Baby m\u00fcssen sein - nat\u00fcrlich und handgefertigt. Dieser Holzformsortierer - Puzzle ist genau das! Weltweiter Versand.\" \/>\n<meta name=\"robots\" content=\"index, follow, max-snippet:-1, max-image-preview:large, max-video-preview:-1\" \/>\n<link rel=\"canonical\" href=\"https:\/\/woodinout.net\/de\/product\/holz-form-sortierer\/\" \/>\n<meta property=\"og:locale\" content=\"de_DE\" \/>\n<meta property=\"og:type\" content=\"article\" \/>\n<meta property=\"og:title\" content=\"Holzformsortierer - Puzzle - Woodinout \u00a9 Montessori Spielzeug\" \/>\n<meta property=\"og:description\" content=\"Fr\u00fche Lernspielzeuge f\u00fcr Baby m\u00fcssen sein - nat\u00fcrlich und handgefertigt. Dieser Holzformsortierer - Puzzle ist genau das! Weltweiter Versand.\" \/>\n<meta property=\"og:url\" content=\"https:\/\/woodinout.net\/de\/product\/holz-form-sortierer\/\" \/>\n<meta property=\"og:site_name\" content=\"Woodinout \u00a9\" \/>\n<meta property=\"article:modified_time\" content=\"2022-04-06T06:03:32+00:00\" \/>\n<meta property=\"og:image\" content=\"https:\/\/woodinout.net\/wp-content\/uploads\/2020\/06\/Wood-shape-sorter-1.jpg\" \/>\n\t<meta property=\"og:image:width\" content=\"853\" \/>\n\t<meta property=\"og:image:height\" content=\"1280\" \/>\n\t<meta property=\"og:image:type\" content=\"image\/jpeg\" \/>\n<meta name=\"twitter:card\" content=\"summary_large_image\" \/>\n<meta name=\"twitter:label1\" content=\"Gesch\u00e4tzte Lesezeit\" \/>\n\t<meta name=\"twitter:data1\" content=\"1\u00a0Minute\" \/>\n<script type=\"application\/ld+json\" class=\"yoast-schema-graph\">{\"@context\":\"https:\/\/schema.org\",\"@graph\":[{\"@type\":\"WebPage\",\"@id\":\"https:\/\/woodinout.net\/de\/product\/holz-form-sortierer\/\",\"url\":\"https:\/\/woodinout.net\/de\/product\/holz-form-sortierer\/\",\"name\":\"Holzformsortierer - Puzzle - Woodinout \u00a9 Montessori Spielzeug\",\"isPartOf\":{\"@id\":\"https:\/\/woodinout.net\/de\/#website\"},\"datePublished\":\"2020-06-20T19:59:35+00:00\",\"dateModified\":\"2022-04-06T06:03:32+00:00\",\"description\":\"Fr\u00fche Lernspielzeuge f\u00fcr Baby m\u00fcssen sein - nat\u00fcrlich und handgefertigt. Dieser Holzformsortierer - Puzzle ist genau das! Weltweiter Versand.\",\"breadcrumb\":{\"@id\":\"https:\/\/woodinout.net\/de\/product\/holz-form-sortierer\/#breadcrumb\"},\"inLanguage\":\"de\",\"potentialAction\":[{\"@type\":\"ReadAction\",\"target\":[\"https:\/\/woodinout.net\/de\/product\/holz-form-sortierer\/\"]}]},{\"@type\":\"BreadcrumbList\",\"@id\":\"https:\/\/woodinout.net\/de\/product\/holz-form-sortierer\/#breadcrumb\",\"itemListElement\":[{\"@type\":\"ListItem\",\"position\":1,\"name\":\"Home\",\"item\":\"https:\/\/woodinout.net\/de\/\"},{\"@type\":\"ListItem\",\"position\":2,\"name\":\"Shop\",\"item\":\"https:\/\/woodinout.net\/shop\/\"},{\"@type\":\"ListItem\",\"position\":3,\"name\":\"Holzformsortierer &#8211; Puzzle\"}]},{\"@type\":\"WebSite\",\"@id\":\"https:\/\/woodinout.net\/de\/#website\",\"url\":\"https:\/\/woodinout.net\/de\/\",\"name\":\"Woodinout \u00a9\",\"description\":\"Wooden Montessori toys, gifts, home and events decor details\",\"potentialAction\":[{\"@type\":\"SearchAction\",\"target\":{\"@type\":\"EntryPoint\",\"urlTemplate\":\"https:\/\/woodinout.net\/de\/?s={search_term_string}\"},\"query-input\":\"required name=search_term_string\"}],\"inLanguage\":\"de\"}]}<\/script>\n<!-- \/ Yoast SEO plugin. -->","yoast_head_json":{"title":"Holzformsortierer - Puzzle - Woodinout \u00a9 Montessori Spielzeug","description":"Fr\u00fche Lernspielzeuge f\u00fcr Baby m\u00fcssen sein - nat\u00fcrlich und handgefertigt. Dieser Holzformsortierer - Puzzle ist genau das! Weltweiter Versand.","robots":{"index":"index","follow":"follow","max-snippet":"max-snippet:-1","max-image-preview":"max-image-preview:large","max-video-preview":"max-video-preview:-1"},"canonical":"https:\/\/woodinout.net\/de\/product\/holz-form-sortierer\/","og_locale":"de_DE","og_type":"article","og_title":"Holzformsortierer - Puzzle - Woodinout \u00a9 Montessori Spielzeug","og_description":"Fr\u00fche Lernspielzeuge f\u00fcr Baby m\u00fcssen sein - nat\u00fcrlich und handgefertigt. Dieser Holzformsortierer - Puzzle ist genau das! Weltweiter Versand.","og_url":"https:\/\/woodinout.net\/de\/product\/holz-form-sortierer\/","og_site_name":"Woodinout \u00a9","article_modified_time":"2022-04-06T06:03:32+00:00","og_image":[{"width":853,"height":1280,"url":"https:\/\/woodinout.net\/wp-content\/uploads\/2020\/06\/Wood-shape-sorter-1.jpg","type":"image\/jpeg"}],"twitter_card":"summary_large_image","twitter_misc":{"Gesch\u00e4tzte Lesezeit":"1\u00a0Minute"},"schema":{"@context":"https:\/\/schema.org","@graph":[{"@type":"WebPage","@id":"https:\/\/woodinout.net\/de\/product\/holz-form-sortierer\/","url":"https:\/\/woodinout.net\/de\/product\/holz-form-sortierer\/","name":"Holzformsortierer - Puzzle - Woodinout \u00a9 Montessori Spielzeug","isPartOf":{"@id":"https:\/\/woodinout.net\/de\/#website"},"datePublished":"2020-06-20T19:59:35+00:00","dateModified":"2022-04-06T06:03:32+00:00","description":"Fr\u00fche Lernspielzeuge f\u00fcr Baby m\u00fcssen sein - nat\u00fcrlich und handgefertigt. Dieser Holzformsortierer - Puzzle ist genau das! Weltweiter Versand.","breadcrumb":{"@id":"https:\/\/woodinout.net\/de\/product\/holz-form-sortierer\/#breadcrumb"},"inLanguage":"de","potentialAction":[{"@type":"ReadAction","target":["https:\/\/woodinout.net\/de\/product\/holz-form-sortierer\/"]}]},{"@type":"BreadcrumbList","@id":"https:\/\/woodinout.net\/de\/product\/holz-form-sortierer\/#breadcrumb","itemListElement":[{"@type":"ListItem","position":1,"name":"Home","item":"https:\/\/woodinout.net\/de\/"},{"@type":"ListItem","position":2,"name":"Shop","item":"https:\/\/woodinout.net\/shop\/"},{"@type":"ListItem","position":3,"name":"Holzformsortierer &#8211; Puzzle"}]},{"@type":"WebSite","@id":"https:\/\/woodinout.net\/de\/#website","url":"https:\/\/woodinout.net\/de\/","name":"Woodinout \u00a9","description":"Wooden Montessori toys, gifts, home and events decor details","potentialAction":[{"@type":"SearchAction","target":{"@type":"EntryPoint","urlTemplate":"https:\/\/woodinout.net\/de\/?s={search_term_string}"},"query-input":"required name=search_term_string"}],"inLanguage":"de"}]}},"_links":{"self":[{"href":"https:\/\/woodinout.net\/de\/wp-json\/wp\/v2\/product\/21134"}],"collection":[{"href":"https:\/\/woodinout.net\/de\/wp-json\/wp\/v2\/product"}],"about":[{"href":"https:\/\/woodinout.net\/de\/wp-json\/wp\/v2\/types\/product"}],"wp:featuredmedia":[{"embeddable":true,"href":"https:\/\/woodinout.net\/de\/wp-json\/wp\/v2\/media\/17128"}],"wp:attachment":[{"href":"https:\/\/woodinout.net\/de\/wp-json\/wp\/v2\/media?parent=21134"}],"wp:term":[{"taxonomy":"product_cat","embeddable":true,"href":"https:\/\/woodinout.net\/de\/wp-json\/wp\/v2\/product_cat?post=21134"},{"taxonomy":"product_tag","embeddable":true,"href":"https:\/\/woodinout.net\/de\/wp-json\/wp\/v2\/product_tag?post=21134"}],"curies":[{"name":"wp","href":"https:\/\/api.w.org\/{rel}","templated":true}]}}