{"id":21133,"date":"2020-06-20T22:42:00","date_gmt":"2020-06-20T19:42:00","guid":{"rendered":"https:\/\/woodinout.net\/product\/holzspuren-nummern-1-bis-10-brett\/"},"modified":"2020-06-20T22:42:00","modified_gmt":"2020-06-20T19:42:00","slug":"holz-tracing-board-mit-zahlen-und-zahlen","status":"publish","type":"product","link":"https:\/\/woodinout.net\/de\/product\/holz-tracing-board-mit-zahlen-und-zahlen\/","title":{"rendered":"Holzspuren Nummern 1 bis 10 Brett"},"content":{"rendered":"<p>Holzspurnummern 1 bis 10 Brett mit Zahlen und Z\u00e4hlung. Unsere Bildungstafeln sind eine unterhaltsame M\u00f6glichkeit, das Schreiben zu lernen. Das Aufsp\u00fcren von Holznummern ist eine einfache und unterhaltsame M\u00f6glichkeit, das Schreiben zu lernen. Inspiriert von Montessori-Mathematikmaterialien ist diese Tracing-Vorlage auch perfekt f\u00fcr unterwegs &#8211; KEIN Jammern mehr im Auto &#8211; Lernen unterwegs ist interessant. Um Eltern gl\u00fccklich zu machen, ist es das, was sie wirklich sch\u00e4tzen. Machen Sie es zu einem personalisierten Geschenk! &#8211; Wir werden Ihre gew\u00fcnschte Nachricht auf der R\u00fcckseite eingravieren. Waldorfspielzeug ist die Antwort auf n\u00fctzliche und wertvolle Kleinkindergeschenke. Weiteres Vorschulspielzeug aus Holz finden Sie in unserem Shop: etsy.com\/shop\/woodinout<\/p>\n<p>Kit enth\u00e4lt aus:<br \/>\nNummern-Tracing-Board<br \/>\nHolzstift<\/p>\n<p>Verbessert die motorischen F\u00e4higkeiten<\/p>\n<p>DIMENSIONEN<br \/>\nH\u00f6he: ~ 6 Zoll<br \/>\nL\u00e4nge: ~ 10 Zoll<br \/>\nPlatinendicke: ~ 0,6 Zoll<\/p>\n<p>FARBEN UND MATERIAL<br \/>\nHintergrund: dunkelbraun oder naturge\u00f6lt.<br \/>\nDas Spielzeug besteht aus NAT\u00dcRLICHEM MASSIVHOLZ und umweltfreundlichen Farben \/ \u00d6len.<br \/>\nBitte beachten Sie, dass die Farben aufgrund der Einstellungen und der Beleuchtung des Computermonitors variieren k\u00f6nnen.<\/p>\n","protected":false},"excerpt":{"rendered":"<p>Holzspurnummern 1 bis 10 Brett mit Zahlen und Z\u00e4hlung. Unsere Bildungstafeln sind eine unterhaltsame M\u00f6glichkeit, das Schreiben zu lernen. Das Aufsp\u00fcren von Holznummern ist eine einfache und unterhaltsame M\u00f6glichkeit, das Schreiben zu lernen. Inspiriert von Montessori-Mathematikmaterialien ist diese Tracing-Vorlage auch perfekt f\u00fcr unterwegs &#8211; KEIN Jammern mehr im Auto &#8211; Lernen unterwegs ist interessant. Um [&hellip;]<\/p>\n","protected":false},"featured_media":16968,"template":"","meta":{"_monsterinsights_skip_tracking":false,"_monsterinsights_sitenote_active":false,"_monsterinsights_sitenote_note":"","_monsterinsights_sitenote_category":0},"product_cat":[1355,1405,1362],"product_tag":[1982,1358,1367,1368,1366,1361,1360,1363,1984,1418],"yoast_head":"<!-- This site is optimized with the Yoast SEO plugin v22.1 - https:\/\/yoast.com\/wordpress\/plugins\/seo\/ -->\n<title>Holzspuren Nummern 1 bis 10 Brett - Woodinout \u00a9<\/title>\n<meta name=\"description\" content=\"Das Aufsp\u00fcren der Zahlen 1 bis 10 ist jetzt einfach - lustig - stilvoll. Wiederverwendbares Holzbrett mit r\u00fcckverfolgbaren Nummern - Handgefertigt und umweltfreundlich.\" \/>\n<meta name=\"robots\" content=\"index, follow, max-snippet:-1, max-image-preview:large, max-video-preview:-1\" \/>\n<link rel=\"canonical\" href=\"https:\/\/woodinout.net\/de\/product\/holz-tracing-board-mit-zahlen-und-zahlen\/\" \/>\n<meta property=\"og:locale\" content=\"de_DE\" \/>\n<meta property=\"og:type\" content=\"article\" \/>\n<meta property=\"og:title\" content=\"Holzspuren Nummern 1 bis 10 Brett - Woodinout \u00a9\" \/>\n<meta property=\"og:description\" content=\"Das Aufsp\u00fcren der Zahlen 1 bis 10 ist jetzt einfach - lustig - stilvoll. Wiederverwendbares Holzbrett mit r\u00fcckverfolgbaren Nummern - Handgefertigt und umweltfreundlich.\" \/>\n<meta property=\"og:url\" content=\"https:\/\/woodinout.net\/de\/product\/holz-tracing-board-mit-zahlen-und-zahlen\/\" \/>\n<meta property=\"og:site_name\" content=\"Woodinout \u00a9\" \/>\n<meta property=\"og:image\" content=\"https:\/\/woodinout.net\/wp-content\/uploads\/2020\/06\/Wooden-Tracing-board-with-numbers-and-counting-2.jpg\" \/>\n\t<meta property=\"og:image:width\" content=\"853\" \/>\n\t<meta property=\"og:image:height\" content=\"1280\" \/>\n\t<meta property=\"og:image:type\" content=\"image\/jpeg\" \/>\n<meta name=\"twitter:card\" content=\"summary_large_image\" \/>\n<meta name=\"twitter:label1\" content=\"Gesch\u00e4tzte Lesezeit\" \/>\n\t<meta name=\"twitter:data1\" content=\"1\u00a0Minute\" \/>\n<script type=\"application\/ld+json\" class=\"yoast-schema-graph\">{\"@context\":\"https:\/\/schema.org\",\"@graph\":[{\"@type\":\"WebPage\",\"@id\":\"https:\/\/woodinout.net\/de\/product\/holz-tracing-board-mit-zahlen-und-zahlen\/\",\"url\":\"https:\/\/woodinout.net\/de\/product\/holz-tracing-board-mit-zahlen-und-zahlen\/\",\"name\":\"Holzspuren Nummern 1 bis 10 Brett - Woodinout \u00a9\",\"isPartOf\":{\"@id\":\"https:\/\/woodinout.net\/de\/#website\"},\"datePublished\":\"2020-06-20T19:42:00+00:00\",\"dateModified\":\"2020-06-20T19:42:00+00:00\",\"description\":\"Das Aufsp\u00fcren der Zahlen 1 bis 10 ist jetzt einfach - lustig - stilvoll. Wiederverwendbares Holzbrett mit r\u00fcckverfolgbaren Nummern - Handgefertigt und umweltfreundlich.\",\"breadcrumb\":{\"@id\":\"https:\/\/woodinout.net\/de\/product\/holz-tracing-board-mit-zahlen-und-zahlen\/#breadcrumb\"},\"inLanguage\":\"de\",\"potentialAction\":[{\"@type\":\"ReadAction\",\"target\":[\"https:\/\/woodinout.net\/de\/product\/holz-tracing-board-mit-zahlen-und-zahlen\/\"]}]},{\"@type\":\"BreadcrumbList\",\"@id\":\"https:\/\/woodinout.net\/de\/product\/holz-tracing-board-mit-zahlen-und-zahlen\/#breadcrumb\",\"itemListElement\":[{\"@type\":\"ListItem\",\"position\":1,\"name\":\"Home\",\"item\":\"https:\/\/woodinout.net\/de\/\"},{\"@type\":\"ListItem\",\"position\":2,\"name\":\"Shop\",\"item\":\"https:\/\/woodinout.net\/shop\/\"},{\"@type\":\"ListItem\",\"position\":3,\"name\":\"Holzspuren Nummern 1 bis 10 Brett\"}]},{\"@type\":\"WebSite\",\"@id\":\"https:\/\/woodinout.net\/de\/#website\",\"url\":\"https:\/\/woodinout.net\/de\/\",\"name\":\"Woodinout \u00a9\",\"description\":\"Wooden Montessori toys, gifts, home and events decor details\",\"potentialAction\":[{\"@type\":\"SearchAction\",\"target\":{\"@type\":\"EntryPoint\",\"urlTemplate\":\"https:\/\/woodinout.net\/de\/?s={search_term_string}\"},\"query-input\":\"required name=search_term_string\"}],\"inLanguage\":\"de\"}]}<\/script>\n<!-- \/ Yoast SEO plugin. -->","yoast_head_json":{"title":"Holzspuren Nummern 1 bis 10 Brett - Woodinout \u00a9","description":"Das Aufsp\u00fcren der Zahlen 1 bis 10 ist jetzt einfach - lustig - stilvoll. Wiederverwendbares Holzbrett mit r\u00fcckverfolgbaren Nummern - Handgefertigt und umweltfreundlich.","robots":{"index":"index","follow":"follow","max-snippet":"max-snippet:-1","max-image-preview":"max-image-preview:large","max-video-preview":"max-video-preview:-1"},"canonical":"https:\/\/woodinout.net\/de\/product\/holz-tracing-board-mit-zahlen-und-zahlen\/","og_locale":"de_DE","og_type":"article","og_title":"Holzspuren Nummern 1 bis 10 Brett - Woodinout \u00a9","og_description":"Das Aufsp\u00fcren der Zahlen 1 bis 10 ist jetzt einfach - lustig - stilvoll. Wiederverwendbares Holzbrett mit r\u00fcckverfolgbaren Nummern - Handgefertigt und umweltfreundlich.","og_url":"https:\/\/woodinout.net\/de\/product\/holz-tracing-board-mit-zahlen-und-zahlen\/","og_site_name":"Woodinout \u00a9","og_image":[{"width":853,"height":1280,"url":"https:\/\/woodinout.net\/wp-content\/uploads\/2020\/06\/Wooden-Tracing-board-with-numbers-and-counting-2.jpg","type":"image\/jpeg"}],"twitter_card":"summary_large_image","twitter_misc":{"Gesch\u00e4tzte Lesezeit":"1\u00a0Minute"},"schema":{"@context":"https:\/\/schema.org","@graph":[{"@type":"WebPage","@id":"https:\/\/woodinout.net\/de\/product\/holz-tracing-board-mit-zahlen-und-zahlen\/","url":"https:\/\/woodinout.net\/de\/product\/holz-tracing-board-mit-zahlen-und-zahlen\/","name":"Holzspuren Nummern 1 bis 10 Brett - Woodinout \u00a9","isPartOf":{"@id":"https:\/\/woodinout.net\/de\/#website"},"datePublished":"2020-06-20T19:42:00+00:00","dateModified":"2020-06-20T19:42:00+00:00","description":"Das Aufsp\u00fcren der Zahlen 1 bis 10 ist jetzt einfach - lustig - stilvoll. Wiederverwendbares Holzbrett mit r\u00fcckverfolgbaren Nummern - Handgefertigt und umweltfreundlich.","breadcrumb":{"@id":"https:\/\/woodinout.net\/de\/product\/holz-tracing-board-mit-zahlen-und-zahlen\/#breadcrumb"},"inLanguage":"de","potentialAction":[{"@type":"ReadAction","target":["https:\/\/woodinout.net\/de\/product\/holz-tracing-board-mit-zahlen-und-zahlen\/"]}]},{"@type":"BreadcrumbList","@id":"https:\/\/woodinout.net\/de\/product\/holz-tracing-board-mit-zahlen-und-zahlen\/#breadcrumb","itemListElement":[{"@type":"ListItem","position":1,"name":"Home","item":"https:\/\/woodinout.net\/de\/"},{"@type":"ListItem","position":2,"name":"Shop","item":"https:\/\/woodinout.net\/shop\/"},{"@type":"ListItem","position":3,"name":"Holzspuren Nummern 1 bis 10 Brett"}]},{"@type":"WebSite","@id":"https:\/\/woodinout.net\/de\/#website","url":"https:\/\/woodinout.net\/de\/","name":"Woodinout \u00a9","description":"Wooden Montessori toys, gifts, home and events decor details","potentialAction":[{"@type":"SearchAction","target":{"@type":"EntryPoint","urlTemplate":"https:\/\/woodinout.net\/de\/?s={search_term_string}"},"query-input":"required name=search_term_string"}],"inLanguage":"de"}]}},"_links":{"self":[{"href":"https:\/\/woodinout.net\/de\/wp-json\/wp\/v2\/product\/21133"}],"collection":[{"href":"https:\/\/woodinout.net\/de\/wp-json\/wp\/v2\/product"}],"about":[{"href":"https:\/\/woodinout.net\/de\/wp-json\/wp\/v2\/types\/product"}],"wp:featuredmedia":[{"embeddable":true,"href":"https:\/\/woodinout.net\/de\/wp-json\/wp\/v2\/media\/16968"}],"wp:attachment":[{"href":"https:\/\/woodinout.net\/de\/wp-json\/wp\/v2\/media?parent=21133"}],"wp:term":[{"taxonomy":"product_cat","embeddable":true,"href":"https:\/\/woodinout.net\/de\/wp-json\/wp\/v2\/product_cat?post=21133"},{"taxonomy":"product_tag","embeddable":true,"href":"https:\/\/woodinout.net\/de\/wp-json\/wp\/v2\/product_tag?post=21133"}],"curies":[{"name":"wp","href":"https:\/\/api.w.org\/{rel}","templated":true}]}}