{"id":21131,"date":"2020-06-20T23:23:11","date_gmt":"2020-06-20T20:23:11","guid":{"rendered":"https:\/\/woodinout.net\/product\/1-10-math-manipulatives-board\/"},"modified":"2022-04-22T12:36:07","modified_gmt":"2022-04-22T09:36:07","slug":"montessori-math-manipulatives","status":"publish","type":"product","link":"https:\/\/woodinout.net\/de\/product\/montessori-math-manipulatives\/","title":{"rendered":"1-10 Math Manipulatives Board"},"content":{"rendered":"<p>Montessori-Mathe-Manipulative, die entwickelt wurden, um es Kindern zu erleichtern, Zahlen zu lernen und 1 -10 zu z\u00e4hlen. Lernspielzeug ist immer noch SPIELZEUG f\u00fcr Kinder, und Waldorfspielzeug ist die besten Homeschool-Helfer. Holznummern eingraviert auf der Unterseite und auf ihnen haben wir sch\u00f6ne Orte, um h\u00f6lzerne Zahlenperlen zu setzen.<br \/>\nKit enth\u00e4lt aus:<br \/>\nH\u00f6lzernes Z\u00e4hltablett<br \/>\n60 Stk. von Z\u00e4hlperlen (0,05 Zoll Durchmesser)<br \/>\nHolzstift<\/p>\n<p>Wir haben mehr Geschenke f\u00fcr Kinder in der Vorschule, \u00fcberpr\u00fcfen Sie unseren Shop bei etsy.com\/shop\/woodinout<\/p>\n<p>DIMENSIONEN<br \/>\nH\u00f6he: ~ 7,9 Zoll<br \/>\nL\u00e4nge: ~ 13 Zoll<br \/>\nDicke: ~ 0,6 Zoll<\/p>\n<p>FARBEN UND MATERIAL<br \/>\nFarbe: natur oder braun ge\u00f6lt.<br \/>\nSpielzeug ist aus NAT\u00dcRLICHEM MASSIVHOLZ gefertigt.<br \/>\nBitte beachten Sie, dass die Farben aufgrund der Einstellungen und der Beleuchtung des Computermonitors variieren k\u00f6nnen.<\/p>\n","protected":false},"excerpt":{"rendered":"<p>Montessori-Mathe-Manipulative, die entwickelt wurden, um es Kindern zu erleichtern, Zahlen zu lernen und 1 -10 zu z\u00e4hlen. Lernspielzeug ist immer noch SPIELZEUG f\u00fcr Kinder, und Waldorfspielzeug ist die besten Homeschool-Helfer. Holznummern eingraviert auf der Unterseite und auf ihnen haben wir sch\u00f6ne Orte, um h\u00f6lzerne Zahlenperlen zu setzen. Kit enth\u00e4lt aus: H\u00f6lzernes Z\u00e4hltablett 60 Stk. von [&hellip;]<\/p>\n","protected":false},"featured_media":17288,"template":"","meta":{"_monsterinsights_skip_tracking":false,"_monsterinsights_sitenote_active":false,"_monsterinsights_sitenote_note":"","_monsterinsights_sitenote_category":0},"product_cat":[1355,1362],"product_tag":[1966,1358,1367,1368,1366,1361,1360,1386,1387,1371,1388,1363,1981,1980],"yoast_head":"<!-- This site is optimized with the Yoast SEO plugin v22.1 - https:\/\/yoast.com\/wordpress\/plugins\/seo\/ -->\n<title>1-10 Math Manipulatives Board - Woodinout \u00a9 Montessori Spielzeug<\/title>\n<meta name=\"description\" content=\"Ten Frame Board, handgefertigt aus Holz, ist eine Antwort auf unterhaltsames Mathe-Lernen. Montessori-Mathe-Manipulative, die als Spielzeug f\u00fcr die unterhaltsame Bildung von Kindern entwickelt wurden.\" \/>\n<meta name=\"robots\" content=\"index, follow, max-snippet:-1, max-image-preview:large, max-video-preview:-1\" \/>\n<link rel=\"canonical\" href=\"https:\/\/woodinout.net\/de\/product\/montessori-math-manipulatives\/\" \/>\n<meta property=\"og:locale\" content=\"de_DE\" \/>\n<meta property=\"og:type\" content=\"article\" \/>\n<meta property=\"og:title\" content=\"1-10 Math Manipulatives Board - Woodinout \u00a9 Montessori Spielzeug\" \/>\n<meta property=\"og:description\" content=\"Ten Frame Board, handgefertigt aus Holz, ist eine Antwort auf unterhaltsames Mathe-Lernen. Montessori-Mathe-Manipulative, die als Spielzeug f\u00fcr die unterhaltsame Bildung von Kindern entwickelt wurden.\" \/>\n<meta property=\"og:url\" content=\"https:\/\/woodinout.net\/de\/product\/montessori-math-manipulatives\/\" \/>\n<meta property=\"og:site_name\" content=\"Woodinout \u00a9\" \/>\n<meta property=\"article:modified_time\" content=\"2022-04-22T09:36:07+00:00\" \/>\n<meta property=\"og:image\" content=\"https:\/\/woodinout.net\/wp-content\/uploads\/2020\/06\/Montessori-math-manipulatives-1.jpg\" \/>\n\t<meta property=\"og:image:width\" content=\"853\" \/>\n\t<meta property=\"og:image:height\" content=\"1280\" \/>\n\t<meta property=\"og:image:type\" content=\"image\/jpeg\" \/>\n<meta name=\"twitter:card\" content=\"summary_large_image\" \/>\n<meta name=\"twitter:label1\" content=\"Gesch\u00e4tzte Lesezeit\" \/>\n\t<meta name=\"twitter:data1\" content=\"1\u00a0Minute\" \/>\n<script type=\"application\/ld+json\" class=\"yoast-schema-graph\">{\"@context\":\"https:\/\/schema.org\",\"@graph\":[{\"@type\":\"WebPage\",\"@id\":\"https:\/\/woodinout.net\/de\/product\/montessori-math-manipulatives\/\",\"url\":\"https:\/\/woodinout.net\/de\/product\/montessori-math-manipulatives\/\",\"name\":\"1-10 Math Manipulatives Board - Woodinout \u00a9 Montessori Spielzeug\",\"isPartOf\":{\"@id\":\"https:\/\/woodinout.net\/de\/#website\"},\"datePublished\":\"2020-06-20T20:23:11+00:00\",\"dateModified\":\"2022-04-22T09:36:07+00:00\",\"description\":\"Ten Frame Board, handgefertigt aus Holz, ist eine Antwort auf unterhaltsames Mathe-Lernen. Montessori-Mathe-Manipulative, die als Spielzeug f\u00fcr die unterhaltsame Bildung von Kindern entwickelt wurden.\",\"breadcrumb\":{\"@id\":\"https:\/\/woodinout.net\/de\/product\/montessori-math-manipulatives\/#breadcrumb\"},\"inLanguage\":\"de\",\"potentialAction\":[{\"@type\":\"ReadAction\",\"target\":[\"https:\/\/woodinout.net\/de\/product\/montessori-math-manipulatives\/\"]}]},{\"@type\":\"BreadcrumbList\",\"@id\":\"https:\/\/woodinout.net\/de\/product\/montessori-math-manipulatives\/#breadcrumb\",\"itemListElement\":[{\"@type\":\"ListItem\",\"position\":1,\"name\":\"Home\",\"item\":\"https:\/\/woodinout.net\/de\/\"},{\"@type\":\"ListItem\",\"position\":2,\"name\":\"Shop\",\"item\":\"https:\/\/woodinout.net\/shop\/\"},{\"@type\":\"ListItem\",\"position\":3,\"name\":\"1-10 Math Manipulatives Board\"}]},{\"@type\":\"WebSite\",\"@id\":\"https:\/\/woodinout.net\/de\/#website\",\"url\":\"https:\/\/woodinout.net\/de\/\",\"name\":\"Woodinout \u00a9\",\"description\":\"Wooden Montessori toys, gifts, home and events decor details\",\"potentialAction\":[{\"@type\":\"SearchAction\",\"target\":{\"@type\":\"EntryPoint\",\"urlTemplate\":\"https:\/\/woodinout.net\/de\/?s={search_term_string}\"},\"query-input\":\"required name=search_term_string\"}],\"inLanguage\":\"de\"}]}<\/script>\n<!-- \/ Yoast SEO plugin. -->","yoast_head_json":{"title":"1-10 Math Manipulatives Board - Woodinout \u00a9 Montessori Spielzeug","description":"Ten Frame Board, handgefertigt aus Holz, ist eine Antwort auf unterhaltsames Mathe-Lernen. Montessori-Mathe-Manipulative, die als Spielzeug f\u00fcr die unterhaltsame Bildung von Kindern entwickelt wurden.","robots":{"index":"index","follow":"follow","max-snippet":"max-snippet:-1","max-image-preview":"max-image-preview:large","max-video-preview":"max-video-preview:-1"},"canonical":"https:\/\/woodinout.net\/de\/product\/montessori-math-manipulatives\/","og_locale":"de_DE","og_type":"article","og_title":"1-10 Math Manipulatives Board - Woodinout \u00a9 Montessori Spielzeug","og_description":"Ten Frame Board, handgefertigt aus Holz, ist eine Antwort auf unterhaltsames Mathe-Lernen. Montessori-Mathe-Manipulative, die als Spielzeug f\u00fcr die unterhaltsame Bildung von Kindern entwickelt wurden.","og_url":"https:\/\/woodinout.net\/de\/product\/montessori-math-manipulatives\/","og_site_name":"Woodinout \u00a9","article_modified_time":"2022-04-22T09:36:07+00:00","og_image":[{"width":853,"height":1280,"url":"https:\/\/woodinout.net\/wp-content\/uploads\/2020\/06\/Montessori-math-manipulatives-1.jpg","type":"image\/jpeg"}],"twitter_card":"summary_large_image","twitter_misc":{"Gesch\u00e4tzte Lesezeit":"1\u00a0Minute"},"schema":{"@context":"https:\/\/schema.org","@graph":[{"@type":"WebPage","@id":"https:\/\/woodinout.net\/de\/product\/montessori-math-manipulatives\/","url":"https:\/\/woodinout.net\/de\/product\/montessori-math-manipulatives\/","name":"1-10 Math Manipulatives Board - Woodinout \u00a9 Montessori Spielzeug","isPartOf":{"@id":"https:\/\/woodinout.net\/de\/#website"},"datePublished":"2020-06-20T20:23:11+00:00","dateModified":"2022-04-22T09:36:07+00:00","description":"Ten Frame Board, handgefertigt aus Holz, ist eine Antwort auf unterhaltsames Mathe-Lernen. Montessori-Mathe-Manipulative, die als Spielzeug f\u00fcr die unterhaltsame Bildung von Kindern entwickelt wurden.","breadcrumb":{"@id":"https:\/\/woodinout.net\/de\/product\/montessori-math-manipulatives\/#breadcrumb"},"inLanguage":"de","potentialAction":[{"@type":"ReadAction","target":["https:\/\/woodinout.net\/de\/product\/montessori-math-manipulatives\/"]}]},{"@type":"BreadcrumbList","@id":"https:\/\/woodinout.net\/de\/product\/montessori-math-manipulatives\/#breadcrumb","itemListElement":[{"@type":"ListItem","position":1,"name":"Home","item":"https:\/\/woodinout.net\/de\/"},{"@type":"ListItem","position":2,"name":"Shop","item":"https:\/\/woodinout.net\/shop\/"},{"@type":"ListItem","position":3,"name":"1-10 Math Manipulatives Board"}]},{"@type":"WebSite","@id":"https:\/\/woodinout.net\/de\/#website","url":"https:\/\/woodinout.net\/de\/","name":"Woodinout \u00a9","description":"Wooden Montessori toys, gifts, home and events decor details","potentialAction":[{"@type":"SearchAction","target":{"@type":"EntryPoint","urlTemplate":"https:\/\/woodinout.net\/de\/?s={search_term_string}"},"query-input":"required name=search_term_string"}],"inLanguage":"de"}]}},"_links":{"self":[{"href":"https:\/\/woodinout.net\/de\/wp-json\/wp\/v2\/product\/21131"}],"collection":[{"href":"https:\/\/woodinout.net\/de\/wp-json\/wp\/v2\/product"}],"about":[{"href":"https:\/\/woodinout.net\/de\/wp-json\/wp\/v2\/types\/product"}],"wp:featuredmedia":[{"embeddable":true,"href":"https:\/\/woodinout.net\/de\/wp-json\/wp\/v2\/media\/17288"}],"wp:attachment":[{"href":"https:\/\/woodinout.net\/de\/wp-json\/wp\/v2\/media?parent=21131"}],"wp:term":[{"taxonomy":"product_cat","embeddable":true,"href":"https:\/\/woodinout.net\/de\/wp-json\/wp\/v2\/product_cat?post=21131"},{"taxonomy":"product_tag","embeddable":true,"href":"https:\/\/woodinout.net\/de\/wp-json\/wp\/v2\/product_tag?post=21131"}],"curies":[{"name":"wp","href":"https:\/\/api.w.org\/{rel}","templated":true}]}}