{"id":21130,"date":"2020-06-20T22:45:52","date_gmt":"2020-06-20T19:45:52","guid":{"rendered":"https:\/\/woodinout.net\/product\/holz-solaranlage-spielzeug\/"},"modified":"2022-04-28T11:28:00","modified_gmt":"2022-04-28T08:28:00","slug":"holz-solaranlage","status":"publish","type":"product","link":"https:\/\/woodinout.net\/de\/product\/holz-solaranlage\/","title":{"rendered":"Holz-Solaranlage Spielzeug"},"content":{"rendered":"<p>H\u00f6lzernes Solarsystemspielzeug f\u00fcr Kinder ist ein wertvolles Geschenk, das von den Eltern gesch\u00e4tzt wird und stilvoll ist! Montessori Spielzeug ist weltweit bekannt, dieses Holzplanetenmodell ist eines davon.<br \/>\nSonnensystemspielzeug ist das beste <a href=\"https:\/\/woodinout.net\/product-category\/wooden-toys\/science-nature-toys\/\">Wissenschaftsgeschenk<\/a> f\u00fcr Liebhaber des Universums. Wir machen dieses h\u00f6lzerne Sonnensystem zu einem personalisierten Geschenk mit IHREM gew\u00fcnschten Text auf der R\u00fcckseite eingraviert. Das h\u00f6lzerne Planetenmodell sieht so gut aus, passt zu jedem Stil Kinderzimmerdekor. Holzspielzeug &#8211; Lernspielzeug &#8211; Montessori-Spielzeug &#8211; das ist es, was wir bei Woodinout am besten k\u00f6nnen, holen Sie sich dieses individuelle Puzzle mit Solaranlage und schlie\u00dfen Sie sich der Familie der gl\u00fccklichen Kunden an!<\/p>\n<p>Kit enth\u00e4lt aus:<br \/>\nH\u00f6lzerne Solaranlage Board<br \/>\n11 Formen\/Planeten<\/p>\n<p>Verbessert die motorischen F\u00e4higkeiten<\/p>\n<p>DIMENSIONEN<br \/>\nL\u00e4nge: ~ 19,7 Zoll<br \/>\nH\u00f6he: ~ 4,3 Zoll<br \/>\nDicke: ~ 0,6 Zoll<\/p>\n<p>FARBEN UND MATERIAL<br \/>\nFarbe: nat\u00fcrlich ge\u00f6lt.<br \/>\nDas Spielzeug besteht aus NAT\u00dcRLICHEM MASSIVHOLZ und Sperrholz.<br \/>\nBitte beachten Sie, dass die Farben aufgrund der Einstellungen und der Beleuchtung des Computermonitors variieren k\u00f6nnen.<\/p>\n<p>F\u00fcr weitere Ideen folgen Sie uns auf <a href=\"https:\/\/www.instagram.com\/woodinout\/\">INSTAGRAM<\/a> &amp; <a href=\"https:\/\/www.facebook.com\/Woodinout.net\">FACEBOOK<\/a><\/p>\n","protected":false},"excerpt":{"rendered":"<p>H\u00f6lzernes Solarsystemspielzeug f\u00fcr Kinder ist ein wertvolles Geschenk, das von den Eltern gesch\u00e4tzt wird und stilvoll ist! Montessori Spielzeug ist weltweit bekannt, dieses Holzplanetenmodell ist eines davon. Sonnensystemspielzeug ist das beste Wissenschaftsgeschenk f\u00fcr Liebhaber des Universums. Wir machen dieses h\u00f6lzerne Sonnensystem zu einem personalisierten Geschenk mit IHREM gew\u00fcnschten Text auf der R\u00fcckseite eingraviert. Das h\u00f6lzerne [&hellip;]<\/p>\n","protected":false},"featured_media":16992,"template":"","meta":{"_monsterinsights_skip_tracking":false,"_monsterinsights_sitenote_active":false,"_monsterinsights_sitenote_note":"","_monsterinsights_sitenote_category":0},"product_cat":[1355,1356],"product_tag":[1358,1367,1368,1366,1361,1360,1363,1974,1975,1978,1976,1971],"yoast_head":"<!-- This site is optimized with the Yoast SEO plugin v22.1 - https:\/\/yoast.com\/wordpress\/plugins\/seo\/ -->\n<title>Holz-Solaranlage Spielzeug - Woodinout \u00a9 Lernspielzeug<\/title>\n<meta name=\"description\" content=\"Lernen Sie Wissenschaft auf stilvolle und nat\u00fcrliche Weise. Montessori inspiriertes Holz-Solarsystem-Spielzeug ist das beste p\u00e4dagogische Kindergeschenk. Individualisierung m\u00f6glich!\" \/>\n<meta name=\"robots\" content=\"index, follow, max-snippet:-1, max-image-preview:large, max-video-preview:-1\" \/>\n<link rel=\"canonical\" href=\"https:\/\/woodinout.net\/de\/product\/holz-solaranlage\/\" \/>\n<meta property=\"og:locale\" content=\"de_DE\" \/>\n<meta property=\"og:type\" content=\"article\" \/>\n<meta property=\"og:title\" content=\"Holz-Solaranlage Spielzeug - Woodinout \u00a9 Lernspielzeug\" \/>\n<meta property=\"og:description\" content=\"Lernen Sie Wissenschaft auf stilvolle und nat\u00fcrliche Weise. Montessori inspiriertes Holz-Solarsystem-Spielzeug ist das beste p\u00e4dagogische Kindergeschenk. Individualisierung m\u00f6glich!\" \/>\n<meta property=\"og:url\" content=\"https:\/\/woodinout.net\/de\/product\/holz-solaranlage\/\" \/>\n<meta property=\"og:site_name\" content=\"Woodinout \u00a9\" \/>\n<meta property=\"article:modified_time\" content=\"2022-04-28T08:28:00+00:00\" \/>\n<meta property=\"og:image\" content=\"https:\/\/woodinout.net\/wp-content\/uploads\/2020\/06\/Wooden-solar-system-1.jpg\" \/>\n\t<meta property=\"og:image:width\" content=\"853\" \/>\n\t<meta property=\"og:image:height\" content=\"1280\" \/>\n\t<meta property=\"og:image:type\" content=\"image\/jpeg\" \/>\n<meta name=\"twitter:card\" content=\"summary_large_image\" \/>\n<meta name=\"twitter:label1\" content=\"Gesch\u00e4tzte Lesezeit\" \/>\n\t<meta name=\"twitter:data1\" content=\"1\u00a0Minute\" \/>\n<script type=\"application\/ld+json\" class=\"yoast-schema-graph\">{\"@context\":\"https:\/\/schema.org\",\"@graph\":[{\"@type\":\"WebPage\",\"@id\":\"https:\/\/woodinout.net\/de\/product\/holz-solaranlage\/\",\"url\":\"https:\/\/woodinout.net\/de\/product\/holz-solaranlage\/\",\"name\":\"Holz-Solaranlage Spielzeug - Woodinout \u00a9 Lernspielzeug\",\"isPartOf\":{\"@id\":\"https:\/\/woodinout.net\/de\/#website\"},\"datePublished\":\"2020-06-20T19:45:52+00:00\",\"dateModified\":\"2022-04-28T08:28:00+00:00\",\"description\":\"Lernen Sie Wissenschaft auf stilvolle und nat\u00fcrliche Weise. Montessori inspiriertes Holz-Solarsystem-Spielzeug ist das beste p\u00e4dagogische Kindergeschenk. Individualisierung m\u00f6glich!\",\"breadcrumb\":{\"@id\":\"https:\/\/woodinout.net\/de\/product\/holz-solaranlage\/#breadcrumb\"},\"inLanguage\":\"de\",\"potentialAction\":[{\"@type\":\"ReadAction\",\"target\":[\"https:\/\/woodinout.net\/de\/product\/holz-solaranlage\/\"]}]},{\"@type\":\"BreadcrumbList\",\"@id\":\"https:\/\/woodinout.net\/de\/product\/holz-solaranlage\/#breadcrumb\",\"itemListElement\":[{\"@type\":\"ListItem\",\"position\":1,\"name\":\"Home\",\"item\":\"https:\/\/woodinout.net\/de\/\"},{\"@type\":\"ListItem\",\"position\":2,\"name\":\"Shop\",\"item\":\"https:\/\/woodinout.net\/shop\/\"},{\"@type\":\"ListItem\",\"position\":3,\"name\":\"Holz-Solaranlage Spielzeug\"}]},{\"@type\":\"WebSite\",\"@id\":\"https:\/\/woodinout.net\/de\/#website\",\"url\":\"https:\/\/woodinout.net\/de\/\",\"name\":\"Woodinout \u00a9\",\"description\":\"Wooden Montessori toys, gifts, home and events decor details\",\"potentialAction\":[{\"@type\":\"SearchAction\",\"target\":{\"@type\":\"EntryPoint\",\"urlTemplate\":\"https:\/\/woodinout.net\/de\/?s={search_term_string}\"},\"query-input\":\"required name=search_term_string\"}],\"inLanguage\":\"de\"}]}<\/script>\n<!-- \/ Yoast SEO plugin. -->","yoast_head_json":{"title":"Holz-Solaranlage Spielzeug - Woodinout \u00a9 Lernspielzeug","description":"Lernen Sie Wissenschaft auf stilvolle und nat\u00fcrliche Weise. Montessori inspiriertes Holz-Solarsystem-Spielzeug ist das beste p\u00e4dagogische Kindergeschenk. Individualisierung m\u00f6glich!","robots":{"index":"index","follow":"follow","max-snippet":"max-snippet:-1","max-image-preview":"max-image-preview:large","max-video-preview":"max-video-preview:-1"},"canonical":"https:\/\/woodinout.net\/de\/product\/holz-solaranlage\/","og_locale":"de_DE","og_type":"article","og_title":"Holz-Solaranlage Spielzeug - Woodinout \u00a9 Lernspielzeug","og_description":"Lernen Sie Wissenschaft auf stilvolle und nat\u00fcrliche Weise. Montessori inspiriertes Holz-Solarsystem-Spielzeug ist das beste p\u00e4dagogische Kindergeschenk. Individualisierung m\u00f6glich!","og_url":"https:\/\/woodinout.net\/de\/product\/holz-solaranlage\/","og_site_name":"Woodinout \u00a9","article_modified_time":"2022-04-28T08:28:00+00:00","og_image":[{"width":853,"height":1280,"url":"https:\/\/woodinout.net\/wp-content\/uploads\/2020\/06\/Wooden-solar-system-1.jpg","type":"image\/jpeg"}],"twitter_card":"summary_large_image","twitter_misc":{"Gesch\u00e4tzte Lesezeit":"1\u00a0Minute"},"schema":{"@context":"https:\/\/schema.org","@graph":[{"@type":"WebPage","@id":"https:\/\/woodinout.net\/de\/product\/holz-solaranlage\/","url":"https:\/\/woodinout.net\/de\/product\/holz-solaranlage\/","name":"Holz-Solaranlage Spielzeug - Woodinout \u00a9 Lernspielzeug","isPartOf":{"@id":"https:\/\/woodinout.net\/de\/#website"},"datePublished":"2020-06-20T19:45:52+00:00","dateModified":"2022-04-28T08:28:00+00:00","description":"Lernen Sie Wissenschaft auf stilvolle und nat\u00fcrliche Weise. Montessori inspiriertes Holz-Solarsystem-Spielzeug ist das beste p\u00e4dagogische Kindergeschenk. Individualisierung m\u00f6glich!","breadcrumb":{"@id":"https:\/\/woodinout.net\/de\/product\/holz-solaranlage\/#breadcrumb"},"inLanguage":"de","potentialAction":[{"@type":"ReadAction","target":["https:\/\/woodinout.net\/de\/product\/holz-solaranlage\/"]}]},{"@type":"BreadcrumbList","@id":"https:\/\/woodinout.net\/de\/product\/holz-solaranlage\/#breadcrumb","itemListElement":[{"@type":"ListItem","position":1,"name":"Home","item":"https:\/\/woodinout.net\/de\/"},{"@type":"ListItem","position":2,"name":"Shop","item":"https:\/\/woodinout.net\/shop\/"},{"@type":"ListItem","position":3,"name":"Holz-Solaranlage Spielzeug"}]},{"@type":"WebSite","@id":"https:\/\/woodinout.net\/de\/#website","url":"https:\/\/woodinout.net\/de\/","name":"Woodinout \u00a9","description":"Wooden Montessori toys, gifts, home and events decor details","potentialAction":[{"@type":"SearchAction","target":{"@type":"EntryPoint","urlTemplate":"https:\/\/woodinout.net\/de\/?s={search_term_string}"},"query-input":"required name=search_term_string"}],"inLanguage":"de"}]}},"_links":{"self":[{"href":"https:\/\/woodinout.net\/de\/wp-json\/wp\/v2\/product\/21130"}],"collection":[{"href":"https:\/\/woodinout.net\/de\/wp-json\/wp\/v2\/product"}],"about":[{"href":"https:\/\/woodinout.net\/de\/wp-json\/wp\/v2\/types\/product"}],"wp:featuredmedia":[{"embeddable":true,"href":"https:\/\/woodinout.net\/de\/wp-json\/wp\/v2\/media\/16992"}],"wp:attachment":[{"href":"https:\/\/woodinout.net\/de\/wp-json\/wp\/v2\/media?parent=21130"}],"wp:term":[{"taxonomy":"product_cat","embeddable":true,"href":"https:\/\/woodinout.net\/de\/wp-json\/wp\/v2\/product_cat?post=21130"},{"taxonomy":"product_tag","embeddable":true,"href":"https:\/\/woodinout.net\/de\/wp-json\/wp\/v2\/product_tag?post=21130"}],"curies":[{"name":"wp","href":"https:\/\/api.w.org\/{rel}","templated":true}]}}