{"id":21125,"date":"2020-06-20T23:04:00","date_gmt":"2020-06-20T20:04:00","guid":{"rendered":"https:\/\/woodinout.net\/product\/hoelzernes-dj-tracing-shapes-board\/"},"modified":"2022-04-06T08:57:43","modified_gmt":"2022-04-06T05:57:43","slug":"holz-tracing-board","status":"publish","type":"product","link":"https:\/\/woodinout.net\/de\/product\/holz-tracing-board\/","title":{"rendered":"H\u00f6lzernes DJ-Tracing-Shapes-Board"},"content":{"rendered":"<p>H\u00f6lzernes Holzspannbrett. WARUM sollten Sie sich daf\u00fcr entscheiden?!<br \/>\n1. Verbessert die Koordination der Augenhand, entwickelt feinmotorische F\u00e4higkeiten.<br \/>\n2. Sinnesspiel ist eine beruhigende Aktivit\u00e4t.<br \/>\n3. Es ist handgefertigt und k\u00f6nnte ein personalisiertes Geschenk sein, wir werden Ihre Nachricht auf der R\u00fcckseite gravieren.<br \/>\n4. Montessori- und Waldorf-inspiriertes Lernspielzeug ist weltweit bekannt und gesch\u00e4tzt.<br \/>\n5. Holzmuster Tracing Vorlage macht Homeschool EINFACH. Erziehen Sie Ihr Kind beim Spielen.<br \/>\n6. Lernspielzeuge sind ohne Frage die meisten gesch\u00e4tzten Kindergeschenke, wenn Sie auch ihre Eltern gl\u00fccklich machen wollen.<\/p>\n<p>WeitereS Sp\u00fcrspielzeug finden Sie <a href=\"https:\/\/woodinout.net\/product-tag\/wooden-tracing-boards\/\">HIER.<\/a><\/p>\n<p>Kit enth\u00e4lt aus:<br \/>\nOrnamente Tracing Board<br \/>\nHolzstift<\/p>\n<p>DIMENSIONEN<br \/>\nH\u00f6he: ~ 7,5 Zoll<br \/>\nL\u00e4nge: ~ 10 Zoll<br \/>\nPlatinendicke: ~ 0,6 Zoll<\/p>\n<p>FARBEN UND MATERIAL<br \/>\nHintergrund: dunkelbraun oder naturge\u00f6lt.<br \/>\nDas Spielzeug besteht aus NAT\u00dcRLICHEM MASSIVHOLZ und umweltfreundlichen Farben \/ \u00d6len.<br \/>\nBitte beachten Sie, dass die Farben aufgrund der Einstellungen und der Beleuchtung des Computermonitors variieren k\u00f6nnen.<\/p>\n<p>F\u00fcr weitere Ideen folgen Sie uns auf <a href=\"https:\/\/www.instagram.com\/woodinout\/\">INSTAGRAM<\/a> &amp; <a href=\"https:\/\/www.facebook.com\/Woodinout.net\">FACEBOOK<\/a><\/p>\n","protected":false},"excerpt":{"rendered":"<p>H\u00f6lzernes Holzspannbrett. WARUM sollten Sie sich daf\u00fcr entscheiden?! 1. Verbessert die Koordination der Augenhand, entwickelt feinmotorische F\u00e4higkeiten. 2. Sinnesspiel ist eine beruhigende Aktivit\u00e4t. 3. Es ist handgefertigt und k\u00f6nnte ein personalisiertes Geschenk sein, wir werden Ihre Nachricht auf der R\u00fcckseite gravieren. 4. Montessori- und Waldorf-inspiriertes Lernspielzeug ist weltweit bekannt und gesch\u00e4tzt. 5. Holzmuster Tracing Vorlage [&hellip;]<\/p>\n","protected":false},"featured_media":17168,"template":"","meta":{"_monsterinsights_skip_tracking":false,"_monsterinsights_sitenote_active":false,"_monsterinsights_sitenote_note":"","_monsterinsights_sitenote_category":0},"product_cat":[1407,1355,1405,1357],"product_tag":[1410,1358,1367,1368,1979,1366,1361,1360,1363,1977,1408,1418],"yoast_head":"<!-- This site is optimized with the Yoast SEO plugin v22.1 - https:\/\/yoast.com\/wordpress\/plugins\/seo\/ -->\n<title>H\u00f6lzernes DJ-Tracing-Shapes-Board - Woodinout \u00a9 Lernspielzeug f\u00fcr Kleinkinder<\/title>\n<meta name=\"description\" content=\"Wiederverwendbare Holz-Tracing-Shapes-Platte. Lernen Sie, umweltfreundlicher und stilvoller zu schreiben! Handgefertigt und sicher f\u00fcr Kinder.\" \/>\n<meta name=\"robots\" content=\"index, follow, max-snippet:-1, max-image-preview:large, max-video-preview:-1\" \/>\n<link rel=\"canonical\" href=\"https:\/\/woodinout.net\/de\/product\/holz-tracing-board\/\" \/>\n<meta property=\"og:locale\" content=\"de_DE\" \/>\n<meta property=\"og:type\" content=\"article\" \/>\n<meta property=\"og:title\" content=\"H\u00f6lzernes DJ-Tracing-Shapes-Board - Woodinout \u00a9 Lernspielzeug f\u00fcr Kleinkinder\" \/>\n<meta property=\"og:description\" content=\"Wiederverwendbare Holz-Tracing-Shapes-Platte. Lernen Sie, umweltfreundlicher und stilvoller zu schreiben! Handgefertigt und sicher f\u00fcr Kinder.\" \/>\n<meta property=\"og:url\" content=\"https:\/\/woodinout.net\/de\/product\/holz-tracing-board\/\" \/>\n<meta property=\"og:site_name\" content=\"Woodinout \u00a9\" \/>\n<meta property=\"article:modified_time\" content=\"2022-04-06T05:57:43+00:00\" \/>\n<meta property=\"og:image\" content=\"https:\/\/woodinout.net\/wp-content\/uploads\/2020\/06\/Wooden-tracing-board-2.jpg\" \/>\n\t<meta property=\"og:image:width\" content=\"853\" \/>\n\t<meta property=\"og:image:height\" content=\"1280\" \/>\n\t<meta property=\"og:image:type\" content=\"image\/jpeg\" \/>\n<meta name=\"twitter:card\" content=\"summary_large_image\" \/>\n<meta name=\"twitter:label1\" content=\"Gesch\u00e4tzte Lesezeit\" \/>\n\t<meta name=\"twitter:data1\" content=\"1\u00a0Minute\" \/>\n<script type=\"application\/ld+json\" class=\"yoast-schema-graph\">{\"@context\":\"https:\/\/schema.org\",\"@graph\":[{\"@type\":\"WebPage\",\"@id\":\"https:\/\/woodinout.net\/de\/product\/holz-tracing-board\/\",\"url\":\"https:\/\/woodinout.net\/de\/product\/holz-tracing-board\/\",\"name\":\"H\u00f6lzernes DJ-Tracing-Shapes-Board - Woodinout \u00a9 Lernspielzeug f\u00fcr Kleinkinder\",\"isPartOf\":{\"@id\":\"https:\/\/woodinout.net\/de\/#website\"},\"datePublished\":\"2020-06-20T20:04:00+00:00\",\"dateModified\":\"2022-04-06T05:57:43+00:00\",\"description\":\"Wiederverwendbare Holz-Tracing-Shapes-Platte. Lernen Sie, umweltfreundlicher und stilvoller zu schreiben! Handgefertigt und sicher f\u00fcr Kinder.\",\"breadcrumb\":{\"@id\":\"https:\/\/woodinout.net\/de\/product\/holz-tracing-board\/#breadcrumb\"},\"inLanguage\":\"de\",\"potentialAction\":[{\"@type\":\"ReadAction\",\"target\":[\"https:\/\/woodinout.net\/de\/product\/holz-tracing-board\/\"]}]},{\"@type\":\"BreadcrumbList\",\"@id\":\"https:\/\/woodinout.net\/de\/product\/holz-tracing-board\/#breadcrumb\",\"itemListElement\":[{\"@type\":\"ListItem\",\"position\":1,\"name\":\"Home\",\"item\":\"https:\/\/woodinout.net\/de\/\"},{\"@type\":\"ListItem\",\"position\":2,\"name\":\"Shop\",\"item\":\"https:\/\/woodinout.net\/shop\/\"},{\"@type\":\"ListItem\",\"position\":3,\"name\":\"H\u00f6lzernes DJ-Tracing-Shapes-Board\"}]},{\"@type\":\"WebSite\",\"@id\":\"https:\/\/woodinout.net\/de\/#website\",\"url\":\"https:\/\/woodinout.net\/de\/\",\"name\":\"Woodinout \u00a9\",\"description\":\"Wooden Montessori toys, gifts, home and events decor details\",\"potentialAction\":[{\"@type\":\"SearchAction\",\"target\":{\"@type\":\"EntryPoint\",\"urlTemplate\":\"https:\/\/woodinout.net\/de\/?s={search_term_string}\"},\"query-input\":\"required name=search_term_string\"}],\"inLanguage\":\"de\"}]}<\/script>\n<!-- \/ Yoast SEO plugin. -->","yoast_head_json":{"title":"H\u00f6lzernes DJ-Tracing-Shapes-Board - Woodinout \u00a9 Lernspielzeug f\u00fcr Kleinkinder","description":"Wiederverwendbare Holz-Tracing-Shapes-Platte. Lernen Sie, umweltfreundlicher und stilvoller zu schreiben! Handgefertigt und sicher f\u00fcr Kinder.","robots":{"index":"index","follow":"follow","max-snippet":"max-snippet:-1","max-image-preview":"max-image-preview:large","max-video-preview":"max-video-preview:-1"},"canonical":"https:\/\/woodinout.net\/de\/product\/holz-tracing-board\/","og_locale":"de_DE","og_type":"article","og_title":"H\u00f6lzernes DJ-Tracing-Shapes-Board - Woodinout \u00a9 Lernspielzeug f\u00fcr Kleinkinder","og_description":"Wiederverwendbare Holz-Tracing-Shapes-Platte. Lernen Sie, umweltfreundlicher und stilvoller zu schreiben! Handgefertigt und sicher f\u00fcr Kinder.","og_url":"https:\/\/woodinout.net\/de\/product\/holz-tracing-board\/","og_site_name":"Woodinout \u00a9","article_modified_time":"2022-04-06T05:57:43+00:00","og_image":[{"width":853,"height":1280,"url":"https:\/\/woodinout.net\/wp-content\/uploads\/2020\/06\/Wooden-tracing-board-2.jpg","type":"image\/jpeg"}],"twitter_card":"summary_large_image","twitter_misc":{"Gesch\u00e4tzte Lesezeit":"1\u00a0Minute"},"schema":{"@context":"https:\/\/schema.org","@graph":[{"@type":"WebPage","@id":"https:\/\/woodinout.net\/de\/product\/holz-tracing-board\/","url":"https:\/\/woodinout.net\/de\/product\/holz-tracing-board\/","name":"H\u00f6lzernes DJ-Tracing-Shapes-Board - Woodinout \u00a9 Lernspielzeug f\u00fcr Kleinkinder","isPartOf":{"@id":"https:\/\/woodinout.net\/de\/#website"},"datePublished":"2020-06-20T20:04:00+00:00","dateModified":"2022-04-06T05:57:43+00:00","description":"Wiederverwendbare Holz-Tracing-Shapes-Platte. Lernen Sie, umweltfreundlicher und stilvoller zu schreiben! Handgefertigt und sicher f\u00fcr Kinder.","breadcrumb":{"@id":"https:\/\/woodinout.net\/de\/product\/holz-tracing-board\/#breadcrumb"},"inLanguage":"de","potentialAction":[{"@type":"ReadAction","target":["https:\/\/woodinout.net\/de\/product\/holz-tracing-board\/"]}]},{"@type":"BreadcrumbList","@id":"https:\/\/woodinout.net\/de\/product\/holz-tracing-board\/#breadcrumb","itemListElement":[{"@type":"ListItem","position":1,"name":"Home","item":"https:\/\/woodinout.net\/de\/"},{"@type":"ListItem","position":2,"name":"Shop","item":"https:\/\/woodinout.net\/shop\/"},{"@type":"ListItem","position":3,"name":"H\u00f6lzernes DJ-Tracing-Shapes-Board"}]},{"@type":"WebSite","@id":"https:\/\/woodinout.net\/de\/#website","url":"https:\/\/woodinout.net\/de\/","name":"Woodinout \u00a9","description":"Wooden Montessori toys, gifts, home and events decor details","potentialAction":[{"@type":"SearchAction","target":{"@type":"EntryPoint","urlTemplate":"https:\/\/woodinout.net\/de\/?s={search_term_string}"},"query-input":"required name=search_term_string"}],"inLanguage":"de"}]}},"_links":{"self":[{"href":"https:\/\/woodinout.net\/de\/wp-json\/wp\/v2\/product\/21125"}],"collection":[{"href":"https:\/\/woodinout.net\/de\/wp-json\/wp\/v2\/product"}],"about":[{"href":"https:\/\/woodinout.net\/de\/wp-json\/wp\/v2\/types\/product"}],"wp:featuredmedia":[{"embeddable":true,"href":"https:\/\/woodinout.net\/de\/wp-json\/wp\/v2\/media\/17168"}],"wp:attachment":[{"href":"https:\/\/woodinout.net\/de\/wp-json\/wp\/v2\/media?parent=21125"}],"wp:term":[{"taxonomy":"product_cat","embeddable":true,"href":"https:\/\/woodinout.net\/de\/wp-json\/wp\/v2\/product_cat?post=21125"},{"taxonomy":"product_tag","embeddable":true,"href":"https:\/\/woodinout.net\/de\/wp-json\/wp\/v2\/product_tag?post=21125"}],"curies":[{"name":"wp","href":"https:\/\/api.w.org\/{rel}","templated":true}]}}