{"id":21114,"date":"2020-06-20T22:47:08","date_gmt":"2020-06-20T19:47:08","guid":{"rendered":"https:\/\/woodinout.net\/product\/hoelzernes-mondphasenspielzeug\/"},"modified":"2022-04-28T11:28:02","modified_gmt":"2022-04-28T08:28:02","slug":"mondphase","status":"publish","type":"product","link":"https:\/\/woodinout.net\/de\/product\/mondphase\/","title":{"rendered":"H\u00f6lzernes Mondphasenspielzeug"},"content":{"rendered":"<p>Inspiriert von Montessori ist unser h\u00f6lzernes Mondphasenspielzeug HANDGEFERTIGT, umweltfreundlich und macht das Lernen EINFACH und MACHT SPA\u00df. Holen Sie sich dieses Mondphasenset als Weihnachtsgeschenk f\u00fcr Kinder oder eines der Lehrergeschenke. Eltern werden es zu Hause zu sch\u00e4tzen wissen, absolut stilvoll sieht daher in jedem Klassenzimmer gut aus. Das Mondphasenpuzzle ist eines der beliebtesten unter unseren Kindern, da sie es lieben, es mit dem echten Mond vor dem Fenster zu vergleichen.<\/p>\n<p>Verbessert die <a href=\"https:\/\/woodinout.net\/product-tag\/fine-motor-skills-activities\/\">motorischen F\u00e4higkeiten<\/a><\/p>\n<p>L\u00e4nge: ~ 7 Zoll<br \/>\nH\u00f6he: ~ 7,9 Zoll<br \/>\nDicke: ~ 0,6 Zoll<\/p>\n<p>FARBEN UND MATERIAL<br \/>\nFarbe: nat\u00fcrlich und braun ge\u00f6lt.<br \/>\nDas Spielzeug besteht aus NAT\u00dcRLICHEM MASSIVHOLZ und Sperrholz.<br \/>\nBitte beachten Sie, dass die Farben aufgrund der Einstellungen und der Beleuchtung des Computermonitors variieren k\u00f6nnen.<\/p>\n<p>F\u00fcr weitere Ideen folgen Sie uns auf <a href=\"https:\/\/www.instagram.com\/woodinout\/\">INSTAGRAM<\/a> &amp; <a href=\"https:\/\/www.facebook.com\/Woodinout.net\">FACEBOOK<\/a><\/p>\n","protected":false},"excerpt":{"rendered":"<p>Inspiriert von Montessori ist unser h\u00f6lzernes Mondphasenspielzeug HANDGEFERTIGT, umweltfreundlich und macht das Lernen EINFACH und MACHT SPA\u00df. Holen Sie sich dieses Mondphasenset als Weihnachtsgeschenk f\u00fcr Kinder oder eines der Lehrergeschenke. Eltern werden es zu Hause zu sch\u00e4tzen wissen, absolut stilvoll sieht daher in jedem Klassenzimmer gut aus. Das Mondphasenpuzzle ist eines der beliebtesten unter unseren [&hellip;]<\/p>\n","protected":false},"featured_media":17024,"template":"","meta":{"_monsterinsights_skip_tracking":false,"_monsterinsights_sitenote_active":false,"_monsterinsights_sitenote_note":"","_monsterinsights_sitenote_category":0},"product_cat":[1355,1356],"product_tag":[1970,1358,1367,1368,1366,1361,1360,1968,1967,1969,1363,1971],"yoast_head":"<!-- This site is optimized with the Yoast SEO plugin v22.1 - https:\/\/yoast.com\/wordpress\/plugins\/seo\/ -->\n<title>H\u00f6lzernes Mondphasenspielzeug - Woodinout \u00a9 Lernspielzeug<\/title>\n<meta name=\"description\" content=\"H\u00f6lzerne Mondphasen f\u00fcr Kinder - Stilvolles Spielzeug f\u00fcr das naturwissenschaftliche Lernen. Handgefertigt aus Massivholz ist dieses Puzzle das perfekte Kindergeschenk!\" \/>\n<meta name=\"robots\" content=\"index, follow, max-snippet:-1, max-image-preview:large, max-video-preview:-1\" \/>\n<link rel=\"canonical\" href=\"https:\/\/woodinout.net\/de\/product\/mondphase\/\" \/>\n<meta property=\"og:locale\" content=\"de_DE\" \/>\n<meta property=\"og:type\" content=\"article\" \/>\n<meta property=\"og:title\" content=\"H\u00f6lzernes Mondphasenspielzeug - Woodinout \u00a9 Lernspielzeug\" \/>\n<meta property=\"og:description\" content=\"H\u00f6lzerne Mondphasen f\u00fcr Kinder - Stilvolles Spielzeug f\u00fcr das naturwissenschaftliche Lernen. Handgefertigt aus Massivholz ist dieses Puzzle das perfekte Kindergeschenk!\" \/>\n<meta property=\"og:url\" content=\"https:\/\/woodinout.net\/de\/product\/mondphase\/\" \/>\n<meta property=\"og:site_name\" content=\"Woodinout \u00a9\" \/>\n<meta property=\"article:modified_time\" content=\"2022-04-28T08:28:02+00:00\" \/>\n<meta property=\"og:image\" content=\"https:\/\/woodinout.net\/wp-content\/uploads\/2020\/06\/Moon-phase-1.jpg\" \/>\n\t<meta property=\"og:image:width\" content=\"853\" \/>\n\t<meta property=\"og:image:height\" content=\"1280\" \/>\n\t<meta property=\"og:image:type\" content=\"image\/jpeg\" \/>\n<meta name=\"twitter:card\" content=\"summary_large_image\" \/>\n<meta name=\"twitter:label1\" content=\"Gesch\u00e4tzte Lesezeit\" \/>\n\t<meta name=\"twitter:data1\" content=\"1\u00a0Minute\" \/>\n<script type=\"application\/ld+json\" class=\"yoast-schema-graph\">{\"@context\":\"https:\/\/schema.org\",\"@graph\":[{\"@type\":\"WebPage\",\"@id\":\"https:\/\/woodinout.net\/de\/product\/mondphase\/\",\"url\":\"https:\/\/woodinout.net\/de\/product\/mondphase\/\",\"name\":\"H\u00f6lzernes Mondphasenspielzeug - Woodinout \u00a9 Lernspielzeug\",\"isPartOf\":{\"@id\":\"https:\/\/woodinout.net\/de\/#website\"},\"datePublished\":\"2020-06-20T19:47:08+00:00\",\"dateModified\":\"2022-04-28T08:28:02+00:00\",\"description\":\"H\u00f6lzerne Mondphasen f\u00fcr Kinder - Stilvolles Spielzeug f\u00fcr das naturwissenschaftliche Lernen. Handgefertigt aus Massivholz ist dieses Puzzle das perfekte Kindergeschenk!\",\"breadcrumb\":{\"@id\":\"https:\/\/woodinout.net\/de\/product\/mondphase\/#breadcrumb\"},\"inLanguage\":\"de\",\"potentialAction\":[{\"@type\":\"ReadAction\",\"target\":[\"https:\/\/woodinout.net\/de\/product\/mondphase\/\"]}]},{\"@type\":\"BreadcrumbList\",\"@id\":\"https:\/\/woodinout.net\/de\/product\/mondphase\/#breadcrumb\",\"itemListElement\":[{\"@type\":\"ListItem\",\"position\":1,\"name\":\"Home\",\"item\":\"https:\/\/woodinout.net\/de\/\"},{\"@type\":\"ListItem\",\"position\":2,\"name\":\"Shop\",\"item\":\"https:\/\/woodinout.net\/shop\/\"},{\"@type\":\"ListItem\",\"position\":3,\"name\":\"H\u00f6lzernes Mondphasenspielzeug\"}]},{\"@type\":\"WebSite\",\"@id\":\"https:\/\/woodinout.net\/de\/#website\",\"url\":\"https:\/\/woodinout.net\/de\/\",\"name\":\"Woodinout \u00a9\",\"description\":\"Wooden Montessori toys, gifts, home and events decor details\",\"potentialAction\":[{\"@type\":\"SearchAction\",\"target\":{\"@type\":\"EntryPoint\",\"urlTemplate\":\"https:\/\/woodinout.net\/de\/?s={search_term_string}\"},\"query-input\":\"required name=search_term_string\"}],\"inLanguage\":\"de\"}]}<\/script>\n<!-- \/ Yoast SEO plugin. -->","yoast_head_json":{"title":"H\u00f6lzernes Mondphasenspielzeug - Woodinout \u00a9 Lernspielzeug","description":"H\u00f6lzerne Mondphasen f\u00fcr Kinder - Stilvolles Spielzeug f\u00fcr das naturwissenschaftliche Lernen. Handgefertigt aus Massivholz ist dieses Puzzle das perfekte Kindergeschenk!","robots":{"index":"index","follow":"follow","max-snippet":"max-snippet:-1","max-image-preview":"max-image-preview:large","max-video-preview":"max-video-preview:-1"},"canonical":"https:\/\/woodinout.net\/de\/product\/mondphase\/","og_locale":"de_DE","og_type":"article","og_title":"H\u00f6lzernes Mondphasenspielzeug - Woodinout \u00a9 Lernspielzeug","og_description":"H\u00f6lzerne Mondphasen f\u00fcr Kinder - Stilvolles Spielzeug f\u00fcr das naturwissenschaftliche Lernen. Handgefertigt aus Massivholz ist dieses Puzzle das perfekte Kindergeschenk!","og_url":"https:\/\/woodinout.net\/de\/product\/mondphase\/","og_site_name":"Woodinout \u00a9","article_modified_time":"2022-04-28T08:28:02+00:00","og_image":[{"width":853,"height":1280,"url":"https:\/\/woodinout.net\/wp-content\/uploads\/2020\/06\/Moon-phase-1.jpg","type":"image\/jpeg"}],"twitter_card":"summary_large_image","twitter_misc":{"Gesch\u00e4tzte Lesezeit":"1\u00a0Minute"},"schema":{"@context":"https:\/\/schema.org","@graph":[{"@type":"WebPage","@id":"https:\/\/woodinout.net\/de\/product\/mondphase\/","url":"https:\/\/woodinout.net\/de\/product\/mondphase\/","name":"H\u00f6lzernes Mondphasenspielzeug - Woodinout \u00a9 Lernspielzeug","isPartOf":{"@id":"https:\/\/woodinout.net\/de\/#website"},"datePublished":"2020-06-20T19:47:08+00:00","dateModified":"2022-04-28T08:28:02+00:00","description":"H\u00f6lzerne Mondphasen f\u00fcr Kinder - Stilvolles Spielzeug f\u00fcr das naturwissenschaftliche Lernen. Handgefertigt aus Massivholz ist dieses Puzzle das perfekte Kindergeschenk!","breadcrumb":{"@id":"https:\/\/woodinout.net\/de\/product\/mondphase\/#breadcrumb"},"inLanguage":"de","potentialAction":[{"@type":"ReadAction","target":["https:\/\/woodinout.net\/de\/product\/mondphase\/"]}]},{"@type":"BreadcrumbList","@id":"https:\/\/woodinout.net\/de\/product\/mondphase\/#breadcrumb","itemListElement":[{"@type":"ListItem","position":1,"name":"Home","item":"https:\/\/woodinout.net\/de\/"},{"@type":"ListItem","position":2,"name":"Shop","item":"https:\/\/woodinout.net\/shop\/"},{"@type":"ListItem","position":3,"name":"H\u00f6lzernes Mondphasenspielzeug"}]},{"@type":"WebSite","@id":"https:\/\/woodinout.net\/de\/#website","url":"https:\/\/woodinout.net\/de\/","name":"Woodinout \u00a9","description":"Wooden Montessori toys, gifts, home and events decor details","potentialAction":[{"@type":"SearchAction","target":{"@type":"EntryPoint","urlTemplate":"https:\/\/woodinout.net\/de\/?s={search_term_string}"},"query-input":"required name=search_term_string"}],"inLanguage":"de"}]}},"_links":{"self":[{"href":"https:\/\/woodinout.net\/de\/wp-json\/wp\/v2\/product\/21114"}],"collection":[{"href":"https:\/\/woodinout.net\/de\/wp-json\/wp\/v2\/product"}],"about":[{"href":"https:\/\/woodinout.net\/de\/wp-json\/wp\/v2\/types\/product"}],"wp:featuredmedia":[{"embeddable":true,"href":"https:\/\/woodinout.net\/de\/wp-json\/wp\/v2\/media\/17024"}],"wp:attachment":[{"href":"https:\/\/woodinout.net\/de\/wp-json\/wp\/v2\/media?parent=21114"}],"wp:term":[{"taxonomy":"product_cat","embeddable":true,"href":"https:\/\/woodinout.net\/de\/wp-json\/wp\/v2\/product_cat?post=21114"},{"taxonomy":"product_tag","embeddable":true,"href":"https:\/\/woodinout.net\/de\/wp-json\/wp\/v2\/product_tag?post=21114"}],"curies":[{"name":"wp","href":"https:\/\/api.w.org\/{rel}","templated":true}]}}