{"id":21113,"date":"2020-06-20T23:11:13","date_gmt":"2020-06-20T20:11:13","guid":{"rendered":"https:\/\/woodinout.net\/product\/10-sortier-und-zaehlplatten\/"},"modified":"2022-04-22T12:36:47","modified_gmt":"2022-04-22T09:36:47","slug":"10-zahlen-und-zahlen-zehn-rahmen-mit-holz-perlen-holz-zahlen-graviert","status":"publish","type":"product","link":"https:\/\/woodinout.net\/de\/product\/10-zahlen-und-zahlen-zehn-rahmen-mit-holz-perlen-holz-zahlen-graviert\/","title":{"rendered":"10 Sortier- und Z\u00e4hlplatten"},"content":{"rendered":"<p>10 Zahlen und z\u00e4hlen bis zehn Rahmen mit Holzperlen &amp; Holznummern graviert. Montessori-Mathe-Manipulative sind die besten Mathe-Geschenke f\u00fcr Lehrer. Wertvoll und gut aussehend &#8211; Holzsortierspielzeug hilft, die Feinmotorik zu verbessern und macht das Erlernen von Zahlen und Z\u00e4hlen einfach. Zehn Rahmen mit Holzkugeln wird gut in der Vorschule, Homeschool oder Kindergarten verwendet. Holen Sie es sich als einzigartige Back-to-School-Geschenke f\u00fcr Kinder JETZT!<\/p>\n<p>TEN FRAME enth\u00e4lt aus:<br \/>\n10 verschiedene Gr\u00f6\u00dfen Z\u00e4hlschalen mit Holznummern<br \/>\n60 Stk. von Holzkugeln (0,05 Zoll Durchmesser)<br \/>\nHolzstift<\/p>\n<p>DIMENSIONEN<br \/>\nDurchmesser: kleinste Platte &#8211; ~ 2,35 Zoll, gr\u00f6\u00dfte Platte &#8211; ~ 7,5 Zoll<br \/>\nDicke: ~ 0,6 Zoll<\/p>\n<p>FARBEN UND MATERIAL<br \/>\nFarbe: natur oder braun ge\u00f6lt.<br \/>\nSpielzeug ist aus NAT\u00dcRLICHEM MASSIVHOLZ gefertigt.<br \/>\nBitte beachten Sie, dass die Farben aufgrund der Einstellungen und der Beleuchtung des Computermonitors variieren k\u00f6nnen.<\/p>\n","protected":false},"excerpt":{"rendered":"<p>10 Zahlen und z\u00e4hlen bis zehn Rahmen mit Holzperlen &amp; Holznummern graviert. Montessori-Mathe-Manipulative sind die besten Mathe-Geschenke f\u00fcr Lehrer. Wertvoll und gut aussehend &#8211; Holzsortierspielzeug hilft, die Feinmotorik zu verbessern und macht das Erlernen von Zahlen und Z\u00e4hlen einfach. Zehn Rahmen mit Holzkugeln wird gut in der Vorschule, Homeschool oder Kindergarten verwendet. Holen Sie es [&hellip;]<\/p>\n","protected":false},"featured_media":17192,"template":"","meta":{"_monsterinsights_skip_tracking":false,"_monsterinsights_sitenote_active":false,"_monsterinsights_sitenote_note":"","_monsterinsights_sitenote_category":0},"product_cat":[1355,1362],"product_tag":[1966,1358,1367,1368,1366,1361,1360,1386,1387,1371,1388,1363,1370],"yoast_head":"<!-- This site is optimized with the Yoast SEO plugin v22.1 - https:\/\/yoast.com\/wordpress\/plugins\/seo\/ -->\n<title>10 Sortier- und Z\u00e4hlplatten - Woodinout \u00a9 Montessori Spielzeug<\/title>\n<meta name=\"description\" content=\"Lernen macht jetzt Spa\u00df und ist einfach - Nat\u00fcrliches Holz Mathe-Spielzeug f\u00fcr wertvolle Familienzeit. 10 Sortier- und Z\u00e4hlplatten - mehr Learn &amp; Play M\u00f6glichkeiten.\" \/>\n<meta name=\"robots\" content=\"index, follow, max-snippet:-1, max-image-preview:large, max-video-preview:-1\" \/>\n<link rel=\"canonical\" href=\"https:\/\/woodinout.net\/de\/product\/10-zahlen-und-zahlen-zehn-rahmen-mit-holz-perlen-holz-zahlen-graviert\/\" \/>\n<meta property=\"og:locale\" content=\"de_DE\" \/>\n<meta property=\"og:type\" content=\"article\" \/>\n<meta property=\"og:title\" content=\"10 Sortier- und Z\u00e4hlplatten - Woodinout \u00a9 Montessori Spielzeug\" \/>\n<meta property=\"og:description\" content=\"Lernen macht jetzt Spa\u00df und ist einfach - Nat\u00fcrliches Holz Mathe-Spielzeug f\u00fcr wertvolle Familienzeit. 10 Sortier- und Z\u00e4hlplatten - mehr Learn &amp; Play M\u00f6glichkeiten.\" \/>\n<meta property=\"og:url\" content=\"https:\/\/woodinout.net\/de\/product\/10-zahlen-und-zahlen-zehn-rahmen-mit-holz-perlen-holz-zahlen-graviert\/\" \/>\n<meta property=\"og:site_name\" content=\"Woodinout \u00a9\" \/>\n<meta property=\"article:modified_time\" content=\"2022-04-22T09:36:47+00:00\" \/>\n<meta property=\"og:image\" content=\"https:\/\/woodinout.net\/wp-content\/uploads\/2020\/06\/10-Numbers-and-counting-ten-frame-with-wooden-beads-wood-numbers-engraved-1.jpg\" \/>\n\t<meta property=\"og:image:width\" content=\"853\" \/>\n\t<meta property=\"og:image:height\" content=\"1280\" \/>\n\t<meta property=\"og:image:type\" content=\"image\/jpeg\" \/>\n<meta name=\"twitter:card\" content=\"summary_large_image\" \/>\n<meta name=\"twitter:label1\" content=\"Gesch\u00e4tzte Lesezeit\" \/>\n\t<meta name=\"twitter:data1\" content=\"1\u00a0Minute\" \/>\n<script type=\"application\/ld+json\" class=\"yoast-schema-graph\">{\"@context\":\"https:\/\/schema.org\",\"@graph\":[{\"@type\":\"WebPage\",\"@id\":\"https:\/\/woodinout.net\/de\/product\/10-zahlen-und-zahlen-zehn-rahmen-mit-holz-perlen-holz-zahlen-graviert\/\",\"url\":\"https:\/\/woodinout.net\/de\/product\/10-zahlen-und-zahlen-zehn-rahmen-mit-holz-perlen-holz-zahlen-graviert\/\",\"name\":\"10 Sortier- und Z\u00e4hlplatten - Woodinout \u00a9 Montessori Spielzeug\",\"isPartOf\":{\"@id\":\"https:\/\/woodinout.net\/de\/#website\"},\"datePublished\":\"2020-06-20T20:11:13+00:00\",\"dateModified\":\"2022-04-22T09:36:47+00:00\",\"description\":\"Lernen macht jetzt Spa\u00df und ist einfach - Nat\u00fcrliches Holz Mathe-Spielzeug f\u00fcr wertvolle Familienzeit. 10 Sortier- und Z\u00e4hlplatten - mehr Learn & Play M\u00f6glichkeiten.\",\"breadcrumb\":{\"@id\":\"https:\/\/woodinout.net\/de\/product\/10-zahlen-und-zahlen-zehn-rahmen-mit-holz-perlen-holz-zahlen-graviert\/#breadcrumb\"},\"inLanguage\":\"de\",\"potentialAction\":[{\"@type\":\"ReadAction\",\"target\":[\"https:\/\/woodinout.net\/de\/product\/10-zahlen-und-zahlen-zehn-rahmen-mit-holz-perlen-holz-zahlen-graviert\/\"]}]},{\"@type\":\"BreadcrumbList\",\"@id\":\"https:\/\/woodinout.net\/de\/product\/10-zahlen-und-zahlen-zehn-rahmen-mit-holz-perlen-holz-zahlen-graviert\/#breadcrumb\",\"itemListElement\":[{\"@type\":\"ListItem\",\"position\":1,\"name\":\"Home\",\"item\":\"https:\/\/woodinout.net\/de\/\"},{\"@type\":\"ListItem\",\"position\":2,\"name\":\"Shop\",\"item\":\"https:\/\/woodinout.net\/shop\/\"},{\"@type\":\"ListItem\",\"position\":3,\"name\":\"10 Sortier- und Z\u00e4hlplatten\"}]},{\"@type\":\"WebSite\",\"@id\":\"https:\/\/woodinout.net\/de\/#website\",\"url\":\"https:\/\/woodinout.net\/de\/\",\"name\":\"Woodinout \u00a9\",\"description\":\"Wooden Montessori toys, gifts, home and events decor details\",\"potentialAction\":[{\"@type\":\"SearchAction\",\"target\":{\"@type\":\"EntryPoint\",\"urlTemplate\":\"https:\/\/woodinout.net\/de\/?s={search_term_string}\"},\"query-input\":\"required name=search_term_string\"}],\"inLanguage\":\"de\"}]}<\/script>\n<!-- \/ Yoast SEO plugin. -->","yoast_head_json":{"title":"10 Sortier- und Z\u00e4hlplatten - Woodinout \u00a9 Montessori Spielzeug","description":"Lernen macht jetzt Spa\u00df und ist einfach - Nat\u00fcrliches Holz Mathe-Spielzeug f\u00fcr wertvolle Familienzeit. 10 Sortier- und Z\u00e4hlplatten - mehr Learn & Play M\u00f6glichkeiten.","robots":{"index":"index","follow":"follow","max-snippet":"max-snippet:-1","max-image-preview":"max-image-preview:large","max-video-preview":"max-video-preview:-1"},"canonical":"https:\/\/woodinout.net\/de\/product\/10-zahlen-und-zahlen-zehn-rahmen-mit-holz-perlen-holz-zahlen-graviert\/","og_locale":"de_DE","og_type":"article","og_title":"10 Sortier- und Z\u00e4hlplatten - Woodinout \u00a9 Montessori Spielzeug","og_description":"Lernen macht jetzt Spa\u00df und ist einfach - Nat\u00fcrliches Holz Mathe-Spielzeug f\u00fcr wertvolle Familienzeit. 10 Sortier- und Z\u00e4hlplatten - mehr Learn & Play M\u00f6glichkeiten.","og_url":"https:\/\/woodinout.net\/de\/product\/10-zahlen-und-zahlen-zehn-rahmen-mit-holz-perlen-holz-zahlen-graviert\/","og_site_name":"Woodinout \u00a9","article_modified_time":"2022-04-22T09:36:47+00:00","og_image":[{"width":853,"height":1280,"url":"https:\/\/woodinout.net\/wp-content\/uploads\/2020\/06\/10-Numbers-and-counting-ten-frame-with-wooden-beads-wood-numbers-engraved-1.jpg","type":"image\/jpeg"}],"twitter_card":"summary_large_image","twitter_misc":{"Gesch\u00e4tzte Lesezeit":"1\u00a0Minute"},"schema":{"@context":"https:\/\/schema.org","@graph":[{"@type":"WebPage","@id":"https:\/\/woodinout.net\/de\/product\/10-zahlen-und-zahlen-zehn-rahmen-mit-holz-perlen-holz-zahlen-graviert\/","url":"https:\/\/woodinout.net\/de\/product\/10-zahlen-und-zahlen-zehn-rahmen-mit-holz-perlen-holz-zahlen-graviert\/","name":"10 Sortier- und Z\u00e4hlplatten - Woodinout \u00a9 Montessori Spielzeug","isPartOf":{"@id":"https:\/\/woodinout.net\/de\/#website"},"datePublished":"2020-06-20T20:11:13+00:00","dateModified":"2022-04-22T09:36:47+00:00","description":"Lernen macht jetzt Spa\u00df und ist einfach - Nat\u00fcrliches Holz Mathe-Spielzeug f\u00fcr wertvolle Familienzeit. 10 Sortier- und Z\u00e4hlplatten - mehr Learn & Play M\u00f6glichkeiten.","breadcrumb":{"@id":"https:\/\/woodinout.net\/de\/product\/10-zahlen-und-zahlen-zehn-rahmen-mit-holz-perlen-holz-zahlen-graviert\/#breadcrumb"},"inLanguage":"de","potentialAction":[{"@type":"ReadAction","target":["https:\/\/woodinout.net\/de\/product\/10-zahlen-und-zahlen-zehn-rahmen-mit-holz-perlen-holz-zahlen-graviert\/"]}]},{"@type":"BreadcrumbList","@id":"https:\/\/woodinout.net\/de\/product\/10-zahlen-und-zahlen-zehn-rahmen-mit-holz-perlen-holz-zahlen-graviert\/#breadcrumb","itemListElement":[{"@type":"ListItem","position":1,"name":"Home","item":"https:\/\/woodinout.net\/de\/"},{"@type":"ListItem","position":2,"name":"Shop","item":"https:\/\/woodinout.net\/shop\/"},{"@type":"ListItem","position":3,"name":"10 Sortier- und Z\u00e4hlplatten"}]},{"@type":"WebSite","@id":"https:\/\/woodinout.net\/de\/#website","url":"https:\/\/woodinout.net\/de\/","name":"Woodinout \u00a9","description":"Wooden Montessori toys, gifts, home and events decor details","potentialAction":[{"@type":"SearchAction","target":{"@type":"EntryPoint","urlTemplate":"https:\/\/woodinout.net\/de\/?s={search_term_string}"},"query-input":"required name=search_term_string"}],"inLanguage":"de"}]}},"_links":{"self":[{"href":"https:\/\/woodinout.net\/de\/wp-json\/wp\/v2\/product\/21113"}],"collection":[{"href":"https:\/\/woodinout.net\/de\/wp-json\/wp\/v2\/product"}],"about":[{"href":"https:\/\/woodinout.net\/de\/wp-json\/wp\/v2\/types\/product"}],"wp:featuredmedia":[{"embeddable":true,"href":"https:\/\/woodinout.net\/de\/wp-json\/wp\/v2\/media\/17192"}],"wp:attachment":[{"href":"https:\/\/woodinout.net\/de\/wp-json\/wp\/v2\/media?parent=21113"}],"wp:term":[{"taxonomy":"product_cat","embeddable":true,"href":"https:\/\/woodinout.net\/de\/wp-json\/wp\/v2\/product_cat?post=21113"},{"taxonomy":"product_tag","embeddable":true,"href":"https:\/\/woodinout.net\/de\/wp-json\/wp\/v2\/product_tag?post=21113"}],"curies":[{"name":"wp","href":"https:\/\/api.w.org\/{rel}","templated":true}]}}