{"id":21097,"date":"2018-07-23T16:01:24","date_gmt":"2018-07-23T13:01:24","guid":{"rendered":"https:\/\/woodinout.net\/product\/hoelzernes-namenspuzzle\/"},"modified":"2022-04-28T11:36:51","modified_gmt":"2022-04-28T08:36:51","slug":"natur-holz-namens-puzzle","status":"publish","type":"product","link":"https:\/\/woodinout.net\/de\/product\/natur-holz-namens-puzzle\/","title":{"rendered":"H\u00f6lzernes Namenspuzzle"},"content":{"rendered":"<p>WENN SIE AUF DER SUCHE SIND NACH:<\/p>\n<p>Nat\u00fcrliches H\u00f6lzernes Namenspuzzle? Nat\u00fcrliches, umweltfreundliches Spielzeug? Kleines M\u00e4dchen oder kleiner Junge Weihnachtsgeschenk? Geburtstagsgeschenk f\u00fcr Kleinkind? Personalisiertes Geschenk? Individuelles Kinderzimmerdekor?<\/p>\n<p>SIE SIND AUF EINEM GUTEN WEG! \ud83d\ude42<\/p>\n<p>Dieses Namenspuzzle ist ein perfektes Geschenk f\u00fcr Ihr geliebtes Baby. Buchstaben des Namens lassen Ihr Kind erste Schritte zum Lesenlernen machen. Um Ihr Lernspielzeug pers\u00f6nlicher zu gestalten, k\u00f6nnen Sie gerne eine kurze Nachricht hinterlassen, die auf der R\u00fcckseite des Puzzles eingraviert werden kann. Wir sind sicher, dass ein solches h\u00f6lzernes Namenspuzzle jahrelang halten wird und viele gute Erinnerungen bringen wird.<br \/>\nVorteile, die Sie erwarten k\u00f6nnen &#8211; Ihr Baby wird die motorischen F\u00e4higkeiten verbessern, indem es jeden Buchstaben greift und an ein geeignetes Loch legt, separate Farben beginnt und versucht, seinen Namen zu buchstabieren.<\/p>\n<p>WEITERE PERSONALISIERTE ARTIKEL FINDEN SIE <a href=\"https:\/\/woodinout.net\/product-tag\/kids-presents\/\">HIER.<\/a><\/p>\n<p>Holzpuzzle ist aus NAT\u00dcRLICHEM MASSIVHOLZ gefertigt!<\/p>\n<p>Die Gr\u00f6\u00dfe des h\u00f6lzernen Namenspuzzles:<br \/>\nH\u00f6he &#8211; 12 cm (~ 4,7 Zoll), L\u00e4nge &#8211; abh\u00e4ngig von der Buchstabenmenge, Dicke &#8211; ~ 2 cm (0,8 Zoll).<br \/>\nTiefe der Tasche: 1 cm (0,4 Zoll).<br \/>\nAbmessungen der Buchstaben (H\u00f6he x Dicke): 7 cm (~ 2,7 Zoll) x 2 cm (~ 0,8 Zoll) &#8211; (Breite h\u00e4ngt von der Form des Buchstabens ab).<br \/>\nJeder Buchstabe wird sorgf\u00e4ltig von Hand mit umweltfreundlicher Tinte bemalt.<\/p>\n<p>Bitte beachten Sie, dass die Farben aufgrund der Einstellungen und der Beleuchtung des Computermonitors variieren k\u00f6nnen.<\/p>\n<p>Wir lieben Sonderanfertigungen, wenn Sie also nicht finden k\u00f6nnen, was Sie wollen, kontaktieren Sie uns bitte direkt.<\/p>\n<p>F\u00fcr weitere Ideen folgen Sie uns auf <a href=\"https:\/\/www.instagram.com\/woodinout\/\">INSTAGRAM<\/a> &amp; <a href=\"https:\/\/www.facebook.com\/Woodinout.net\">FACEBOOK<\/a><\/p>\n","protected":false},"excerpt":{"rendered":"<p>WENN SIE AUF DER SUCHE SIND NACH: Nat\u00fcrliches H\u00f6lzernes Namenspuzzle? Nat\u00fcrliches, umweltfreundliches Spielzeug? Kleines M\u00e4dchen oder kleiner Junge Weihnachtsgeschenk? Geburtstagsgeschenk f\u00fcr Kleinkind? Personalisiertes Geschenk? Individuelles Kinderzimmerdekor? SIE SIND AUF EINEM GUTEN WEG! \ud83d\ude42 Dieses Namenspuzzle ist ein perfektes Geschenk f\u00fcr Ihr geliebtes Baby. Buchstaben des Namens lassen Ihr Kind erste Schritte zum Lesenlernen machen. Um [&hellip;]<\/p>\n","protected":false},"featured_media":16872,"template":"","meta":{"_monsterinsights_skip_tracking":false,"_monsterinsights_sitenote_active":false,"_monsterinsights_sitenote_note":"","_monsterinsights_sitenote_category":0},"product_cat":[1407,1355,1406],"product_tag":[1415,1964,1410,1963,1358,1367,1368,1366,1361,1360,1363,1409,1962,1414,1412,1965,1408,1413],"yoast_head":"<!-- This site is optimized with the Yoast SEO plugin v22.1 - https:\/\/yoast.com\/wordpress\/plugins\/seo\/ -->\n<title>H\u00f6lzernes Namenspuzzle - Woodinout \u00a9 Montessori Spielzeug Shop<\/title>\n<meta name=\"description\" content=\"Perfektes Kindergeschenk - Montessori inspiriertes Custom Name Puzzle. Handgefertigt, umweltfreundlich, sicher f\u00fcr Baby und Kleinkind. Aus Massivholz.\" \/>\n<meta name=\"robots\" content=\"index, follow, max-snippet:-1, max-image-preview:large, max-video-preview:-1\" \/>\n<link rel=\"canonical\" href=\"https:\/\/woodinout.net\/de\/product\/natur-holz-namens-puzzle\/\" \/>\n<meta property=\"og:locale\" content=\"de_DE\" \/>\n<meta property=\"og:type\" content=\"article\" \/>\n<meta property=\"og:title\" content=\"H\u00f6lzernes Namenspuzzle - Woodinout \u00a9 Montessori Spielzeug Shop\" \/>\n<meta property=\"og:description\" content=\"Perfektes Kindergeschenk - Montessori inspiriertes Custom Name Puzzle. Handgefertigt, umweltfreundlich, sicher f\u00fcr Baby und Kleinkind. Aus Massivholz.\" \/>\n<meta property=\"og:url\" content=\"https:\/\/woodinout.net\/de\/product\/natur-holz-namens-puzzle\/\" \/>\n<meta property=\"og:site_name\" content=\"Woodinout \u00a9\" \/>\n<meta property=\"article:modified_time\" content=\"2022-04-28T08:36:51+00:00\" \/>\n<meta property=\"og:image\" content=\"https:\/\/woodinout.net\/wp-content\/uploads\/2018\/07\/MAX-1-NXPowerLite-Copy-scaled.jpg\" \/>\n\t<meta property=\"og:image:width\" content=\"1707\" \/>\n\t<meta property=\"og:image:height\" content=\"2560\" \/>\n\t<meta property=\"og:image:type\" content=\"image\/jpeg\" \/>\n<meta name=\"twitter:card\" content=\"summary_large_image\" \/>\n<meta name=\"twitter:label1\" content=\"Gesch\u00e4tzte Lesezeit\" \/>\n\t<meta name=\"twitter:data1\" content=\"1\u00a0Minute\" \/>\n<script type=\"application\/ld+json\" class=\"yoast-schema-graph\">{\"@context\":\"https:\/\/schema.org\",\"@graph\":[{\"@type\":\"WebPage\",\"@id\":\"https:\/\/woodinout.net\/de\/product\/natur-holz-namens-puzzle\/\",\"url\":\"https:\/\/woodinout.net\/de\/product\/natur-holz-namens-puzzle\/\",\"name\":\"H\u00f6lzernes Namenspuzzle - Woodinout \u00a9 Montessori Spielzeug Shop\",\"isPartOf\":{\"@id\":\"https:\/\/woodinout.net\/de\/#website\"},\"datePublished\":\"2018-07-23T13:01:24+00:00\",\"dateModified\":\"2022-04-28T08:36:51+00:00\",\"description\":\"Perfektes Kindergeschenk - Montessori inspiriertes Custom Name Puzzle. Handgefertigt, umweltfreundlich, sicher f\u00fcr Baby und Kleinkind. Aus Massivholz.\",\"breadcrumb\":{\"@id\":\"https:\/\/woodinout.net\/de\/product\/natur-holz-namens-puzzle\/#breadcrumb\"},\"inLanguage\":\"de\",\"potentialAction\":[{\"@type\":\"ReadAction\",\"target\":[\"https:\/\/woodinout.net\/de\/product\/natur-holz-namens-puzzle\/\"]}]},{\"@type\":\"BreadcrumbList\",\"@id\":\"https:\/\/woodinout.net\/de\/product\/natur-holz-namens-puzzle\/#breadcrumb\",\"itemListElement\":[{\"@type\":\"ListItem\",\"position\":1,\"name\":\"Home\",\"item\":\"https:\/\/woodinout.net\/de\/\"},{\"@type\":\"ListItem\",\"position\":2,\"name\":\"Shop\",\"item\":\"https:\/\/woodinout.net\/shop\/\"},{\"@type\":\"ListItem\",\"position\":3,\"name\":\"H\u00f6lzernes Namenspuzzle\"}]},{\"@type\":\"WebSite\",\"@id\":\"https:\/\/woodinout.net\/de\/#website\",\"url\":\"https:\/\/woodinout.net\/de\/\",\"name\":\"Woodinout \u00a9\",\"description\":\"Wooden Montessori toys, gifts, home and events decor details\",\"potentialAction\":[{\"@type\":\"SearchAction\",\"target\":{\"@type\":\"EntryPoint\",\"urlTemplate\":\"https:\/\/woodinout.net\/de\/?s={search_term_string}\"},\"query-input\":\"required name=search_term_string\"}],\"inLanguage\":\"de\"}]}<\/script>\n<!-- \/ Yoast SEO plugin. -->","yoast_head_json":{"title":"H\u00f6lzernes Namenspuzzle - Woodinout \u00a9 Montessori Spielzeug Shop","description":"Perfektes Kindergeschenk - Montessori inspiriertes Custom Name Puzzle. Handgefertigt, umweltfreundlich, sicher f\u00fcr Baby und Kleinkind. Aus Massivholz.","robots":{"index":"index","follow":"follow","max-snippet":"max-snippet:-1","max-image-preview":"max-image-preview:large","max-video-preview":"max-video-preview:-1"},"canonical":"https:\/\/woodinout.net\/de\/product\/natur-holz-namens-puzzle\/","og_locale":"de_DE","og_type":"article","og_title":"H\u00f6lzernes Namenspuzzle - Woodinout \u00a9 Montessori Spielzeug Shop","og_description":"Perfektes Kindergeschenk - Montessori inspiriertes Custom Name Puzzle. Handgefertigt, umweltfreundlich, sicher f\u00fcr Baby und Kleinkind. Aus Massivholz.","og_url":"https:\/\/woodinout.net\/de\/product\/natur-holz-namens-puzzle\/","og_site_name":"Woodinout \u00a9","article_modified_time":"2022-04-28T08:36:51+00:00","og_image":[{"width":1707,"height":2560,"url":"https:\/\/woodinout.net\/wp-content\/uploads\/2018\/07\/MAX-1-NXPowerLite-Copy-scaled.jpg","type":"image\/jpeg"}],"twitter_card":"summary_large_image","twitter_misc":{"Gesch\u00e4tzte Lesezeit":"1\u00a0Minute"},"schema":{"@context":"https:\/\/schema.org","@graph":[{"@type":"WebPage","@id":"https:\/\/woodinout.net\/de\/product\/natur-holz-namens-puzzle\/","url":"https:\/\/woodinout.net\/de\/product\/natur-holz-namens-puzzle\/","name":"H\u00f6lzernes Namenspuzzle - Woodinout \u00a9 Montessori Spielzeug Shop","isPartOf":{"@id":"https:\/\/woodinout.net\/de\/#website"},"datePublished":"2018-07-23T13:01:24+00:00","dateModified":"2022-04-28T08:36:51+00:00","description":"Perfektes Kindergeschenk - Montessori inspiriertes Custom Name Puzzle. Handgefertigt, umweltfreundlich, sicher f\u00fcr Baby und Kleinkind. Aus Massivholz.","breadcrumb":{"@id":"https:\/\/woodinout.net\/de\/product\/natur-holz-namens-puzzle\/#breadcrumb"},"inLanguage":"de","potentialAction":[{"@type":"ReadAction","target":["https:\/\/woodinout.net\/de\/product\/natur-holz-namens-puzzle\/"]}]},{"@type":"BreadcrumbList","@id":"https:\/\/woodinout.net\/de\/product\/natur-holz-namens-puzzle\/#breadcrumb","itemListElement":[{"@type":"ListItem","position":1,"name":"Home","item":"https:\/\/woodinout.net\/de\/"},{"@type":"ListItem","position":2,"name":"Shop","item":"https:\/\/woodinout.net\/shop\/"},{"@type":"ListItem","position":3,"name":"H\u00f6lzernes Namenspuzzle"}]},{"@type":"WebSite","@id":"https:\/\/woodinout.net\/de\/#website","url":"https:\/\/woodinout.net\/de\/","name":"Woodinout \u00a9","description":"Wooden Montessori toys, gifts, home and events decor details","potentialAction":[{"@type":"SearchAction","target":{"@type":"EntryPoint","urlTemplate":"https:\/\/woodinout.net\/de\/?s={search_term_string}"},"query-input":"required name=search_term_string"}],"inLanguage":"de"}]}},"_links":{"self":[{"href":"https:\/\/woodinout.net\/de\/wp-json\/wp\/v2\/product\/21097"}],"collection":[{"href":"https:\/\/woodinout.net\/de\/wp-json\/wp\/v2\/product"}],"about":[{"href":"https:\/\/woodinout.net\/de\/wp-json\/wp\/v2\/types\/product"}],"wp:featuredmedia":[{"embeddable":true,"href":"https:\/\/woodinout.net\/de\/wp-json\/wp\/v2\/media\/16872"}],"wp:attachment":[{"href":"https:\/\/woodinout.net\/de\/wp-json\/wp\/v2\/media?parent=21097"}],"wp:term":[{"taxonomy":"product_cat","embeddable":true,"href":"https:\/\/woodinout.net\/de\/wp-json\/wp\/v2\/product_cat?post=21097"},{"taxonomy":"product_tag","embeddable":true,"href":"https:\/\/woodinout.net\/de\/wp-json\/wp\/v2\/product_tag?post=21097"}],"curies":[{"name":"wp","href":"https:\/\/api.w.org\/{rel}","templated":true}]}}