{"id":21095,"date":"2020-06-20T22:50:21","date_gmt":"2020-06-20T19:50:21","guid":{"rendered":"https:\/\/woodinout.net\/product\/hoelzernes-zahlenpuzzle\/"},"modified":"2022-04-28T11:30:20","modified_gmt":"2022-04-28T08:30:20","slug":"holzpuzzle-fur-zahlen-und-zahlen","status":"publish","type":"product","link":"https:\/\/woodinout.net\/de\/product\/holzpuzzle-fur-zahlen-und-zahlen\/","title":{"rendered":"H\u00f6lzernes Zahlenpuzzle"},"content":{"rendered":"<p>H\u00f6lzernes Zahlenpuzzle, das f\u00fcr Kinder entwickelt wurde, um auf unterhaltsame Weise zu lernen. Unser Montessori-inspiriertes Mathe-Puzzle ist eine andere Art, Zahlen und Z\u00e4hlen zu lernen. Holznummern sind ein tolles Geschenk f\u00fcr Kinder. Wir werden Ihre gew\u00fcnschte Nachricht auf die R\u00fcckseite gravieren, wenn Sie es zu einem personalisierten Geschenk machen m\u00f6chten. Dieses Holzpuzzle ist auch eine gute Erg\u00e4nzung zu fr\u00fchen Baby-Mathematerialien &#8211; fr\u00fcher ist besser. Um Eltern gl\u00fccklich zu machen, ist das Lernen von Spielzeug als Kindergeschenke das, was sie wirklich sch\u00e4tzen. Lernspielzeug ist die Antwort auf n\u00fctzliche und wertvolle Zeit.<\/p>\n<p>Weitere Montessori-inspirierte Babygeschenke finden Sie <a href=\"https:\/\/woodinout.net\/product-category\/wooden-toys\/baby-toys\/\">HIER.<\/a><\/p>\n<p>Kit enth\u00e4lt aus:<br \/>\nZahlen Puzzle Brett<br \/>\nZahlen von 0 bis 9<\/p>\n<p>DIMENSIONEN<br \/>\nBrett<br \/>\nH\u00f6he: ~ 6 Zoll<br \/>\nL\u00e4nge: ~ 10 Zoll<br \/>\nPlatinendicke: ~ 0,6 Zoll<\/p>\n<p>Zahlen<br \/>\nH\u00f6he: ~ 2,7 Zoll<br \/>\nDicke: ~ 0,6 Zoll<\/p>\n<p>FARBEN UND MATERIAL<br \/>\nFarbe: dunkelbraun oder nat\u00fcrlich ge\u00f6lt.<br \/>\nDas Spielzeug besteht aus NAT\u00dcRLICHEM MASSIVHOLZ und umweltfreundlichen Farben \/ \u00d6len.<br \/>\nBitte beachten Sie, dass die Farben aufgrund der Einstellungen und der Beleuchtung des Computermonitors variieren k\u00f6nnen.<\/p>\n<p>F\u00fcr weitere Ideen folgen Sie uns auf <a href=\"https:\/\/www.instagram.com\/woodinout\/\">INSTAGRAM<\/a> &amp; <a href=\"https:\/\/www.facebook.com\/Woodinout.net\">FACEBOOK<\/a><\/p>\n","protected":false},"excerpt":{"rendered":"<p>H\u00f6lzernes Zahlenpuzzle, das f\u00fcr Kinder entwickelt wurde, um auf unterhaltsame Weise zu lernen. Unser Montessori-inspiriertes Mathe-Puzzle ist eine andere Art, Zahlen und Z\u00e4hlen zu lernen. Holznummern sind ein tolles Geschenk f\u00fcr Kinder. Wir werden Ihre gew\u00fcnschte Nachricht auf die R\u00fcckseite gravieren, wenn Sie es zu einem personalisierten Geschenk machen m\u00f6chten. Dieses Holzpuzzle ist auch eine [&hellip;]<\/p>\n","protected":false},"featured_media":17072,"template":"","meta":{"_monsterinsights_skip_tracking":false,"_monsterinsights_sitenote_active":false,"_monsterinsights_sitenote_note":"","_monsterinsights_sitenote_category":0},"product_cat":[1355,1406],"product_tag":[1358,1369,1367,1368,1366,1361,1360,1386,1387,1371,1373,1388,1363],"yoast_head":"<!-- This site is optimized with the Yoast SEO plugin v22.1 - https:\/\/yoast.com\/wordpress\/plugins\/seo\/ -->\n<title>H\u00f6lzernes Zahlenpuzzle - Woodinout \u00a9 Montessori math materials<\/title>\n<meta name=\"description\" content=\"Lernen Sie Zahlen und Z\u00e4hlen auf unterhaltsame Weise mit diesem nat\u00fcrlichen H\u00f6lzernen Zahlenpuzzle. Montessori-Mathematerial f\u00fcr Wertvolle Familienzeit.\" \/>\n<meta name=\"robots\" content=\"index, follow, max-snippet:-1, max-image-preview:large, max-video-preview:-1\" \/>\n<link rel=\"canonical\" href=\"https:\/\/woodinout.net\/de\/product\/holzpuzzle-fur-zahlen-und-zahlen\/\" \/>\n<meta property=\"og:locale\" content=\"de_DE\" \/>\n<meta property=\"og:type\" content=\"article\" \/>\n<meta property=\"og:title\" content=\"H\u00f6lzernes Zahlenpuzzle - Woodinout \u00a9 Montessori math materials\" \/>\n<meta property=\"og:description\" content=\"Lernen Sie Zahlen und Z\u00e4hlen auf unterhaltsame Weise mit diesem nat\u00fcrlichen H\u00f6lzernen Zahlenpuzzle. Montessori-Mathematerial f\u00fcr Wertvolle Familienzeit.\" \/>\n<meta property=\"og:url\" content=\"https:\/\/woodinout.net\/de\/product\/holzpuzzle-fur-zahlen-und-zahlen\/\" \/>\n<meta property=\"og:site_name\" content=\"Woodinout \u00a9\" \/>\n<meta property=\"article:modified_time\" content=\"2022-04-28T08:30:20+00:00\" \/>\n<meta property=\"og:image\" content=\"https:\/\/woodinout.net\/wp-content\/uploads\/2020\/06\/Wooden-puzzle-for-numbers-and-counting-3.jpg\" \/>\n\t<meta property=\"og:image:width\" content=\"853\" \/>\n\t<meta property=\"og:image:height\" content=\"1280\" \/>\n\t<meta property=\"og:image:type\" content=\"image\/jpeg\" \/>\n<meta name=\"twitter:card\" content=\"summary_large_image\" \/>\n<meta name=\"twitter:label1\" content=\"Gesch\u00e4tzte Lesezeit\" \/>\n\t<meta name=\"twitter:data1\" content=\"1\u00a0Minute\" \/>\n<script type=\"application\/ld+json\" class=\"yoast-schema-graph\">{\"@context\":\"https:\/\/schema.org\",\"@graph\":[{\"@type\":\"WebPage\",\"@id\":\"https:\/\/woodinout.net\/de\/product\/holzpuzzle-fur-zahlen-und-zahlen\/\",\"url\":\"https:\/\/woodinout.net\/de\/product\/holzpuzzle-fur-zahlen-und-zahlen\/\",\"name\":\"H\u00f6lzernes Zahlenpuzzle - Woodinout \u00a9 Montessori math materials\",\"isPartOf\":{\"@id\":\"https:\/\/woodinout.net\/de\/#website\"},\"datePublished\":\"2020-06-20T19:50:21+00:00\",\"dateModified\":\"2022-04-28T08:30:20+00:00\",\"description\":\"Lernen Sie Zahlen und Z\u00e4hlen auf unterhaltsame Weise mit diesem nat\u00fcrlichen H\u00f6lzernen Zahlenpuzzle. Montessori-Mathematerial f\u00fcr Wertvolle Familienzeit.\",\"breadcrumb\":{\"@id\":\"https:\/\/woodinout.net\/de\/product\/holzpuzzle-fur-zahlen-und-zahlen\/#breadcrumb\"},\"inLanguage\":\"de\",\"potentialAction\":[{\"@type\":\"ReadAction\",\"target\":[\"https:\/\/woodinout.net\/de\/product\/holzpuzzle-fur-zahlen-und-zahlen\/\"]}]},{\"@type\":\"BreadcrumbList\",\"@id\":\"https:\/\/woodinout.net\/de\/product\/holzpuzzle-fur-zahlen-und-zahlen\/#breadcrumb\",\"itemListElement\":[{\"@type\":\"ListItem\",\"position\":1,\"name\":\"Home\",\"item\":\"https:\/\/woodinout.net\/de\/\"},{\"@type\":\"ListItem\",\"position\":2,\"name\":\"Shop\",\"item\":\"https:\/\/woodinout.net\/shop\/\"},{\"@type\":\"ListItem\",\"position\":3,\"name\":\"H\u00f6lzernes Zahlenpuzzle\"}]},{\"@type\":\"WebSite\",\"@id\":\"https:\/\/woodinout.net\/de\/#website\",\"url\":\"https:\/\/woodinout.net\/de\/\",\"name\":\"Woodinout \u00a9\",\"description\":\"Wooden Montessori toys, gifts, home and events decor details\",\"potentialAction\":[{\"@type\":\"SearchAction\",\"target\":{\"@type\":\"EntryPoint\",\"urlTemplate\":\"https:\/\/woodinout.net\/de\/?s={search_term_string}\"},\"query-input\":\"required name=search_term_string\"}],\"inLanguage\":\"de\"}]}<\/script>\n<!-- \/ Yoast SEO plugin. -->","yoast_head_json":{"title":"H\u00f6lzernes Zahlenpuzzle - Woodinout \u00a9 Montessori math materials","description":"Lernen Sie Zahlen und Z\u00e4hlen auf unterhaltsame Weise mit diesem nat\u00fcrlichen H\u00f6lzernen Zahlenpuzzle. Montessori-Mathematerial f\u00fcr Wertvolle Familienzeit.","robots":{"index":"index","follow":"follow","max-snippet":"max-snippet:-1","max-image-preview":"max-image-preview:large","max-video-preview":"max-video-preview:-1"},"canonical":"https:\/\/woodinout.net\/de\/product\/holzpuzzle-fur-zahlen-und-zahlen\/","og_locale":"de_DE","og_type":"article","og_title":"H\u00f6lzernes Zahlenpuzzle - Woodinout \u00a9 Montessori math materials","og_description":"Lernen Sie Zahlen und Z\u00e4hlen auf unterhaltsame Weise mit diesem nat\u00fcrlichen H\u00f6lzernen Zahlenpuzzle. Montessori-Mathematerial f\u00fcr Wertvolle Familienzeit.","og_url":"https:\/\/woodinout.net\/de\/product\/holzpuzzle-fur-zahlen-und-zahlen\/","og_site_name":"Woodinout \u00a9","article_modified_time":"2022-04-28T08:30:20+00:00","og_image":[{"width":853,"height":1280,"url":"https:\/\/woodinout.net\/wp-content\/uploads\/2020\/06\/Wooden-puzzle-for-numbers-and-counting-3.jpg","type":"image\/jpeg"}],"twitter_card":"summary_large_image","twitter_misc":{"Gesch\u00e4tzte Lesezeit":"1\u00a0Minute"},"schema":{"@context":"https:\/\/schema.org","@graph":[{"@type":"WebPage","@id":"https:\/\/woodinout.net\/de\/product\/holzpuzzle-fur-zahlen-und-zahlen\/","url":"https:\/\/woodinout.net\/de\/product\/holzpuzzle-fur-zahlen-und-zahlen\/","name":"H\u00f6lzernes Zahlenpuzzle - Woodinout \u00a9 Montessori math materials","isPartOf":{"@id":"https:\/\/woodinout.net\/de\/#website"},"datePublished":"2020-06-20T19:50:21+00:00","dateModified":"2022-04-28T08:30:20+00:00","description":"Lernen Sie Zahlen und Z\u00e4hlen auf unterhaltsame Weise mit diesem nat\u00fcrlichen H\u00f6lzernen Zahlenpuzzle. Montessori-Mathematerial f\u00fcr Wertvolle Familienzeit.","breadcrumb":{"@id":"https:\/\/woodinout.net\/de\/product\/holzpuzzle-fur-zahlen-und-zahlen\/#breadcrumb"},"inLanguage":"de","potentialAction":[{"@type":"ReadAction","target":["https:\/\/woodinout.net\/de\/product\/holzpuzzle-fur-zahlen-und-zahlen\/"]}]},{"@type":"BreadcrumbList","@id":"https:\/\/woodinout.net\/de\/product\/holzpuzzle-fur-zahlen-und-zahlen\/#breadcrumb","itemListElement":[{"@type":"ListItem","position":1,"name":"Home","item":"https:\/\/woodinout.net\/de\/"},{"@type":"ListItem","position":2,"name":"Shop","item":"https:\/\/woodinout.net\/shop\/"},{"@type":"ListItem","position":3,"name":"H\u00f6lzernes Zahlenpuzzle"}]},{"@type":"WebSite","@id":"https:\/\/woodinout.net\/de\/#website","url":"https:\/\/woodinout.net\/de\/","name":"Woodinout \u00a9","description":"Wooden Montessori toys, gifts, home and events decor details","potentialAction":[{"@type":"SearchAction","target":{"@type":"EntryPoint","urlTemplate":"https:\/\/woodinout.net\/de\/?s={search_term_string}"},"query-input":"required name=search_term_string"}],"inLanguage":"de"}]}},"_links":{"self":[{"href":"https:\/\/woodinout.net\/de\/wp-json\/wp\/v2\/product\/21095"}],"collection":[{"href":"https:\/\/woodinout.net\/de\/wp-json\/wp\/v2\/product"}],"about":[{"href":"https:\/\/woodinout.net\/de\/wp-json\/wp\/v2\/types\/product"}],"wp:featuredmedia":[{"embeddable":true,"href":"https:\/\/woodinout.net\/de\/wp-json\/wp\/v2\/media\/17072"}],"wp:attachment":[{"href":"https:\/\/woodinout.net\/de\/wp-json\/wp\/v2\/media?parent=21095"}],"wp:term":[{"taxonomy":"product_cat","embeddable":true,"href":"https:\/\/woodinout.net\/de\/wp-json\/wp\/v2\/product_cat?post=21095"},{"taxonomy":"product_tag","embeddable":true,"href":"https:\/\/woodinout.net\/de\/wp-json\/wp\/v2\/product_tag?post=21095"}],"curies":[{"name":"wp","href":"https:\/\/api.w.org\/{rel}","templated":true}]}}