{"id":21094,"date":"2020-06-20T23:39:42","date_gmt":"2020-06-20T20:39:42","guid":{"rendered":"https:\/\/woodinout.net\/product\/hoelzerne-nummernbloecke\/"},"modified":"2022-04-22T14:05:26","modified_gmt":"2022-04-22T11:05:26","slug":"holz-nummernblocke","status":"publish","type":"product","link":"https:\/\/woodinout.net\/de\/product\/holz-nummernblocke\/","title":{"rendered":"H\u00f6lzerne Nummernbl\u00f6cke"},"content":{"rendered":"<h1>H\u00f6lzerne Nummernbl\u00f6cke<\/h1>\n<p>Auf der Suche nach einzigartigen Kindergeschenken? H\u00f6lzerne Nummernbl\u00f6cke sind sowohl lehrreich als auch stilvoll. Weltweit bekannte Waldorf &#8211; Montessori-Spielzeuge sind eine einfache und unterhaltsame M\u00f6glichkeit, Zahlen und Z\u00e4hlen zu lernen und k\u00f6nnen auch f\u00fcr viele andere Aktivit\u00e4ten f\u00fcr Kinder verwendet werden. Montessori Holzspielzeug macht Homeschool EINFACH. Vertrau mir, Kinder lieben es.<\/p>\n<p>Viel spannender ist das Z\u00e4hlen mit h\u00f6lzernen Zahlenbl\u00f6cken. Kompatibel mit unseren Lernspielen, die wir lieber als <a href=\"http:\/\/woodinout.net\/product-tag\/math-manipulatives\/\">mathematische Manipulative<\/a> wie Ten Frame 2&#215;5 oder 3&#215;5 verwenden.<\/p>\n<p>LERNSPIELE sind in den Augen eines Kindes immer noch SPIELZEUG. Unsere handgefertigten h\u00f6lzernen Vorschulspielzeuge sind nicht nur perfekte Geschenke f\u00fcr Kinder, sondern sehen auch sehr gut aus. Deshalb auch von den Eltern sehr gesch\u00e4tzt.<\/p>\n<p>Kit enth\u00e4lt aus:<br \/>\n20 Stk. Sperrholz-Nummernbl\u00f6cke<br \/>\n3 Symbole (-+=)<\/p>\n<p>DIMENSIONEN<\/p>\n<p>H\u00f6he: ~ 1,8 Zoll<br \/>\nL\u00e4nge: ~ 1,8 Zoll<br \/>\nDicke: ~ 0,12 Zoll<\/p>\n<p>FARBEN UND MATERIAL<br \/>\nFarbe: nat\u00fcrlich.<br \/>\nSpielzeug ist aus Sperrholz.<br \/>\nBitte beachten Sie, dass die Farben aufgrund der Einstellungen und der Beleuchtung des Computermonitors variieren k\u00f6nnen.<\/p>\n","protected":false},"excerpt":{"rendered":"<p>H\u00f6lzerne Nummernbl\u00f6cke Auf der Suche nach einzigartigen Kindergeschenken? H\u00f6lzerne Nummernbl\u00f6cke sind sowohl lehrreich als auch stilvoll. Weltweit bekannte Waldorf &#8211; Montessori-Spielzeuge sind eine einfache und unterhaltsame M\u00f6glichkeit, Zahlen und Z\u00e4hlen zu lernen und k\u00f6nnen auch f\u00fcr viele andere Aktivit\u00e4ten f\u00fcr Kinder verwendet werden. Montessori Holzspielzeug macht Homeschool EINFACH. Vertrau mir, Kinder lieben es. Viel spannender [&hellip;]<\/p>\n","protected":false},"featured_media":17400,"template":"","meta":{"_monsterinsights_skip_tracking":false,"_monsterinsights_sitenote_active":false,"_monsterinsights_sitenote_note":"","_monsterinsights_sitenote_category":0},"product_cat":[1355,1362],"product_tag":[1381,1358,1367,1368,1366,1361,1360,1386,1387,1371,1388,1363,1372],"yoast_head":"<!-- This site is optimized with the Yoast SEO plugin v22.1 - https:\/\/yoast.com\/wordpress\/plugins\/seo\/ -->\n<title>H\u00f6lzerne Nummernbl\u00f6cke - Woodinout \u00a9 Montessori Spielzeug<\/title>\n<meta name=\"description\" content=\"Bringen Sie Kindern Mathematik, Zahlen und Z\u00e4hlen auf unterhaltsame Weise bei. Entwickeln Sie auch kleinkindliche motorische F\u00e4higkeiten und spielen Sie mit stilvollen handgefertigten Holzbl\u00f6cken.\" \/>\n<meta name=\"robots\" content=\"index, follow, max-snippet:-1, max-image-preview:large, max-video-preview:-1\" \/>\n<link rel=\"canonical\" href=\"https:\/\/woodinout.net\/de\/product\/holz-nummernblocke\/\" \/>\n<meta property=\"og:locale\" content=\"de_DE\" \/>\n<meta property=\"og:type\" content=\"article\" \/>\n<meta property=\"og:title\" content=\"H\u00f6lzerne Nummernbl\u00f6cke - Woodinout \u00a9 Montessori Spielzeug\" \/>\n<meta property=\"og:description\" content=\"Bringen Sie Kindern Mathematik, Zahlen und Z\u00e4hlen auf unterhaltsame Weise bei. Entwickeln Sie auch kleinkindliche motorische F\u00e4higkeiten und spielen Sie mit stilvollen handgefertigten Holzbl\u00f6cken.\" \/>\n<meta property=\"og:url\" content=\"https:\/\/woodinout.net\/de\/product\/holz-nummernblocke\/\" \/>\n<meta property=\"og:site_name\" content=\"Woodinout \u00a9\" \/>\n<meta property=\"article:modified_time\" content=\"2022-04-22T11:05:26+00:00\" \/>\n<meta property=\"og:image\" content=\"https:\/\/woodinout.net\/wp-content\/uploads\/2020\/06\/Wood-numbers-and-counting-wood-blocks-plywood.jpg\" \/>\n\t<meta property=\"og:image:width\" content=\"853\" \/>\n\t<meta property=\"og:image:height\" content=\"1280\" \/>\n\t<meta property=\"og:image:type\" content=\"image\/jpeg\" \/>\n<meta name=\"twitter:card\" content=\"summary_large_image\" \/>\n<meta name=\"twitter:label1\" content=\"Gesch\u00e4tzte Lesezeit\" \/>\n\t<meta name=\"twitter:data1\" content=\"1\u00a0Minute\" \/>\n<script type=\"application\/ld+json\" class=\"yoast-schema-graph\">{\"@context\":\"https:\/\/schema.org\",\"@graph\":[{\"@type\":\"WebPage\",\"@id\":\"https:\/\/woodinout.net\/de\/product\/holz-nummernblocke\/\",\"url\":\"https:\/\/woodinout.net\/de\/product\/holz-nummernblocke\/\",\"name\":\"H\u00f6lzerne Nummernbl\u00f6cke - Woodinout \u00a9 Montessori Spielzeug\",\"isPartOf\":{\"@id\":\"https:\/\/woodinout.net\/de\/#website\"},\"datePublished\":\"2020-06-20T20:39:42+00:00\",\"dateModified\":\"2022-04-22T11:05:26+00:00\",\"description\":\"Bringen Sie Kindern Mathematik, Zahlen und Z\u00e4hlen auf unterhaltsame Weise bei. Entwickeln Sie auch kleinkindliche motorische F\u00e4higkeiten und spielen Sie mit stilvollen handgefertigten Holzbl\u00f6cken.\",\"breadcrumb\":{\"@id\":\"https:\/\/woodinout.net\/de\/product\/holz-nummernblocke\/#breadcrumb\"},\"inLanguage\":\"de\",\"potentialAction\":[{\"@type\":\"ReadAction\",\"target\":[\"https:\/\/woodinout.net\/de\/product\/holz-nummernblocke\/\"]}]},{\"@type\":\"BreadcrumbList\",\"@id\":\"https:\/\/woodinout.net\/de\/product\/holz-nummernblocke\/#breadcrumb\",\"itemListElement\":[{\"@type\":\"ListItem\",\"position\":1,\"name\":\"Home\",\"item\":\"https:\/\/woodinout.net\/de\/\"},{\"@type\":\"ListItem\",\"position\":2,\"name\":\"Shop\",\"item\":\"https:\/\/woodinout.net\/shop\/\"},{\"@type\":\"ListItem\",\"position\":3,\"name\":\"H\u00f6lzerne Nummernbl\u00f6cke\"}]},{\"@type\":\"WebSite\",\"@id\":\"https:\/\/woodinout.net\/de\/#website\",\"url\":\"https:\/\/woodinout.net\/de\/\",\"name\":\"Woodinout \u00a9\",\"description\":\"Wooden Montessori toys, gifts, home and events decor details\",\"potentialAction\":[{\"@type\":\"SearchAction\",\"target\":{\"@type\":\"EntryPoint\",\"urlTemplate\":\"https:\/\/woodinout.net\/de\/?s={search_term_string}\"},\"query-input\":\"required name=search_term_string\"}],\"inLanguage\":\"de\"}]}<\/script>\n<!-- \/ Yoast SEO plugin. -->","yoast_head_json":{"title":"H\u00f6lzerne Nummernbl\u00f6cke - Woodinout \u00a9 Montessori Spielzeug","description":"Bringen Sie Kindern Mathematik, Zahlen und Z\u00e4hlen auf unterhaltsame Weise bei. Entwickeln Sie auch kleinkindliche motorische F\u00e4higkeiten und spielen Sie mit stilvollen handgefertigten Holzbl\u00f6cken.","robots":{"index":"index","follow":"follow","max-snippet":"max-snippet:-1","max-image-preview":"max-image-preview:large","max-video-preview":"max-video-preview:-1"},"canonical":"https:\/\/woodinout.net\/de\/product\/holz-nummernblocke\/","og_locale":"de_DE","og_type":"article","og_title":"H\u00f6lzerne Nummernbl\u00f6cke - Woodinout \u00a9 Montessori Spielzeug","og_description":"Bringen Sie Kindern Mathematik, Zahlen und Z\u00e4hlen auf unterhaltsame Weise bei. Entwickeln Sie auch kleinkindliche motorische F\u00e4higkeiten und spielen Sie mit stilvollen handgefertigten Holzbl\u00f6cken.","og_url":"https:\/\/woodinout.net\/de\/product\/holz-nummernblocke\/","og_site_name":"Woodinout \u00a9","article_modified_time":"2022-04-22T11:05:26+00:00","og_image":[{"width":853,"height":1280,"url":"https:\/\/woodinout.net\/wp-content\/uploads\/2020\/06\/Wood-numbers-and-counting-wood-blocks-plywood.jpg","type":"image\/jpeg"}],"twitter_card":"summary_large_image","twitter_misc":{"Gesch\u00e4tzte Lesezeit":"1\u00a0Minute"},"schema":{"@context":"https:\/\/schema.org","@graph":[{"@type":"WebPage","@id":"https:\/\/woodinout.net\/de\/product\/holz-nummernblocke\/","url":"https:\/\/woodinout.net\/de\/product\/holz-nummernblocke\/","name":"H\u00f6lzerne Nummernbl\u00f6cke - Woodinout \u00a9 Montessori Spielzeug","isPartOf":{"@id":"https:\/\/woodinout.net\/de\/#website"},"datePublished":"2020-06-20T20:39:42+00:00","dateModified":"2022-04-22T11:05:26+00:00","description":"Bringen Sie Kindern Mathematik, Zahlen und Z\u00e4hlen auf unterhaltsame Weise bei. Entwickeln Sie auch kleinkindliche motorische F\u00e4higkeiten und spielen Sie mit stilvollen handgefertigten Holzbl\u00f6cken.","breadcrumb":{"@id":"https:\/\/woodinout.net\/de\/product\/holz-nummernblocke\/#breadcrumb"},"inLanguage":"de","potentialAction":[{"@type":"ReadAction","target":["https:\/\/woodinout.net\/de\/product\/holz-nummernblocke\/"]}]},{"@type":"BreadcrumbList","@id":"https:\/\/woodinout.net\/de\/product\/holz-nummernblocke\/#breadcrumb","itemListElement":[{"@type":"ListItem","position":1,"name":"Home","item":"https:\/\/woodinout.net\/de\/"},{"@type":"ListItem","position":2,"name":"Shop","item":"https:\/\/woodinout.net\/shop\/"},{"@type":"ListItem","position":3,"name":"H\u00f6lzerne Nummernbl\u00f6cke"}]},{"@type":"WebSite","@id":"https:\/\/woodinout.net\/de\/#website","url":"https:\/\/woodinout.net\/de\/","name":"Woodinout \u00a9","description":"Wooden Montessori toys, gifts, home and events decor details","potentialAction":[{"@type":"SearchAction","target":{"@type":"EntryPoint","urlTemplate":"https:\/\/woodinout.net\/de\/?s={search_term_string}"},"query-input":"required name=search_term_string"}],"inLanguage":"de"}]}},"_links":{"self":[{"href":"https:\/\/woodinout.net\/de\/wp-json\/wp\/v2\/product\/21094"}],"collection":[{"href":"https:\/\/woodinout.net\/de\/wp-json\/wp\/v2\/product"}],"about":[{"href":"https:\/\/woodinout.net\/de\/wp-json\/wp\/v2\/types\/product"}],"wp:featuredmedia":[{"embeddable":true,"href":"https:\/\/woodinout.net\/de\/wp-json\/wp\/v2\/media\/17400"}],"wp:attachment":[{"href":"https:\/\/woodinout.net\/de\/wp-json\/wp\/v2\/media?parent=21094"}],"wp:term":[{"taxonomy":"product_cat","embeddable":true,"href":"https:\/\/woodinout.net\/de\/wp-json\/wp\/v2\/product_cat?post=21094"},{"taxonomy":"product_tag","embeddable":true,"href":"https:\/\/woodinout.net\/de\/wp-json\/wp\/v2\/product_tag?post=21094"}],"curies":[{"name":"wp","href":"https:\/\/api.w.org\/{rel}","templated":true}]}}