{"id":20676,"date":"2021-03-19T13:15:22","date_gmt":"2021-03-19T11:15:22","guid":{"rendered":"https:\/\/woodinout.net\/product\/abc-zeichenbrett-quadratisch\/"},"modified":"2022-04-19T16:07:12","modified_gmt":"2022-04-19T13:07:12","slug":"abc-tracing-board-quadrat","status":"publish","type":"product","link":"https:\/\/woodinout.net\/de\/product\/abc-tracing-board-quadrat\/","title":{"rendered":"ABC Zeichenbrett (quadratisch)"},"content":{"rendered":"<p>Das Alphabet Montessori Zeichenbrett ist eine clevere M\u00f6glichkeit, Kindern das Schreiben beizubringen. Lernspielzeug ist immer noch Spielzeug, daher haben Kinder viel Spa\u00df und merken nicht einmal, dass sie lernen. Waldorfspielzeug ist aus gutem Grund eines der beliebtesten p\u00e4dagogischen Kindergeschenke. Arbeitsbl\u00e4tter zum Nachzeichnen von Kleinbuchstaben machen es lustig und EINFACH, Schreiben und Rechtschreibung zu lernen. Anstatt einer Tonne Vorschularbeitsbl\u00e4tter erhalten Sie eine stilvolle Alphabet-Zeichentafel von uns. Sorgf\u00e4ltig aus Massivholz handgefertigt, sind diese Holzbuchstaben nicht nur perfektes Lernspielzeug, sondern auch stilvolle Kinderzimmerdekoration. Machen Sie daraus ein personalisiertes Geschenk, indem Sie eine Nachricht hinterlassen, die auf der R\u00fcckseite graviert werden kann.<\/p>\n<p>Kit enth\u00e4lt aus:<br \/>\nZeichenbrett f\u00fcr ABC-Buchstaben<br \/>\nHolzstift<\/p>\n<p>Verbessert die motorischen F\u00e4higkeiten<\/p>\n<p>DIMENSIONEN<br \/>\nH\u00f6he: ~ 11 Zoll (28 cm)<br \/>\nL\u00e4nge: ~ 9,5 Zoll (24 cm)<br \/>\nBrettst\u00e4rke: ~0,6 Zoll (1,5 cm)<\/p>\n<p>FARBEN UND MATERIAL<br \/>\nUntergrund: braun oder natur ge\u00f6lt.<br \/>\nDas Spielzeug besteht aus NAT\u00dcRLICHEM MASSIVHOLZ und umweltfreundlichen Farben \/ \u00d6len.<br \/>\nBitte beachten Sie, dass die Farben aufgrund der Einstellungen und der Beleuchtung des Computermonitors variieren k\u00f6nnen.<\/p>\n<p>F\u00fcr weitere Ideen folgen Sie uns auf <a href=\"https:\/\/www.instagram.com\/woodinout\/\">INSTAGRAM<\/a> &amp; <a href=\"https:\/\/www.facebook.com\/Woodinout.net\">FACEBOOK<\/a><\/p>\n","protected":false},"excerpt":{"rendered":"<p>Das Alphabet Montessori Zeichenbrett ist eine clevere M\u00f6glichkeit, Kindern das Schreiben beizubringen. Lernspielzeug ist immer noch Spielzeug, daher haben Kinder viel Spa\u00df und merken nicht einmal, dass sie lernen. Waldorfspielzeug ist aus gutem Grund eines der beliebtesten p\u00e4dagogischen Kindergeschenke. Arbeitsbl\u00e4tter zum Nachzeichnen von Kleinbuchstaben machen es lustig und EINFACH, Schreiben und Rechtschreibung zu lernen. Anstatt [&hellip;]<\/p>\n","protected":false},"featured_media":19512,"template":"","meta":{"_monsterinsights_skip_tracking":false,"_monsterinsights_sitenote_active":false,"_monsterinsights_sitenote_note":"","_monsterinsights_sitenote_category":0},"product_cat":[1355,1405],"product_tag":[1358,1367,1368,1417,1366,1361,1360,1363,1416,1412,1413,1418],"yoast_head":"<!-- This site is optimized with the Yoast SEO plugin v22.1 - https:\/\/yoast.com\/wordpress\/plugins\/seo\/ -->\n<title>ABC Zeichenbrett (quadratisch) - Woodinout \u00a9 Lernspielzeug<\/title>\n<meta name=\"description\" content=\"Buchstabentafel nachzeichnen - keine Papierbl\u00e4tter mehr. Verwenden Sie dieses Holzbrett so oft Sie wollen. Weltweiter Versand. H\u00f6chste Premium-Qualit\u00e4t.\" \/>\n<meta name=\"robots\" content=\"index, follow, max-snippet:-1, max-image-preview:large, max-video-preview:-1\" \/>\n<link rel=\"canonical\" href=\"https:\/\/woodinout.net\/de\/product\/abc-tracing-board-quadrat\/\" \/>\n<meta property=\"og:locale\" content=\"de_DE\" \/>\n<meta property=\"og:type\" content=\"article\" \/>\n<meta property=\"og:title\" content=\"ABC Zeichenbrett (quadratisch) - Woodinout \u00a9 Lernspielzeug\" \/>\n<meta property=\"og:description\" content=\"Buchstabentafel nachzeichnen - keine Papierbl\u00e4tter mehr. Verwenden Sie dieses Holzbrett so oft Sie wollen. Weltweiter Versand. H\u00f6chste Premium-Qualit\u00e4t.\" \/>\n<meta property=\"og:url\" content=\"https:\/\/woodinout.net\/de\/product\/abc-tracing-board-quadrat\/\" \/>\n<meta property=\"og:site_name\" content=\"Woodinout \u00a9\" \/>\n<meta property=\"article:modified_time\" content=\"2022-04-19T13:07:12+00:00\" \/>\n<meta property=\"og:image\" content=\"https:\/\/woodinout.net\/wp-content\/uploads\/2021\/03\/ABC_tracing_board_1-\u2013-kopija.jpg\" \/>\n\t<meta property=\"og:image:width\" content=\"1706\" \/>\n\t<meta property=\"og:image:height\" content=\"2560\" \/>\n\t<meta property=\"og:image:type\" content=\"image\/jpeg\" \/>\n<meta name=\"twitter:card\" content=\"summary_large_image\" \/>\n<meta name=\"twitter:label1\" content=\"Gesch\u00e4tzte Lesezeit\" \/>\n\t<meta name=\"twitter:data1\" content=\"1\u00a0Minute\" \/>\n<script type=\"application\/ld+json\" class=\"yoast-schema-graph\">{\"@context\":\"https:\/\/schema.org\",\"@graph\":[{\"@type\":\"WebPage\",\"@id\":\"https:\/\/woodinout.net\/de\/product\/abc-tracing-board-quadrat\/\",\"url\":\"https:\/\/woodinout.net\/de\/product\/abc-tracing-board-quadrat\/\",\"name\":\"ABC Zeichenbrett (quadratisch) - Woodinout \u00a9 Lernspielzeug\",\"isPartOf\":{\"@id\":\"https:\/\/woodinout.net\/de\/#website\"},\"datePublished\":\"2021-03-19T11:15:22+00:00\",\"dateModified\":\"2022-04-19T13:07:12+00:00\",\"description\":\"Buchstabentafel nachzeichnen - keine Papierbl\u00e4tter mehr. Verwenden Sie dieses Holzbrett so oft Sie wollen. Weltweiter Versand. H\u00f6chste Premium-Qualit\u00e4t.\",\"breadcrumb\":{\"@id\":\"https:\/\/woodinout.net\/de\/product\/abc-tracing-board-quadrat\/#breadcrumb\"},\"inLanguage\":\"de\",\"potentialAction\":[{\"@type\":\"ReadAction\",\"target\":[\"https:\/\/woodinout.net\/de\/product\/abc-tracing-board-quadrat\/\"]}]},{\"@type\":\"BreadcrumbList\",\"@id\":\"https:\/\/woodinout.net\/de\/product\/abc-tracing-board-quadrat\/#breadcrumb\",\"itemListElement\":[{\"@type\":\"ListItem\",\"position\":1,\"name\":\"Home\",\"item\":\"https:\/\/woodinout.net\/de\/\"},{\"@type\":\"ListItem\",\"position\":2,\"name\":\"Shop\",\"item\":\"https:\/\/woodinout.net\/shop\/\"},{\"@type\":\"ListItem\",\"position\":3,\"name\":\"ABC Zeichenbrett (quadratisch)\"}]},{\"@type\":\"WebSite\",\"@id\":\"https:\/\/woodinout.net\/de\/#website\",\"url\":\"https:\/\/woodinout.net\/de\/\",\"name\":\"Woodinout \u00a9\",\"description\":\"Wooden Montessori toys, gifts, home and events decor details\",\"potentialAction\":[{\"@type\":\"SearchAction\",\"target\":{\"@type\":\"EntryPoint\",\"urlTemplate\":\"https:\/\/woodinout.net\/de\/?s={search_term_string}\"},\"query-input\":\"required name=search_term_string\"}],\"inLanguage\":\"de\"}]}<\/script>\n<!-- \/ Yoast SEO plugin. -->","yoast_head_json":{"title":"ABC Zeichenbrett (quadratisch) - Woodinout \u00a9 Lernspielzeug","description":"Buchstabentafel nachzeichnen - keine Papierbl\u00e4tter mehr. Verwenden Sie dieses Holzbrett so oft Sie wollen. Weltweiter Versand. H\u00f6chste Premium-Qualit\u00e4t.","robots":{"index":"index","follow":"follow","max-snippet":"max-snippet:-1","max-image-preview":"max-image-preview:large","max-video-preview":"max-video-preview:-1"},"canonical":"https:\/\/woodinout.net\/de\/product\/abc-tracing-board-quadrat\/","og_locale":"de_DE","og_type":"article","og_title":"ABC Zeichenbrett (quadratisch) - Woodinout \u00a9 Lernspielzeug","og_description":"Buchstabentafel nachzeichnen - keine Papierbl\u00e4tter mehr. Verwenden Sie dieses Holzbrett so oft Sie wollen. Weltweiter Versand. H\u00f6chste Premium-Qualit\u00e4t.","og_url":"https:\/\/woodinout.net\/de\/product\/abc-tracing-board-quadrat\/","og_site_name":"Woodinout \u00a9","article_modified_time":"2022-04-19T13:07:12+00:00","og_image":[{"width":1706,"height":2560,"url":"https:\/\/woodinout.net\/wp-content\/uploads\/2021\/03\/ABC_tracing_board_1-\u2013-kopija.jpg","type":"image\/jpeg"}],"twitter_card":"summary_large_image","twitter_misc":{"Gesch\u00e4tzte Lesezeit":"1\u00a0Minute"},"schema":{"@context":"https:\/\/schema.org","@graph":[{"@type":"WebPage","@id":"https:\/\/woodinout.net\/de\/product\/abc-tracing-board-quadrat\/","url":"https:\/\/woodinout.net\/de\/product\/abc-tracing-board-quadrat\/","name":"ABC Zeichenbrett (quadratisch) - Woodinout \u00a9 Lernspielzeug","isPartOf":{"@id":"https:\/\/woodinout.net\/de\/#website"},"datePublished":"2021-03-19T11:15:22+00:00","dateModified":"2022-04-19T13:07:12+00:00","description":"Buchstabentafel nachzeichnen - keine Papierbl\u00e4tter mehr. Verwenden Sie dieses Holzbrett so oft Sie wollen. Weltweiter Versand. H\u00f6chste Premium-Qualit\u00e4t.","breadcrumb":{"@id":"https:\/\/woodinout.net\/de\/product\/abc-tracing-board-quadrat\/#breadcrumb"},"inLanguage":"de","potentialAction":[{"@type":"ReadAction","target":["https:\/\/woodinout.net\/de\/product\/abc-tracing-board-quadrat\/"]}]},{"@type":"BreadcrumbList","@id":"https:\/\/woodinout.net\/de\/product\/abc-tracing-board-quadrat\/#breadcrumb","itemListElement":[{"@type":"ListItem","position":1,"name":"Home","item":"https:\/\/woodinout.net\/de\/"},{"@type":"ListItem","position":2,"name":"Shop","item":"https:\/\/woodinout.net\/shop\/"},{"@type":"ListItem","position":3,"name":"ABC Zeichenbrett (quadratisch)"}]},{"@type":"WebSite","@id":"https:\/\/woodinout.net\/de\/#website","url":"https:\/\/woodinout.net\/de\/","name":"Woodinout \u00a9","description":"Wooden Montessori toys, gifts, home and events decor details","potentialAction":[{"@type":"SearchAction","target":{"@type":"EntryPoint","urlTemplate":"https:\/\/woodinout.net\/de\/?s={search_term_string}"},"query-input":"required name=search_term_string"}],"inLanguage":"de"}]}},"_links":{"self":[{"href":"https:\/\/woodinout.net\/de\/wp-json\/wp\/v2\/product\/20676"}],"collection":[{"href":"https:\/\/woodinout.net\/de\/wp-json\/wp\/v2\/product"}],"about":[{"href":"https:\/\/woodinout.net\/de\/wp-json\/wp\/v2\/types\/product"}],"wp:featuredmedia":[{"embeddable":true,"href":"https:\/\/woodinout.net\/de\/wp-json\/wp\/v2\/media\/19512"}],"wp:attachment":[{"href":"https:\/\/woodinout.net\/de\/wp-json\/wp\/v2\/media?parent=20676"}],"wp:term":[{"taxonomy":"product_cat","embeddable":true,"href":"https:\/\/woodinout.net\/de\/wp-json\/wp\/v2\/product_cat?post=20676"},{"taxonomy":"product_tag","embeddable":true,"href":"https:\/\/woodinout.net\/de\/wp-json\/wp\/v2\/product_tag?post=20676"}],"curies":[{"name":"wp","href":"https:\/\/api.w.org\/{rel}","templated":true}]}}