{"id":20661,"date":"2021-03-19T18:00:22","date_gmt":"2021-03-19T16:00:22","guid":{"rendered":"https:\/\/woodinout.net\/product\/25-zaehlbrett\/"},"modified":"2022-03-12T17:49:24","modified_gmt":"2022-03-12T15:49:24","slug":"25-zahltafel","status":"publish","type":"product","link":"https:\/\/woodinout.net\/de\/product\/25-zahltafel\/","title":{"rendered":"25 Z\u00e4hlbrett"},"content":{"rendered":"<p>F\u00fcnfundzwanzig Holzrahmen &#8211; Montessori Kleinkind 25 Z\u00e4hlaktivit\u00e4t geh\u00f6rt zu unseren beliebtesten mathematischen Manipulationen, und wir empfehlen es sehr, um Zahlen und Z\u00e4hlen zu lernen! Neben der St\u00e4rkung der Feinmotorik haben die Kinder unserer Kunden das Sortieren von Farben sowie das Z\u00e4hlen und \u00dcberspringen des Z\u00e4hlens auf diesem h\u00f6lzernen Montessori 25-Rahmen genossen. Nachhaltige, vielseitige und nat\u00fcrliche Montessori-Z\u00e4hlmaterialien im Woodinout-Shop.<\/p>\n<p>Optionen:<br \/>\nF\u00fcnfundzwanzig Rahmen aus nat\u00fcrlichem Holz<br \/>\nBraun ge\u00f6lter Twenty-Five-Rahmen<br \/>\nF\u00fcnfundzwanzig Rahmen aus nat\u00fcrlichem Holz mit eingravierten Zahlen 1-25<\/p>\n<p>MASSE<br \/>\nH\u00f6he: 5,1 Zoll (13 cm)<br \/>\nL\u00e4nge: 5,1 Zoll (13 cm)<br \/>\nDicke: 0,66 Zoll (1,7 cm)<\/p>\n<p>FARBEN UND MATERIAL<br \/>\nFarbe: natur und braun ge\u00f6lt.<br \/>\nSpielzeug ist aus NAT\u00dcRLICHEM MASSIVHOLZ gefertigt.<br \/>\nBitte beachten Sie, dass die Farben aufgrund von Computermonitoreinstellungen und Beleuchtung variieren k\u00f6nnen.<\/p>\n<p>B\u00c4LLE hinzuf\u00fcgen:<\/p>\n<p>Farbig: https:\/\/woodinout.net\/product\/coloured-wooden-balls\/<\/p>\n<p>Nat\u00fcrlich: https:\/\/woodinout.net\/product\/natural-wooden-balls\/<\/p>\n<p>&nbsp;<\/p>\n","protected":false},"excerpt":{"rendered":"<p>F\u00fcnfundzwanzig Holzrahmen &#8211; Montessori Kleinkind 25 Z\u00e4hlaktivit\u00e4t geh\u00f6rt zu unseren beliebtesten mathematischen Manipulationen, und wir empfehlen es sehr, um Zahlen und Z\u00e4hlen zu lernen! Neben der St\u00e4rkung der Feinmotorik haben die Kinder unserer Kunden das Sortieren von Farben sowie das Z\u00e4hlen und \u00dcberspringen des Z\u00e4hlens auf diesem h\u00f6lzernen Montessori 25-Rahmen genossen. Nachhaltige, vielseitige und nat\u00fcrliche [&hellip;]<\/p>\n","protected":false},"featured_media":19560,"template":"","meta":{"_monsterinsights_skip_tracking":false,"_monsterinsights_sitenote_active":false,"_monsterinsights_sitenote_note":"","_monsterinsights_sitenote_category":0},"product_cat":[1355,1362],"product_tag":[1358,1367,1368,1366,1361,1360,1386,1387,1371,1388,1363,1370],"yoast_head":"<!-- This site is optimized with the Yoast SEO plugin v22.1 - https:\/\/yoast.com\/wordpress\/plugins\/seo\/ -->\n<title>25 Z\u00e4hlbrett - Montessori Woodinout \u00a9<\/title>\n<meta name=\"description\" content=\"Lernen macht jetzt Spa\u00df und ist einfach \u2013 Mathespielzeug aus Naturholz f\u00fcr wertvolle Zeit mit der Familie. 25 Z\u00e4hltafel zum Sortieren und Z\u00e4hlen. Weltweiter Versand.\" \/>\n<meta name=\"robots\" content=\"index, follow, max-snippet:-1, max-image-preview:large, max-video-preview:-1\" \/>\n<link rel=\"canonical\" href=\"https:\/\/woodinout.net\/de\/product\/25-zahltafel\/\" \/>\n<meta property=\"og:locale\" content=\"de_DE\" \/>\n<meta property=\"og:type\" content=\"article\" \/>\n<meta property=\"og:title\" content=\"25 Z\u00e4hlbrett - Montessori Woodinout \u00a9\" \/>\n<meta property=\"og:description\" content=\"Lernen macht jetzt Spa\u00df und ist einfach \u2013 Mathespielzeug aus Naturholz f\u00fcr wertvolle Zeit mit der Familie. 25 Z\u00e4hltafel zum Sortieren und Z\u00e4hlen. Weltweiter Versand.\" \/>\n<meta property=\"og:url\" content=\"https:\/\/woodinout.net\/de\/product\/25-zahltafel\/\" \/>\n<meta property=\"og:site_name\" content=\"Woodinout \u00a9\" \/>\n<meta property=\"article:modified_time\" content=\"2022-03-12T15:49:24+00:00\" \/>\n<meta property=\"og:image\" content=\"https:\/\/woodinout.net\/wp-content\/uploads\/2021\/03\/4_x_25_counting_board_2.jpg\" \/>\n\t<meta property=\"og:image:width\" content=\"1706\" \/>\n\t<meta property=\"og:image:height\" content=\"2560\" \/>\n\t<meta property=\"og:image:type\" content=\"image\/jpeg\" \/>\n<meta name=\"twitter:card\" content=\"summary_large_image\" \/>\n<meta name=\"twitter:label1\" content=\"Gesch\u00e4tzte Lesezeit\" \/>\n\t<meta name=\"twitter:data1\" content=\"1\u00a0Minute\" \/>\n<script type=\"application\/ld+json\" class=\"yoast-schema-graph\">{\"@context\":\"https:\/\/schema.org\",\"@graph\":[{\"@type\":\"WebPage\",\"@id\":\"https:\/\/woodinout.net\/de\/product\/25-zahltafel\/\",\"url\":\"https:\/\/woodinout.net\/de\/product\/25-zahltafel\/\",\"name\":\"25 Z\u00e4hlbrett - Montessori Woodinout \u00a9\",\"isPartOf\":{\"@id\":\"https:\/\/woodinout.net\/de\/#website\"},\"datePublished\":\"2021-03-19T16:00:22+00:00\",\"dateModified\":\"2022-03-12T15:49:24+00:00\",\"description\":\"Lernen macht jetzt Spa\u00df und ist einfach \u2013 Mathespielzeug aus Naturholz f\u00fcr wertvolle Zeit mit der Familie. 25 Z\u00e4hltafel zum Sortieren und Z\u00e4hlen. Weltweiter Versand.\",\"breadcrumb\":{\"@id\":\"https:\/\/woodinout.net\/de\/product\/25-zahltafel\/#breadcrumb\"},\"inLanguage\":\"de\",\"potentialAction\":[{\"@type\":\"ReadAction\",\"target\":[\"https:\/\/woodinout.net\/de\/product\/25-zahltafel\/\"]}]},{\"@type\":\"BreadcrumbList\",\"@id\":\"https:\/\/woodinout.net\/de\/product\/25-zahltafel\/#breadcrumb\",\"itemListElement\":[{\"@type\":\"ListItem\",\"position\":1,\"name\":\"Home\",\"item\":\"https:\/\/woodinout.net\/de\/\"},{\"@type\":\"ListItem\",\"position\":2,\"name\":\"Shop\",\"item\":\"https:\/\/woodinout.net\/shop\/\"},{\"@type\":\"ListItem\",\"position\":3,\"name\":\"25 Z\u00e4hlbrett\"}]},{\"@type\":\"WebSite\",\"@id\":\"https:\/\/woodinout.net\/de\/#website\",\"url\":\"https:\/\/woodinout.net\/de\/\",\"name\":\"Woodinout \u00a9\",\"description\":\"Wooden Montessori toys, gifts, home and events decor details\",\"potentialAction\":[{\"@type\":\"SearchAction\",\"target\":{\"@type\":\"EntryPoint\",\"urlTemplate\":\"https:\/\/woodinout.net\/de\/?s={search_term_string}\"},\"query-input\":\"required name=search_term_string\"}],\"inLanguage\":\"de\"}]}<\/script>\n<!-- \/ Yoast SEO plugin. -->","yoast_head_json":{"title":"25 Z\u00e4hlbrett - Montessori Woodinout \u00a9","description":"Lernen macht jetzt Spa\u00df und ist einfach \u2013 Mathespielzeug aus Naturholz f\u00fcr wertvolle Zeit mit der Familie. 25 Z\u00e4hltafel zum Sortieren und Z\u00e4hlen. Weltweiter Versand.","robots":{"index":"index","follow":"follow","max-snippet":"max-snippet:-1","max-image-preview":"max-image-preview:large","max-video-preview":"max-video-preview:-1"},"canonical":"https:\/\/woodinout.net\/de\/product\/25-zahltafel\/","og_locale":"de_DE","og_type":"article","og_title":"25 Z\u00e4hlbrett - Montessori Woodinout \u00a9","og_description":"Lernen macht jetzt Spa\u00df und ist einfach \u2013 Mathespielzeug aus Naturholz f\u00fcr wertvolle Zeit mit der Familie. 25 Z\u00e4hltafel zum Sortieren und Z\u00e4hlen. Weltweiter Versand.","og_url":"https:\/\/woodinout.net\/de\/product\/25-zahltafel\/","og_site_name":"Woodinout \u00a9","article_modified_time":"2022-03-12T15:49:24+00:00","og_image":[{"width":1706,"height":2560,"url":"https:\/\/woodinout.net\/wp-content\/uploads\/2021\/03\/4_x_25_counting_board_2.jpg","type":"image\/jpeg"}],"twitter_card":"summary_large_image","twitter_misc":{"Gesch\u00e4tzte Lesezeit":"1\u00a0Minute"},"schema":{"@context":"https:\/\/schema.org","@graph":[{"@type":"WebPage","@id":"https:\/\/woodinout.net\/de\/product\/25-zahltafel\/","url":"https:\/\/woodinout.net\/de\/product\/25-zahltafel\/","name":"25 Z\u00e4hlbrett - Montessori Woodinout \u00a9","isPartOf":{"@id":"https:\/\/woodinout.net\/de\/#website"},"datePublished":"2021-03-19T16:00:22+00:00","dateModified":"2022-03-12T15:49:24+00:00","description":"Lernen macht jetzt Spa\u00df und ist einfach \u2013 Mathespielzeug aus Naturholz f\u00fcr wertvolle Zeit mit der Familie. 25 Z\u00e4hltafel zum Sortieren und Z\u00e4hlen. Weltweiter Versand.","breadcrumb":{"@id":"https:\/\/woodinout.net\/de\/product\/25-zahltafel\/#breadcrumb"},"inLanguage":"de","potentialAction":[{"@type":"ReadAction","target":["https:\/\/woodinout.net\/de\/product\/25-zahltafel\/"]}]},{"@type":"BreadcrumbList","@id":"https:\/\/woodinout.net\/de\/product\/25-zahltafel\/#breadcrumb","itemListElement":[{"@type":"ListItem","position":1,"name":"Home","item":"https:\/\/woodinout.net\/de\/"},{"@type":"ListItem","position":2,"name":"Shop","item":"https:\/\/woodinout.net\/shop\/"},{"@type":"ListItem","position":3,"name":"25 Z\u00e4hlbrett"}]},{"@type":"WebSite","@id":"https:\/\/woodinout.net\/de\/#website","url":"https:\/\/woodinout.net\/de\/","name":"Woodinout \u00a9","description":"Wooden Montessori toys, gifts, home and events decor details","potentialAction":[{"@type":"SearchAction","target":{"@type":"EntryPoint","urlTemplate":"https:\/\/woodinout.net\/de\/?s={search_term_string}"},"query-input":"required name=search_term_string"}],"inLanguage":"de"}]}},"_links":{"self":[{"href":"https:\/\/woodinout.net\/de\/wp-json\/wp\/v2\/product\/20661"}],"collection":[{"href":"https:\/\/woodinout.net\/de\/wp-json\/wp\/v2\/product"}],"about":[{"href":"https:\/\/woodinout.net\/de\/wp-json\/wp\/v2\/types\/product"}],"wp:featuredmedia":[{"embeddable":true,"href":"https:\/\/woodinout.net\/de\/wp-json\/wp\/v2\/media\/19560"}],"wp:attachment":[{"href":"https:\/\/woodinout.net\/de\/wp-json\/wp\/v2\/media?parent=20661"}],"wp:term":[{"taxonomy":"product_cat","embeddable":true,"href":"https:\/\/woodinout.net\/de\/wp-json\/wp\/v2\/product_cat?post=20661"},{"taxonomy":"product_tag","embeddable":true,"href":"https:\/\/woodinout.net\/de\/wp-json\/wp\/v2\/product_tag?post=20661"}],"curies":[{"name":"wp","href":"https:\/\/api.w.org\/{rel}","templated":true}]}}