{"id":20660,"date":"2021-03-21T21:24:18","date_gmt":"2021-03-21T19:24:18","guid":{"rendered":"https:\/\/woodinout.net\/product\/namensraetselhocker\/"},"modified":"2022-03-12T17:49:22","modified_gmt":"2022-03-12T15:49:22","slug":"name-puzzle-hocker","status":"publish","type":"product","link":"https:\/\/woodinout.net\/de\/product\/name-puzzle-hocker\/","title":{"rendered":"Namensr\u00e4tselhocker"},"content":{"rendered":"<p>Kinder haben gerne ihren eigenen Namenshocker. Es wird viel einzigartiger, wenn der Name hinzugef\u00fcgt wird. Aus diesem Grund haben wir einen personalisierten Holzhocker mit dem Namenspuzzle darauf kreiert. Ein solcher Hocker macht Spa\u00df und ist n\u00fctzlich. W\u00e4hlen Sie diesen Namensr\u00e4tselhocker als Geburtstagsgeschenk f\u00fcr Kleinkinder.<\/p>\n<p>MIT DIESEM PUZZLE-HOCKER F\u00dcR KLEINKINDER:<\/p>\n<p>Ihr Kind verbessert die Auge-Hand-Koordination;<br \/>\nIhr Kleinkind lernt schneller, seinen Namen zu buchstabieren;<br \/>\nIhr Kind beginnt fr\u00fcher mit getrennten Buchstaben;<br \/>\nDas Kind wird es genie\u00dfen, gleichzeitig zu spielen und zu lernen;<\/p>\n<p>WEITERE PERSONALISIERTE ARTIKEL FINDEN SIE <a href=\"https:\/\/woodinout.net\/product-tag\/kids-presents\/\">HIER.<\/a><\/p>\n<p>MASSE<\/p>\n<p>Schemel:<br \/>\nH\u00f6he &#8211; ~ 8,7 Zoll, mit Griffen ~ 10 Zoll<br \/>\nL\u00e4nge &#8211; h\u00e4ngt von der Menge der Buchstaben ab<br \/>\nDicke &#8211; ~ 0,3 Zoll<br \/>\nTiefe der Tasche: ~ 0,12 Zoll<\/p>\n<p>Briefe:<br \/>\nH\u00f6he &#8211; ~ 2,7 Zoll (Wenn das Puzzle nicht auf 55 cm passt, werden alle Buchstaben proportional reduziert)<br \/>\nDicke &#8211; ~ 0,25 Zoll<br \/>\nDie Breite h\u00e4ngt von der Buchstabenform ab<\/p>\n<p>FARBEN UND MATERIAL<\/p>\n<p>Die Farbvielfalt h\u00e4ngt von der L\u00e4nge des Namens ab.<br \/>\nWenn Sie einen bestimmten Farbwunsch haben, hinterlassen Sie bitte eine Notiz. Bitte werfen Sie einen Blick auf die Farbkarte. Ansonsten verwenden wir Farben wie auf dem Bild.<br \/>\nBitte beachten Sie, dass die Farben aufgrund von Computermonitoreinstellungen und Beleuchtung variieren k\u00f6nnen.<br \/>\nBaltisches Birkensperrholz, umweltfreundlich \u2013 ungiftig \u2013 Acrylfarbe auf Wasserbasis.<\/p>\n<p>Folgen Sie uns f\u00fcr weitere Ideen auf <a href=\"https:\/\/www.instagram.com\/woodinout\/\">INSTAGRAM<\/a> &amp; <a href=\"https:\/\/www.facebook.com\/Woodinout.net\">FACEBOOK<\/a><\/p>\n","protected":false},"excerpt":{"rendered":"<p>Kinder haben gerne ihren eigenen Namenshocker. Es wird viel einzigartiger, wenn der Name hinzugef\u00fcgt wird. Aus diesem Grund haben wir einen personalisierten Holzhocker mit dem Namenspuzzle darauf kreiert. Ein solcher Hocker macht Spa\u00df und ist n\u00fctzlich. W\u00e4hlen Sie diesen Namensr\u00e4tselhocker als Geburtstagsgeschenk f\u00fcr Kleinkinder. MIT DIESEM PUZZLE-HOCKER F\u00dcR KLEINKINDER: Ihr Kind verbessert die Auge-Hand-Koordination; Ihr [&hellip;]<\/p>\n","protected":false},"featured_media":20280,"template":"","meta":{"_monsterinsights_skip_tracking":false,"_monsterinsights_sitenote_active":false,"_monsterinsights_sitenote_note":"","_monsterinsights_sitenote_category":0},"product_cat":[1407,1355,1406],"product_tag":[1415,1380,1410,1358,1367,1368,1366,1361,1360,1363,1409,1414,1411,1412,1408,1413],"yoast_head":"<!-- This site is optimized with the Yoast SEO plugin v22.1 - https:\/\/yoast.com\/wordpress\/plugins\/seo\/ -->\n<title>Namensr\u00e4tselhocker - Montessori Woodinout \u00a9 Spielzeugladen<\/title>\n<meta name=\"description\" content=\"Perfektes Kindergeschenk \u2013 Montessori-inspirierter Puzzle-Hocker mit benutzerdefinierten Namen. Handgefertigt, umweltfreundlich, sicher f\u00fcr Babys und Kleinkinder. Hergestellt aus Massivholz.\" \/>\n<meta name=\"robots\" content=\"index, follow, max-snippet:-1, max-image-preview:large, max-video-preview:-1\" \/>\n<link rel=\"canonical\" href=\"https:\/\/woodinout.net\/de\/product\/name-puzzle-hocker\/\" \/>\n<meta property=\"og:locale\" content=\"de_DE\" \/>\n<meta property=\"og:type\" content=\"article\" \/>\n<meta property=\"og:title\" content=\"Namensr\u00e4tselhocker - Montessori Woodinout \u00a9 Spielzeugladen\" \/>\n<meta property=\"og:description\" content=\"Perfektes Kindergeschenk \u2013 Montessori-inspirierter Puzzle-Hocker mit benutzerdefinierten Namen. Handgefertigt, umweltfreundlich, sicher f\u00fcr Babys und Kleinkinder. Hergestellt aus Massivholz.\" \/>\n<meta property=\"og:url\" content=\"https:\/\/woodinout.net\/de\/product\/name-puzzle-hocker\/\" \/>\n<meta property=\"og:site_name\" content=\"Woodinout \u00a9\" \/>\n<meta property=\"article:modified_time\" content=\"2022-03-12T15:49:22+00:00\" \/>\n<meta property=\"og:image\" content=\"https:\/\/woodinout.net\/wp-content\/uploads\/2021\/03\/Name_puzzle_stool_2.jpg\" \/>\n\t<meta property=\"og:image:width\" content=\"1706\" \/>\n\t<meta property=\"og:image:height\" content=\"2560\" \/>\n\t<meta property=\"og:image:type\" content=\"image\/jpeg\" \/>\n<meta name=\"twitter:card\" content=\"summary_large_image\" \/>\n<meta name=\"twitter:label1\" content=\"Gesch\u00e4tzte Lesezeit\" \/>\n\t<meta name=\"twitter:data1\" content=\"1\u00a0Minute\" \/>\n<script type=\"application\/ld+json\" class=\"yoast-schema-graph\">{\"@context\":\"https:\/\/schema.org\",\"@graph\":[{\"@type\":\"WebPage\",\"@id\":\"https:\/\/woodinout.net\/de\/product\/name-puzzle-hocker\/\",\"url\":\"https:\/\/woodinout.net\/de\/product\/name-puzzle-hocker\/\",\"name\":\"Namensr\u00e4tselhocker - Montessori Woodinout \u00a9 Spielzeugladen\",\"isPartOf\":{\"@id\":\"https:\/\/woodinout.net\/de\/#website\"},\"datePublished\":\"2021-03-21T19:24:18+00:00\",\"dateModified\":\"2022-03-12T15:49:22+00:00\",\"description\":\"Perfektes Kindergeschenk \u2013 Montessori-inspirierter Puzzle-Hocker mit benutzerdefinierten Namen. Handgefertigt, umweltfreundlich, sicher f\u00fcr Babys und Kleinkinder. Hergestellt aus Massivholz.\",\"breadcrumb\":{\"@id\":\"https:\/\/woodinout.net\/de\/product\/name-puzzle-hocker\/#breadcrumb\"},\"inLanguage\":\"de\",\"potentialAction\":[{\"@type\":\"ReadAction\",\"target\":[\"https:\/\/woodinout.net\/de\/product\/name-puzzle-hocker\/\"]}]},{\"@type\":\"BreadcrumbList\",\"@id\":\"https:\/\/woodinout.net\/de\/product\/name-puzzle-hocker\/#breadcrumb\",\"itemListElement\":[{\"@type\":\"ListItem\",\"position\":1,\"name\":\"Home\",\"item\":\"https:\/\/woodinout.net\/de\/\"},{\"@type\":\"ListItem\",\"position\":2,\"name\":\"Shop\",\"item\":\"https:\/\/woodinout.net\/shop\/\"},{\"@type\":\"ListItem\",\"position\":3,\"name\":\"Namensr\u00e4tselhocker\"}]},{\"@type\":\"WebSite\",\"@id\":\"https:\/\/woodinout.net\/de\/#website\",\"url\":\"https:\/\/woodinout.net\/de\/\",\"name\":\"Woodinout \u00a9\",\"description\":\"Wooden Montessori toys, gifts, home and events decor details\",\"potentialAction\":[{\"@type\":\"SearchAction\",\"target\":{\"@type\":\"EntryPoint\",\"urlTemplate\":\"https:\/\/woodinout.net\/de\/?s={search_term_string}\"},\"query-input\":\"required name=search_term_string\"}],\"inLanguage\":\"de\"}]}<\/script>\n<!-- \/ Yoast SEO plugin. -->","yoast_head_json":{"title":"Namensr\u00e4tselhocker - Montessori Woodinout \u00a9 Spielzeugladen","description":"Perfektes Kindergeschenk \u2013 Montessori-inspirierter Puzzle-Hocker mit benutzerdefinierten Namen. Handgefertigt, umweltfreundlich, sicher f\u00fcr Babys und Kleinkinder. Hergestellt aus Massivholz.","robots":{"index":"index","follow":"follow","max-snippet":"max-snippet:-1","max-image-preview":"max-image-preview:large","max-video-preview":"max-video-preview:-1"},"canonical":"https:\/\/woodinout.net\/de\/product\/name-puzzle-hocker\/","og_locale":"de_DE","og_type":"article","og_title":"Namensr\u00e4tselhocker - Montessori Woodinout \u00a9 Spielzeugladen","og_description":"Perfektes Kindergeschenk \u2013 Montessori-inspirierter Puzzle-Hocker mit benutzerdefinierten Namen. Handgefertigt, umweltfreundlich, sicher f\u00fcr Babys und Kleinkinder. Hergestellt aus Massivholz.","og_url":"https:\/\/woodinout.net\/de\/product\/name-puzzle-hocker\/","og_site_name":"Woodinout \u00a9","article_modified_time":"2022-03-12T15:49:22+00:00","og_image":[{"width":1706,"height":2560,"url":"https:\/\/woodinout.net\/wp-content\/uploads\/2021\/03\/Name_puzzle_stool_2.jpg","type":"image\/jpeg"}],"twitter_card":"summary_large_image","twitter_misc":{"Gesch\u00e4tzte Lesezeit":"1\u00a0Minute"},"schema":{"@context":"https:\/\/schema.org","@graph":[{"@type":"WebPage","@id":"https:\/\/woodinout.net\/de\/product\/name-puzzle-hocker\/","url":"https:\/\/woodinout.net\/de\/product\/name-puzzle-hocker\/","name":"Namensr\u00e4tselhocker - Montessori Woodinout \u00a9 Spielzeugladen","isPartOf":{"@id":"https:\/\/woodinout.net\/de\/#website"},"datePublished":"2021-03-21T19:24:18+00:00","dateModified":"2022-03-12T15:49:22+00:00","description":"Perfektes Kindergeschenk \u2013 Montessori-inspirierter Puzzle-Hocker mit benutzerdefinierten Namen. Handgefertigt, umweltfreundlich, sicher f\u00fcr Babys und Kleinkinder. Hergestellt aus Massivholz.","breadcrumb":{"@id":"https:\/\/woodinout.net\/de\/product\/name-puzzle-hocker\/#breadcrumb"},"inLanguage":"de","potentialAction":[{"@type":"ReadAction","target":["https:\/\/woodinout.net\/de\/product\/name-puzzle-hocker\/"]}]},{"@type":"BreadcrumbList","@id":"https:\/\/woodinout.net\/de\/product\/name-puzzle-hocker\/#breadcrumb","itemListElement":[{"@type":"ListItem","position":1,"name":"Home","item":"https:\/\/woodinout.net\/de\/"},{"@type":"ListItem","position":2,"name":"Shop","item":"https:\/\/woodinout.net\/shop\/"},{"@type":"ListItem","position":3,"name":"Namensr\u00e4tselhocker"}]},{"@type":"WebSite","@id":"https:\/\/woodinout.net\/de\/#website","url":"https:\/\/woodinout.net\/de\/","name":"Woodinout \u00a9","description":"Wooden Montessori toys, gifts, home and events decor details","potentialAction":[{"@type":"SearchAction","target":{"@type":"EntryPoint","urlTemplate":"https:\/\/woodinout.net\/de\/?s={search_term_string}"},"query-input":"required name=search_term_string"}],"inLanguage":"de"}]}},"_links":{"self":[{"href":"https:\/\/woodinout.net\/de\/wp-json\/wp\/v2\/product\/20660"}],"collection":[{"href":"https:\/\/woodinout.net\/de\/wp-json\/wp\/v2\/product"}],"about":[{"href":"https:\/\/woodinout.net\/de\/wp-json\/wp\/v2\/types\/product"}],"wp:featuredmedia":[{"embeddable":true,"href":"https:\/\/woodinout.net\/de\/wp-json\/wp\/v2\/media\/20280"}],"wp:attachment":[{"href":"https:\/\/woodinout.net\/de\/wp-json\/wp\/v2\/media?parent=20660"}],"wp:term":[{"taxonomy":"product_cat","embeddable":true,"href":"https:\/\/woodinout.net\/de\/wp-json\/wp\/v2\/product_cat?post=20660"},{"taxonomy":"product_tag","embeddable":true,"href":"https:\/\/woodinout.net\/de\/wp-json\/wp\/v2\/product_tag?post=20660"}],"curies":[{"name":"wp","href":"https:\/\/api.w.org\/{rel}","templated":true}]}}