{"id":20657,"date":"2021-03-19T19:22:40","date_gmt":"2021-03-19T17:22:40","guid":{"rendered":"https:\/\/woodinout.net\/product\/ringstapler-aus-holz\/"},"modified":"2022-04-22T12:21:54","modified_gmt":"2022-04-22T09:21:54","slug":"holz-ring-stapler","status":"publish","type":"product","link":"https:\/\/woodinout.net\/de\/product\/holz-ring-stapler\/","title":{"rendered":"Ringstapler aus Holz"},"content":{"rendered":"<p>Der traditionelle Montessori-Ringstapler aus Holz ist das beste umweltfreundliche, nat\u00fcrliche und sichere Spielzeug f\u00fcr die fr\u00fche Babyentwicklung. Unsere handgefertigten Stapelspielzeuge sind nachhaltig und werden nur aus nat\u00fcrlichen Materialien (Massivholz) hergestellt. Daher sind sie babysicher und stylisch im Minimal-Look. Wir k\u00fcmmern uns darum, dass Babys in einer sicheren, nat\u00fcrlichen Umgebung spielen und sich entwickeln k\u00f6nnen, deshalb haben wir diesen gut aussehenden Ringstapler aus Holz entwickelt.<\/p>\n<p>Mehr Babyspielzeug <a href=\"https:\/\/woodinout.net\/product-category\/wooden-toys\/baby-toys\/\">HIER.<\/a><\/p>\n<p>DIMENSIONEN<br \/>\nH\u00f6he: ~ 11,8 Zoll (30 cm)<br \/>\nL\u00e4nge: ~ 5,9 Zoll (15 cm)<br \/>\nDicke: ~0,66 Zoll (1,7 cm)<\/p>\n<p>FARBEN UND MATERIAL<br \/>\nFarbe: Naturholz und braunes Holz<br \/>\nSpielzeug ist aus NAT\u00dcRLICHEM MASSIVHOLZ gefertigt.<br \/>\nBitte beachten Sie, dass die Farben aufgrund der Einstellungen und der Beleuchtung des Computermonitors variieren k\u00f6nnen.<\/p>\n<p>F\u00fcr weitere Ideen folgen Sie uns auf <a href=\"https:\/\/www.instagram.com\/woodinout\/\">INSTAGRAM<\/a> &amp; <a href=\"https:\/\/www.facebook.com\/Woodinout.net\">FACEBOOK<\/a><\/p>\n","protected":false},"excerpt":{"rendered":"<p>Der traditionelle Montessori-Ringstapler aus Holz ist das beste umweltfreundliche, nat\u00fcrliche und sichere Spielzeug f\u00fcr die fr\u00fche Babyentwicklung. Unsere handgefertigten Stapelspielzeuge sind nachhaltig und werden nur aus nat\u00fcrlichen Materialien (Massivholz) hergestellt. Daher sind sie babysicher und stylisch im Minimal-Look. Wir k\u00fcmmern uns darum, dass Babys in einer sicheren, nat\u00fcrlichen Umgebung spielen und sich entwickeln k\u00f6nnen, deshalb [&hellip;]<\/p>\n","protected":false},"featured_media":19760,"template":"","meta":{"_monsterinsights_skip_tracking":false,"_monsterinsights_sitenote_active":false,"_monsterinsights_sitenote_note":"","_monsterinsights_sitenote_category":0},"product_cat":[1407,1355,1365],"product_tag":[1410,1358,1367,1368,1366,1361,1360,1363,1408],"yoast_head":"<!-- This site is optimized with the Yoast SEO plugin v22.1 - https:\/\/yoast.com\/wordpress\/plugins\/seo\/ -->\n<title>Ringstapler aus Holz - Woodinout \u00a9 Montessori Spielzeug<\/title>\n<meta name=\"description\" content=\"Entwicklungsspielzeug aus Naturholz f\u00fcr wertvolle Familienzeit. Mit diesem Ringstapler lernt Ihr Baby auf gesunde Weise. Weltweiter Versand.\" \/>\n<meta name=\"robots\" content=\"index, follow, max-snippet:-1, max-image-preview:large, max-video-preview:-1\" \/>\n<link rel=\"canonical\" href=\"https:\/\/woodinout.net\/de\/product\/holz-ring-stapler\/\" \/>\n<meta property=\"og:locale\" content=\"de_DE\" \/>\n<meta property=\"og:type\" content=\"article\" \/>\n<meta property=\"og:title\" content=\"Ringstapler aus Holz - Woodinout \u00a9 Montessori Spielzeug\" \/>\n<meta property=\"og:description\" content=\"Entwicklungsspielzeug aus Naturholz f\u00fcr wertvolle Familienzeit. Mit diesem Ringstapler lernt Ihr Baby auf gesunde Weise. Weltweiter Versand.\" \/>\n<meta property=\"og:url\" content=\"https:\/\/woodinout.net\/de\/product\/holz-ring-stapler\/\" \/>\n<meta property=\"og:site_name\" content=\"Woodinout \u00a9\" \/>\n<meta property=\"article:modified_time\" content=\"2022-04-22T09:21:54+00:00\" \/>\n<meta property=\"og:image\" content=\"https:\/\/woodinout.net\/wp-content\/uploads\/2021\/03\/Wooden_ring_stacker_1.jpg\" \/>\n\t<meta property=\"og:image:width\" content=\"1706\" \/>\n\t<meta property=\"og:image:height\" content=\"2560\" \/>\n\t<meta property=\"og:image:type\" content=\"image\/jpeg\" \/>\n<meta name=\"twitter:card\" content=\"summary_large_image\" \/>\n<meta name=\"twitter:label1\" content=\"Gesch\u00e4tzte Lesezeit\" \/>\n\t<meta name=\"twitter:data1\" content=\"1\u00a0Minute\" \/>\n<script type=\"application\/ld+json\" class=\"yoast-schema-graph\">{\"@context\":\"https:\/\/schema.org\",\"@graph\":[{\"@type\":\"WebPage\",\"@id\":\"https:\/\/woodinout.net\/de\/product\/holz-ring-stapler\/\",\"url\":\"https:\/\/woodinout.net\/de\/product\/holz-ring-stapler\/\",\"name\":\"Ringstapler aus Holz - Woodinout \u00a9 Montessori Spielzeug\",\"isPartOf\":{\"@id\":\"https:\/\/woodinout.net\/de\/#website\"},\"datePublished\":\"2021-03-19T17:22:40+00:00\",\"dateModified\":\"2022-04-22T09:21:54+00:00\",\"description\":\"Entwicklungsspielzeug aus Naturholz f\u00fcr wertvolle Familienzeit. Mit diesem Ringstapler lernt Ihr Baby auf gesunde Weise. Weltweiter Versand.\",\"breadcrumb\":{\"@id\":\"https:\/\/woodinout.net\/de\/product\/holz-ring-stapler\/#breadcrumb\"},\"inLanguage\":\"de\",\"potentialAction\":[{\"@type\":\"ReadAction\",\"target\":[\"https:\/\/woodinout.net\/de\/product\/holz-ring-stapler\/\"]}]},{\"@type\":\"BreadcrumbList\",\"@id\":\"https:\/\/woodinout.net\/de\/product\/holz-ring-stapler\/#breadcrumb\",\"itemListElement\":[{\"@type\":\"ListItem\",\"position\":1,\"name\":\"Home\",\"item\":\"https:\/\/woodinout.net\/de\/\"},{\"@type\":\"ListItem\",\"position\":2,\"name\":\"Shop\",\"item\":\"https:\/\/woodinout.net\/shop\/\"},{\"@type\":\"ListItem\",\"position\":3,\"name\":\"Ringstapler aus Holz\"}]},{\"@type\":\"WebSite\",\"@id\":\"https:\/\/woodinout.net\/de\/#website\",\"url\":\"https:\/\/woodinout.net\/de\/\",\"name\":\"Woodinout \u00a9\",\"description\":\"Wooden Montessori toys, gifts, home and events decor details\",\"potentialAction\":[{\"@type\":\"SearchAction\",\"target\":{\"@type\":\"EntryPoint\",\"urlTemplate\":\"https:\/\/woodinout.net\/de\/?s={search_term_string}\"},\"query-input\":\"required name=search_term_string\"}],\"inLanguage\":\"de\"}]}<\/script>\n<!-- \/ Yoast SEO plugin. -->","yoast_head_json":{"title":"Ringstapler aus Holz - Woodinout \u00a9 Montessori Spielzeug","description":"Entwicklungsspielzeug aus Naturholz f\u00fcr wertvolle Familienzeit. Mit diesem Ringstapler lernt Ihr Baby auf gesunde Weise. Weltweiter Versand.","robots":{"index":"index","follow":"follow","max-snippet":"max-snippet:-1","max-image-preview":"max-image-preview:large","max-video-preview":"max-video-preview:-1"},"canonical":"https:\/\/woodinout.net\/de\/product\/holz-ring-stapler\/","og_locale":"de_DE","og_type":"article","og_title":"Ringstapler aus Holz - Woodinout \u00a9 Montessori Spielzeug","og_description":"Entwicklungsspielzeug aus Naturholz f\u00fcr wertvolle Familienzeit. Mit diesem Ringstapler lernt Ihr Baby auf gesunde Weise. Weltweiter Versand.","og_url":"https:\/\/woodinout.net\/de\/product\/holz-ring-stapler\/","og_site_name":"Woodinout \u00a9","article_modified_time":"2022-04-22T09:21:54+00:00","og_image":[{"width":1706,"height":2560,"url":"https:\/\/woodinout.net\/wp-content\/uploads\/2021\/03\/Wooden_ring_stacker_1.jpg","type":"image\/jpeg"}],"twitter_card":"summary_large_image","twitter_misc":{"Gesch\u00e4tzte Lesezeit":"1\u00a0Minute"},"schema":{"@context":"https:\/\/schema.org","@graph":[{"@type":"WebPage","@id":"https:\/\/woodinout.net\/de\/product\/holz-ring-stapler\/","url":"https:\/\/woodinout.net\/de\/product\/holz-ring-stapler\/","name":"Ringstapler aus Holz - Woodinout \u00a9 Montessori Spielzeug","isPartOf":{"@id":"https:\/\/woodinout.net\/de\/#website"},"datePublished":"2021-03-19T17:22:40+00:00","dateModified":"2022-04-22T09:21:54+00:00","description":"Entwicklungsspielzeug aus Naturholz f\u00fcr wertvolle Familienzeit. Mit diesem Ringstapler lernt Ihr Baby auf gesunde Weise. Weltweiter Versand.","breadcrumb":{"@id":"https:\/\/woodinout.net\/de\/product\/holz-ring-stapler\/#breadcrumb"},"inLanguage":"de","potentialAction":[{"@type":"ReadAction","target":["https:\/\/woodinout.net\/de\/product\/holz-ring-stapler\/"]}]},{"@type":"BreadcrumbList","@id":"https:\/\/woodinout.net\/de\/product\/holz-ring-stapler\/#breadcrumb","itemListElement":[{"@type":"ListItem","position":1,"name":"Home","item":"https:\/\/woodinout.net\/de\/"},{"@type":"ListItem","position":2,"name":"Shop","item":"https:\/\/woodinout.net\/shop\/"},{"@type":"ListItem","position":3,"name":"Ringstapler aus Holz"}]},{"@type":"WebSite","@id":"https:\/\/woodinout.net\/de\/#website","url":"https:\/\/woodinout.net\/de\/","name":"Woodinout \u00a9","description":"Wooden Montessori toys, gifts, home and events decor details","potentialAction":[{"@type":"SearchAction","target":{"@type":"EntryPoint","urlTemplate":"https:\/\/woodinout.net\/de\/?s={search_term_string}"},"query-input":"required name=search_term_string"}],"inLanguage":"de"}]}},"_links":{"self":[{"href":"https:\/\/woodinout.net\/de\/wp-json\/wp\/v2\/product\/20657"}],"collection":[{"href":"https:\/\/woodinout.net\/de\/wp-json\/wp\/v2\/product"}],"about":[{"href":"https:\/\/woodinout.net\/de\/wp-json\/wp\/v2\/types\/product"}],"wp:featuredmedia":[{"embeddable":true,"href":"https:\/\/woodinout.net\/de\/wp-json\/wp\/v2\/media\/19760"}],"wp:attachment":[{"href":"https:\/\/woodinout.net\/de\/wp-json\/wp\/v2\/media?parent=20657"}],"wp:term":[{"taxonomy":"product_cat","embeddable":true,"href":"https:\/\/woodinout.net\/de\/wp-json\/wp\/v2\/product_cat?post=20657"},{"taxonomy":"product_tag","embeddable":true,"href":"https:\/\/woodinout.net\/de\/wp-json\/wp\/v2\/product_tag?post=20657"}],"curies":[{"name":"wp","href":"https:\/\/api.w.org\/{rel}","templated":true}]}}