{"id":20654,"date":"2021-03-21T14:43:45","date_gmt":"2021-03-21T12:43:45","guid":{"rendered":"https:\/\/woodinout.net\/product\/halter-fuer-buntstifte\/"},"modified":"2022-04-28T11:02:42","modified_gmt":"2022-04-28T08:02:42","slug":"buntstifthalter","status":"publish","type":"product","link":"https:\/\/woodinout.net\/de\/product\/buntstifthalter\/","title":{"rendered":"Halter f\u00fcr Buntstifte"},"content":{"rendered":"<p>Montessori-Materialien \u2013 Holzstifthalter ist ein MUSS in Ihrem Homeschool-Klassenzimmer oder auf dem Montessori-Schreibtisch. Stylische und komfortable L\u00f6sung zur Aufbewahrung von Block- oder Stabkreiden. Dieser Buntstifthalter ist ein Homeschool-Tool f\u00fcr diejenigen, die nach einfachem Design, nachhaltigen und umweltfreundlichen Produkten suchen.<\/p>\n<p>Optionen:<br \/>\nSt\u00f6cke 16;<br \/>\nBl\u00f6cke 16;<br \/>\nSt\u00f6cke 8 + Bl\u00f6cke 8;<br \/>\nSt\u00f6cke 16 + Bl\u00f6cke 16;<\/p>\n<p>DIMENSIONEN<br \/>\nSt\u00f6cke 16<br \/>\nH\u00f6he: 2 Zoll (5cm)<br \/>\nL\u00e4nge: 7,9 Zoll (20 cm)<\/p>\n<p>Bl\u00f6cke 16<br \/>\nH\u00f6he: 2,8 Zoll (7 cm)<br \/>\nL\u00e4nge: 7,9 Zoll (20 cm)<\/p>\n<p>St\u00f6cke 8 + Bl\u00f6cke 8<br \/>\nH\u00f6he: 2,4 Zoll (6 cm)<br \/>\nL\u00e4nge: 7,9 Zoll (20 cm)<\/p>\n<p>St\u00f6cke 16 + Bl\u00f6cke 16<br \/>\nH\u00f6he: 14,5 Zoll (11,5 cm)<br \/>\nL\u00e4nge: 7,9 Zoll (20 cm)<\/p>\n<p>Dicke: 0,66 Zoll (1,7 cm)<\/p>\n<p>FARBEN UND MATERIAL<br \/>\nFarbe: Holz natur oder braun ge\u00f6lt.<br \/>\nSpielzeug ist aus NAT\u00dcRLICHEM MASSIVHOLZ gefertigt.<br \/>\nBitte beachten Sie, dass die Farben aufgrund der Einstellungen und der Beleuchtung des Computermonitors variieren k\u00f6nnen.<\/p>\n","protected":false},"excerpt":{"rendered":"<p>Montessori-Materialien \u2013 Holzstifthalter ist ein MUSS in Ihrem Homeschool-Klassenzimmer oder auf dem Montessori-Schreibtisch. Stylische und komfortable L\u00f6sung zur Aufbewahrung von Block- oder Stabkreiden. Dieser Buntstifthalter ist ein Homeschool-Tool f\u00fcr diejenigen, die nach einfachem Design, nachhaltigen und umweltfreundlichen Produkten suchen. Optionen: St\u00f6cke 16; Bl\u00f6cke 16; St\u00f6cke 8 + Bl\u00f6cke 8; St\u00f6cke 16 + Bl\u00f6cke 16; DIMENSIONEN [&hellip;]<\/p>\n","protected":false},"featured_media":20000,"template":"","meta":{"_monsterinsights_skip_tracking":false,"_monsterinsights_sitenote_active":false,"_monsterinsights_sitenote_note":"","_monsterinsights_sitenote_category":0},"product_cat":[1355,1405],"product_tag":[1358,1367,1368,1363],"yoast_head":"<!-- This site is optimized with the Yoast SEO plugin v22.1 - https:\/\/yoast.com\/wordpress\/plugins\/seo\/ -->\n<title>Halter f\u00fcr Buntstifte - Montessori Woodinout \u00a9 Spielzeugladen<\/title>\n<meta name=\"description\" content=\"Der Buntstifthalter aus Holz ist ein MUSS in Ihrem Homeschool-Klassenzimmer. Stylische und komfortable L\u00f6sung zur Aufbewahrung von Block- oder Stabkreiden.\" \/>\n<meta name=\"robots\" content=\"index, follow, max-snippet:-1, max-image-preview:large, max-video-preview:-1\" \/>\n<link rel=\"canonical\" href=\"https:\/\/woodinout.net\/de\/product\/buntstifthalter\/\" \/>\n<meta property=\"og:locale\" content=\"de_DE\" \/>\n<meta property=\"og:type\" content=\"article\" \/>\n<meta property=\"og:title\" content=\"Halter f\u00fcr Buntstifte - Montessori Woodinout \u00a9 Spielzeugladen\" \/>\n<meta property=\"og:description\" content=\"Der Buntstifthalter aus Holz ist ein MUSS in Ihrem Homeschool-Klassenzimmer. Stylische und komfortable L\u00f6sung zur Aufbewahrung von Block- oder Stabkreiden.\" \/>\n<meta property=\"og:url\" content=\"https:\/\/woodinout.net\/de\/product\/buntstifthalter\/\" \/>\n<meta property=\"og:site_name\" content=\"Woodinout \u00a9\" \/>\n<meta property=\"article:modified_time\" content=\"2022-04-28T08:02:42+00:00\" \/>\n<meta property=\"og:image\" content=\"https:\/\/woodinout.net\/wp-content\/uploads\/2021\/03\/Crayons_holder_Blocks_16_and_sticks_16_1.jpg\" \/>\n\t<meta property=\"og:image:width\" content=\"1706\" \/>\n\t<meta property=\"og:image:height\" content=\"2560\" \/>\n\t<meta property=\"og:image:type\" content=\"image\/jpeg\" \/>\n<meta name=\"twitter:card\" content=\"summary_large_image\" \/>\n<meta name=\"twitter:label1\" content=\"Gesch\u00e4tzte Lesezeit\" \/>\n\t<meta name=\"twitter:data1\" content=\"1\u00a0Minute\" \/>\n<script type=\"application\/ld+json\" class=\"yoast-schema-graph\">{\"@context\":\"https:\/\/schema.org\",\"@graph\":[{\"@type\":\"WebPage\",\"@id\":\"https:\/\/woodinout.net\/de\/product\/buntstifthalter\/\",\"url\":\"https:\/\/woodinout.net\/de\/product\/buntstifthalter\/\",\"name\":\"Halter f\u00fcr Buntstifte - Montessori Woodinout \u00a9 Spielzeugladen\",\"isPartOf\":{\"@id\":\"https:\/\/woodinout.net\/de\/#website\"},\"datePublished\":\"2021-03-21T12:43:45+00:00\",\"dateModified\":\"2022-04-28T08:02:42+00:00\",\"description\":\"Der Buntstifthalter aus Holz ist ein MUSS in Ihrem Homeschool-Klassenzimmer. Stylische und komfortable L\u00f6sung zur Aufbewahrung von Block- oder Stabkreiden.\",\"breadcrumb\":{\"@id\":\"https:\/\/woodinout.net\/de\/product\/buntstifthalter\/#breadcrumb\"},\"inLanguage\":\"de\",\"potentialAction\":[{\"@type\":\"ReadAction\",\"target\":[\"https:\/\/woodinout.net\/de\/product\/buntstifthalter\/\"]}]},{\"@type\":\"BreadcrumbList\",\"@id\":\"https:\/\/woodinout.net\/de\/product\/buntstifthalter\/#breadcrumb\",\"itemListElement\":[{\"@type\":\"ListItem\",\"position\":1,\"name\":\"Home\",\"item\":\"https:\/\/woodinout.net\/de\/\"},{\"@type\":\"ListItem\",\"position\":2,\"name\":\"Shop\",\"item\":\"https:\/\/woodinout.net\/shop\/\"},{\"@type\":\"ListItem\",\"position\":3,\"name\":\"Halter f\u00fcr Buntstifte\"}]},{\"@type\":\"WebSite\",\"@id\":\"https:\/\/woodinout.net\/de\/#website\",\"url\":\"https:\/\/woodinout.net\/de\/\",\"name\":\"Woodinout \u00a9\",\"description\":\"Wooden Montessori toys, gifts, home and events decor details\",\"potentialAction\":[{\"@type\":\"SearchAction\",\"target\":{\"@type\":\"EntryPoint\",\"urlTemplate\":\"https:\/\/woodinout.net\/de\/?s={search_term_string}\"},\"query-input\":\"required name=search_term_string\"}],\"inLanguage\":\"de\"}]}<\/script>\n<!-- \/ Yoast SEO plugin. -->","yoast_head_json":{"title":"Halter f\u00fcr Buntstifte - Montessori Woodinout \u00a9 Spielzeugladen","description":"Der Buntstifthalter aus Holz ist ein MUSS in Ihrem Homeschool-Klassenzimmer. Stylische und komfortable L\u00f6sung zur Aufbewahrung von Block- oder Stabkreiden.","robots":{"index":"index","follow":"follow","max-snippet":"max-snippet:-1","max-image-preview":"max-image-preview:large","max-video-preview":"max-video-preview:-1"},"canonical":"https:\/\/woodinout.net\/de\/product\/buntstifthalter\/","og_locale":"de_DE","og_type":"article","og_title":"Halter f\u00fcr Buntstifte - Montessori Woodinout \u00a9 Spielzeugladen","og_description":"Der Buntstifthalter aus Holz ist ein MUSS in Ihrem Homeschool-Klassenzimmer. Stylische und komfortable L\u00f6sung zur Aufbewahrung von Block- oder Stabkreiden.","og_url":"https:\/\/woodinout.net\/de\/product\/buntstifthalter\/","og_site_name":"Woodinout \u00a9","article_modified_time":"2022-04-28T08:02:42+00:00","og_image":[{"width":1706,"height":2560,"url":"https:\/\/woodinout.net\/wp-content\/uploads\/2021\/03\/Crayons_holder_Blocks_16_and_sticks_16_1.jpg","type":"image\/jpeg"}],"twitter_card":"summary_large_image","twitter_misc":{"Gesch\u00e4tzte Lesezeit":"1\u00a0Minute"},"schema":{"@context":"https:\/\/schema.org","@graph":[{"@type":"WebPage","@id":"https:\/\/woodinout.net\/de\/product\/buntstifthalter\/","url":"https:\/\/woodinout.net\/de\/product\/buntstifthalter\/","name":"Halter f\u00fcr Buntstifte - Montessori Woodinout \u00a9 Spielzeugladen","isPartOf":{"@id":"https:\/\/woodinout.net\/de\/#website"},"datePublished":"2021-03-21T12:43:45+00:00","dateModified":"2022-04-28T08:02:42+00:00","description":"Der Buntstifthalter aus Holz ist ein MUSS in Ihrem Homeschool-Klassenzimmer. Stylische und komfortable L\u00f6sung zur Aufbewahrung von Block- oder Stabkreiden.","breadcrumb":{"@id":"https:\/\/woodinout.net\/de\/product\/buntstifthalter\/#breadcrumb"},"inLanguage":"de","potentialAction":[{"@type":"ReadAction","target":["https:\/\/woodinout.net\/de\/product\/buntstifthalter\/"]}]},{"@type":"BreadcrumbList","@id":"https:\/\/woodinout.net\/de\/product\/buntstifthalter\/#breadcrumb","itemListElement":[{"@type":"ListItem","position":1,"name":"Home","item":"https:\/\/woodinout.net\/de\/"},{"@type":"ListItem","position":2,"name":"Shop","item":"https:\/\/woodinout.net\/shop\/"},{"@type":"ListItem","position":3,"name":"Halter f\u00fcr Buntstifte"}]},{"@type":"WebSite","@id":"https:\/\/woodinout.net\/de\/#website","url":"https:\/\/woodinout.net\/de\/","name":"Woodinout \u00a9","description":"Wooden Montessori toys, gifts, home and events decor details","potentialAction":[{"@type":"SearchAction","target":{"@type":"EntryPoint","urlTemplate":"https:\/\/woodinout.net\/de\/?s={search_term_string}"},"query-input":"required name=search_term_string"}],"inLanguage":"de"}]}},"_links":{"self":[{"href":"https:\/\/woodinout.net\/de\/wp-json\/wp\/v2\/product\/20654"}],"collection":[{"href":"https:\/\/woodinout.net\/de\/wp-json\/wp\/v2\/product"}],"about":[{"href":"https:\/\/woodinout.net\/de\/wp-json\/wp\/v2\/types\/product"}],"wp:featuredmedia":[{"embeddable":true,"href":"https:\/\/woodinout.net\/de\/wp-json\/wp\/v2\/media\/20000"}],"wp:attachment":[{"href":"https:\/\/woodinout.net\/de\/wp-json\/wp\/v2\/media?parent=20654"}],"wp:term":[{"taxonomy":"product_cat","embeddable":true,"href":"https:\/\/woodinout.net\/de\/wp-json\/wp\/v2\/product_cat?post=20654"},{"taxonomy":"product_tag","embeddable":true,"href":"https:\/\/woodinout.net\/de\/wp-json\/wp\/v2\/product_tag?post=20654"}],"curies":[{"name":"wp","href":"https:\/\/api.w.org\/{rel}","templated":true}]}}