{"id":20649,"date":"2021-03-21T21:32:28","date_gmt":"2021-03-21T19:32:28","guid":{"rendered":"https:\/\/woodinout.net\/product\/karten-stehen\/"},"modified":"2022-04-19T16:20:21","modified_gmt":"2022-04-19T13:20:21","slug":"kartenstander","status":"publish","type":"product","link":"https:\/\/woodinout.net\/de\/product\/kartenstander\/","title":{"rendered":"Karten stehen"},"content":{"rendered":"<p>Kartenst\u00e4nder aus Massivholz. Dieser Sperrholz-Kartenhalter wurde als Erg\u00e4nzung zu Montessori-Z\u00e4hlen, Zahlen und anderen Lernspielzeugen von Woodinout entwickelt. Sie k\u00f6nnen es mit einer Vielzahl unserer handgefertigten oder anderen Lernressourcen verwenden, die Sie besitzen. Platzieren Sie Zahlen, Buchstaben, Farben, Geoboard-Schemakarten oder alles andere, was Ihnen einf\u00e4llt!<\/p>\n<p>DIMENSIONEN<br \/>\nH\u00f6he: ~1,6 Zoll (4cm)<br \/>\nL\u00e4nge: ~4,9 Zoll (12,5 cm)<br \/>\nDicke: ~0,67 Zoll (1,7 cm)<\/p>\n<p>FARBEN UND MATERIAL<br \/>\nFarbe: Naturholz<br \/>\nSpielzeug ist aus NAT\u00dcRLICHEM MASSIVHOLZ gefertigt.<br \/>\nBitte beachten Sie, dass die Farben aufgrund der Einstellungen und der Beleuchtung des Computermonitors variieren k\u00f6nnen.<\/p>\n","protected":false},"excerpt":{"rendered":"<p>Kartenst\u00e4nder aus Massivholz. Dieser Sperrholz-Kartenhalter wurde als Erg\u00e4nzung zu Montessori-Z\u00e4hlen, Zahlen und anderen Lernspielzeugen von Woodinout entwickelt. Sie k\u00f6nnen es mit einer Vielzahl unserer handgefertigten oder anderen Lernressourcen verwenden, die Sie besitzen. Platzieren Sie Zahlen, Buchstaben, Farben, Geoboard-Schemakarten oder alles andere, was Ihnen einf\u00e4llt! DIMENSIONEN H\u00f6he: ~1,6 Zoll (4cm) L\u00e4nge: ~4,9 Zoll (12,5 cm) Dicke: [&hellip;]<\/p>\n","protected":false},"featured_media":20296,"template":"","meta":{"_monsterinsights_skip_tracking":false,"_monsterinsights_sitenote_active":false,"_monsterinsights_sitenote_note":"","_monsterinsights_sitenote_category":0},"product_cat":[1355,1357,1365,1362],"product_tag":[1367,1368,1361,1366,1360],"yoast_head":"<!-- This site is optimized with the Yoast SEO plugin v22.1 - https:\/\/yoast.com\/wordpress\/plugins\/seo\/ -->\n<title>Karten stehen - Woodinout \u00a9 Spielzeug SHOP<\/title>\n<meta name=\"description\" content=\"Perfekte Erg\u00e4nzung zu Ihrem Montessori Homeschool \u2013 Kartenhalter. Nat\u00fcrlich, umweltfreundlich und stilvoll f\u00fcr einen minimalistischen Lebensstil.\" \/>\n<meta name=\"robots\" content=\"index, follow, max-snippet:-1, max-image-preview:large, max-video-preview:-1\" \/>\n<link rel=\"canonical\" href=\"https:\/\/woodinout.net\/de\/product\/kartenstander\/\" \/>\n<meta property=\"og:locale\" content=\"de_DE\" \/>\n<meta property=\"og:type\" content=\"article\" \/>\n<meta property=\"og:title\" content=\"Karten stehen - Woodinout \u00a9 Spielzeug SHOP\" \/>\n<meta property=\"og:description\" content=\"Perfekte Erg\u00e4nzung zu Ihrem Montessori Homeschool \u2013 Kartenhalter. Nat\u00fcrlich, umweltfreundlich und stilvoll f\u00fcr einen minimalistischen Lebensstil.\" \/>\n<meta property=\"og:url\" content=\"https:\/\/woodinout.net\/de\/product\/kartenstander\/\" \/>\n<meta property=\"og:site_name\" content=\"Woodinout \u00a9\" \/>\n<meta property=\"article:modified_time\" content=\"2022-04-19T13:20:21+00:00\" \/>\n<meta property=\"og:image\" content=\"https:\/\/woodinout.net\/wp-content\/uploads\/2021\/03\/Cards_stand.jpg\" \/>\n\t<meta property=\"og:image:width\" content=\"1706\" \/>\n\t<meta property=\"og:image:height\" content=\"2560\" \/>\n\t<meta property=\"og:image:type\" content=\"image\/jpeg\" \/>\n<meta name=\"twitter:card\" content=\"summary_large_image\" \/>\n<script type=\"application\/ld+json\" class=\"yoast-schema-graph\">{\"@context\":\"https:\/\/schema.org\",\"@graph\":[{\"@type\":\"WebPage\",\"@id\":\"https:\/\/woodinout.net\/de\/product\/kartenstander\/\",\"url\":\"https:\/\/woodinout.net\/de\/product\/kartenstander\/\",\"name\":\"Karten stehen - Woodinout \u00a9 Spielzeug SHOP\",\"isPartOf\":{\"@id\":\"https:\/\/woodinout.net\/de\/#website\"},\"datePublished\":\"2021-03-21T19:32:28+00:00\",\"dateModified\":\"2022-04-19T13:20:21+00:00\",\"description\":\"Perfekte Erg\u00e4nzung zu Ihrem Montessori Homeschool \u2013 Kartenhalter. Nat\u00fcrlich, umweltfreundlich und stilvoll f\u00fcr einen minimalistischen Lebensstil.\",\"breadcrumb\":{\"@id\":\"https:\/\/woodinout.net\/de\/product\/kartenstander\/#breadcrumb\"},\"inLanguage\":\"de\",\"potentialAction\":[{\"@type\":\"ReadAction\",\"target\":[\"https:\/\/woodinout.net\/de\/product\/kartenstander\/\"]}]},{\"@type\":\"BreadcrumbList\",\"@id\":\"https:\/\/woodinout.net\/de\/product\/kartenstander\/#breadcrumb\",\"itemListElement\":[{\"@type\":\"ListItem\",\"position\":1,\"name\":\"Home\",\"item\":\"https:\/\/woodinout.net\/de\/\"},{\"@type\":\"ListItem\",\"position\":2,\"name\":\"Shop\",\"item\":\"https:\/\/woodinout.net\/shop\/\"},{\"@type\":\"ListItem\",\"position\":3,\"name\":\"Karten stehen\"}]},{\"@type\":\"WebSite\",\"@id\":\"https:\/\/woodinout.net\/de\/#website\",\"url\":\"https:\/\/woodinout.net\/de\/\",\"name\":\"Woodinout \u00a9\",\"description\":\"Wooden Montessori toys, gifts, home and events decor details\",\"potentialAction\":[{\"@type\":\"SearchAction\",\"target\":{\"@type\":\"EntryPoint\",\"urlTemplate\":\"https:\/\/woodinout.net\/de\/?s={search_term_string}\"},\"query-input\":\"required name=search_term_string\"}],\"inLanguage\":\"de\"}]}<\/script>\n<!-- \/ Yoast SEO plugin. -->","yoast_head_json":{"title":"Karten stehen - Woodinout \u00a9 Spielzeug SHOP","description":"Perfekte Erg\u00e4nzung zu Ihrem Montessori Homeschool \u2013 Kartenhalter. Nat\u00fcrlich, umweltfreundlich und stilvoll f\u00fcr einen minimalistischen Lebensstil.","robots":{"index":"index","follow":"follow","max-snippet":"max-snippet:-1","max-image-preview":"max-image-preview:large","max-video-preview":"max-video-preview:-1"},"canonical":"https:\/\/woodinout.net\/de\/product\/kartenstander\/","og_locale":"de_DE","og_type":"article","og_title":"Karten stehen - Woodinout \u00a9 Spielzeug SHOP","og_description":"Perfekte Erg\u00e4nzung zu Ihrem Montessori Homeschool \u2013 Kartenhalter. Nat\u00fcrlich, umweltfreundlich und stilvoll f\u00fcr einen minimalistischen Lebensstil.","og_url":"https:\/\/woodinout.net\/de\/product\/kartenstander\/","og_site_name":"Woodinout \u00a9","article_modified_time":"2022-04-19T13:20:21+00:00","og_image":[{"width":1706,"height":2560,"url":"https:\/\/woodinout.net\/wp-content\/uploads\/2021\/03\/Cards_stand.jpg","type":"image\/jpeg"}],"twitter_card":"summary_large_image","schema":{"@context":"https:\/\/schema.org","@graph":[{"@type":"WebPage","@id":"https:\/\/woodinout.net\/de\/product\/kartenstander\/","url":"https:\/\/woodinout.net\/de\/product\/kartenstander\/","name":"Karten stehen - Woodinout \u00a9 Spielzeug SHOP","isPartOf":{"@id":"https:\/\/woodinout.net\/de\/#website"},"datePublished":"2021-03-21T19:32:28+00:00","dateModified":"2022-04-19T13:20:21+00:00","description":"Perfekte Erg\u00e4nzung zu Ihrem Montessori Homeschool \u2013 Kartenhalter. Nat\u00fcrlich, umweltfreundlich und stilvoll f\u00fcr einen minimalistischen Lebensstil.","breadcrumb":{"@id":"https:\/\/woodinout.net\/de\/product\/kartenstander\/#breadcrumb"},"inLanguage":"de","potentialAction":[{"@type":"ReadAction","target":["https:\/\/woodinout.net\/de\/product\/kartenstander\/"]}]},{"@type":"BreadcrumbList","@id":"https:\/\/woodinout.net\/de\/product\/kartenstander\/#breadcrumb","itemListElement":[{"@type":"ListItem","position":1,"name":"Home","item":"https:\/\/woodinout.net\/de\/"},{"@type":"ListItem","position":2,"name":"Shop","item":"https:\/\/woodinout.net\/shop\/"},{"@type":"ListItem","position":3,"name":"Karten stehen"}]},{"@type":"WebSite","@id":"https:\/\/woodinout.net\/de\/#website","url":"https:\/\/woodinout.net\/de\/","name":"Woodinout \u00a9","description":"Wooden Montessori toys, gifts, home and events decor details","potentialAction":[{"@type":"SearchAction","target":{"@type":"EntryPoint","urlTemplate":"https:\/\/woodinout.net\/de\/?s={search_term_string}"},"query-input":"required name=search_term_string"}],"inLanguage":"de"}]}},"_links":{"self":[{"href":"https:\/\/woodinout.net\/de\/wp-json\/wp\/v2\/product\/20649"}],"collection":[{"href":"https:\/\/woodinout.net\/de\/wp-json\/wp\/v2\/product"}],"about":[{"href":"https:\/\/woodinout.net\/de\/wp-json\/wp\/v2\/types\/product"}],"wp:featuredmedia":[{"embeddable":true,"href":"https:\/\/woodinout.net\/de\/wp-json\/wp\/v2\/media\/20296"}],"wp:attachment":[{"href":"https:\/\/woodinout.net\/de\/wp-json\/wp\/v2\/media?parent=20649"}],"wp:term":[{"taxonomy":"product_cat","embeddable":true,"href":"https:\/\/woodinout.net\/de\/wp-json\/wp\/v2\/product_cat?post=20649"},{"taxonomy":"product_tag","embeddable":true,"href":"https:\/\/woodinout.net\/de\/wp-json\/wp\/v2\/product_tag?post=20649"}],"curies":[{"name":"wp","href":"https:\/\/api.w.org\/{rel}","templated":true}]}}