{"id":20648,"date":"2021-03-21T15:13:55","date_gmt":"2021-03-21T13:13:55","guid":{"rendered":"https:\/\/woodinout.net\/product\/geoboard-mit-kartenhalter\/"},"modified":"2022-04-19T16:37:05","modified_gmt":"2022-04-19T13:37:05","slug":"geoboard-mit-kartenhalter","status":"publish","type":"product","link":"https:\/\/woodinout.net\/de\/product\/geoboard-mit-kartenhalter\/","title":{"rendered":"Geoboard mit Kartenhalter"},"content":{"rendered":"<p>Das quadratische Geoboard aus Holz mit Kartenhalter ist eines der einzigartigen Montessori-inspirierten Spielzeuge. Die Stifte sind in diesem Fall separat, daher k\u00f6nnen Sie sie auf dem Stiftbrett hinzuf\u00fcgen, wie Sie m\u00f6chten und so viel Sie m\u00f6chten. Kartenhalter ist universell, einfach eigene Bilder ausdrucken und dort platzieren. Handgefertigt aus Massivholz ist dieses Geoboard ein nachhaltiges, nat\u00fcrliches und umweltfreundliches Spielzeug, sicher f\u00fcr Kinder jeden Alters. Verwenden Sie es entweder als Geometrie-Lernbrett f\u00fcr Kinder im Vorschulalter. Oder eines Ihrer Spieltherapiespielzeuge f\u00fcr ein beruhigendes Erlebnis. Einfach als p\u00e4dagogisches und entwicklungsf\u00f6rderndes Werkzeug f\u00fcr den t\u00e4glichen Gebrauch.<\/p>\n<p>Verbessern Sie Kreativit\u00e4t und Vorstellungskraft &#8211; Kinder k\u00f6nnen Stunden mit diesem kostenlosen Spiel verbringen.<br \/>\nEntwicklung der Feinmotorik (Auge-Hand-Koordination).<br \/>\nLernen Sie Geometrie und Probleml\u00f6sung mit den enthaltenen Aufgabenkarten.<\/p>\n<p>Haupt-Kit enth\u00e4lt:<br \/>\nSteckbrett aus Holz<br \/>\n50 St\u00fcck. Heringe<br \/>\n3 Stk. von 59 Zoll Kabel (150 cm)<br \/>\nZusatzkarten:<br \/>\n20 Stk. Formt Karten<\/p>\n<p>Sie k\u00f6nnen auch zu Ihrem Warenkorb hinzuf\u00fcgen:<br \/>\n<a href=\"https:\/\/woodinout.net\/product\/pegs-for-geoboard\/\">Zus\u00e4tzliche Zapfen<\/a><br \/>\n<a href=\"https:\/\/woodinout.net\/product\/colorful-rubber-bands\/\">Gummib\u00e4nder<\/a><\/p>\n<p>DIMENSIONEN<br \/>\nH\u00f6he: 10,6 Zoll (27 cm)<br \/>\nL\u00e4nge: 9,8 Zoll (25 cm)<br \/>\nDicke: 0,66 Zoll (1,7 cm)<\/p>\n<p>FARBEN UND MATERIAL<br \/>\nFarbe: Holz natur oder braun ge\u00f6lt.<br \/>\nDas Spielzeug besteht aus NAT\u00dcRLICHEM MASSIVHOLZ und Sperrholz.<br \/>\nBitte beachten Sie, dass die Farben aufgrund der Einstellungen und der Beleuchtung des Computermonitors variieren k\u00f6nnen.<\/p>\n<p>Weitere Holzideen finden Sie auf unserem <a href=\"https:\/\/www.pinterest.com\/Woodinoutnet\/_created\/\">PINTEREST.<\/a><\/p>\n","protected":false},"excerpt":{"rendered":"<p>Das quadratische Geoboard aus Holz mit Kartenhalter ist eines der einzigartigen Montessori-inspirierten Spielzeuge. Die Stifte sind in diesem Fall separat, daher k\u00f6nnen Sie sie auf dem Stiftbrett hinzuf\u00fcgen, wie Sie m\u00f6chten und so viel Sie m\u00f6chten. Kartenhalter ist universell, einfach eigene Bilder ausdrucken und dort platzieren. Handgefertigt aus Massivholz ist dieses Geoboard ein nachhaltiges, nat\u00fcrliches [&hellip;]<\/p>\n","protected":false},"featured_media":20032,"template":"","meta":{"_monsterinsights_skip_tracking":false,"_monsterinsights_sitenote_active":false,"_monsterinsights_sitenote_note":"","_monsterinsights_sitenote_category":0},"product_cat":[1355,1357],"product_tag":[1376,1374,1358,1367,1368,1378,1366,1361,1360,1363],"yoast_head":"<!-- This site is optimized with the Yoast SEO plugin v22.1 - https:\/\/yoast.com\/wordpress\/plugins\/seo\/ -->\n<title>Geoboard mit Kartenhalter - Woodinout \u00a9 Montessori Spielzeug<\/title>\n<meta name=\"description\" content=\"Nat\u00fcrliches Holzspielzeug eignet sich am besten f\u00fcr fantasievolles und kreatives Spielen. Montessori inspiriertes Geoboard ist genau das! Kinder lernen auf unterhaltsame Weise.\" \/>\n<meta name=\"robots\" content=\"index, follow, max-snippet:-1, max-image-preview:large, max-video-preview:-1\" \/>\n<link rel=\"canonical\" href=\"https:\/\/woodinout.net\/de\/product\/geoboard-mit-kartenhalter\/\" \/>\n<meta property=\"og:locale\" content=\"de_DE\" \/>\n<meta property=\"og:type\" content=\"article\" \/>\n<meta property=\"og:title\" content=\"Geoboard mit Kartenhalter - Woodinout \u00a9 Montessori Spielzeug\" \/>\n<meta property=\"og:description\" content=\"Nat\u00fcrliches Holzspielzeug eignet sich am besten f\u00fcr fantasievolles und kreatives Spielen. Montessori inspiriertes Geoboard ist genau das! Kinder lernen auf unterhaltsame Weise.\" \/>\n<meta property=\"og:url\" content=\"https:\/\/woodinout.net\/de\/product\/geoboard-mit-kartenhalter\/\" \/>\n<meta property=\"og:site_name\" content=\"Woodinout \u00a9\" \/>\n<meta property=\"article:modified_time\" content=\"2022-04-19T13:37:05+00:00\" \/>\n<meta property=\"og:image\" content=\"https:\/\/woodinout.net\/wp-content\/uploads\/2021\/03\/Pegs_board_with_cards_holder_3.jpg\" \/>\n\t<meta property=\"og:image:width\" content=\"1706\" \/>\n\t<meta property=\"og:image:height\" content=\"2560\" \/>\n\t<meta property=\"og:image:type\" content=\"image\/jpeg\" \/>\n<meta name=\"twitter:card\" content=\"summary_large_image\" \/>\n<meta name=\"twitter:label1\" content=\"Gesch\u00e4tzte Lesezeit\" \/>\n\t<meta name=\"twitter:data1\" content=\"1\u00a0Minute\" \/>\n<script type=\"application\/ld+json\" class=\"yoast-schema-graph\">{\"@context\":\"https:\/\/schema.org\",\"@graph\":[{\"@type\":\"WebPage\",\"@id\":\"https:\/\/woodinout.net\/de\/product\/geoboard-mit-kartenhalter\/\",\"url\":\"https:\/\/woodinout.net\/de\/product\/geoboard-mit-kartenhalter\/\",\"name\":\"Geoboard mit Kartenhalter - Woodinout \u00a9 Montessori Spielzeug\",\"isPartOf\":{\"@id\":\"https:\/\/woodinout.net\/de\/#website\"},\"datePublished\":\"2021-03-21T13:13:55+00:00\",\"dateModified\":\"2022-04-19T13:37:05+00:00\",\"description\":\"Nat\u00fcrliches Holzspielzeug eignet sich am besten f\u00fcr fantasievolles und kreatives Spielen. Montessori inspiriertes Geoboard ist genau das! Kinder lernen auf unterhaltsame Weise.\",\"breadcrumb\":{\"@id\":\"https:\/\/woodinout.net\/de\/product\/geoboard-mit-kartenhalter\/#breadcrumb\"},\"inLanguage\":\"de\",\"potentialAction\":[{\"@type\":\"ReadAction\",\"target\":[\"https:\/\/woodinout.net\/de\/product\/geoboard-mit-kartenhalter\/\"]}]},{\"@type\":\"BreadcrumbList\",\"@id\":\"https:\/\/woodinout.net\/de\/product\/geoboard-mit-kartenhalter\/#breadcrumb\",\"itemListElement\":[{\"@type\":\"ListItem\",\"position\":1,\"name\":\"Home\",\"item\":\"https:\/\/woodinout.net\/de\/\"},{\"@type\":\"ListItem\",\"position\":2,\"name\":\"Shop\",\"item\":\"https:\/\/woodinout.net\/shop\/\"},{\"@type\":\"ListItem\",\"position\":3,\"name\":\"Geoboard mit Kartenhalter\"}]},{\"@type\":\"WebSite\",\"@id\":\"https:\/\/woodinout.net\/de\/#website\",\"url\":\"https:\/\/woodinout.net\/de\/\",\"name\":\"Woodinout \u00a9\",\"description\":\"Wooden Montessori toys, gifts, home and events decor details\",\"potentialAction\":[{\"@type\":\"SearchAction\",\"target\":{\"@type\":\"EntryPoint\",\"urlTemplate\":\"https:\/\/woodinout.net\/de\/?s={search_term_string}\"},\"query-input\":\"required name=search_term_string\"}],\"inLanguage\":\"de\"}]}<\/script>\n<!-- \/ Yoast SEO plugin. -->","yoast_head_json":{"title":"Geoboard mit Kartenhalter - Woodinout \u00a9 Montessori Spielzeug","description":"Nat\u00fcrliches Holzspielzeug eignet sich am besten f\u00fcr fantasievolles und kreatives Spielen. Montessori inspiriertes Geoboard ist genau das! Kinder lernen auf unterhaltsame Weise.","robots":{"index":"index","follow":"follow","max-snippet":"max-snippet:-1","max-image-preview":"max-image-preview:large","max-video-preview":"max-video-preview:-1"},"canonical":"https:\/\/woodinout.net\/de\/product\/geoboard-mit-kartenhalter\/","og_locale":"de_DE","og_type":"article","og_title":"Geoboard mit Kartenhalter - Woodinout \u00a9 Montessori Spielzeug","og_description":"Nat\u00fcrliches Holzspielzeug eignet sich am besten f\u00fcr fantasievolles und kreatives Spielen. Montessori inspiriertes Geoboard ist genau das! Kinder lernen auf unterhaltsame Weise.","og_url":"https:\/\/woodinout.net\/de\/product\/geoboard-mit-kartenhalter\/","og_site_name":"Woodinout \u00a9","article_modified_time":"2022-04-19T13:37:05+00:00","og_image":[{"width":1706,"height":2560,"url":"https:\/\/woodinout.net\/wp-content\/uploads\/2021\/03\/Pegs_board_with_cards_holder_3.jpg","type":"image\/jpeg"}],"twitter_card":"summary_large_image","twitter_misc":{"Gesch\u00e4tzte Lesezeit":"1\u00a0Minute"},"schema":{"@context":"https:\/\/schema.org","@graph":[{"@type":"WebPage","@id":"https:\/\/woodinout.net\/de\/product\/geoboard-mit-kartenhalter\/","url":"https:\/\/woodinout.net\/de\/product\/geoboard-mit-kartenhalter\/","name":"Geoboard mit Kartenhalter - Woodinout \u00a9 Montessori Spielzeug","isPartOf":{"@id":"https:\/\/woodinout.net\/de\/#website"},"datePublished":"2021-03-21T13:13:55+00:00","dateModified":"2022-04-19T13:37:05+00:00","description":"Nat\u00fcrliches Holzspielzeug eignet sich am besten f\u00fcr fantasievolles und kreatives Spielen. Montessori inspiriertes Geoboard ist genau das! Kinder lernen auf unterhaltsame Weise.","breadcrumb":{"@id":"https:\/\/woodinout.net\/de\/product\/geoboard-mit-kartenhalter\/#breadcrumb"},"inLanguage":"de","potentialAction":[{"@type":"ReadAction","target":["https:\/\/woodinout.net\/de\/product\/geoboard-mit-kartenhalter\/"]}]},{"@type":"BreadcrumbList","@id":"https:\/\/woodinout.net\/de\/product\/geoboard-mit-kartenhalter\/#breadcrumb","itemListElement":[{"@type":"ListItem","position":1,"name":"Home","item":"https:\/\/woodinout.net\/de\/"},{"@type":"ListItem","position":2,"name":"Shop","item":"https:\/\/woodinout.net\/shop\/"},{"@type":"ListItem","position":3,"name":"Geoboard mit Kartenhalter"}]},{"@type":"WebSite","@id":"https:\/\/woodinout.net\/de\/#website","url":"https:\/\/woodinout.net\/de\/","name":"Woodinout \u00a9","description":"Wooden Montessori toys, gifts, home and events decor details","potentialAction":[{"@type":"SearchAction","target":{"@type":"EntryPoint","urlTemplate":"https:\/\/woodinout.net\/de\/?s={search_term_string}"},"query-input":"required name=search_term_string"}],"inLanguage":"de"}]}},"_links":{"self":[{"href":"https:\/\/woodinout.net\/de\/wp-json\/wp\/v2\/product\/20648"}],"collection":[{"href":"https:\/\/woodinout.net\/de\/wp-json\/wp\/v2\/product"}],"about":[{"href":"https:\/\/woodinout.net\/de\/wp-json\/wp\/v2\/types\/product"}],"wp:featuredmedia":[{"embeddable":true,"href":"https:\/\/woodinout.net\/de\/wp-json\/wp\/v2\/media\/20032"}],"wp:attachment":[{"href":"https:\/\/woodinout.net\/de\/wp-json\/wp\/v2\/media?parent=20648"}],"wp:term":[{"taxonomy":"product_cat","embeddable":true,"href":"https:\/\/woodinout.net\/de\/wp-json\/wp\/v2\/product_cat?post=20648"},{"taxonomy":"product_tag","embeddable":true,"href":"https:\/\/woodinout.net\/de\/wp-json\/wp\/v2\/product_tag?post=20648"}],"curies":[{"name":"wp","href":"https:\/\/api.w.org\/{rel}","templated":true}]}}