{"id":20644,"date":"2021-03-22T13:26:16","date_gmt":"2021-03-22T11:26:16","guid":{"rendered":"https:\/\/woodinout.net\/product\/vollkreis-geoboard\/"},"modified":"2022-04-19T16:20:13","modified_gmt":"2022-04-19T13:20:13","slug":"kreis-geoboard-2","status":"publish","type":"product","link":"https:\/\/woodinout.net\/de\/product\/kreis-geoboard-2\/","title":{"rendered":"Vollkreis-Geoboard"},"content":{"rendered":"<p>Das Vollkreis-Geoboard aus Holz ist eines der einzigartigen Montessori-inspirierten Spielzeuge. Die Stifte sind in diesem Fall separat, daher k\u00f6nnen Sie sie auf dem Stiftbrett hinzuf\u00fcgen, wie Sie m\u00f6chten und so viel Sie m\u00f6chten. Handgefertigt aus Massivholz ist dieses kreisf\u00f6rmige Geoboard ein nachhaltiges, nat\u00fcrliches und umweltfreundliches Spielzeug, sicher f\u00fcr Kinder jeden Alters. Verwenden Sie es entweder als Geometrie-Lernbrett f\u00fcr Kinder im Vorschulalter. Oder eines Ihrer Spieltherapiespielzeuge f\u00fcr ein beruhigendes Erlebnis. Einfach als p\u00e4dagogisches und entwicklungsf\u00f6rderndes Werkzeug f\u00fcr den t\u00e4glichen Gebrauch.<\/p>\n<p>Verbessern Sie Kreativit\u00e4t und Vorstellungskraft &#8211; Kinder k\u00f6nnen Stunden mit diesem kostenlosen Spiel verbringen.<br \/>\nEntwicklung der Feinmotorik (Auge-Hand-Koordination).<br \/>\nLernen Sie Geometrie und Probleml\u00f6sung mit den enthaltenen Aufgabenkarten.<\/p>\n<p>Haupt-Kit enth\u00e4lt:<br \/>\nGeoboard aus Holz<br \/>\n25 Stk. Heringe<br \/>\n3 Stk. von 59 Zoll Kabel (150 cm)<br \/>\nZusatzkarten:<br \/>\n20 Stk. Formt Karten<\/p>\n<p>Sie k\u00f6nnen auch zu Ihrem Warenkorb hinzuf\u00fcgen:<br \/>\n<a href=\"https:\/\/woodinout.net\/product\/pegs-for-geoboard\/\">Zus\u00e4tzliche Zapfen<\/a><br \/>\n<a href=\"https:\/\/woodinout.net\/product\/colorful-rubber-bands\/\">Gummib\u00e4nder<\/a><\/p>\n<p>DIMENSIONEN<br \/>\nH\u00f6he: 8,6 Zoll (22 cm)<br \/>\nL\u00e4nge: 7,9 Zoll (20 cm)<br \/>\nDicke: 0,66 Zoll (1,7 cm)<\/p>\n<p>FARBEN UND MATERIAL<br \/>\nFarbe: Holz natur oder braun ge\u00f6lt.<br \/>\nDas Spielzeug besteht aus NAT\u00dcRLICHEM MASSIVHOLZ und Sperrholz.<br \/>\nBitte beachten Sie, dass die Farben aufgrund der Einstellungen und der Beleuchtung des Computermonitors variieren k\u00f6nnen.<\/p>\n<p>Weitere Holzideen finden Sie auf unserem <a href=\"https:\/\/www.pinterest.com\/Woodinoutnet\/_created\/\">PINTEREST.<\/a><\/p>\n","protected":false},"excerpt":{"rendered":"<p>Das Vollkreis-Geoboard aus Holz ist eines der einzigartigen Montessori-inspirierten Spielzeuge. Die Stifte sind in diesem Fall separat, daher k\u00f6nnen Sie sie auf dem Stiftbrett hinzuf\u00fcgen, wie Sie m\u00f6chten und so viel Sie m\u00f6chten. Handgefertigt aus Massivholz ist dieses kreisf\u00f6rmige Geoboard ein nachhaltiges, nat\u00fcrliches und umweltfreundliches Spielzeug, sicher f\u00fcr Kinder jeden Alters. Verwenden Sie es entweder [&hellip;]<\/p>\n","protected":false},"featured_media":20336,"template":"","meta":{"_monsterinsights_skip_tracking":false,"_monsterinsights_sitenote_active":false,"_monsterinsights_sitenote_note":"","_monsterinsights_sitenote_category":0},"product_cat":[1355,1357],"product_tag":[1376,1374,1358,1367,1368,1378,1366,1361,1360,1363,1389],"yoast_head":"<!-- This site is optimized with the Yoast SEO plugin v22.1 - https:\/\/yoast.com\/wordpress\/plugins\/seo\/ -->\n<title>Vollkreis-Geoboard - Woodinout \u00a9 Montessori Spielzeug<\/title>\n<meta name=\"description\" content=\"Nat\u00fcrliches Holzspielzeug eignet sich am besten f\u00fcr fantasievolles und kreatives Spielen. Montessori inspiriertes Geoboard ist genau das! Personalisierung verf\u00fcgbar.\" \/>\n<meta name=\"robots\" content=\"index, follow, max-snippet:-1, max-image-preview:large, max-video-preview:-1\" \/>\n<link rel=\"canonical\" href=\"https:\/\/woodinout.net\/de\/product\/kreis-geoboard-2\/\" \/>\n<meta property=\"og:locale\" content=\"de_DE\" \/>\n<meta property=\"og:type\" content=\"article\" \/>\n<meta property=\"og:title\" content=\"Vollkreis-Geoboard - Woodinout \u00a9 Montessori Spielzeug\" \/>\n<meta property=\"og:description\" content=\"Nat\u00fcrliches Holzspielzeug eignet sich am besten f\u00fcr fantasievolles und kreatives Spielen. Montessori inspiriertes Geoboard ist genau das! Personalisierung verf\u00fcgbar.\" \/>\n<meta property=\"og:url\" content=\"https:\/\/woodinout.net\/de\/product\/kreis-geoboard-2\/\" \/>\n<meta property=\"og:site_name\" content=\"Woodinout \u00a9\" \/>\n<meta property=\"article:modified_time\" content=\"2022-04-19T13:20:13+00:00\" \/>\n<meta property=\"og:image\" content=\"https:\/\/woodinout.net\/wp-content\/uploads\/2021\/03\/Full_circle_geoboard_5.jpg\" \/>\n\t<meta property=\"og:image:width\" content=\"1706\" \/>\n\t<meta property=\"og:image:height\" content=\"2560\" \/>\n\t<meta property=\"og:image:type\" content=\"image\/jpeg\" \/>\n<meta name=\"twitter:card\" content=\"summary_large_image\" \/>\n<meta name=\"twitter:label1\" content=\"Gesch\u00e4tzte Lesezeit\" \/>\n\t<meta name=\"twitter:data1\" content=\"1\u00a0Minute\" \/>\n<script type=\"application\/ld+json\" class=\"yoast-schema-graph\">{\"@context\":\"https:\/\/schema.org\",\"@graph\":[{\"@type\":\"WebPage\",\"@id\":\"https:\/\/woodinout.net\/de\/product\/kreis-geoboard-2\/\",\"url\":\"https:\/\/woodinout.net\/de\/product\/kreis-geoboard-2\/\",\"name\":\"Vollkreis-Geoboard - Woodinout \u00a9 Montessori Spielzeug\",\"isPartOf\":{\"@id\":\"https:\/\/woodinout.net\/de\/#website\"},\"datePublished\":\"2021-03-22T11:26:16+00:00\",\"dateModified\":\"2022-04-19T13:20:13+00:00\",\"description\":\"Nat\u00fcrliches Holzspielzeug eignet sich am besten f\u00fcr fantasievolles und kreatives Spielen. Montessori inspiriertes Geoboard ist genau das! Personalisierung verf\u00fcgbar.\",\"breadcrumb\":{\"@id\":\"https:\/\/woodinout.net\/de\/product\/kreis-geoboard-2\/#breadcrumb\"},\"inLanguage\":\"de\",\"potentialAction\":[{\"@type\":\"ReadAction\",\"target\":[\"https:\/\/woodinout.net\/de\/product\/kreis-geoboard-2\/\"]}]},{\"@type\":\"BreadcrumbList\",\"@id\":\"https:\/\/woodinout.net\/de\/product\/kreis-geoboard-2\/#breadcrumb\",\"itemListElement\":[{\"@type\":\"ListItem\",\"position\":1,\"name\":\"Home\",\"item\":\"https:\/\/woodinout.net\/de\/\"},{\"@type\":\"ListItem\",\"position\":2,\"name\":\"Shop\",\"item\":\"https:\/\/woodinout.net\/shop\/\"},{\"@type\":\"ListItem\",\"position\":3,\"name\":\"Vollkreis-Geoboard\"}]},{\"@type\":\"WebSite\",\"@id\":\"https:\/\/woodinout.net\/de\/#website\",\"url\":\"https:\/\/woodinout.net\/de\/\",\"name\":\"Woodinout \u00a9\",\"description\":\"Wooden Montessori toys, gifts, home and events decor details\",\"potentialAction\":[{\"@type\":\"SearchAction\",\"target\":{\"@type\":\"EntryPoint\",\"urlTemplate\":\"https:\/\/woodinout.net\/de\/?s={search_term_string}\"},\"query-input\":\"required name=search_term_string\"}],\"inLanguage\":\"de\"}]}<\/script>\n<!-- \/ Yoast SEO plugin. -->","yoast_head_json":{"title":"Vollkreis-Geoboard - Woodinout \u00a9 Montessori Spielzeug","description":"Nat\u00fcrliches Holzspielzeug eignet sich am besten f\u00fcr fantasievolles und kreatives Spielen. Montessori inspiriertes Geoboard ist genau das! Personalisierung verf\u00fcgbar.","robots":{"index":"index","follow":"follow","max-snippet":"max-snippet:-1","max-image-preview":"max-image-preview:large","max-video-preview":"max-video-preview:-1"},"canonical":"https:\/\/woodinout.net\/de\/product\/kreis-geoboard-2\/","og_locale":"de_DE","og_type":"article","og_title":"Vollkreis-Geoboard - Woodinout \u00a9 Montessori Spielzeug","og_description":"Nat\u00fcrliches Holzspielzeug eignet sich am besten f\u00fcr fantasievolles und kreatives Spielen. Montessori inspiriertes Geoboard ist genau das! Personalisierung verf\u00fcgbar.","og_url":"https:\/\/woodinout.net\/de\/product\/kreis-geoboard-2\/","og_site_name":"Woodinout \u00a9","article_modified_time":"2022-04-19T13:20:13+00:00","og_image":[{"width":1706,"height":2560,"url":"https:\/\/woodinout.net\/wp-content\/uploads\/2021\/03\/Full_circle_geoboard_5.jpg","type":"image\/jpeg"}],"twitter_card":"summary_large_image","twitter_misc":{"Gesch\u00e4tzte Lesezeit":"1\u00a0Minute"},"schema":{"@context":"https:\/\/schema.org","@graph":[{"@type":"WebPage","@id":"https:\/\/woodinout.net\/de\/product\/kreis-geoboard-2\/","url":"https:\/\/woodinout.net\/de\/product\/kreis-geoboard-2\/","name":"Vollkreis-Geoboard - Woodinout \u00a9 Montessori Spielzeug","isPartOf":{"@id":"https:\/\/woodinout.net\/de\/#website"},"datePublished":"2021-03-22T11:26:16+00:00","dateModified":"2022-04-19T13:20:13+00:00","description":"Nat\u00fcrliches Holzspielzeug eignet sich am besten f\u00fcr fantasievolles und kreatives Spielen. Montessori inspiriertes Geoboard ist genau das! Personalisierung verf\u00fcgbar.","breadcrumb":{"@id":"https:\/\/woodinout.net\/de\/product\/kreis-geoboard-2\/#breadcrumb"},"inLanguage":"de","potentialAction":[{"@type":"ReadAction","target":["https:\/\/woodinout.net\/de\/product\/kreis-geoboard-2\/"]}]},{"@type":"BreadcrumbList","@id":"https:\/\/woodinout.net\/de\/product\/kreis-geoboard-2\/#breadcrumb","itemListElement":[{"@type":"ListItem","position":1,"name":"Home","item":"https:\/\/woodinout.net\/de\/"},{"@type":"ListItem","position":2,"name":"Shop","item":"https:\/\/woodinout.net\/shop\/"},{"@type":"ListItem","position":3,"name":"Vollkreis-Geoboard"}]},{"@type":"WebSite","@id":"https:\/\/woodinout.net\/de\/#website","url":"https:\/\/woodinout.net\/de\/","name":"Woodinout \u00a9","description":"Wooden Montessori toys, gifts, home and events decor details","potentialAction":[{"@type":"SearchAction","target":{"@type":"EntryPoint","urlTemplate":"https:\/\/woodinout.net\/de\/?s={search_term_string}"},"query-input":"required name=search_term_string"}],"inLanguage":"de"}]}},"_links":{"self":[{"href":"https:\/\/woodinout.net\/de\/wp-json\/wp\/v2\/product\/20644"}],"collection":[{"href":"https:\/\/woodinout.net\/de\/wp-json\/wp\/v2\/product"}],"about":[{"href":"https:\/\/woodinout.net\/de\/wp-json\/wp\/v2\/types\/product"}],"wp:featuredmedia":[{"embeddable":true,"href":"https:\/\/woodinout.net\/de\/wp-json\/wp\/v2\/media\/20336"}],"wp:attachment":[{"href":"https:\/\/woodinout.net\/de\/wp-json\/wp\/v2\/media?parent=20644"}],"wp:term":[{"taxonomy":"product_cat","embeddable":true,"href":"https:\/\/woodinout.net\/de\/wp-json\/wp\/v2\/product_cat?post=20644"},{"taxonomy":"product_tag","embeddable":true,"href":"https:\/\/woodinout.net\/de\/wp-json\/wp\/v2\/product_tag?post=20644"}],"curies":[{"name":"wp","href":"https:\/\/api.w.org\/{rel}","templated":true}]}}