{"id":20637,"date":"2021-03-22T13:30:16","date_gmt":"2021-03-22T11:30:16","guid":{"rendered":"https:\/\/woodinout.net\/product\/heringe-fuer-geoboard\/"},"modified":"2022-04-19T16:11:00","modified_gmt":"2022-04-19T13:11:00","slug":"heringe-fur-geoboard","status":"publish","type":"product","link":"https:\/\/woodinout.net\/de\/product\/heringe-fur-geoboard\/","title":{"rendered":"Heringe f\u00fcr Geoboard"},"content":{"rendered":"<p>Kleine Holzheringe als Erg\u00e4nzung zum Holz-Geoboard f\u00fcr Kinder. Dies k\u00f6nnte ein perfektes Geschicklichkeitsspielzeug f\u00fcr Entwicklungs- und kreatives Spielen f\u00fcr Kinder und Erwachsene sein. Holzstifte werden haupts\u00e4chlich in Montessori-Steckplatten verwendet, k\u00f6nnen aber auch kreativ in vielen Montessori- oder Waldorf-inspirierten Aktivit\u00e4ten wie Z\u00e4hlen, Sortieren oder Sensorik verwendet werden.<\/p>\n<p>DIMENSIONEN<br \/>\nH\u00f6he: 1,57 Zoll (4 cm)<br \/>\nDicke: 0,23 Zoll (0,6 cm)<\/p>\n<p>FARBEN UND MATERIAL<br \/>\nFarbe: Naturholz.<br \/>\nSpielzeug ist aus NAT\u00dcRLICHEM MASSIVHOLZ gefertigt.<br \/>\nBitte beachten Sie, dass die Farben aufgrund der Einstellungen und der Beleuchtung des Computermonitors variieren k\u00f6nnen.<\/p>\n","protected":false},"excerpt":{"rendered":"<p>Kleine Holzheringe als Erg\u00e4nzung zum Holz-Geoboard f\u00fcr Kinder. Dies k\u00f6nnte ein perfektes Geschicklichkeitsspielzeug f\u00fcr Entwicklungs- und kreatives Spielen f\u00fcr Kinder und Erwachsene sein. Holzstifte werden haupts\u00e4chlich in Montessori-Steckplatten verwendet, k\u00f6nnen aber auch kreativ in vielen Montessori- oder Waldorf-inspirierten Aktivit\u00e4ten wie Z\u00e4hlen, Sortieren oder Sensorik verwendet werden. DIMENSIONEN H\u00f6he: 1,57 Zoll (4 cm) Dicke: 0,23 Zoll [&hellip;]<\/p>\n","protected":false},"featured_media":20352,"template":"","meta":{"_monsterinsights_skip_tracking":false,"_monsterinsights_sitenote_active":false,"_monsterinsights_sitenote_note":"","_monsterinsights_sitenote_category":0},"product_cat":[1355,1357],"product_tag":[1376,1374,1358,1367,1368,1378,1366,1361,1360,1371,1363,1372],"yoast_head":"<!-- This site is optimized with the Yoast SEO plugin v22.1 - https:\/\/yoast.com\/wordpress\/plugins\/seo\/ -->\n<title>Heringe f\u00fcr Geoboard - Woodinout \u00a9 Spielzeug SHOP<\/title>\n<meta name=\"description\" content=\"Bringen Sie Kindern Mathe, Zahlen und Sortieren auf spielerische Weise bei. Entwickeln Sie auch die Feinmotorik von Kleinkindern und spielen Sie mit stilvollen handgefertigten Holzstiften.\" \/>\n<meta name=\"robots\" content=\"index, follow, max-snippet:-1, max-image-preview:large, max-video-preview:-1\" \/>\n<link rel=\"canonical\" href=\"https:\/\/woodinout.net\/de\/product\/heringe-fur-geoboard\/\" \/>\n<meta property=\"og:locale\" content=\"de_DE\" \/>\n<meta property=\"og:type\" content=\"article\" \/>\n<meta property=\"og:title\" content=\"Heringe f\u00fcr Geoboard - Woodinout \u00a9 Spielzeug SHOP\" \/>\n<meta property=\"og:description\" content=\"Bringen Sie Kindern Mathe, Zahlen und Sortieren auf spielerische Weise bei. Entwickeln Sie auch die Feinmotorik von Kleinkindern und spielen Sie mit stilvollen handgefertigten Holzstiften.\" \/>\n<meta property=\"og:url\" content=\"https:\/\/woodinout.net\/de\/product\/heringe-fur-geoboard\/\" \/>\n<meta property=\"og:site_name\" content=\"Woodinout \u00a9\" \/>\n<meta property=\"article:modified_time\" content=\"2022-04-19T13:11:00+00:00\" \/>\n<meta property=\"og:image\" content=\"https:\/\/woodinout.net\/wp-content\/uploads\/2021\/03\/Small-wooden-Pegs.jpg\" \/>\n\t<meta property=\"og:image:width\" content=\"1140\" \/>\n\t<meta property=\"og:image:height\" content=\"1002\" \/>\n\t<meta property=\"og:image:type\" content=\"image\/jpeg\" \/>\n<meta name=\"twitter:card\" content=\"summary_large_image\" \/>\n<script type=\"application\/ld+json\" class=\"yoast-schema-graph\">{\"@context\":\"https:\/\/schema.org\",\"@graph\":[{\"@type\":\"WebPage\",\"@id\":\"https:\/\/woodinout.net\/de\/product\/heringe-fur-geoboard\/\",\"url\":\"https:\/\/woodinout.net\/de\/product\/heringe-fur-geoboard\/\",\"name\":\"Heringe f\u00fcr Geoboard - Woodinout \u00a9 Spielzeug SHOP\",\"isPartOf\":{\"@id\":\"https:\/\/woodinout.net\/de\/#website\"},\"datePublished\":\"2021-03-22T11:30:16+00:00\",\"dateModified\":\"2022-04-19T13:11:00+00:00\",\"description\":\"Bringen Sie Kindern Mathe, Zahlen und Sortieren auf spielerische Weise bei. Entwickeln Sie auch die Feinmotorik von Kleinkindern und spielen Sie mit stilvollen handgefertigten Holzstiften.\",\"breadcrumb\":{\"@id\":\"https:\/\/woodinout.net\/de\/product\/heringe-fur-geoboard\/#breadcrumb\"},\"inLanguage\":\"de\",\"potentialAction\":[{\"@type\":\"ReadAction\",\"target\":[\"https:\/\/woodinout.net\/de\/product\/heringe-fur-geoboard\/\"]}]},{\"@type\":\"BreadcrumbList\",\"@id\":\"https:\/\/woodinout.net\/de\/product\/heringe-fur-geoboard\/#breadcrumb\",\"itemListElement\":[{\"@type\":\"ListItem\",\"position\":1,\"name\":\"Home\",\"item\":\"https:\/\/woodinout.net\/de\/\"},{\"@type\":\"ListItem\",\"position\":2,\"name\":\"Shop\",\"item\":\"https:\/\/woodinout.net\/shop\/\"},{\"@type\":\"ListItem\",\"position\":3,\"name\":\"Heringe f\u00fcr Geoboard\"}]},{\"@type\":\"WebSite\",\"@id\":\"https:\/\/woodinout.net\/de\/#website\",\"url\":\"https:\/\/woodinout.net\/de\/\",\"name\":\"Woodinout \u00a9\",\"description\":\"Wooden Montessori toys, gifts, home and events decor details\",\"potentialAction\":[{\"@type\":\"SearchAction\",\"target\":{\"@type\":\"EntryPoint\",\"urlTemplate\":\"https:\/\/woodinout.net\/de\/?s={search_term_string}\"},\"query-input\":\"required name=search_term_string\"}],\"inLanguage\":\"de\"}]}<\/script>\n<!-- \/ Yoast SEO plugin. -->","yoast_head_json":{"title":"Heringe f\u00fcr Geoboard - Woodinout \u00a9 Spielzeug SHOP","description":"Bringen Sie Kindern Mathe, Zahlen und Sortieren auf spielerische Weise bei. Entwickeln Sie auch die Feinmotorik von Kleinkindern und spielen Sie mit stilvollen handgefertigten Holzstiften.","robots":{"index":"index","follow":"follow","max-snippet":"max-snippet:-1","max-image-preview":"max-image-preview:large","max-video-preview":"max-video-preview:-1"},"canonical":"https:\/\/woodinout.net\/de\/product\/heringe-fur-geoboard\/","og_locale":"de_DE","og_type":"article","og_title":"Heringe f\u00fcr Geoboard - Woodinout \u00a9 Spielzeug SHOP","og_description":"Bringen Sie Kindern Mathe, Zahlen und Sortieren auf spielerische Weise bei. Entwickeln Sie auch die Feinmotorik von Kleinkindern und spielen Sie mit stilvollen handgefertigten Holzstiften.","og_url":"https:\/\/woodinout.net\/de\/product\/heringe-fur-geoboard\/","og_site_name":"Woodinout \u00a9","article_modified_time":"2022-04-19T13:11:00+00:00","og_image":[{"width":1140,"height":1002,"url":"https:\/\/woodinout.net\/wp-content\/uploads\/2021\/03\/Small-wooden-Pegs.jpg","type":"image\/jpeg"}],"twitter_card":"summary_large_image","schema":{"@context":"https:\/\/schema.org","@graph":[{"@type":"WebPage","@id":"https:\/\/woodinout.net\/de\/product\/heringe-fur-geoboard\/","url":"https:\/\/woodinout.net\/de\/product\/heringe-fur-geoboard\/","name":"Heringe f\u00fcr Geoboard - Woodinout \u00a9 Spielzeug SHOP","isPartOf":{"@id":"https:\/\/woodinout.net\/de\/#website"},"datePublished":"2021-03-22T11:30:16+00:00","dateModified":"2022-04-19T13:11:00+00:00","description":"Bringen Sie Kindern Mathe, Zahlen und Sortieren auf spielerische Weise bei. Entwickeln Sie auch die Feinmotorik von Kleinkindern und spielen Sie mit stilvollen handgefertigten Holzstiften.","breadcrumb":{"@id":"https:\/\/woodinout.net\/de\/product\/heringe-fur-geoboard\/#breadcrumb"},"inLanguage":"de","potentialAction":[{"@type":"ReadAction","target":["https:\/\/woodinout.net\/de\/product\/heringe-fur-geoboard\/"]}]},{"@type":"BreadcrumbList","@id":"https:\/\/woodinout.net\/de\/product\/heringe-fur-geoboard\/#breadcrumb","itemListElement":[{"@type":"ListItem","position":1,"name":"Home","item":"https:\/\/woodinout.net\/de\/"},{"@type":"ListItem","position":2,"name":"Shop","item":"https:\/\/woodinout.net\/shop\/"},{"@type":"ListItem","position":3,"name":"Heringe f\u00fcr Geoboard"}]},{"@type":"WebSite","@id":"https:\/\/woodinout.net\/de\/#website","url":"https:\/\/woodinout.net\/de\/","name":"Woodinout \u00a9","description":"Wooden Montessori toys, gifts, home and events decor details","potentialAction":[{"@type":"SearchAction","target":{"@type":"EntryPoint","urlTemplate":"https:\/\/woodinout.net\/de\/?s={search_term_string}"},"query-input":"required name=search_term_string"}],"inLanguage":"de"}]}},"_links":{"self":[{"href":"https:\/\/woodinout.net\/de\/wp-json\/wp\/v2\/product\/20637"}],"collection":[{"href":"https:\/\/woodinout.net\/de\/wp-json\/wp\/v2\/product"}],"about":[{"href":"https:\/\/woodinout.net\/de\/wp-json\/wp\/v2\/types\/product"}],"wp:featuredmedia":[{"embeddable":true,"href":"https:\/\/woodinout.net\/de\/wp-json\/wp\/v2\/media\/20352"}],"wp:attachment":[{"href":"https:\/\/woodinout.net\/de\/wp-json\/wp\/v2\/media?parent=20637"}],"wp:term":[{"taxonomy":"product_cat","embeddable":true,"href":"https:\/\/woodinout.net\/de\/wp-json\/wp\/v2\/product_cat?post=20637"},{"taxonomy":"product_tag","embeddable":true,"href":"https:\/\/woodinout.net\/de\/wp-json\/wp\/v2\/product_tag?post=20637"}],"curies":[{"name":"wp","href":"https:\/\/api.w.org\/{rel}","templated":true}]}}