{"id":20636,"date":"2021-03-21T19:15:28","date_gmt":"2021-03-21T17:15:28","guid":{"rendered":"https:\/\/woodinout.net\/product\/formt-karten\/"},"modified":"2022-04-19T16:36:48","modified_gmt":"2022-04-19T13:36:48","slug":"formen-karten","status":"publish","type":"product","link":"https:\/\/woodinout.net\/de\/product\/formen-karten\/","title":{"rendered":"Formt Karten"},"content":{"rendered":"<p>Geoboard-Schemata Sperrholzkarten \u2013 Erg\u00e4nzung zum Steckbrett f\u00fcr Kinder. Alle unsere Montessori-Holzspielzeuge wurden entwickelt, um Kreativit\u00e4t mit nat\u00fcrlichem Holzspielzeug zu entwickeln. Vorschulisches Lernen durch Spielen ist die Antwort auf die heutige Bildung. Bei Montessori Steckbrettformen dreht sich alles um Karten! Verwenden Sie es mit Ihrem oder einem unserer einzigartigen Geoboards.<\/p>\n<p>DIMENSIONEN<br \/>\nH\u00f6he: ~1,9 Zoll (4,8 cm)<br \/>\nL\u00e4nge: ~1,9 Zoll (4,8 cm)<\/p>\n<p>FARBEN UND MATERIAL<br \/>\nFarbe: Naturholz<br \/>\nSpielzeug ist aus NAT\u00dcRLICHEM HOLZ-Sperrholz gefertigt.<br \/>\nBitte beachten Sie, dass die Farben aufgrund der Einstellungen und der Beleuchtung des Computermonitors variieren k\u00f6nnen.<\/p>\n","protected":false},"excerpt":{"rendered":"<p>Geoboard-Schemata Sperrholzkarten \u2013 Erg\u00e4nzung zum Steckbrett f\u00fcr Kinder. Alle unsere Montessori-Holzspielzeuge wurden entwickelt, um Kreativit\u00e4t mit nat\u00fcrlichem Holzspielzeug zu entwickeln. Vorschulisches Lernen durch Spielen ist die Antwort auf die heutige Bildung. Bei Montessori Steckbrettformen dreht sich alles um Karten! Verwenden Sie es mit Ihrem oder einem unserer einzigartigen Geoboards. DIMENSIONEN H\u00f6he: ~1,9 Zoll (4,8 cm) [&hellip;]<\/p>\n","protected":false},"featured_media":20136,"template":"","meta":{"_monsterinsights_skip_tracking":false,"_monsterinsights_sitenote_active":false,"_monsterinsights_sitenote_note":"","_monsterinsights_sitenote_category":0},"product_cat":[1355,1357],"product_tag":[1381,1376,1374,1358,1367,1368,1378,1366,1361,1360,1371,1363,1372],"yoast_head":"<!-- This site is optimized with the Yoast SEO plugin v22.1 - https:\/\/yoast.com\/wordpress\/plugins\/seo\/ -->\n<title>Formt Karten - Woodinout \u00a9 Spielzeug SHOP<\/title>\n<meta name=\"description\" content=\"Bringen Sie Kindern auf spielerische Weise Geometrie bei, l\u00f6sen Sie Probleme und entwickeln Sie Feinmotorik. Spielen Sie mit stilvollen handgefertigten Naturholzkl\u00f6tzen.\" \/>\n<meta name=\"robots\" content=\"index, follow, max-snippet:-1, max-image-preview:large, max-video-preview:-1\" \/>\n<link rel=\"canonical\" href=\"https:\/\/woodinout.net\/de\/product\/formen-karten\/\" \/>\n<meta property=\"og:locale\" content=\"de_DE\" \/>\n<meta property=\"og:type\" content=\"article\" \/>\n<meta property=\"og:title\" content=\"Formt Karten - Woodinout \u00a9 Spielzeug SHOP\" \/>\n<meta property=\"og:description\" content=\"Bringen Sie Kindern auf spielerische Weise Geometrie bei, l\u00f6sen Sie Probleme und entwickeln Sie Feinmotorik. Spielen Sie mit stilvollen handgefertigten Naturholzkl\u00f6tzen.\" \/>\n<meta property=\"og:url\" content=\"https:\/\/woodinout.net\/de\/product\/formen-karten\/\" \/>\n<meta property=\"og:site_name\" content=\"Woodinout \u00a9\" \/>\n<meta property=\"article:modified_time\" content=\"2022-04-19T13:36:48+00:00\" \/>\n<meta property=\"og:image\" content=\"https:\/\/woodinout.net\/wp-content\/uploads\/2021\/03\/Shapes_cards_3.jpg\" \/>\n\t<meta property=\"og:image:width\" content=\"1706\" \/>\n\t<meta property=\"og:image:height\" content=\"2560\" \/>\n\t<meta property=\"og:image:type\" content=\"image\/jpeg\" \/>\n<meta name=\"twitter:card\" content=\"summary_large_image\" \/>\n<script type=\"application\/ld+json\" class=\"yoast-schema-graph\">{\"@context\":\"https:\/\/schema.org\",\"@graph\":[{\"@type\":\"WebPage\",\"@id\":\"https:\/\/woodinout.net\/de\/product\/formen-karten\/\",\"url\":\"https:\/\/woodinout.net\/de\/product\/formen-karten\/\",\"name\":\"Formt Karten - Woodinout \u00a9 Spielzeug SHOP\",\"isPartOf\":{\"@id\":\"https:\/\/woodinout.net\/de\/#website\"},\"datePublished\":\"2021-03-21T17:15:28+00:00\",\"dateModified\":\"2022-04-19T13:36:48+00:00\",\"description\":\"Bringen Sie Kindern auf spielerische Weise Geometrie bei, l\u00f6sen Sie Probleme und entwickeln Sie Feinmotorik. Spielen Sie mit stilvollen handgefertigten Naturholzkl\u00f6tzen.\",\"breadcrumb\":{\"@id\":\"https:\/\/woodinout.net\/de\/product\/formen-karten\/#breadcrumb\"},\"inLanguage\":\"de\",\"potentialAction\":[{\"@type\":\"ReadAction\",\"target\":[\"https:\/\/woodinout.net\/de\/product\/formen-karten\/\"]}]},{\"@type\":\"BreadcrumbList\",\"@id\":\"https:\/\/woodinout.net\/de\/product\/formen-karten\/#breadcrumb\",\"itemListElement\":[{\"@type\":\"ListItem\",\"position\":1,\"name\":\"Home\",\"item\":\"https:\/\/woodinout.net\/de\/\"},{\"@type\":\"ListItem\",\"position\":2,\"name\":\"Shop\",\"item\":\"https:\/\/woodinout.net\/shop\/\"},{\"@type\":\"ListItem\",\"position\":3,\"name\":\"Formt Karten\"}]},{\"@type\":\"WebSite\",\"@id\":\"https:\/\/woodinout.net\/de\/#website\",\"url\":\"https:\/\/woodinout.net\/de\/\",\"name\":\"Woodinout \u00a9\",\"description\":\"Wooden Montessori toys, gifts, home and events decor details\",\"potentialAction\":[{\"@type\":\"SearchAction\",\"target\":{\"@type\":\"EntryPoint\",\"urlTemplate\":\"https:\/\/woodinout.net\/de\/?s={search_term_string}\"},\"query-input\":\"required name=search_term_string\"}],\"inLanguage\":\"de\"}]}<\/script>\n<!-- \/ Yoast SEO plugin. -->","yoast_head_json":{"title":"Formt Karten - Woodinout \u00a9 Spielzeug SHOP","description":"Bringen Sie Kindern auf spielerische Weise Geometrie bei, l\u00f6sen Sie Probleme und entwickeln Sie Feinmotorik. Spielen Sie mit stilvollen handgefertigten Naturholzkl\u00f6tzen.","robots":{"index":"index","follow":"follow","max-snippet":"max-snippet:-1","max-image-preview":"max-image-preview:large","max-video-preview":"max-video-preview:-1"},"canonical":"https:\/\/woodinout.net\/de\/product\/formen-karten\/","og_locale":"de_DE","og_type":"article","og_title":"Formt Karten - Woodinout \u00a9 Spielzeug SHOP","og_description":"Bringen Sie Kindern auf spielerische Weise Geometrie bei, l\u00f6sen Sie Probleme und entwickeln Sie Feinmotorik. Spielen Sie mit stilvollen handgefertigten Naturholzkl\u00f6tzen.","og_url":"https:\/\/woodinout.net\/de\/product\/formen-karten\/","og_site_name":"Woodinout \u00a9","article_modified_time":"2022-04-19T13:36:48+00:00","og_image":[{"width":1706,"height":2560,"url":"https:\/\/woodinout.net\/wp-content\/uploads\/2021\/03\/Shapes_cards_3.jpg","type":"image\/jpeg"}],"twitter_card":"summary_large_image","schema":{"@context":"https:\/\/schema.org","@graph":[{"@type":"WebPage","@id":"https:\/\/woodinout.net\/de\/product\/formen-karten\/","url":"https:\/\/woodinout.net\/de\/product\/formen-karten\/","name":"Formt Karten - Woodinout \u00a9 Spielzeug SHOP","isPartOf":{"@id":"https:\/\/woodinout.net\/de\/#website"},"datePublished":"2021-03-21T17:15:28+00:00","dateModified":"2022-04-19T13:36:48+00:00","description":"Bringen Sie Kindern auf spielerische Weise Geometrie bei, l\u00f6sen Sie Probleme und entwickeln Sie Feinmotorik. Spielen Sie mit stilvollen handgefertigten Naturholzkl\u00f6tzen.","breadcrumb":{"@id":"https:\/\/woodinout.net\/de\/product\/formen-karten\/#breadcrumb"},"inLanguage":"de","potentialAction":[{"@type":"ReadAction","target":["https:\/\/woodinout.net\/de\/product\/formen-karten\/"]}]},{"@type":"BreadcrumbList","@id":"https:\/\/woodinout.net\/de\/product\/formen-karten\/#breadcrumb","itemListElement":[{"@type":"ListItem","position":1,"name":"Home","item":"https:\/\/woodinout.net\/de\/"},{"@type":"ListItem","position":2,"name":"Shop","item":"https:\/\/woodinout.net\/shop\/"},{"@type":"ListItem","position":3,"name":"Formt Karten"}]},{"@type":"WebSite","@id":"https:\/\/woodinout.net\/de\/#website","url":"https:\/\/woodinout.net\/de\/","name":"Woodinout \u00a9","description":"Wooden Montessori toys, gifts, home and events decor details","potentialAction":[{"@type":"SearchAction","target":{"@type":"EntryPoint","urlTemplate":"https:\/\/woodinout.net\/de\/?s={search_term_string}"},"query-input":"required name=search_term_string"}],"inLanguage":"de"}]}},"_links":{"self":[{"href":"https:\/\/woodinout.net\/de\/wp-json\/wp\/v2\/product\/20636"}],"collection":[{"href":"https:\/\/woodinout.net\/de\/wp-json\/wp\/v2\/product"}],"about":[{"href":"https:\/\/woodinout.net\/de\/wp-json\/wp\/v2\/types\/product"}],"wp:featuredmedia":[{"embeddable":true,"href":"https:\/\/woodinout.net\/de\/wp-json\/wp\/v2\/media\/20136"}],"wp:attachment":[{"href":"https:\/\/woodinout.net\/de\/wp-json\/wp\/v2\/media?parent=20636"}],"wp:term":[{"taxonomy":"product_cat","embeddable":true,"href":"https:\/\/woodinout.net\/de\/wp-json\/wp\/v2\/product_cat?post=20636"},{"taxonomy":"product_tag","embeddable":true,"href":"https:\/\/woodinout.net\/de\/wp-json\/wp\/v2\/product_tag?post=20636"}],"curies":[{"name":"wp","href":"https:\/\/api.w.org\/{rel}","templated":true}]}}