{"id":20634,"date":"2021-03-19T19:12:17","date_gmt":"2021-03-19T17:12:17","guid":{"rendered":"https:\/\/woodinout.net\/product\/lebenszyklustafel-sechseck\/"},"modified":"2022-06-12T23:40:38","modified_gmt":"2022-06-12T20:40:38","slug":"lebenszyklus-brett-sechseck","status":"publish","type":"product","link":"https:\/\/woodinout.net\/de\/product\/lebenszyklus-brett-sechseck\/","title":{"rendered":"Lebenszyklus-Board"},"content":{"rendered":"<p>Lernspielzeug &#8211; Naturwissenschaftliche Montessori-Materialien f\u00fcr Vorschulkinder, die Spa\u00df machen und kreativ sind. Keine Langeweile mehr im Unterricht! Mit diesem Lebenszyklus-Tablett aus Holz k\u00f6nnen Sie Kindern das Lernen von Naturwissenschaften und Biologie auf interessantere und kreativere Weise erm\u00f6glichen.<\/p>\n<p>Handgefertigt aus Massivholz \u2013 nachhaltige, umweltfreundliche und sichere Montessori-Materialien f\u00fcr Kinder.<\/p>\n<p>DIMENSIONEN<br \/>\nL\u00e4nge: ~ 7,9 Zoll (20 cm)<br \/>\nH\u00f6he: ~ 6,7 Zoll (17 cm)<br \/>\nDicke: ~0,6 Zoll (1,5 cm)<\/p>\n<p>FARBEN UND MATERIAL<br \/>\nFarbe: nat\u00fcrlich und braun ge\u00f6lt.<br \/>\nSpielzeug ist aus NAT\u00dcRLICHEM MASSIVHOLZ gefertigt.<br \/>\nBitte beachten Sie, dass die Farben aufgrund der Einstellungen und der Beleuchtung des Computermonitors variieren k\u00f6nnen.<\/p>\n<p>F\u00fcr weitere Ideen folgen Sie uns auf <a href=\"https:\/\/www.instagram.com\/woodinout\/\">INSTAGRAM<\/a> &amp; <a href=\"https:\/\/www.facebook.com\/Woodinout.net\">FACEBOOK<\/a><\/p>\n<p>&nbsp;<\/p>\n","protected":false},"excerpt":{"rendered":"<p>Lernspielzeug &#8211; Naturwissenschaftliche Montessori-Materialien f\u00fcr Vorschulkinder, die Spa\u00df machen und kreativ sind. Keine Langeweile mehr im Unterricht! Mit diesem Lebenszyklus-Tablett aus Holz k\u00f6nnen Sie Kindern das Lernen von Naturwissenschaften und Biologie auf interessantere und kreativere Weise erm\u00f6glichen. Handgefertigt aus Massivholz \u2013 nachhaltige, umweltfreundliche und sichere Montessori-Materialien f\u00fcr Kinder. DIMENSIONEN L\u00e4nge: ~ 7,9 Zoll (20 cm) [&hellip;]<\/p>\n","protected":false},"featured_media":19744,"template":"","meta":{"_monsterinsights_skip_tracking":false,"_monsterinsights_sitenote_active":false,"_monsterinsights_sitenote_note":"","_monsterinsights_sitenote_category":0},"product_cat":[1355,1356],"product_tag":[1358,1367,1368,1366,1361,1360,1363,1370],"yoast_head":"<!-- This site is optimized with the Yoast SEO plugin v22.1 - https:\/\/yoast.com\/wordpress\/plugins\/seo\/ -->\n<title>Lebenszyklus-Board - Woodinout \u00a9 Montessori Spielzeug<\/title>\n<meta name=\"description\" content=\"Lernen macht jetzt Spa\u00df und ist einfach - Nat\u00fcrliches Holzbiologie- und Wissenschaftsspielzeug f\u00fcr wertvolle Zeit mit der Familie. H\u00f6chste Qualit\u00e4t. Weltweiter Versand.\" \/>\n<meta name=\"robots\" content=\"index, follow, max-snippet:-1, max-image-preview:large, max-video-preview:-1\" \/>\n<link rel=\"canonical\" href=\"https:\/\/woodinout.net\/de\/product\/lebenszyklus-brett-sechseck\/\" \/>\n<meta property=\"og:locale\" content=\"de_DE\" \/>\n<meta property=\"og:type\" content=\"article\" \/>\n<meta property=\"og:title\" content=\"Lebenszyklus-Board - Woodinout \u00a9 Montessori Spielzeug\" \/>\n<meta property=\"og:description\" content=\"Lernen macht jetzt Spa\u00df und ist einfach - Nat\u00fcrliches Holzbiologie- und Wissenschaftsspielzeug f\u00fcr wertvolle Zeit mit der Familie. H\u00f6chste Qualit\u00e4t. Weltweiter Versand.\" \/>\n<meta property=\"og:url\" content=\"https:\/\/woodinout.net\/de\/product\/lebenszyklus-brett-sechseck\/\" \/>\n<meta property=\"og:site_name\" content=\"Woodinout \u00a9\" \/>\n<meta property=\"article:modified_time\" content=\"2022-06-12T20:40:38+00:00\" \/>\n<meta property=\"og:image\" content=\"https:\/\/woodinout.net\/wp-content\/uploads\/2021\/03\/Life_cycle_board_1.jpg\" \/>\n\t<meta property=\"og:image:width\" content=\"1706\" \/>\n\t<meta property=\"og:image:height\" content=\"2560\" \/>\n\t<meta property=\"og:image:type\" content=\"image\/jpeg\" \/>\n<meta name=\"twitter:card\" content=\"summary_large_image\" \/>\n<meta name=\"twitter:label1\" content=\"Gesch\u00e4tzte Lesezeit\" \/>\n\t<meta name=\"twitter:data1\" content=\"1\u00a0Minute\" \/>\n<script type=\"application\/ld+json\" class=\"yoast-schema-graph\">{\"@context\":\"https:\/\/schema.org\",\"@graph\":[{\"@type\":\"WebPage\",\"@id\":\"https:\/\/woodinout.net\/de\/product\/lebenszyklus-brett-sechseck\/\",\"url\":\"https:\/\/woodinout.net\/de\/product\/lebenszyklus-brett-sechseck\/\",\"name\":\"Lebenszyklus-Board - Woodinout \u00a9 Montessori Spielzeug\",\"isPartOf\":{\"@id\":\"https:\/\/woodinout.net\/de\/#website\"},\"datePublished\":\"2021-03-19T17:12:17+00:00\",\"dateModified\":\"2022-06-12T20:40:38+00:00\",\"description\":\"Lernen macht jetzt Spa\u00df und ist einfach - Nat\u00fcrliches Holzbiologie- und Wissenschaftsspielzeug f\u00fcr wertvolle Zeit mit der Familie. H\u00f6chste Qualit\u00e4t. Weltweiter Versand.\",\"breadcrumb\":{\"@id\":\"https:\/\/woodinout.net\/de\/product\/lebenszyklus-brett-sechseck\/#breadcrumb\"},\"inLanguage\":\"de\",\"potentialAction\":[{\"@type\":\"ReadAction\",\"target\":[\"https:\/\/woodinout.net\/de\/product\/lebenszyklus-brett-sechseck\/\"]}]},{\"@type\":\"BreadcrumbList\",\"@id\":\"https:\/\/woodinout.net\/de\/product\/lebenszyklus-brett-sechseck\/#breadcrumb\",\"itemListElement\":[{\"@type\":\"ListItem\",\"position\":1,\"name\":\"Home\",\"item\":\"https:\/\/woodinout.net\/de\/\"},{\"@type\":\"ListItem\",\"position\":2,\"name\":\"Shop\",\"item\":\"https:\/\/woodinout.net\/shop\/\"},{\"@type\":\"ListItem\",\"position\":3,\"name\":\"Lebenszyklus-Board\"}]},{\"@type\":\"WebSite\",\"@id\":\"https:\/\/woodinout.net\/de\/#website\",\"url\":\"https:\/\/woodinout.net\/de\/\",\"name\":\"Woodinout \u00a9\",\"description\":\"Wooden Montessori toys, gifts, home and events decor details\",\"potentialAction\":[{\"@type\":\"SearchAction\",\"target\":{\"@type\":\"EntryPoint\",\"urlTemplate\":\"https:\/\/woodinout.net\/de\/?s={search_term_string}\"},\"query-input\":\"required name=search_term_string\"}],\"inLanguage\":\"de\"}]}<\/script>\n<!-- \/ Yoast SEO plugin. -->","yoast_head_json":{"title":"Lebenszyklus-Board - Woodinout \u00a9 Montessori Spielzeug","description":"Lernen macht jetzt Spa\u00df und ist einfach - Nat\u00fcrliches Holzbiologie- und Wissenschaftsspielzeug f\u00fcr wertvolle Zeit mit der Familie. H\u00f6chste Qualit\u00e4t. Weltweiter Versand.","robots":{"index":"index","follow":"follow","max-snippet":"max-snippet:-1","max-image-preview":"max-image-preview:large","max-video-preview":"max-video-preview:-1"},"canonical":"https:\/\/woodinout.net\/de\/product\/lebenszyklus-brett-sechseck\/","og_locale":"de_DE","og_type":"article","og_title":"Lebenszyklus-Board - Woodinout \u00a9 Montessori Spielzeug","og_description":"Lernen macht jetzt Spa\u00df und ist einfach - Nat\u00fcrliches Holzbiologie- und Wissenschaftsspielzeug f\u00fcr wertvolle Zeit mit der Familie. H\u00f6chste Qualit\u00e4t. Weltweiter Versand.","og_url":"https:\/\/woodinout.net\/de\/product\/lebenszyklus-brett-sechseck\/","og_site_name":"Woodinout \u00a9","article_modified_time":"2022-06-12T20:40:38+00:00","og_image":[{"width":1706,"height":2560,"url":"https:\/\/woodinout.net\/wp-content\/uploads\/2021\/03\/Life_cycle_board_1.jpg","type":"image\/jpeg"}],"twitter_card":"summary_large_image","twitter_misc":{"Gesch\u00e4tzte Lesezeit":"1\u00a0Minute"},"schema":{"@context":"https:\/\/schema.org","@graph":[{"@type":"WebPage","@id":"https:\/\/woodinout.net\/de\/product\/lebenszyklus-brett-sechseck\/","url":"https:\/\/woodinout.net\/de\/product\/lebenszyklus-brett-sechseck\/","name":"Lebenszyklus-Board - Woodinout \u00a9 Montessori Spielzeug","isPartOf":{"@id":"https:\/\/woodinout.net\/de\/#website"},"datePublished":"2021-03-19T17:12:17+00:00","dateModified":"2022-06-12T20:40:38+00:00","description":"Lernen macht jetzt Spa\u00df und ist einfach - Nat\u00fcrliches Holzbiologie- und Wissenschaftsspielzeug f\u00fcr wertvolle Zeit mit der Familie. H\u00f6chste Qualit\u00e4t. Weltweiter Versand.","breadcrumb":{"@id":"https:\/\/woodinout.net\/de\/product\/lebenszyklus-brett-sechseck\/#breadcrumb"},"inLanguage":"de","potentialAction":[{"@type":"ReadAction","target":["https:\/\/woodinout.net\/de\/product\/lebenszyklus-brett-sechseck\/"]}]},{"@type":"BreadcrumbList","@id":"https:\/\/woodinout.net\/de\/product\/lebenszyklus-brett-sechseck\/#breadcrumb","itemListElement":[{"@type":"ListItem","position":1,"name":"Home","item":"https:\/\/woodinout.net\/de\/"},{"@type":"ListItem","position":2,"name":"Shop","item":"https:\/\/woodinout.net\/shop\/"},{"@type":"ListItem","position":3,"name":"Lebenszyklus-Board"}]},{"@type":"WebSite","@id":"https:\/\/woodinout.net\/de\/#website","url":"https:\/\/woodinout.net\/de\/","name":"Woodinout \u00a9","description":"Wooden Montessori toys, gifts, home and events decor details","potentialAction":[{"@type":"SearchAction","target":{"@type":"EntryPoint","urlTemplate":"https:\/\/woodinout.net\/de\/?s={search_term_string}"},"query-input":"required name=search_term_string"}],"inLanguage":"de"}]}},"_links":{"self":[{"href":"https:\/\/woodinout.net\/de\/wp-json\/wp\/v2\/product\/20634"}],"collection":[{"href":"https:\/\/woodinout.net\/de\/wp-json\/wp\/v2\/product"}],"about":[{"href":"https:\/\/woodinout.net\/de\/wp-json\/wp\/v2\/types\/product"}],"wp:featuredmedia":[{"embeddable":true,"href":"https:\/\/woodinout.net\/de\/wp-json\/wp\/v2\/media\/19744"}],"wp:attachment":[{"href":"https:\/\/woodinout.net\/de\/wp-json\/wp\/v2\/media?parent=20634"}],"wp:term":[{"taxonomy":"product_cat","embeddable":true,"href":"https:\/\/woodinout.net\/de\/wp-json\/wp\/v2\/product_cat?post=20634"},{"taxonomy":"product_tag","embeddable":true,"href":"https:\/\/woodinout.net\/de\/wp-json\/wp\/v2\/product_tag?post=20634"}],"curies":[{"name":"wp","href":"https:\/\/api.w.org\/{rel}","templated":true}]}}