{"id":20633,"date":"2021-03-21T14:26:35","date_gmt":"2021-03-21T12:26:35","guid":{"rendered":"https:\/\/woodinout.net\/product\/schnuerspielzeug-vogel\/"},"modified":"2022-04-22T14:05:23","modified_gmt":"2022-04-22T11:05:23","slug":"schnur-spielzeug-vogel","status":"publish","type":"product","link":"https:\/\/woodinout.net\/de\/product\/schnur-spielzeug-vogel\/","title":{"rendered":"Schn\u00fcrspielzeug &#8220;Vogel&#8221;"},"content":{"rendered":"<p>Vogelspielzeug aus Holz mit Schn\u00fcrung ist eine Geschenkidee f\u00fcr Kinder, die wertvoll, von den Eltern sehr gesch\u00e4tzt und stilvoll ist! Werden Sie kreativ mit Montessori-inspiriertem Spielzeug. Sie sind aus einem bestimmten Grund weltweit bekannt, dieses Holzf\u00e4delspielzeug ist keine Ausnahme.<\/p>\n<p>Kind wird die Augenhandkoordination verbessern;<\/p>\n<p>Kind wird Feinmotorik entwickeln; Mehr feinmotorische Aktivit\u00e4ten <a href=\"https:\/\/woodinout.net\/product-tag\/fine-motor-skills-activities\/\">hier.<\/a><\/p>\n<p>Vogelspielzeug ist das beste Kleinkindgeschenk f\u00fcr Tier- und Waldliebhaber. Handgefertigtes Lernspielzeug sieht so gut aus, passt zu jedem Stil Dekor im M\u00e4dchen- oder Jungenspielzimmer. Lernspielzeug aus Holz &#8211; das ist es, was wir bei Woodinout am besten k\u00f6nnen, holen Sie sich dieses sich entwickelnde Spielzeug JETZT und treten Sie der Familie der gl\u00fccklichen Kunden bei!<\/p>\n<p>Kit enth\u00e4lt aus:<br \/>\nVogel aus Holz<br \/>\n3 Stk. von 1 Meter Kabel<\/p>\n<p>ABMESSUNGEN des Vogels<br \/>\nH\u00f6he: ~4,3 Zoll (11 cm)<br \/>\nL\u00e4nge: ~ 5,5 Zoll (14 cm)<br \/>\nDicke: ~0,66 Zoll (1,7 cm)<\/p>\n<p>FARBEN UND MATERIALIEN<br \/>\nFarbe: Naturholz<br \/>\nMaterial: Spielzeug besteht aus NAT\u00dcRLICHEM MASSIVHOLZ; Baumwoll-\/Polyester-Kordel.<br \/>\nBitte beachten Sie, dass die Farben aufgrund der Einstellungen und der Beleuchtung des Computermonitors variieren k\u00f6nnen.<\/p>\n<p>F\u00fcr weitere Ideen folgen Sie uns auf <a href=\"https:\/\/www.instagram.com\/woodinout\/\">INSTAGRAM<\/a> &amp; <a href=\"https:\/\/www.facebook.com\/Woodinout.net\">FACEBOOK<\/a><\/p>\n","protected":false},"excerpt":{"rendered":"<p>Vogelspielzeug aus Holz mit Schn\u00fcrung ist eine Geschenkidee f\u00fcr Kinder, die wertvoll, von den Eltern sehr gesch\u00e4tzt und stilvoll ist! Werden Sie kreativ mit Montessori-inspiriertem Spielzeug. Sie sind aus einem bestimmten Grund weltweit bekannt, dieses Holzf\u00e4delspielzeug ist keine Ausnahme. Kind wird die Augenhandkoordination verbessern; Kind wird Feinmotorik entwickeln; Mehr feinmotorische Aktivit\u00e4ten hier. Vogelspielzeug ist das [&hellip;]<\/p>\n","protected":false},"featured_media":19920,"template":"","meta":{"_monsterinsights_skip_tracking":false,"_monsterinsights_sitenote_active":false,"_monsterinsights_sitenote_note":"","_monsterinsights_sitenote_category":0},"product_cat":[1355,1364],"product_tag":[1380,1358,1369,1367,1368,1366,1361,1360,1373,1363,1379],"yoast_head":"<!-- This site is optimized with the Yoast SEO plugin v22.1 - https:\/\/yoast.com\/wordpress\/plugins\/seo\/ -->\n<title>Schn\u00fcrspielzeug &quot;Vogel&quot; - Montessori Woodinout \u00a9 Spielzeugladen<\/title>\n<meta name=\"description\" content=\"Schn\u00fcrvogel - Perfekt f\u00fcr die Feinmotorik. F\u00f6rdern Sie Kreativit\u00e4t und Phantasie. NUR Naturholz + Schn\u00fcrsenkel. Montessori inspiriert.\" \/>\n<meta name=\"robots\" content=\"index, follow, max-snippet:-1, max-image-preview:large, max-video-preview:-1\" \/>\n<link rel=\"canonical\" href=\"https:\/\/woodinout.net\/de\/product\/schnur-spielzeug-vogel\/\" \/>\n<meta property=\"og:locale\" content=\"de_DE\" \/>\n<meta property=\"og:type\" content=\"article\" \/>\n<meta property=\"og:title\" content=\"Schn\u00fcrspielzeug &quot;Vogel&quot; - Montessori Woodinout \u00a9 Spielzeugladen\" \/>\n<meta property=\"og:description\" content=\"Schn\u00fcrvogel - Perfekt f\u00fcr die Feinmotorik. F\u00f6rdern Sie Kreativit\u00e4t und Phantasie. NUR Naturholz + Schn\u00fcrsenkel. Montessori inspiriert.\" \/>\n<meta property=\"og:url\" content=\"https:\/\/woodinout.net\/de\/product\/schnur-spielzeug-vogel\/\" \/>\n<meta property=\"og:site_name\" content=\"Woodinout \u00a9\" \/>\n<meta property=\"article:modified_time\" content=\"2022-04-22T11:05:23+00:00\" \/>\n<meta property=\"og:image\" content=\"https:\/\/woodinout.net\/wp-content\/uploads\/2021\/03\/Lacing_toy_Bird_3.jpg\" \/>\n\t<meta property=\"og:image:width\" content=\"1706\" \/>\n\t<meta property=\"og:image:height\" content=\"2560\" \/>\n\t<meta property=\"og:image:type\" content=\"image\/jpeg\" \/>\n<meta name=\"twitter:card\" content=\"summary_large_image\" \/>\n<meta name=\"twitter:label1\" content=\"Gesch\u00e4tzte Lesezeit\" \/>\n\t<meta name=\"twitter:data1\" content=\"1\u00a0Minute\" \/>\n<script type=\"application\/ld+json\" class=\"yoast-schema-graph\">{\"@context\":\"https:\/\/schema.org\",\"@graph\":[{\"@type\":\"WebPage\",\"@id\":\"https:\/\/woodinout.net\/de\/product\/schnur-spielzeug-vogel\/\",\"url\":\"https:\/\/woodinout.net\/de\/product\/schnur-spielzeug-vogel\/\",\"name\":\"Schn\u00fcrspielzeug \\\"Vogel\\\" - Montessori Woodinout \u00a9 Spielzeugladen\",\"isPartOf\":{\"@id\":\"https:\/\/woodinout.net\/de\/#website\"},\"datePublished\":\"2021-03-21T12:26:35+00:00\",\"dateModified\":\"2022-04-22T11:05:23+00:00\",\"description\":\"Schn\u00fcrvogel - Perfekt f\u00fcr die Feinmotorik. F\u00f6rdern Sie Kreativit\u00e4t und Phantasie. NUR Naturholz + Schn\u00fcrsenkel. Montessori inspiriert.\",\"breadcrumb\":{\"@id\":\"https:\/\/woodinout.net\/de\/product\/schnur-spielzeug-vogel\/#breadcrumb\"},\"inLanguage\":\"de\",\"potentialAction\":[{\"@type\":\"ReadAction\",\"target\":[\"https:\/\/woodinout.net\/de\/product\/schnur-spielzeug-vogel\/\"]}]},{\"@type\":\"BreadcrumbList\",\"@id\":\"https:\/\/woodinout.net\/de\/product\/schnur-spielzeug-vogel\/#breadcrumb\",\"itemListElement\":[{\"@type\":\"ListItem\",\"position\":1,\"name\":\"Home\",\"item\":\"https:\/\/woodinout.net\/de\/\"},{\"@type\":\"ListItem\",\"position\":2,\"name\":\"Shop\",\"item\":\"https:\/\/woodinout.net\/shop\/\"},{\"@type\":\"ListItem\",\"position\":3,\"name\":\"Schn\u00fcrspielzeug &#8220;Vogel&#8221;\"}]},{\"@type\":\"WebSite\",\"@id\":\"https:\/\/woodinout.net\/de\/#website\",\"url\":\"https:\/\/woodinout.net\/de\/\",\"name\":\"Woodinout \u00a9\",\"description\":\"Wooden Montessori toys, gifts, home and events decor details\",\"potentialAction\":[{\"@type\":\"SearchAction\",\"target\":{\"@type\":\"EntryPoint\",\"urlTemplate\":\"https:\/\/woodinout.net\/de\/?s={search_term_string}\"},\"query-input\":\"required name=search_term_string\"}],\"inLanguage\":\"de\"}]}<\/script>\n<!-- \/ Yoast SEO plugin. -->","yoast_head_json":{"title":"Schn\u00fcrspielzeug \"Vogel\" - Montessori Woodinout \u00a9 Spielzeugladen","description":"Schn\u00fcrvogel - Perfekt f\u00fcr die Feinmotorik. F\u00f6rdern Sie Kreativit\u00e4t und Phantasie. NUR Naturholz + Schn\u00fcrsenkel. Montessori inspiriert.","robots":{"index":"index","follow":"follow","max-snippet":"max-snippet:-1","max-image-preview":"max-image-preview:large","max-video-preview":"max-video-preview:-1"},"canonical":"https:\/\/woodinout.net\/de\/product\/schnur-spielzeug-vogel\/","og_locale":"de_DE","og_type":"article","og_title":"Schn\u00fcrspielzeug \"Vogel\" - Montessori Woodinout \u00a9 Spielzeugladen","og_description":"Schn\u00fcrvogel - Perfekt f\u00fcr die Feinmotorik. F\u00f6rdern Sie Kreativit\u00e4t und Phantasie. NUR Naturholz + Schn\u00fcrsenkel. Montessori inspiriert.","og_url":"https:\/\/woodinout.net\/de\/product\/schnur-spielzeug-vogel\/","og_site_name":"Woodinout \u00a9","article_modified_time":"2022-04-22T11:05:23+00:00","og_image":[{"width":1706,"height":2560,"url":"https:\/\/woodinout.net\/wp-content\/uploads\/2021\/03\/Lacing_toy_Bird_3.jpg","type":"image\/jpeg"}],"twitter_card":"summary_large_image","twitter_misc":{"Gesch\u00e4tzte Lesezeit":"1\u00a0Minute"},"schema":{"@context":"https:\/\/schema.org","@graph":[{"@type":"WebPage","@id":"https:\/\/woodinout.net\/de\/product\/schnur-spielzeug-vogel\/","url":"https:\/\/woodinout.net\/de\/product\/schnur-spielzeug-vogel\/","name":"Schn\u00fcrspielzeug \"Vogel\" - Montessori Woodinout \u00a9 Spielzeugladen","isPartOf":{"@id":"https:\/\/woodinout.net\/de\/#website"},"datePublished":"2021-03-21T12:26:35+00:00","dateModified":"2022-04-22T11:05:23+00:00","description":"Schn\u00fcrvogel - Perfekt f\u00fcr die Feinmotorik. F\u00f6rdern Sie Kreativit\u00e4t und Phantasie. NUR Naturholz + Schn\u00fcrsenkel. Montessori inspiriert.","breadcrumb":{"@id":"https:\/\/woodinout.net\/de\/product\/schnur-spielzeug-vogel\/#breadcrumb"},"inLanguage":"de","potentialAction":[{"@type":"ReadAction","target":["https:\/\/woodinout.net\/de\/product\/schnur-spielzeug-vogel\/"]}]},{"@type":"BreadcrumbList","@id":"https:\/\/woodinout.net\/de\/product\/schnur-spielzeug-vogel\/#breadcrumb","itemListElement":[{"@type":"ListItem","position":1,"name":"Home","item":"https:\/\/woodinout.net\/de\/"},{"@type":"ListItem","position":2,"name":"Shop","item":"https:\/\/woodinout.net\/shop\/"},{"@type":"ListItem","position":3,"name":"Schn\u00fcrspielzeug &#8220;Vogel&#8221;"}]},{"@type":"WebSite","@id":"https:\/\/woodinout.net\/de\/#website","url":"https:\/\/woodinout.net\/de\/","name":"Woodinout \u00a9","description":"Wooden Montessori toys, gifts, home and events decor details","potentialAction":[{"@type":"SearchAction","target":{"@type":"EntryPoint","urlTemplate":"https:\/\/woodinout.net\/de\/?s={search_term_string}"},"query-input":"required name=search_term_string"}],"inLanguage":"de"}]}},"_links":{"self":[{"href":"https:\/\/woodinout.net\/de\/wp-json\/wp\/v2\/product\/20633"}],"collection":[{"href":"https:\/\/woodinout.net\/de\/wp-json\/wp\/v2\/product"}],"about":[{"href":"https:\/\/woodinout.net\/de\/wp-json\/wp\/v2\/types\/product"}],"wp:featuredmedia":[{"embeddable":true,"href":"https:\/\/woodinout.net\/de\/wp-json\/wp\/v2\/media\/19920"}],"wp:attachment":[{"href":"https:\/\/woodinout.net\/de\/wp-json\/wp\/v2\/media?parent=20633"}],"wp:term":[{"taxonomy":"product_cat","embeddable":true,"href":"https:\/\/woodinout.net\/de\/wp-json\/wp\/v2\/product_cat?post=20633"},{"taxonomy":"product_tag","embeddable":true,"href":"https:\/\/woodinout.net\/de\/wp-json\/wp\/v2\/product_tag?post=20633"}],"curies":[{"name":"wp","href":"https:\/\/api.w.org\/{rel}","templated":true}]}}