{"id":20632,"date":"2021-03-21T21:02:14","date_gmt":"2021-03-21T19:02:14","guid":{"rendered":"https:\/\/woodinout.net\/product\/farbkarten\/"},"modified":"2022-04-19T16:36:46","modified_gmt":"2022-04-19T13:36:46","slug":"farbkarten","status":"publish","type":"product","link":"https:\/\/woodinout.net\/de\/product\/farbkarten\/","title":{"rendered":"Farbkarten"},"content":{"rendered":"<p>Kinder lernen Farbnamen mit Montessori-Farbkarten. Woodinout handgefertigte Lernspielzeuge und Ressourcen aus Holz sind nachhaltig, umweltfreundlich und sicher f\u00fcr Kinder. Diese Montessori-Karten wurden zum Lernen von Farbw\u00f6rtern in der Vorschule erstellt, aber Sie k\u00f6nnen sie auch in Ihren eigenen kreativen Spielen mit Ihrem Kleinkind oder Kind verwenden. Lackiert mit sicherer, zertifizierter Farbe.<\/p>\n<p>Kit enth\u00e4lt aus:<br \/>\n11 St\u00fcck verschiedene Farbkarten<\/p>\n<p>DIMENSIONEN<br \/>\nH\u00f6he: ~1,9 Zoll (4,8 cm)<br \/>\nL\u00e4nge: ~1,9 Zoll (4,8 cm)<\/p>\n<p>FARBEN UND MATERIAL<br \/>\nFarbe: Nat\u00fcrliche Farbe auf Wasserbasis.<br \/>\nSpielzeug ist aus NAT\u00dcRLICHEM HOLZ-Sperrholz gefertigt.<br \/>\nBitte beachten Sie, dass die Farben aufgrund der Einstellungen und der Beleuchtung des Computermonitors variieren k\u00f6nnen.<\/p>\n","protected":false},"excerpt":{"rendered":"<p>Kinder lernen Farbnamen mit Montessori-Farbkarten. Woodinout handgefertigte Lernspielzeuge und Ressourcen aus Holz sind nachhaltig, umweltfreundlich und sicher f\u00fcr Kinder. Diese Montessori-Karten wurden zum Lernen von Farbw\u00f6rtern in der Vorschule erstellt, aber Sie k\u00f6nnen sie auch in Ihren eigenen kreativen Spielen mit Ihrem Kleinkind oder Kind verwenden. Lackiert mit sicherer, zertifizierter Farbe. Kit enth\u00e4lt aus: 11 [&hellip;]<\/p>\n","protected":false},"featured_media":22769,"template":"","meta":{"_monsterinsights_skip_tracking":false,"_monsterinsights_sitenote_active":false,"_monsterinsights_sitenote_note":"","_monsterinsights_sitenote_category":0},"product_cat":[1355,1365,1362],"product_tag":[1377,1375,1358,1367,1368,1366,1361,1360,1363],"yoast_head":"<!-- This site is optimized with the Yoast SEO plugin v22.1 - https:\/\/yoast.com\/wordpress\/plugins\/seo\/ -->\n<title>Farbkarten - Woodinout \u00a9 -Spielzeug<\/title>\n<meta name=\"description\" content=\"Bringen Sie Kindern Farben und Sortieren auf spielerische Weise bei. Entwickeln Sie auch den Wortschatz von Kleinkindern und spielen Sie mit stilvollen handgefertigten Farbkarten aus Holz.\" \/>\n<meta name=\"robots\" content=\"index, follow, max-snippet:-1, max-image-preview:large, max-video-preview:-1\" \/>\n<link rel=\"canonical\" href=\"https:\/\/woodinout.net\/de\/product\/farbkarten\/\" \/>\n<meta property=\"og:locale\" content=\"de_DE\" \/>\n<meta property=\"og:type\" content=\"article\" \/>\n<meta property=\"og:title\" content=\"Farbkarten - Woodinout \u00a9 -Spielzeug\" \/>\n<meta property=\"og:description\" content=\"Bringen Sie Kindern Farben und Sortieren auf spielerische Weise bei. Entwickeln Sie auch den Wortschatz von Kleinkindern und spielen Sie mit stilvollen handgefertigten Farbkarten aus Holz.\" \/>\n<meta property=\"og:url\" content=\"https:\/\/woodinout.net\/de\/product\/farbkarten\/\" \/>\n<meta property=\"og:site_name\" content=\"Woodinout \u00a9\" \/>\n<meta property=\"article:modified_time\" content=\"2022-04-19T13:36:46+00:00\" \/>\n<meta property=\"og:image\" content=\"https:\/\/woodinout.net\/wp-content\/uploads\/2021\/03\/Colors_cards_2.jpg\" \/>\n\t<meta property=\"og:image:width\" content=\"2560\" \/>\n\t<meta property=\"og:image:height\" content=\"1706\" \/>\n\t<meta property=\"og:image:type\" content=\"image\/jpeg\" \/>\n<meta name=\"twitter:card\" content=\"summary_large_image\" \/>\n<meta name=\"twitter:label1\" content=\"Gesch\u00e4tzte Lesezeit\" \/>\n\t<meta name=\"twitter:data1\" content=\"1\u00a0Minute\" \/>\n<script type=\"application\/ld+json\" class=\"yoast-schema-graph\">{\"@context\":\"https:\/\/schema.org\",\"@graph\":[{\"@type\":\"WebPage\",\"@id\":\"https:\/\/woodinout.net\/de\/product\/farbkarten\/\",\"url\":\"https:\/\/woodinout.net\/de\/product\/farbkarten\/\",\"name\":\"Farbkarten - Woodinout \u00a9 -Spielzeug\",\"isPartOf\":{\"@id\":\"https:\/\/woodinout.net\/de\/#website\"},\"datePublished\":\"2021-03-21T19:02:14+00:00\",\"dateModified\":\"2022-04-19T13:36:46+00:00\",\"description\":\"Bringen Sie Kindern Farben und Sortieren auf spielerische Weise bei. Entwickeln Sie auch den Wortschatz von Kleinkindern und spielen Sie mit stilvollen handgefertigten Farbkarten aus Holz.\",\"breadcrumb\":{\"@id\":\"https:\/\/woodinout.net\/de\/product\/farbkarten\/#breadcrumb\"},\"inLanguage\":\"de\",\"potentialAction\":[{\"@type\":\"ReadAction\",\"target\":[\"https:\/\/woodinout.net\/de\/product\/farbkarten\/\"]}]},{\"@type\":\"BreadcrumbList\",\"@id\":\"https:\/\/woodinout.net\/de\/product\/farbkarten\/#breadcrumb\",\"itemListElement\":[{\"@type\":\"ListItem\",\"position\":1,\"name\":\"Home\",\"item\":\"https:\/\/woodinout.net\/de\/\"},{\"@type\":\"ListItem\",\"position\":2,\"name\":\"Shop\",\"item\":\"https:\/\/woodinout.net\/shop\/\"},{\"@type\":\"ListItem\",\"position\":3,\"name\":\"Farbkarten\"}]},{\"@type\":\"WebSite\",\"@id\":\"https:\/\/woodinout.net\/de\/#website\",\"url\":\"https:\/\/woodinout.net\/de\/\",\"name\":\"Woodinout \u00a9\",\"description\":\"Wooden Montessori toys, gifts, home and events decor details\",\"potentialAction\":[{\"@type\":\"SearchAction\",\"target\":{\"@type\":\"EntryPoint\",\"urlTemplate\":\"https:\/\/woodinout.net\/de\/?s={search_term_string}\"},\"query-input\":\"required name=search_term_string\"}],\"inLanguage\":\"de\"}]}<\/script>\n<!-- \/ Yoast SEO plugin. -->","yoast_head_json":{"title":"Farbkarten - Woodinout \u00a9 -Spielzeug","description":"Bringen Sie Kindern Farben und Sortieren auf spielerische Weise bei. Entwickeln Sie auch den Wortschatz von Kleinkindern und spielen Sie mit stilvollen handgefertigten Farbkarten aus Holz.","robots":{"index":"index","follow":"follow","max-snippet":"max-snippet:-1","max-image-preview":"max-image-preview:large","max-video-preview":"max-video-preview:-1"},"canonical":"https:\/\/woodinout.net\/de\/product\/farbkarten\/","og_locale":"de_DE","og_type":"article","og_title":"Farbkarten - Woodinout \u00a9 -Spielzeug","og_description":"Bringen Sie Kindern Farben und Sortieren auf spielerische Weise bei. Entwickeln Sie auch den Wortschatz von Kleinkindern und spielen Sie mit stilvollen handgefertigten Farbkarten aus Holz.","og_url":"https:\/\/woodinout.net\/de\/product\/farbkarten\/","og_site_name":"Woodinout \u00a9","article_modified_time":"2022-04-19T13:36:46+00:00","og_image":[{"width":2560,"height":1706,"url":"https:\/\/woodinout.net\/wp-content\/uploads\/2021\/03\/Colors_cards_2.jpg","type":"image\/jpeg"}],"twitter_card":"summary_large_image","twitter_misc":{"Gesch\u00e4tzte Lesezeit":"1\u00a0Minute"},"schema":{"@context":"https:\/\/schema.org","@graph":[{"@type":"WebPage","@id":"https:\/\/woodinout.net\/de\/product\/farbkarten\/","url":"https:\/\/woodinout.net\/de\/product\/farbkarten\/","name":"Farbkarten - Woodinout \u00a9 -Spielzeug","isPartOf":{"@id":"https:\/\/woodinout.net\/de\/#website"},"datePublished":"2021-03-21T19:02:14+00:00","dateModified":"2022-04-19T13:36:46+00:00","description":"Bringen Sie Kindern Farben und Sortieren auf spielerische Weise bei. Entwickeln Sie auch den Wortschatz von Kleinkindern und spielen Sie mit stilvollen handgefertigten Farbkarten aus Holz.","breadcrumb":{"@id":"https:\/\/woodinout.net\/de\/product\/farbkarten\/#breadcrumb"},"inLanguage":"de","potentialAction":[{"@type":"ReadAction","target":["https:\/\/woodinout.net\/de\/product\/farbkarten\/"]}]},{"@type":"BreadcrumbList","@id":"https:\/\/woodinout.net\/de\/product\/farbkarten\/#breadcrumb","itemListElement":[{"@type":"ListItem","position":1,"name":"Home","item":"https:\/\/woodinout.net\/de\/"},{"@type":"ListItem","position":2,"name":"Shop","item":"https:\/\/woodinout.net\/shop\/"},{"@type":"ListItem","position":3,"name":"Farbkarten"}]},{"@type":"WebSite","@id":"https:\/\/woodinout.net\/de\/#website","url":"https:\/\/woodinout.net\/de\/","name":"Woodinout \u00a9","description":"Wooden Montessori toys, gifts, home and events decor details","potentialAction":[{"@type":"SearchAction","target":{"@type":"EntryPoint","urlTemplate":"https:\/\/woodinout.net\/de\/?s={search_term_string}"},"query-input":"required name=search_term_string"}],"inLanguage":"de"}]}},"_links":{"self":[{"href":"https:\/\/woodinout.net\/de\/wp-json\/wp\/v2\/product\/20632"}],"collection":[{"href":"https:\/\/woodinout.net\/de\/wp-json\/wp\/v2\/product"}],"about":[{"href":"https:\/\/woodinout.net\/de\/wp-json\/wp\/v2\/types\/product"}],"wp:featuredmedia":[{"embeddable":true,"href":"https:\/\/woodinout.net\/de\/wp-json\/wp\/v2\/media\/22769"}],"wp:attachment":[{"href":"https:\/\/woodinout.net\/de\/wp-json\/wp\/v2\/media?parent=20632"}],"wp:term":[{"taxonomy":"product_cat","embeddable":true,"href":"https:\/\/woodinout.net\/de\/wp-json\/wp\/v2\/product_cat?post=20632"},{"taxonomy":"product_tag","embeddable":true,"href":"https:\/\/woodinout.net\/de\/wp-json\/wp\/v2\/product_tag?post=20632"}],"curies":[{"name":"wp","href":"https:\/\/api.w.org\/{rel}","templated":true}]}}