{"id":20631,"date":"2021-03-22T13:33:33","date_gmt":"2021-03-22T11:33:33","guid":{"rendered":"https:\/\/woodinout.net\/product\/bunte-gummibaender\/"},"modified":"2022-04-19T16:09:55","modified_gmt":"2022-04-19T13:09:55","slug":"bunte-gummibander","status":"publish","type":"product","link":"https:\/\/woodinout.net\/de\/product\/bunte-gummibander\/","title":{"rendered":"Bunte Gummib\u00e4nder"},"content":{"rendered":"<p>Einfache bunte Gummib\u00e4nder als Erg\u00e4nzung zum Geoboard aus Holz &#8211; Lochwand f\u00fcr Kinder. Dies k\u00f6nnte ein perfektes Stress- oder Therapiespielzeug f\u00fcr ruhiges und kreatives Spielen f\u00fcr Kinder und Erwachsene sein.<\/p>\n<p>28 Stk. Aus bunten Gummib\u00e4ndern<\/p>\n<p>FARBEN UND MATERIAL<br \/>\nFarbe: zuf\u00e4llig ausgew\u00e4hlt<br \/>\nSpielzeug ist aus Gummi<br \/>\nBitte beachten Sie, dass die Farben aufgrund der Einstellungen und der Beleuchtung des Computermonitors variieren k\u00f6nnen.<\/p>\n","protected":false},"excerpt":{"rendered":"<p>Einfache bunte Gummib\u00e4nder als Erg\u00e4nzung zum Geoboard aus Holz &#8211; Lochwand f\u00fcr Kinder. Dies k\u00f6nnte ein perfektes Stress- oder Therapiespielzeug f\u00fcr ruhiges und kreatives Spielen f\u00fcr Kinder und Erwachsene sein. 28 Stk. Aus bunten Gummib\u00e4ndern FARBEN UND MATERIAL Farbe: zuf\u00e4llig ausgew\u00e4hlt Spielzeug ist aus Gummi Bitte beachten Sie, dass die Farben aufgrund der Einstellungen und [&hellip;]<\/p>\n","protected":false},"featured_media":20360,"template":"","meta":{"_monsterinsights_skip_tracking":false,"_monsterinsights_sitenote_active":false,"_monsterinsights_sitenote_note":"","_monsterinsights_sitenote_category":0},"product_cat":[1355,1357],"product_tag":[1376,1374,1358,1367,1368,1378,1366,1361,1360,1371,1363,1372],"yoast_head":"<!-- This site is optimized with the Yoast SEO plugin v22.1 - https:\/\/yoast.com\/wordpress\/plugins\/seo\/ -->\n<title>Bunte Gummib\u00e4nder - Woodinout \u00a9 Montessori Spielzeug<\/title>\n<meta name=\"description\" content=\"Einfache bunte Gummib\u00e4nder als Erg\u00e4nzung zum Geoboard aus Holz. Dies k\u00f6nnte ein perfektes Stress- oder Therapiespielzeug f\u00fcr ruhiges und kreatives Spielen sein.\" \/>\n<meta name=\"robots\" content=\"index, follow, max-snippet:-1, max-image-preview:large, max-video-preview:-1\" \/>\n<link rel=\"canonical\" href=\"https:\/\/woodinout.net\/de\/product\/bunte-gummibander\/\" \/>\n<meta property=\"og:locale\" content=\"de_DE\" \/>\n<meta property=\"og:type\" content=\"article\" \/>\n<meta property=\"og:title\" content=\"Bunte Gummib\u00e4nder - Woodinout \u00a9 Montessori Spielzeug\" \/>\n<meta property=\"og:description\" content=\"Einfache bunte Gummib\u00e4nder als Erg\u00e4nzung zum Geoboard aus Holz. Dies k\u00f6nnte ein perfektes Stress- oder Therapiespielzeug f\u00fcr ruhiges und kreatives Spielen sein.\" \/>\n<meta property=\"og:url\" content=\"https:\/\/woodinout.net\/de\/product\/bunte-gummibander\/\" \/>\n<meta property=\"og:site_name\" content=\"Woodinout \u00a9\" \/>\n<meta property=\"article:modified_time\" content=\"2022-04-19T13:09:55+00:00\" \/>\n<meta property=\"og:image\" content=\"https:\/\/woodinout.net\/wp-content\/uploads\/2021\/03\/Colorful-rubber-bands.jpg\" \/>\n\t<meta property=\"og:image:width\" content=\"1140\" \/>\n\t<meta property=\"og:image:height\" content=\"974\" \/>\n\t<meta property=\"og:image:type\" content=\"image\/jpeg\" \/>\n<meta name=\"twitter:card\" content=\"summary_large_image\" \/>\n<script type=\"application\/ld+json\" class=\"yoast-schema-graph\">{\"@context\":\"https:\/\/schema.org\",\"@graph\":[{\"@type\":\"WebPage\",\"@id\":\"https:\/\/woodinout.net\/de\/product\/bunte-gummibander\/\",\"url\":\"https:\/\/woodinout.net\/de\/product\/bunte-gummibander\/\",\"name\":\"Bunte Gummib\u00e4nder - Woodinout \u00a9 Montessori Spielzeug\",\"isPartOf\":{\"@id\":\"https:\/\/woodinout.net\/de\/#website\"},\"datePublished\":\"2021-03-22T11:33:33+00:00\",\"dateModified\":\"2022-04-19T13:09:55+00:00\",\"description\":\"Einfache bunte Gummib\u00e4nder als Erg\u00e4nzung zum Geoboard aus Holz. Dies k\u00f6nnte ein perfektes Stress- oder Therapiespielzeug f\u00fcr ruhiges und kreatives Spielen sein.\",\"breadcrumb\":{\"@id\":\"https:\/\/woodinout.net\/de\/product\/bunte-gummibander\/#breadcrumb\"},\"inLanguage\":\"de\",\"potentialAction\":[{\"@type\":\"ReadAction\",\"target\":[\"https:\/\/woodinout.net\/de\/product\/bunte-gummibander\/\"]}]},{\"@type\":\"BreadcrumbList\",\"@id\":\"https:\/\/woodinout.net\/de\/product\/bunte-gummibander\/#breadcrumb\",\"itemListElement\":[{\"@type\":\"ListItem\",\"position\":1,\"name\":\"Home\",\"item\":\"https:\/\/woodinout.net\/de\/\"},{\"@type\":\"ListItem\",\"position\":2,\"name\":\"Shop\",\"item\":\"https:\/\/woodinout.net\/shop\/\"},{\"@type\":\"ListItem\",\"position\":3,\"name\":\"Bunte Gummib\u00e4nder\"}]},{\"@type\":\"WebSite\",\"@id\":\"https:\/\/woodinout.net\/de\/#website\",\"url\":\"https:\/\/woodinout.net\/de\/\",\"name\":\"Woodinout \u00a9\",\"description\":\"Wooden Montessori toys, gifts, home and events decor details\",\"potentialAction\":[{\"@type\":\"SearchAction\",\"target\":{\"@type\":\"EntryPoint\",\"urlTemplate\":\"https:\/\/woodinout.net\/de\/?s={search_term_string}\"},\"query-input\":\"required name=search_term_string\"}],\"inLanguage\":\"de\"}]}<\/script>\n<!-- \/ Yoast SEO plugin. -->","yoast_head_json":{"title":"Bunte Gummib\u00e4nder - Woodinout \u00a9 Montessori Spielzeug","description":"Einfache bunte Gummib\u00e4nder als Erg\u00e4nzung zum Geoboard aus Holz. Dies k\u00f6nnte ein perfektes Stress- oder Therapiespielzeug f\u00fcr ruhiges und kreatives Spielen sein.","robots":{"index":"index","follow":"follow","max-snippet":"max-snippet:-1","max-image-preview":"max-image-preview:large","max-video-preview":"max-video-preview:-1"},"canonical":"https:\/\/woodinout.net\/de\/product\/bunte-gummibander\/","og_locale":"de_DE","og_type":"article","og_title":"Bunte Gummib\u00e4nder - Woodinout \u00a9 Montessori Spielzeug","og_description":"Einfache bunte Gummib\u00e4nder als Erg\u00e4nzung zum Geoboard aus Holz. Dies k\u00f6nnte ein perfektes Stress- oder Therapiespielzeug f\u00fcr ruhiges und kreatives Spielen sein.","og_url":"https:\/\/woodinout.net\/de\/product\/bunte-gummibander\/","og_site_name":"Woodinout \u00a9","article_modified_time":"2022-04-19T13:09:55+00:00","og_image":[{"width":1140,"height":974,"url":"https:\/\/woodinout.net\/wp-content\/uploads\/2021\/03\/Colorful-rubber-bands.jpg","type":"image\/jpeg"}],"twitter_card":"summary_large_image","schema":{"@context":"https:\/\/schema.org","@graph":[{"@type":"WebPage","@id":"https:\/\/woodinout.net\/de\/product\/bunte-gummibander\/","url":"https:\/\/woodinout.net\/de\/product\/bunte-gummibander\/","name":"Bunte Gummib\u00e4nder - Woodinout \u00a9 Montessori Spielzeug","isPartOf":{"@id":"https:\/\/woodinout.net\/de\/#website"},"datePublished":"2021-03-22T11:33:33+00:00","dateModified":"2022-04-19T13:09:55+00:00","description":"Einfache bunte Gummib\u00e4nder als Erg\u00e4nzung zum Geoboard aus Holz. Dies k\u00f6nnte ein perfektes Stress- oder Therapiespielzeug f\u00fcr ruhiges und kreatives Spielen sein.","breadcrumb":{"@id":"https:\/\/woodinout.net\/de\/product\/bunte-gummibander\/#breadcrumb"},"inLanguage":"de","potentialAction":[{"@type":"ReadAction","target":["https:\/\/woodinout.net\/de\/product\/bunte-gummibander\/"]}]},{"@type":"BreadcrumbList","@id":"https:\/\/woodinout.net\/de\/product\/bunte-gummibander\/#breadcrumb","itemListElement":[{"@type":"ListItem","position":1,"name":"Home","item":"https:\/\/woodinout.net\/de\/"},{"@type":"ListItem","position":2,"name":"Shop","item":"https:\/\/woodinout.net\/shop\/"},{"@type":"ListItem","position":3,"name":"Bunte Gummib\u00e4nder"}]},{"@type":"WebSite","@id":"https:\/\/woodinout.net\/de\/#website","url":"https:\/\/woodinout.net\/de\/","name":"Woodinout \u00a9","description":"Wooden Montessori toys, gifts, home and events decor details","potentialAction":[{"@type":"SearchAction","target":{"@type":"EntryPoint","urlTemplate":"https:\/\/woodinout.net\/de\/?s={search_term_string}"},"query-input":"required name=search_term_string"}],"inLanguage":"de"}]}},"_links":{"self":[{"href":"https:\/\/woodinout.net\/de\/wp-json\/wp\/v2\/product\/20631"}],"collection":[{"href":"https:\/\/woodinout.net\/de\/wp-json\/wp\/v2\/product"}],"about":[{"href":"https:\/\/woodinout.net\/de\/wp-json\/wp\/v2\/types\/product"}],"wp:featuredmedia":[{"embeddable":true,"href":"https:\/\/woodinout.net\/de\/wp-json\/wp\/v2\/media\/20360"}],"wp:attachment":[{"href":"https:\/\/woodinout.net\/de\/wp-json\/wp\/v2\/media?parent=20631"}],"wp:term":[{"taxonomy":"product_cat","embeddable":true,"href":"https:\/\/woodinout.net\/de\/wp-json\/wp\/v2\/product_cat?post=20631"},{"taxonomy":"product_tag","embeddable":true,"href":"https:\/\/woodinout.net\/de\/wp-json\/wp\/v2\/product_tag?post=20631"}],"curies":[{"name":"wp","href":"https:\/\/api.w.org\/{rel}","templated":true}]}}