{"id":21129,"date":"2016-08-04T09:36:11","date_gmt":"2016-08-04T06:36:11","guid":{"rendered":"https:\/\/woodinout.net\/dienste\/"},"modified":"2016-08-04T09:36:11","modified_gmt":"2016-08-04T06:36:11","slug":"dienste","status":"publish","type":"page","link":"https:\/\/woodinout.net\/de\/dienste\/","title":{"rendered":"Dienste"},"content":{"rendered":"<p><strong>Lasergravur<\/strong><\/p>\n<p>Lasergravur auf Holz, Sperrholz, Acryl \/ Bio-Glas, Leder, erfolgt mit hochwertigen Ger\u00e4ten mit CO2-Laserquelle. Gravierte Objekte k\u00f6nnen in verschiedenen Gr\u00f6\u00dfen sein: von der kleinsten bis zu 600mm * 900mm. Die H\u00f6he eines Objekts kann bis zu 300 mm betragen.<\/p>\n<p><strong>Laserschneiden<\/strong><\/p>\n<p>Das Laserschneiden von Holz, Sperrholz, Acrylglas, Leder, Papier, Karton erfolgt mit hochwertigen Ger\u00e4ten mit CO2-Laserquelle. Verschiedene Schnitttiefen sind m\u00f6glich.<\/p>\n<p>&nbsp;<\/p>\n<p><strong>CNC-Fr\u00e4sen<\/strong><\/p>\n<p>Wir bieten CNC-Fr\u00e4sen von Hartholz, Sperrholz, MDF, Acryl \/ organischem Glas. Arbeitsbereich ist 1500mm * 3000mm, luftgek\u00fchlte 6kW HSD (Italien) Spindel ist in dieser Maschine installiert. Auch eine Bef\u00fcllung ist m\u00f6glich. Wir entwerfen 3D-Reliefs, die sp\u00e4ter per CNC-Maschine gefr\u00e4st werden k\u00f6nnen.<\/p>\n<p>&nbsp;<\/p>\n<p>&nbsp;<\/p>\n<p><strong>Laubholzbearbeitung<\/strong><\/p>\n<p>Wir sind in der Lage, Hartholzplatten zu verarbeiten. Unsere angebotenen Dienstleistungen umfassen Querschneiden, Fr\u00e4sen, Schleifen, Hobeln usw. Bitte kontaktieren Sie uns per E-Mail oder Telefon f\u00fcr detailliertere Informationen.<\/p>\n<p><strong>&nbsp;<\/strong><\/p>\n<p><strong>Sonder-\/Sonderanfertigungen<\/strong><\/p>\n<p>Wenn Sie eine Idee haben, die Sie realisieren m\u00f6chten \u2013 kontaktieren Sie uns bitte und wir werden sie produzieren. Wir entwerfen und produzieren personalisierte Geschenke, Gesch\u00e4ftsgeschenke, Innendekorationen, M\u00f6bel usw. Wir bieten Ihnen das komplette Paket \u2013 vom Design bis zur Endproduktion.<\/p>\n","protected":false},"excerpt":{"rendered":"<p>Lasergravur Lasergravur auf Holz, Sperrholz, Acryl \/ Bio-Glas, Leder, erfolgt mit hochwertigen Ger\u00e4ten mit CO2-Laserquelle. Gravierte Objekte k\u00f6nnen in verschiedenen Gr\u00f6\u00dfen sein: von der kleinsten bis zu 600mm * 900mm. Die H\u00f6he eines Objekts kann bis zu 300 mm betragen. Laserschneiden Das Laserschneiden von Holz, Sperrholz, Acrylglas, Leder, Papier, Karton erfolgt mit hochwertigen Ger\u00e4ten mit [&hellip;]<\/p>\n","protected":false},"author":1,"featured_media":0,"parent":0,"menu_order":0,"comment_status":"closed","ping_status":"closed","template":"","meta":{"_monsterinsights_skip_tracking":false,"_monsterinsights_sitenote_active":false,"_monsterinsights_sitenote_note":"","_monsterinsights_sitenote_category":0,"footnotes":""},"yoast_head":"<!-- This site is optimized with the Yoast SEO plugin v22.1 - https:\/\/yoast.com\/wordpress\/plugins\/seo\/ -->\n<title>Dienste - H\u00f6lzernes Montessori Spielzeug - Shop Woodinout \u00a9<\/title>\n<meta name=\"description\" content=\"Umweltfreundlich, handgefertigt aus hochwertigem Massivholz-Lernspielzeug. Holen Sie sie sich und schlie\u00dfen Sie sich der gro\u00dfen Familie zufriedener Kunden hier im Woodinout-Shop an.\" \/>\n<meta name=\"robots\" content=\"index, follow, max-snippet:-1, max-image-preview:large, max-video-preview:-1\" \/>\n<link rel=\"canonical\" href=\"https:\/\/woodinout.net\/de\/dienste\/\" \/>\n<meta property=\"og:locale\" content=\"de_DE\" \/>\n<meta property=\"og:type\" content=\"article\" \/>\n<meta property=\"og:title\" content=\"Dienste - H\u00f6lzernes Montessori Spielzeug - Shop Woodinout \u00a9\" \/>\n<meta property=\"og:description\" content=\"Umweltfreundlich, handgefertigt aus hochwertigem Massivholz-Lernspielzeug. Holen Sie sie sich und schlie\u00dfen Sie sich der gro\u00dfen Familie zufriedener Kunden hier im Woodinout-Shop an.\" \/>\n<meta property=\"og:url\" content=\"https:\/\/woodinout.net\/de\/dienste\/\" \/>\n<meta property=\"og:site_name\" content=\"Woodinout \u00a9\" \/>\n<meta name=\"twitter:card\" content=\"summary_large_image\" \/>\n<meta name=\"twitter:label1\" content=\"Gesch\u00e4tzte Lesezeit\" \/>\n\t<meta name=\"twitter:data1\" content=\"1\u00a0Minute\" \/>\n<script type=\"application\/ld+json\" class=\"yoast-schema-graph\">{\"@context\":\"https:\/\/schema.org\",\"@graph\":[{\"@type\":\"WebPage\",\"@id\":\"https:\/\/woodinout.net\/de\/dienste\/\",\"url\":\"https:\/\/woodinout.net\/de\/dienste\/\",\"name\":\"Dienste - H\u00f6lzernes Montessori Spielzeug - Shop Woodinout \u00a9\",\"isPartOf\":{\"@id\":\"https:\/\/woodinout.net\/de\/#website\"},\"datePublished\":\"2016-08-04T06:36:11+00:00\",\"dateModified\":\"2016-08-04T06:36:11+00:00\",\"description\":\"Umweltfreundlich, handgefertigt aus hochwertigem Massivholz-Lernspielzeug. Holen Sie sie sich und schlie\u00dfen Sie sich der gro\u00dfen Familie zufriedener Kunden hier im Woodinout-Shop an.\",\"breadcrumb\":{\"@id\":\"https:\/\/woodinout.net\/de\/dienste\/#breadcrumb\"},\"inLanguage\":\"de\",\"potentialAction\":[{\"@type\":\"ReadAction\",\"target\":[\"https:\/\/woodinout.net\/de\/dienste\/\"]}]},{\"@type\":\"BreadcrumbList\",\"@id\":\"https:\/\/woodinout.net\/de\/dienste\/#breadcrumb\",\"itemListElement\":[{\"@type\":\"ListItem\",\"position\":1,\"name\":\"Home\",\"item\":\"https:\/\/woodinout.net\/de\/\"},{\"@type\":\"ListItem\",\"position\":2,\"name\":\"Dienste\"}]},{\"@type\":\"WebSite\",\"@id\":\"https:\/\/woodinout.net\/de\/#website\",\"url\":\"https:\/\/woodinout.net\/de\/\",\"name\":\"Woodinout \u00a9\",\"description\":\"Wooden Montessori toys, gifts, home and events decor details\",\"potentialAction\":[{\"@type\":\"SearchAction\",\"target\":{\"@type\":\"EntryPoint\",\"urlTemplate\":\"https:\/\/woodinout.net\/de\/?s={search_term_string}\"},\"query-input\":\"required name=search_term_string\"}],\"inLanguage\":\"de\"}]}<\/script>\n<!-- \/ Yoast SEO plugin. -->","yoast_head_json":{"title":"Dienste - H\u00f6lzernes Montessori Spielzeug - Shop Woodinout \u00a9","description":"Umweltfreundlich, handgefertigt aus hochwertigem Massivholz-Lernspielzeug. Holen Sie sie sich und schlie\u00dfen Sie sich der gro\u00dfen Familie zufriedener Kunden hier im Woodinout-Shop an.","robots":{"index":"index","follow":"follow","max-snippet":"max-snippet:-1","max-image-preview":"max-image-preview:large","max-video-preview":"max-video-preview:-1"},"canonical":"https:\/\/woodinout.net\/de\/dienste\/","og_locale":"de_DE","og_type":"article","og_title":"Dienste - H\u00f6lzernes Montessori Spielzeug - Shop Woodinout \u00a9","og_description":"Umweltfreundlich, handgefertigt aus hochwertigem Massivholz-Lernspielzeug. Holen Sie sie sich und schlie\u00dfen Sie sich der gro\u00dfen Familie zufriedener Kunden hier im Woodinout-Shop an.","og_url":"https:\/\/woodinout.net\/de\/dienste\/","og_site_name":"Woodinout \u00a9","twitter_card":"summary_large_image","twitter_misc":{"Gesch\u00e4tzte Lesezeit":"1\u00a0Minute"},"schema":{"@context":"https:\/\/schema.org","@graph":[{"@type":"WebPage","@id":"https:\/\/woodinout.net\/de\/dienste\/","url":"https:\/\/woodinout.net\/de\/dienste\/","name":"Dienste - H\u00f6lzernes Montessori Spielzeug - Shop Woodinout \u00a9","isPartOf":{"@id":"https:\/\/woodinout.net\/de\/#website"},"datePublished":"2016-08-04T06:36:11+00:00","dateModified":"2016-08-04T06:36:11+00:00","description":"Umweltfreundlich, handgefertigt aus hochwertigem Massivholz-Lernspielzeug. Holen Sie sie sich und schlie\u00dfen Sie sich der gro\u00dfen Familie zufriedener Kunden hier im Woodinout-Shop an.","breadcrumb":{"@id":"https:\/\/woodinout.net\/de\/dienste\/#breadcrumb"},"inLanguage":"de","potentialAction":[{"@type":"ReadAction","target":["https:\/\/woodinout.net\/de\/dienste\/"]}]},{"@type":"BreadcrumbList","@id":"https:\/\/woodinout.net\/de\/dienste\/#breadcrumb","itemListElement":[{"@type":"ListItem","position":1,"name":"Home","item":"https:\/\/woodinout.net\/de\/"},{"@type":"ListItem","position":2,"name":"Dienste"}]},{"@type":"WebSite","@id":"https:\/\/woodinout.net\/de\/#website","url":"https:\/\/woodinout.net\/de\/","name":"Woodinout \u00a9","description":"Wooden Montessori toys, gifts, home and events decor details","potentialAction":[{"@type":"SearchAction","target":{"@type":"EntryPoint","urlTemplate":"https:\/\/woodinout.net\/de\/?s={search_term_string}"},"query-input":"required name=search_term_string"}],"inLanguage":"de"}]}},"_links":{"self":[{"href":"https:\/\/woodinout.net\/de\/wp-json\/wp\/v2\/pages\/21129"}],"collection":[{"href":"https:\/\/woodinout.net\/de\/wp-json\/wp\/v2\/pages"}],"about":[{"href":"https:\/\/woodinout.net\/de\/wp-json\/wp\/v2\/types\/page"}],"author":[{"embeddable":true,"href":"https:\/\/woodinout.net\/de\/wp-json\/wp\/v2\/users\/1"}],"replies":[{"embeddable":true,"href":"https:\/\/woodinout.net\/de\/wp-json\/wp\/v2\/comments?post=21129"}],"version-history":[{"count":0,"href":"https:\/\/woodinout.net\/de\/wp-json\/wp\/v2\/pages\/21129\/revisions"}],"wp:attachment":[{"href":"https:\/\/woodinout.net\/de\/wp-json\/wp\/v2\/media?parent=21129"}],"curies":[{"name":"wp","href":"https:\/\/api.w.org\/{rel}","templated":true}]}}