{"id":21126,"date":"2017-09-22T20:37:19","date_gmt":"2017-09-22T17:37:19","guid":{"rendered":"https:\/\/woodinout.net\/allgemeine-geschaeftsbedingungen-agb\/"},"modified":"2017-09-22T20:37:19","modified_gmt":"2017-09-22T17:37:19","slug":"allgemeine-geschaeftsbedingungen-agb","status":"publish","type":"page","link":"https:\/\/woodinout.net\/de\/allgemeine-geschaeftsbedingungen-agb\/","title":{"rendered":"Allgemeine Gesch\u00e4ftsbedingungen (AGB)"},"content":{"rendered":"<p><strong>Voraussichtliche Lieferzeiten<\/strong><\/p>\n<p>WOODINOUT versendet aus Litauen (Europa).<\/p>\n<p>Weltweiter Versand!<\/p>\n<p>\u00dcber den nationalen Einschreibedienst.<\/p>\n<ul>\n<li>Der Versand dauert 10-25 Werktage (abh\u00e4ngig von Ihrer Lieferadresse)\n<ul>\n<li>USA: 2-4 Wochen<\/li>\n<li>Nordamerika: 2-4 Wochen<\/li>\n<li>Europa:&nbsp;1-2 Wochen<\/li>\n<li>Australien, Neuseeland und Ozeanien: 3-4 Wochen<\/li>\n<\/ul>\n<\/li>\n<\/ul>\n<ul>\n<li>Artikel werden als priorit\u00e4tsregistrierte Luftpost gesendet.<\/li>\n<\/ul>\n<p>Per UPS Express:<\/p>\n<ul>\n<li>Der Versand dauert 2-5 Werktage (abh\u00e4ngig von Ihrer Lieferadresse)<\/li>\n<\/ul>\n<p>Wir tun unser Bestes, um diese Versandsch\u00e4tzungen zu erf\u00fcllen, k\u00f6nnen sie jedoch nicht garantieren. Die tats\u00e4chliche Lieferzeit h\u00e4ngt von der von Ihnen gew\u00e4hlten Versandart ab.<\/p>\n<p><strong>Zoll- und Einfuhrabgaben<\/strong><\/p>\n<p>K\u00e4ufer sind f\u00fcr alle Zoll- und Einfuhrsteuern verantwortlich, die anfallen k\u00f6nnen. Ich bin nicht verantwortlich f\u00fcr Verz\u00f6gerungen aufgrund des Zolls.<\/p>\n<p><em>Gerne akzeptieren wir R\u00fccksendungen und Umtausch<\/em><\/p>\n<p>Kontaktieren Sie uns innerhalb von:&nbsp;14 Tagen nach Lieferung<\/p>\n<p>Artikel innerhalb von:&nbsp;45 Tagen nach Lieferung zur\u00fccksenden<\/p>\n<p><em>Wir akzeptieren keine Stornierungen<\/em><\/p>\n<p>Bitte kontaktieren Sie mich jedoch, wenn Sie Probleme mit Ihrer Bestellung haben.<\/p>\n<p><em><strong>Die folgenden Artikel k\u00f6nnen nicht zur\u00fcckgegeben oder umgetauscht werden<\/strong><\/em><\/p>\n<p>Aufgrund der Art dieser Artikel, es sei denn, sie kommen besch\u00e4digt oder defekt an, kann ich keine R\u00fccksendungen akzeptieren f\u00fcr:<\/p>\n<ul>\n<li>Benutzerdefinierte oder personalisierte Bestellungen<\/li>\n<li><strong>SALE ARTIKEL &#8211;&nbsp;<\/strong> Verkaufsartikel k\u00f6nnen nicht erstattet werden.<\/li>\n<\/ul>\n<p><strong>Bedingungen f\u00fcr die R\u00fccksendung<\/strong><\/p>\n<p>K\u00e4ufer sind f\u00fcr die R\u00fccksendekosten verantwortlich. Wenn der Artikel nicht in seinem urspr\u00fcnglichen Zustand zur\u00fcckgegeben wird, ist der K\u00e4ufer f\u00fcr einen etwaigen Wertverlust verantwortlich.<\/p>\n<p><strong>KUNDENSPEZIFISCHE PRODUKTE<\/strong><\/p>\n<p>Wir erstatten keine individuellen oder personalisierten Bestellungen: Sonderl\u00e4ngen, sonderspezifische Gr\u00f6\u00dfen und Farben.<\/p>\n<p>Wenn die von Ihnen gew\u00e4hlte Farbe nicht in der Option unserer Drop-Box ist, kann sie nicht erstattet, zur\u00fcckgegeben oder umgetauscht werden.<\/p>\n<p><strong>Woodinout &#8211; eine Marke im Besitz von SISTEMIS, LLC<\/strong><\/p>\n<p>Sistemis, UAB<br \/>\nCorp.-Id. 303003620<br \/>\nMwSt.-Nr. LT100007986218<br \/>\n76-2A, 201 Kab., Kaunas, Litauen, LT47182<\/p>\n<p>Luminor Bank<br \/>\nA\/S LT30 4010 0510 0420 7813<\/p>\n","protected":false},"excerpt":{"rendered":"<p>Voraussichtliche Lieferzeiten WOODINOUT versendet aus Litauen (Europa). Weltweiter Versand! \u00dcber den nationalen Einschreibedienst. Der Versand dauert 10-25 Werktage (abh\u00e4ngig von Ihrer Lieferadresse) USA: 2-4 Wochen Nordamerika: 2-4 Wochen Europa:&nbsp;1-2 Wochen Australien, Neuseeland und Ozeanien: 3-4 Wochen Artikel werden als priorit\u00e4tsregistrierte Luftpost gesendet. Per UPS Express: Der Versand dauert 2-5 Werktage (abh\u00e4ngig von Ihrer Lieferadresse) Wir [&hellip;]<\/p>\n","protected":false},"author":1,"featured_media":0,"parent":0,"menu_order":0,"comment_status":"closed","ping_status":"closed","template":"","meta":{"_monsterinsights_skip_tracking":false,"_monsterinsights_sitenote_active":false,"_monsterinsights_sitenote_note":"","_monsterinsights_sitenote_category":0,"footnotes":""},"yoast_head":"<!-- This site is optimized with the Yoast SEO plugin v22.1 - https:\/\/yoast.com\/wordpress\/plugins\/seo\/ -->\n<title>Allgemeine Gesch\u00e4ftsbedingungen (AGB) - Holzspielzeug Shop Woodinout \u00a9<\/title>\n<meta name=\"description\" content=\"Von Montessori inspiriertes Holzspielzeug f\u00fcr die fr\u00fche Entwicklung w\u00e4hrend unserer wertvollen Familienzeit. Handgefertigt aus hochwertigem Massivholz.\" \/>\n<meta name=\"robots\" content=\"index, follow, max-snippet:-1, max-image-preview:large, max-video-preview:-1\" \/>\n<link rel=\"canonical\" href=\"https:\/\/woodinout.net\/de\/allgemeine-geschaeftsbedingungen-agb\/\" \/>\n<meta property=\"og:locale\" content=\"de_DE\" \/>\n<meta property=\"og:type\" content=\"article\" \/>\n<meta property=\"og:title\" content=\"Allgemeine Gesch\u00e4ftsbedingungen (AGB) - Holzspielzeug Shop Woodinout \u00a9\" \/>\n<meta property=\"og:description\" content=\"Von Montessori inspiriertes Holzspielzeug f\u00fcr die fr\u00fche Entwicklung w\u00e4hrend unserer wertvollen Familienzeit. Handgefertigt aus hochwertigem Massivholz.\" \/>\n<meta property=\"og:url\" content=\"https:\/\/woodinout.net\/de\/allgemeine-geschaeftsbedingungen-agb\/\" \/>\n<meta property=\"og:site_name\" content=\"Woodinout \u00a9\" \/>\n<meta name=\"twitter:card\" content=\"summary_large_image\" \/>\n<meta name=\"twitter:label1\" content=\"Gesch\u00e4tzte Lesezeit\" \/>\n\t<meta name=\"twitter:data1\" content=\"2\u00a0Minuten\" \/>\n<script type=\"application\/ld+json\" class=\"yoast-schema-graph\">{\"@context\":\"https:\/\/schema.org\",\"@graph\":[{\"@type\":\"WebPage\",\"@id\":\"https:\/\/woodinout.net\/de\/allgemeine-geschaeftsbedingungen-agb\/\",\"url\":\"https:\/\/woodinout.net\/de\/allgemeine-geschaeftsbedingungen-agb\/\",\"name\":\"Allgemeine Gesch\u00e4ftsbedingungen (AGB) - Holzspielzeug Shop Woodinout \u00a9\",\"isPartOf\":{\"@id\":\"https:\/\/woodinout.net\/de\/#website\"},\"datePublished\":\"2017-09-22T17:37:19+00:00\",\"dateModified\":\"2017-09-22T17:37:19+00:00\",\"description\":\"Von Montessori inspiriertes Holzspielzeug f\u00fcr die fr\u00fche Entwicklung w\u00e4hrend unserer wertvollen Familienzeit. Handgefertigt aus hochwertigem Massivholz.\",\"breadcrumb\":{\"@id\":\"https:\/\/woodinout.net\/de\/allgemeine-geschaeftsbedingungen-agb\/#breadcrumb\"},\"inLanguage\":\"de\",\"potentialAction\":[{\"@type\":\"ReadAction\",\"target\":[\"https:\/\/woodinout.net\/de\/allgemeine-geschaeftsbedingungen-agb\/\"]}]},{\"@type\":\"BreadcrumbList\",\"@id\":\"https:\/\/woodinout.net\/de\/allgemeine-geschaeftsbedingungen-agb\/#breadcrumb\",\"itemListElement\":[{\"@type\":\"ListItem\",\"position\":1,\"name\":\"Home\",\"item\":\"https:\/\/woodinout.net\/de\/\"},{\"@type\":\"ListItem\",\"position\":2,\"name\":\"Allgemeine Gesch\u00e4ftsbedingungen (AGB)\"}]},{\"@type\":\"WebSite\",\"@id\":\"https:\/\/woodinout.net\/de\/#website\",\"url\":\"https:\/\/woodinout.net\/de\/\",\"name\":\"Woodinout \u00a9\",\"description\":\"Wooden Montessori toys, gifts, home and events decor details\",\"potentialAction\":[{\"@type\":\"SearchAction\",\"target\":{\"@type\":\"EntryPoint\",\"urlTemplate\":\"https:\/\/woodinout.net\/de\/?s={search_term_string}\"},\"query-input\":\"required name=search_term_string\"}],\"inLanguage\":\"de\"}]}<\/script>\n<!-- \/ Yoast SEO plugin. -->","yoast_head_json":{"title":"Allgemeine Gesch\u00e4ftsbedingungen (AGB) - Holzspielzeug Shop Woodinout \u00a9","description":"Von Montessori inspiriertes Holzspielzeug f\u00fcr die fr\u00fche Entwicklung w\u00e4hrend unserer wertvollen Familienzeit. Handgefertigt aus hochwertigem Massivholz.","robots":{"index":"index","follow":"follow","max-snippet":"max-snippet:-1","max-image-preview":"max-image-preview:large","max-video-preview":"max-video-preview:-1"},"canonical":"https:\/\/woodinout.net\/de\/allgemeine-geschaeftsbedingungen-agb\/","og_locale":"de_DE","og_type":"article","og_title":"Allgemeine Gesch\u00e4ftsbedingungen (AGB) - Holzspielzeug Shop Woodinout \u00a9","og_description":"Von Montessori inspiriertes Holzspielzeug f\u00fcr die fr\u00fche Entwicklung w\u00e4hrend unserer wertvollen Familienzeit. Handgefertigt aus hochwertigem Massivholz.","og_url":"https:\/\/woodinout.net\/de\/allgemeine-geschaeftsbedingungen-agb\/","og_site_name":"Woodinout \u00a9","twitter_card":"summary_large_image","twitter_misc":{"Gesch\u00e4tzte Lesezeit":"2\u00a0Minuten"},"schema":{"@context":"https:\/\/schema.org","@graph":[{"@type":"WebPage","@id":"https:\/\/woodinout.net\/de\/allgemeine-geschaeftsbedingungen-agb\/","url":"https:\/\/woodinout.net\/de\/allgemeine-geschaeftsbedingungen-agb\/","name":"Allgemeine Gesch\u00e4ftsbedingungen (AGB) - Holzspielzeug Shop Woodinout \u00a9","isPartOf":{"@id":"https:\/\/woodinout.net\/de\/#website"},"datePublished":"2017-09-22T17:37:19+00:00","dateModified":"2017-09-22T17:37:19+00:00","description":"Von Montessori inspiriertes Holzspielzeug f\u00fcr die fr\u00fche Entwicklung w\u00e4hrend unserer wertvollen Familienzeit. Handgefertigt aus hochwertigem Massivholz.","breadcrumb":{"@id":"https:\/\/woodinout.net\/de\/allgemeine-geschaeftsbedingungen-agb\/#breadcrumb"},"inLanguage":"de","potentialAction":[{"@type":"ReadAction","target":["https:\/\/woodinout.net\/de\/allgemeine-geschaeftsbedingungen-agb\/"]}]},{"@type":"BreadcrumbList","@id":"https:\/\/woodinout.net\/de\/allgemeine-geschaeftsbedingungen-agb\/#breadcrumb","itemListElement":[{"@type":"ListItem","position":1,"name":"Home","item":"https:\/\/woodinout.net\/de\/"},{"@type":"ListItem","position":2,"name":"Allgemeine Gesch\u00e4ftsbedingungen (AGB)"}]},{"@type":"WebSite","@id":"https:\/\/woodinout.net\/de\/#website","url":"https:\/\/woodinout.net\/de\/","name":"Woodinout \u00a9","description":"Wooden Montessori toys, gifts, home and events decor details","potentialAction":[{"@type":"SearchAction","target":{"@type":"EntryPoint","urlTemplate":"https:\/\/woodinout.net\/de\/?s={search_term_string}"},"query-input":"required name=search_term_string"}],"inLanguage":"de"}]}},"_links":{"self":[{"href":"https:\/\/woodinout.net\/de\/wp-json\/wp\/v2\/pages\/21126"}],"collection":[{"href":"https:\/\/woodinout.net\/de\/wp-json\/wp\/v2\/pages"}],"about":[{"href":"https:\/\/woodinout.net\/de\/wp-json\/wp\/v2\/types\/page"}],"author":[{"embeddable":true,"href":"https:\/\/woodinout.net\/de\/wp-json\/wp\/v2\/users\/1"}],"replies":[{"embeddable":true,"href":"https:\/\/woodinout.net\/de\/wp-json\/wp\/v2\/comments?post=21126"}],"version-history":[{"count":0,"href":"https:\/\/woodinout.net\/de\/wp-json\/wp\/v2\/pages\/21126\/revisions"}],"wp:attachment":[{"href":"https:\/\/woodinout.net\/de\/wp-json\/wp\/v2\/media?parent=21126"}],"curies":[{"name":"wp","href":"https:\/\/api.w.org\/{rel}","templated":true}]}}