{"id":21124,"date":"2017-09-22T20:55:50","date_gmt":"2017-09-22T17:55:50","guid":{"rendered":"https:\/\/woodinout.net\/haeufig-gestellte-fragen-2\/"},"modified":"2017-09-22T20:55:50","modified_gmt":"2017-09-22T17:55:50","slug":"haeufig-gestellte-fragen-2","status":"publish","type":"page","link":"https:\/\/woodinout.net\/de\/haeufig-gestellte-fragen-2\/","title":{"rendered":"H\u00c4UFIG GESTELLTE FRAGEN"},"content":{"rendered":"<p>Hier finden Sie die beliebtesten Fragen, die uns gestellt werden. Wenn Sie die gew\u00fcnschte Antwort nicht gefunden haben, kontaktieren Sie uns bitte. Wir helfen Ihnen.<\/p>\n<p><strong>Wie lange stellen Sie Produkte her?<\/strong><\/p>\n<p>In der Regel werden bestellte Produkte in 5-10 Werktagen nach Zahlungseingang hergestellt. Wenn es sich um einen einzelnen Auftrag handelt, kann die Produktion l\u00e4nger dauern &#8211; 7-10 Werktage. Wenn Sie das Produkt schneller erhalten m\u00f6chten, wenden Sie sich an die angegebenen Kontakte. Wir sind flexibel und k\u00f6nnen bei Bedarf das Produkt innerhalb von 1 Tag herstellen.<\/p>\n<p><b>Lieferinformationen  <\/b><\/p>\n<p>WOODINOUT versendet aus Litauen (Europa).<\/p>\n<p>Weltweiter Versand!<\/p>\n<p>\u00dcber den nationalen Einschreibedienst.<\/p>\n<ul>\n<li>Der Versand dauert 10-25 Werktage (abh\u00e4ngig von Ihrer Lieferadresse)\n<ul>\n<li>USA: 2-4 Wochen<\/li>\n<li>Nordamerika: 2-4 Wochen<\/li>\n<li>Europa: 1-2 Wochen<\/li>\n<li>Australien, Neuseeland und Ozeanien: 3-4 Wochen<\/li>\n<\/ul>\n<\/li>\n<\/ul>\n<ul>\n<li>Artikel werden als priorit\u00e4tsregistrierte Luftpost gesendet.<\/li>\n<\/ul>\n<p>Mit Fedex Express:<\/p>\n<ul>\n<li>Der Versand dauert 2-5 Werktage (abh\u00e4ngig von Ihrer Lieferadresse)<\/li>\n<\/ul>\n<p>Wir tun unser Bestes, um diese Versandsch\u00e4tzungen zu erf\u00fcllen, k\u00f6nnen sie jedoch nicht garantieren. Die tats\u00e4chliche Lieferzeit h\u00e4ngt von der von Ihnen gew\u00e4hlten Versandart ab.<\/p>\n<p><strong>Zahlungsmethoden?<\/strong><\/p>\n<ul>\n<li>Debit- oder Kreditkarten<\/li>\n<li>PayPal Zahlungen<\/li>\n<\/ul>\n<p><strong>Von uns akzeptierte Zahlungsmethoden<\/strong><\/p>\n<p>\u2022 Debit- oder Kreditkarten<br \/>\n\u2022 PayPal Zahlungen<\/p>\n<p><strong>Kann ich die Produkte zur\u00fcckgeben?<\/strong><\/p>\n<p>R\u00fccksendungen werden gem\u00e4\u00df den folgenden Bedingungen akzeptiert:<\/p>\n<ul>\n<li>Der K\u00e4ufer kann die Ware innerhalb von 14 (vierzehn) Tagen ab dem Tag der Lieferung zur\u00fccksenden und den Verk\u00e4ufer per E-Mail informieren<\/li>\n<li>Ein spezielles R\u00fccksendeformular muss ausgef\u00fcllt und zusammen mit dem Paket verschickt werden. Das Formular muss die Bestellnummer und andere Kontaktinformationen enthalten, die w\u00e4hrend des Bestellvorgangs angegeben wurden<\/li>\n<li>Zur\u00fcckgegebene Artikel m\u00fcssen sich im Originalzustand, unbenutzt und unbesch\u00e4digt befinden<\/li>\n<li>Die Artikel m\u00fcssen alle Teile des Originalsets\/ -pakets enthalten<\/li>\n<li>Artikel m\u00fcssen in originaler Form und Abmessungen vorliegen \u2013 keine Anpassung<\/li>\n<\/ul>\n<p><strong>WICHTIGE AUSSCHL\u00dcSSE:<\/strong><\/p>\n<ul>\n<li>R\u00fccksendungen werden nicht f\u00fcr kundenspezifische und personalisierte Artikel akzeptiert<\/li>\n<li>Versand-\/R\u00fccksendekosten und -geb\u00fchren gehen zu Lasten des K\u00e4ufers. Dieser Teil ist nicht erstattungsf\u00e4hig<\/li>\n<\/ul>\n<p><strong>ERSTATTUNG<\/strong><\/p>\n<ul>\n<li>Die R\u00fcckerstattung erfolgt innerhalb von 14 Tagen nach R\u00fccksendung des Pakets<\/li>\n<\/ul>\n<p><strong>AUSWECHSELUNGEN<\/strong><\/p>\n<ul>\n<li>Umtausch wird akzeptiert. In diesem Fall sollten Sie eine neue Bestellung aufgeben<\/li>\n<\/ul>\n<p>Geld f\u00fcr zur\u00fcckgegebene Artikel wird nur auf das Bankkonto des Zahlers \u00fcberwiesen.<\/p>\n<p><strong>Ich m\u00f6chte ein individuelles Produkt, machst du solche?<\/strong><\/p>\n<p>Ja, meistens produzieren wir individuelle Auftr\u00e4ge nach Ihren W\u00fcnschen. Wenn Sie eine Idee haben, kontaktieren Sie uns.<\/p>\n","protected":false},"excerpt":{"rendered":"<p>Hier finden Sie die beliebtesten Fragen, die uns gestellt werden. Wenn Sie die gew\u00fcnschte Antwort nicht gefunden haben, kontaktieren Sie uns bitte. Wir helfen Ihnen. Wie lange stellen Sie Produkte her? In der Regel werden bestellte Produkte in 5-10 Werktagen nach Zahlungseingang hergestellt. Wenn es sich um einen einzelnen Auftrag handelt, kann die Produktion l\u00e4nger [&hellip;]<\/p>\n","protected":false},"author":1,"featured_media":0,"parent":0,"menu_order":0,"comment_status":"closed","ping_status":"closed","template":"","meta":{"_monsterinsights_skip_tracking":false,"_monsterinsights_sitenote_active":false,"_monsterinsights_sitenote_note":"","_monsterinsights_sitenote_category":0,"footnotes":""},"yoast_head":"<!-- This site is optimized with the Yoast SEO plugin v22.1 - https:\/\/yoast.com\/wordpress\/plugins\/seo\/ -->\n<title>H\u00c4UFIG GESTELLTE FRAGEN - H\u00f6lzernes Montessori Spielzeug Shop Woodinout \u00a9<\/title>\n<meta name=\"description\" content=\"Umweltfreundlich, handgefertigt aus hochwertigem Massivholz-Lernspielzeug. Holen Sie sie sich und schlie\u00dfen Sie sich der gro\u00dfen Familie zufriedener Kunden hier im Woodinout-Shop an.\" \/>\n<meta name=\"robots\" content=\"index, follow, max-snippet:-1, max-image-preview:large, max-video-preview:-1\" \/>\n<link rel=\"canonical\" href=\"https:\/\/woodinout.net\/de\/haeufig-gestellte-fragen-2\/\" \/>\n<meta property=\"og:locale\" content=\"de_DE\" \/>\n<meta property=\"og:type\" content=\"article\" \/>\n<meta property=\"og:title\" content=\"H\u00c4UFIG GESTELLTE FRAGEN - H\u00f6lzernes Montessori Spielzeug Shop Woodinout \u00a9\" \/>\n<meta property=\"og:description\" content=\"Umweltfreundlich, handgefertigt aus hochwertigem Massivholz-Lernspielzeug. Holen Sie sie sich und schlie\u00dfen Sie sich der gro\u00dfen Familie zufriedener Kunden hier im Woodinout-Shop an.\" \/>\n<meta property=\"og:url\" content=\"https:\/\/woodinout.net\/de\/haeufig-gestellte-fragen-2\/\" \/>\n<meta property=\"og:site_name\" content=\"Woodinout \u00a9\" \/>\n<meta name=\"twitter:card\" content=\"summary_large_image\" \/>\n<meta name=\"twitter:label1\" content=\"Gesch\u00e4tzte Lesezeit\" \/>\n\t<meta name=\"twitter:data1\" content=\"2\u00a0Minuten\" \/>\n<script type=\"application\/ld+json\" class=\"yoast-schema-graph\">{\"@context\":\"https:\/\/schema.org\",\"@graph\":[{\"@type\":\"WebPage\",\"@id\":\"https:\/\/woodinout.net\/de\/haeufig-gestellte-fragen-2\/\",\"url\":\"https:\/\/woodinout.net\/de\/haeufig-gestellte-fragen-2\/\",\"name\":\"H\u00c4UFIG GESTELLTE FRAGEN - H\u00f6lzernes Montessori Spielzeug Shop Woodinout \u00a9\",\"isPartOf\":{\"@id\":\"https:\/\/woodinout.net\/de\/#website\"},\"datePublished\":\"2017-09-22T17:55:50+00:00\",\"dateModified\":\"2017-09-22T17:55:50+00:00\",\"description\":\"Umweltfreundlich, handgefertigt aus hochwertigem Massivholz-Lernspielzeug. Holen Sie sie sich und schlie\u00dfen Sie sich der gro\u00dfen Familie zufriedener Kunden hier im Woodinout-Shop an.\",\"breadcrumb\":{\"@id\":\"https:\/\/woodinout.net\/de\/haeufig-gestellte-fragen-2\/#breadcrumb\"},\"inLanguage\":\"de\",\"potentialAction\":[{\"@type\":\"ReadAction\",\"target\":[\"https:\/\/woodinout.net\/de\/haeufig-gestellte-fragen-2\/\"]}]},{\"@type\":\"BreadcrumbList\",\"@id\":\"https:\/\/woodinout.net\/de\/haeufig-gestellte-fragen-2\/#breadcrumb\",\"itemListElement\":[{\"@type\":\"ListItem\",\"position\":1,\"name\":\"Home\",\"item\":\"https:\/\/woodinout.net\/de\/\"},{\"@type\":\"ListItem\",\"position\":2,\"name\":\"H\u00c4UFIG GESTELLTE FRAGEN\"}]},{\"@type\":\"WebSite\",\"@id\":\"https:\/\/woodinout.net\/de\/#website\",\"url\":\"https:\/\/woodinout.net\/de\/\",\"name\":\"Woodinout \u00a9\",\"description\":\"Wooden Montessori toys, gifts, home and events decor details\",\"potentialAction\":[{\"@type\":\"SearchAction\",\"target\":{\"@type\":\"EntryPoint\",\"urlTemplate\":\"https:\/\/woodinout.net\/de\/?s={search_term_string}\"},\"query-input\":\"required name=search_term_string\"}],\"inLanguage\":\"de\"}]}<\/script>\n<!-- \/ Yoast SEO plugin. -->","yoast_head_json":{"title":"H\u00c4UFIG GESTELLTE FRAGEN - H\u00f6lzernes Montessori Spielzeug Shop Woodinout \u00a9","description":"Umweltfreundlich, handgefertigt aus hochwertigem Massivholz-Lernspielzeug. Holen Sie sie sich und schlie\u00dfen Sie sich der gro\u00dfen Familie zufriedener Kunden hier im Woodinout-Shop an.","robots":{"index":"index","follow":"follow","max-snippet":"max-snippet:-1","max-image-preview":"max-image-preview:large","max-video-preview":"max-video-preview:-1"},"canonical":"https:\/\/woodinout.net\/de\/haeufig-gestellte-fragen-2\/","og_locale":"de_DE","og_type":"article","og_title":"H\u00c4UFIG GESTELLTE FRAGEN - H\u00f6lzernes Montessori Spielzeug Shop Woodinout \u00a9","og_description":"Umweltfreundlich, handgefertigt aus hochwertigem Massivholz-Lernspielzeug. Holen Sie sie sich und schlie\u00dfen Sie sich der gro\u00dfen Familie zufriedener Kunden hier im Woodinout-Shop an.","og_url":"https:\/\/woodinout.net\/de\/haeufig-gestellte-fragen-2\/","og_site_name":"Woodinout \u00a9","twitter_card":"summary_large_image","twitter_misc":{"Gesch\u00e4tzte Lesezeit":"2\u00a0Minuten"},"schema":{"@context":"https:\/\/schema.org","@graph":[{"@type":"WebPage","@id":"https:\/\/woodinout.net\/de\/haeufig-gestellte-fragen-2\/","url":"https:\/\/woodinout.net\/de\/haeufig-gestellte-fragen-2\/","name":"H\u00c4UFIG GESTELLTE FRAGEN - H\u00f6lzernes Montessori Spielzeug Shop Woodinout \u00a9","isPartOf":{"@id":"https:\/\/woodinout.net\/de\/#website"},"datePublished":"2017-09-22T17:55:50+00:00","dateModified":"2017-09-22T17:55:50+00:00","description":"Umweltfreundlich, handgefertigt aus hochwertigem Massivholz-Lernspielzeug. Holen Sie sie sich und schlie\u00dfen Sie sich der gro\u00dfen Familie zufriedener Kunden hier im Woodinout-Shop an.","breadcrumb":{"@id":"https:\/\/woodinout.net\/de\/haeufig-gestellte-fragen-2\/#breadcrumb"},"inLanguage":"de","potentialAction":[{"@type":"ReadAction","target":["https:\/\/woodinout.net\/de\/haeufig-gestellte-fragen-2\/"]}]},{"@type":"BreadcrumbList","@id":"https:\/\/woodinout.net\/de\/haeufig-gestellte-fragen-2\/#breadcrumb","itemListElement":[{"@type":"ListItem","position":1,"name":"Home","item":"https:\/\/woodinout.net\/de\/"},{"@type":"ListItem","position":2,"name":"H\u00c4UFIG GESTELLTE FRAGEN"}]},{"@type":"WebSite","@id":"https:\/\/woodinout.net\/de\/#website","url":"https:\/\/woodinout.net\/de\/","name":"Woodinout \u00a9","description":"Wooden Montessori toys, gifts, home and events decor details","potentialAction":[{"@type":"SearchAction","target":{"@type":"EntryPoint","urlTemplate":"https:\/\/woodinout.net\/de\/?s={search_term_string}"},"query-input":"required name=search_term_string"}],"inLanguage":"de"}]}},"_links":{"self":[{"href":"https:\/\/woodinout.net\/de\/wp-json\/wp\/v2\/pages\/21124"}],"collection":[{"href":"https:\/\/woodinout.net\/de\/wp-json\/wp\/v2\/pages"}],"about":[{"href":"https:\/\/woodinout.net\/de\/wp-json\/wp\/v2\/types\/page"}],"author":[{"embeddable":true,"href":"https:\/\/woodinout.net\/de\/wp-json\/wp\/v2\/users\/1"}],"replies":[{"embeddable":true,"href":"https:\/\/woodinout.net\/de\/wp-json\/wp\/v2\/comments?post=21124"}],"version-history":[{"count":0,"href":"https:\/\/woodinout.net\/de\/wp-json\/wp\/v2\/pages\/21124\/revisions"}],"wp:attachment":[{"href":"https:\/\/woodinout.net\/de\/wp-json\/wp\/v2\/media?parent=21124"}],"curies":[{"name":"wp","href":"https:\/\/api.w.org\/{rel}","templated":true}]}}