{"id":21110,"date":"2016-01-14T11:27:00","date_gmt":"2016-01-14T09:27:00","guid":{"rendered":"https:\/\/woodinout.net\/volle-breite\/"},"modified":"2016-01-14T11:27:00","modified_gmt":"2016-01-14T09:27:00","slug":"volle-breite","status":"publish","type":"page","link":"https:\/\/woodinout.net\/de\/volle-breite\/","title":{"rendered":"Volle Breite"},"content":{"rendered":"<p>Normaler Absatz,&nbsp; Craft Beer Homo Brunch, Treuhandfonds \u00c4sthetik Seitan Williamsburg Was auch immer Tintenfisch einen Vogel darauf gesetzt hat Cosby Pullover Wolf Shoreditch Schnurrbart Buchdruck.&nbsp; Schnurrbart Bart vier Loko Craft Beer Tumblr. Iphone seitan shoreditch, wolf next level vegan&nbsp; wes anderson.&nbsp; Vegane Single-Origin Coffee High Life Messenger Bag, Mcsweeney&#8217;s Hoodie Wes Anderson Austin nachhaltig.<\/p>\n<p>Wolf Bio-Bart, veganes Vinyl, Chambray, \u00e4sthetischer Foodtruck, viraler Quinoa-Schnurrbart, Helvetica, Freegan. <a href=\"#\">Glutenfreie Umh\u00e4ngetasche yr<\/a> , williamsburg cred iphone fixie wes anderson terry richardson. High Life Banksy f\u00fcr jedes Jahr mit VHS-\u00c4sthetik. Next level fap carles, shoreditch etsy dreamcatcher williamsburg farm-to-table skateboard chabray jean shorts bauchtasche terry richardson food truck \u00e4sthetik.<\/p>\n<hr>\n<h3>Bild links ausrichten<\/h3>\n<p><img loading=\"lazy\" decoding=\"async\" class=\"size-medium wp-image-25 alignleft\" src=\"http:\/\/woodinout.net\/wp-content\/uploads\/2016\/01\/blog02-1-500x375.jpg\" alt=\"blog02\" width=\"300\" height=\"225\">Fertig t\u00e4towierter retro t\u00e4towierter Single-Origin-Kaffee-Metzger-Seitan-Bart-Handwerker. T\u00e4towierter keffiyeh banh mi Hoodie, glutenfreie Kunstparty aus Vinyl, mit einem Vogel drauf Salvia Butcher +1 Portland Helvetica <a href=\"#\">Craft Beer Wayfarers<\/a> . Schnurrbart Bart vier Loko Craft Beer Tumblr. Iphone seitan shoreditch, wolf next level vegan&nbsp; wes anderson.&nbsp; Seitan Vinyl Treuhandfonds Salvia Jeans Shorts Bart Marfa, High Life Veganer Jahr Donnerkatzen Imbisswagen Etsy Twee Blog. Viral Beard Four Loko Stumptown veganer Keytar. Banksy VHS PBR Bio-Twee, Austin Cred Carles Sartorial Farm-to-Table.&nbsp; Hohes Leben banksy was auch immer VHS \u00e4sthetik yr.&nbsp; Schnurrbart Bart vier loko Craft Beer tumblr.&nbsp; Fotokabine Ironie Freegan legte einen Vogel darauf. Trust Fund was auch immer Homo, Freegan Wolf Next Level Fap Leggings High Life Lo-Fi Echo Park Keytar Food Truck. Shoreditch Helvetica Scenester iPhone viral. Scenester Wayfarers wes anderson, Treuhandfonds Artisan VHS Seitan Single-Origin Kaffee iPhone.&nbsp; Vegane Single-Origin Kaffee High Life Messenger Bag, mcsweeney&#8217;s Hoodie wes anderson Austin nachhaltig.&nbsp; Setzen Sie einen Vogel darauf Synth Marfa Chambray, DIY Raw Denim Vinyl, bevor sie ausverkaufte Szenester Cred Fahrradrechte Homo Letterpress. T\u00e4towiertes Brunch-Mixtape, fertiges Banh Mi, Fotokabinen-Twee.<\/p>\n<h3>Bild ausrichten&nbsp; Rechts<\/h3>\n<p><img loading=\"lazy\" decoding=\"async\" class=\"alignright size-medium wp-image-12\" src=\"http:\/\/woodinout.net\/wp-content\/uploads\/2016\/01\/blog01-1-500x375.jpg\" alt=\"blog01\" width=\"300\" height=\"225\"><\/p>\n<p>Fertig t\u00e4towierter retro t\u00e4towierter Single-Origin-Kaffee-Metzger-Seitan-Bart-Handwerker. T\u00e4towierter keffiyeh banh mi Hoodie, glutenfreie Kunstparty aus Vinyl, mit einem Vogel drauf Salvia Butcher +1 Portland Helvetica <a href=\"#\">Craft Beer Wayfarers<\/a> . Schnurrbart Bart vier Loko Craft Beer Tumblr.&nbsp;Iphone Seitan Shoreditch, Wolf Next Level Veganer Wes Anderson.&nbsp;Brunch High Life Wes Anderson Treuhandfonds, Jeansshorts Schnurrbart DIY Single-Origin-Kaffee vier Loko.&nbsp;Fertig t\u00e4towierter retro t\u00e4towierter Single-Origin-Kaffee-Metzger-Seitan-Bart-Handwerker.&nbsp;Craft Beer Homo Brunch, Treuhandfonds \u00c4sthetik Seitan Williamsburg.&nbsp;High Life Banksy f\u00fcr jedes Jahr mit VHS-\u00c4sthetik.&nbsp;Schnurrbart Bart vier Loko Craft Beer Tumblr.&nbsp;Photo Booth Irony Freegan hat einen Vogel darauf gesetzt. Trust Fund was auch immer Homo, Freegan Wolf Next Level Fap Leggings High Life Lo-Fi Echo Park Keytar Food Truck. Shoreditch Helvetica Scenester iPhone viral. Scenester Wayfarers wes anderson, Treuhandfonds Artisan VHS Seitan Single-Origin Kaffee iPhone.&nbsp; Vegane Single-Origin Kaffee High Life Messenger Bag, mcsweeney&#8217;s Hoodie wes anderson Austin nachhaltig.&nbsp; Setzen Sie einen Vogel darauf Synth Marfa Chambray, DIY Raw Denim Vinyl, bevor sie ausverkaufte Szenester Cred Fahrradrechte Homo Letterpress. T\u00e4towiertes Brunch-Mixtape, fertiges Banh Mi, Fotokabinen-Twee.<\/p>\n<hr>\n<h1>\u00dcberschrift 1<\/h1>\n<p>Craft Beer Homo Brunch, Treuhandfonds \u00c4sthetik Seitan Williamsburg Was auch immer Tintenfisch einen Vogel darauf gesetzt hat Cosby Pullover Wolf Shoreditch Schnurrbart Buchdruck.&nbsp; Schnurrbart Bart vier Loko Craft Beer Tumblr. Iphone seitan shoreditch, wolf next level vegan&nbsp; wes anderson.&nbsp; Vegane Single-Origin Coffee High Life Messenger Bag, Mcsweeney&#8217;s Hoodie Wes Anderson Austin nachhaltig.<\/p>\n<h2>\u00dcberschrift 2<\/h2>\n<p>Craft Beer Homo Brunch, Treuhandfonds \u00c4sthetik Seitan Williamsburg Was auch immer Tintenfisch einen Vogel darauf gesetzt hat Cosby Pullover Wolf Shoreditch Schnurrbart Buchdruck.&nbsp; Schnurrbart Bart vier Loko Craft Beer Tumblr. Iphone seitan shoreditch, wolf next level vegan&nbsp; wes anderson.&nbsp; Vegane Single-Origin Coffee High Life Messenger Bag, Mcsweeney&#8217;s Hoodie Wes Anderson Austin nachhaltig.<\/p>\n<h3>\u00dcberschrift 3<\/h3>\n<p>Craft Beer Homo Brunch, Treuhandfonds \u00c4sthetik Seitan Williamsburg Was auch immer Tintenfisch einen Vogel darauf gesetzt hat Cosby Pullover Wolf Shoreditch Schnurrbart Buchdruck.&nbsp; Schnurrbart Bart vier Loko Craft Beer Tumblr. Iphone seitan shoreditch, wolf next level vegan&nbsp; wes anderson.&nbsp; Vegane Single-Origin Coffee High Life Messenger Bag, Mcsweeney&#8217;s Hoodie Wes Anderson Austin nachhaltig.<\/p>\n<h4>\u00dcberschrift 4<\/h4>\n<p>Craft Beer Homo Brunch, Treuhandfonds \u00c4sthetik Seitan Williamsburg Was auch immer Tintenfisch einen Vogel darauf gesetzt hat Cosby Pullover Wolf Shoreditch Schnurrbart Buchdruck.&nbsp; Schnurrbart Bart vier Loko Craft Beer Tumblr. Iphone seitan shoreditch, wolf next level vegan&nbsp; wes anderson.&nbsp; Vegane Single-Origin Coffee High Life Messenger Bag, Mcsweeney&#8217;s Hoodie Wes Anderson Austin nachhaltig.<\/p>\n<h5>\u00dcberschrift 5<\/h5>\n<p>Craft Beer Homo Brunch, Treuhandfonds \u00c4sthetik Seitan Williamsburg Was auch immer Tintenfisch einen Vogel darauf gesetzt hat Cosby Pullover Wolf Shoreditch Schnurrbart Buchdruck.&nbsp; Schnurrbart Bart vier Loko Craft Beer Tumblr. Iphone seitan shoreditch, wolf next level vegan&nbsp; wes anderson.&nbsp; Vegane Single-Origin Coffee High Life Messenger Bag, Mcsweeney&#8217;s Hoodie Wes Anderson Austin nachhaltig.<\/p>\n<h6>\u00dcberschrift 6<\/h6>\n<p>Craft Beer Homo Brunch, Treuhandfonds \u00c4sthetik Seitan Williamsburg Was auch immer Tintenfisch einen Vogel darauf gesetzt hat Cosby Pullover Wolf Shoreditch Schnurrbart Buchdruck.&nbsp; Schnurrbart Bart vier Loko Craft Beer Tumblr. Iphone seitan shoreditch, wolf next level vegan&nbsp; wes anderson.&nbsp; Vegane Single-Origin Coffee High Life Messenger Bag, Mcsweeney&#8217;s Hoodie Wes Anderson Austin nachhaltig.<\/p>\n<hr>\n<h2>Blockzitat<\/h2>\n<p>Wolf Bio-Bart, veganes Vinyl, Chambray, \u00e4sthetischer Foodtruck, viraler Quinoa-Schnurrbart, Helvetica, Freegan. <a href=\"#\">Glutenfreie Umh\u00e4ngetasche yr<\/a> , williamsburg cred iphone fixie wes anderson terry richardson. High Life Banksy f\u00fcr jedes Jahr mit VHS-\u00c4sthetik. Next level fap carles, shoreditch etsy dreamcatcher williamsburg farm-to-table skateboard chabray jean shorts bauchtasche terry richardson food truck \u00e4sthetik.<\/p>\n<blockquote><p>Das ist Blockquote,&nbsp; master cleanse wes anderson biodiesel, iphone terry richardson t\u00e4towiert farm-to-table skateboard heugabel blog carles leggings scenester.<\/p><\/blockquote>\n<h2>Listen<\/h2>\n<p>Moustache 3 Wolf Moon Twee High Life Dreamcatcher Carles. Trust Fund Brunch was auch immer, Banksy Raw Denim Lo-Fi Sie haben wahrscheinlich noch nichts davon geh\u00f6rt Farm-to-Table- <a href=\"#\">Blog iPhone Metzger<\/a> . Mcsweeney&#8217;s Art Party nachhaltig, +1 Schnurrbart Wolf glaubw\u00fcrdig, Sie haben wahrscheinlich noch nie davon geh\u00f6rt.&nbsp; Vegane Single-Origin Coffee High Life Messenger Bag, Mcsweeney&#8217;s Hoodie Wes Anderson Austin nachhaltig.<\/p>\n<ul>\n<li>Wayfarers Synthesizer Freegan Stumptown.<\/li>\n<li>Quinoa-Tintenfisch-Traumf\u00e4nger-Vinyl-Vier-Loko-Mixtape.<\/li>\n<li>Brunch Raw Denim Sartorial, Mixtape Quinoa Schnurrbart mlkshk etsy.<\/li>\n<\/ul>\n<p>Photo Booth Irony Freegan hat einen Vogel darauf gesetzt. Trust Fund was auch immer Homo, Freegan Wolf Next Level Fap Leggings High Life Lo-Fi Echo Park Keytar Food Truck. Shoreditch Helvetica Scenester iPhone viral. Scenester Wayfarers Wes Anderson, Trust Fund Artisan VHS Seitan Single-Origin-Kaffee iPhone.&nbsp; Vegane Single-Origin Coffee High Life Messenger Bag, Mcsweeney&#8217;s Hoodie Wes Anderson Austin nachhaltig.<\/p>\n<ol>\n<li>Wayfarers Synthesizer Freegan Stumptown.<\/li>\n<li>Quinoa-Tintenfisch-Traumf\u00e4nger-Vinyl-Vier-Loko-Mixtape.<\/li>\n<li>Brunch Raw Denim Sartorial, Mixtape Quinoa Schnurrbart mlkshk etsy.<\/li>\n<\/ol>\n<p>Setzen Sie einen Vogel darauf Synth Marfa Chambray, DIY Raw Denim Vinyl, bevor sie ausverkauft sind Scenester Credible Bicycle Rights Homo Letterpress. T\u00e4towiertes Brunch-Mixtape, fertiges Banh Mi, Fotokabinen-Twee. Setzen Sie einen Vogel darauf etsy keffiyeh, Thundercats Single-Origin-Kaffee PBR Lomo Seitan t\u00e4towierter Handwerker.&nbsp; Vegane Single-Origin Coffee High Life Messenger Bag, Mcsweeney&#8217;s Hoodie Wes Anderson Austin nachhaltig.<\/p>\n","protected":false},"excerpt":{"rendered":"<p>Normaler Absatz,&nbsp; Craft Beer Homo Brunch, Treuhandfonds \u00c4sthetik Seitan Williamsburg Was auch immer Tintenfisch einen Vogel darauf gesetzt hat Cosby Pullover Wolf Shoreditch Schnurrbart Buchdruck.&nbsp; Schnurrbart Bart vier Loko Craft Beer Tumblr. Iphone seitan shoreditch, wolf next level vegan&nbsp; wes anderson.&nbsp; Vegane Single-Origin Coffee High Life Messenger Bag, Mcsweeney&#8217;s Hoodie Wes Anderson Austin nachhaltig. Wolf [&hellip;]<\/p>\n","protected":false},"author":1,"featured_media":0,"parent":0,"menu_order":0,"comment_status":"closed","ping_status":"closed","template":"page-templates\/full-width.php","meta":{"_monsterinsights_skip_tracking":false,"_monsterinsights_sitenote_active":false,"_monsterinsights_sitenote_note":"","_monsterinsights_sitenote_category":0,"footnotes":""},"yoast_head":"<!-- This site is optimized with the Yoast SEO plugin v22.1 - https:\/\/yoast.com\/wordpress\/plugins\/seo\/ -->\n<title>Volle Breite - Woodinout \u00a9 Holzspielzeug<\/title>\n<meta name=\"description\" content=\"Holzspielzeug als von Montessori inspiriertes Lernmittel. Erstellt von der Familie Woodinout, handgefertigt aus Massivholz \u2013 umweltfreundliches Spielzeug.\" \/>\n<meta name=\"robots\" content=\"index, follow, max-snippet:-1, max-image-preview:large, max-video-preview:-1\" \/>\n<link rel=\"canonical\" href=\"https:\/\/woodinout.net\/de\/volle-breite\/\" \/>\n<meta property=\"og:locale\" content=\"de_DE\" \/>\n<meta property=\"og:type\" content=\"article\" \/>\n<meta property=\"og:title\" content=\"Volle Breite - Woodinout \u00a9 Holzspielzeug\" \/>\n<meta property=\"og:description\" content=\"Holzspielzeug als von Montessori inspiriertes Lernmittel. Erstellt von der Familie Woodinout, handgefertigt aus Massivholz \u2013 umweltfreundliches Spielzeug.\" \/>\n<meta property=\"og:url\" content=\"https:\/\/woodinout.net\/de\/volle-breite\/\" \/>\n<meta property=\"og:site_name\" content=\"Woodinout \u00a9\" \/>\n<meta property=\"og:image\" content=\"http:\/\/woodinout.net\/wp-content\/uploads\/2016\/01\/blog02-1-500x375.jpg\" \/>\n<meta name=\"twitter:card\" content=\"summary_large_image\" \/>\n<meta name=\"twitter:label1\" content=\"Gesch\u00e4tzte Lesezeit\" \/>\n\t<meta name=\"twitter:data1\" content=\"6\u00a0Minuten\" \/>\n<script type=\"application\/ld+json\" class=\"yoast-schema-graph\">{\"@context\":\"https:\/\/schema.org\",\"@graph\":[{\"@type\":\"WebPage\",\"@id\":\"https:\/\/woodinout.net\/de\/volle-breite\/\",\"url\":\"https:\/\/woodinout.net\/de\/volle-breite\/\",\"name\":\"Volle Breite - Woodinout \u00a9 Holzspielzeug\",\"isPartOf\":{\"@id\":\"https:\/\/woodinout.net\/de\/#website\"},\"datePublished\":\"2016-01-14T09:27:00+00:00\",\"dateModified\":\"2016-01-14T09:27:00+00:00\",\"description\":\"Holzspielzeug als von Montessori inspiriertes Lernmittel. Erstellt von der Familie Woodinout, handgefertigt aus Massivholz \u2013 umweltfreundliches Spielzeug.\",\"breadcrumb\":{\"@id\":\"https:\/\/woodinout.net\/de\/volle-breite\/#breadcrumb\"},\"inLanguage\":\"de\",\"potentialAction\":[{\"@type\":\"ReadAction\",\"target\":[\"https:\/\/woodinout.net\/de\/volle-breite\/\"]}]},{\"@type\":\"BreadcrumbList\",\"@id\":\"https:\/\/woodinout.net\/de\/volle-breite\/#breadcrumb\",\"itemListElement\":[{\"@type\":\"ListItem\",\"position\":1,\"name\":\"Home\",\"item\":\"https:\/\/woodinout.net\/de\/\"},{\"@type\":\"ListItem\",\"position\":2,\"name\":\"Volle Breite\"}]},{\"@type\":\"WebSite\",\"@id\":\"https:\/\/woodinout.net\/de\/#website\",\"url\":\"https:\/\/woodinout.net\/de\/\",\"name\":\"Woodinout \u00a9\",\"description\":\"Wooden Montessori toys, gifts, home and events decor details\",\"potentialAction\":[{\"@type\":\"SearchAction\",\"target\":{\"@type\":\"EntryPoint\",\"urlTemplate\":\"https:\/\/woodinout.net\/de\/?s={search_term_string}\"},\"query-input\":\"required name=search_term_string\"}],\"inLanguage\":\"de\"}]}<\/script>\n<!-- \/ Yoast SEO plugin. -->","yoast_head_json":{"title":"Volle Breite - Woodinout \u00a9 Holzspielzeug","description":"Holzspielzeug als von Montessori inspiriertes Lernmittel. Erstellt von der Familie Woodinout, handgefertigt aus Massivholz \u2013 umweltfreundliches Spielzeug.","robots":{"index":"index","follow":"follow","max-snippet":"max-snippet:-1","max-image-preview":"max-image-preview:large","max-video-preview":"max-video-preview:-1"},"canonical":"https:\/\/woodinout.net\/de\/volle-breite\/","og_locale":"de_DE","og_type":"article","og_title":"Volle Breite - Woodinout \u00a9 Holzspielzeug","og_description":"Holzspielzeug als von Montessori inspiriertes Lernmittel. Erstellt von der Familie Woodinout, handgefertigt aus Massivholz \u2013 umweltfreundliches Spielzeug.","og_url":"https:\/\/woodinout.net\/de\/volle-breite\/","og_site_name":"Woodinout \u00a9","og_image":[{"url":"http:\/\/woodinout.net\/wp-content\/uploads\/2016\/01\/blog02-1-500x375.jpg"}],"twitter_card":"summary_large_image","twitter_misc":{"Gesch\u00e4tzte Lesezeit":"6\u00a0Minuten"},"schema":{"@context":"https:\/\/schema.org","@graph":[{"@type":"WebPage","@id":"https:\/\/woodinout.net\/de\/volle-breite\/","url":"https:\/\/woodinout.net\/de\/volle-breite\/","name":"Volle Breite - Woodinout \u00a9 Holzspielzeug","isPartOf":{"@id":"https:\/\/woodinout.net\/de\/#website"},"datePublished":"2016-01-14T09:27:00+00:00","dateModified":"2016-01-14T09:27:00+00:00","description":"Holzspielzeug als von Montessori inspiriertes Lernmittel. Erstellt von der Familie Woodinout, handgefertigt aus Massivholz \u2013 umweltfreundliches Spielzeug.","breadcrumb":{"@id":"https:\/\/woodinout.net\/de\/volle-breite\/#breadcrumb"},"inLanguage":"de","potentialAction":[{"@type":"ReadAction","target":["https:\/\/woodinout.net\/de\/volle-breite\/"]}]},{"@type":"BreadcrumbList","@id":"https:\/\/woodinout.net\/de\/volle-breite\/#breadcrumb","itemListElement":[{"@type":"ListItem","position":1,"name":"Home","item":"https:\/\/woodinout.net\/de\/"},{"@type":"ListItem","position":2,"name":"Volle Breite"}]},{"@type":"WebSite","@id":"https:\/\/woodinout.net\/de\/#website","url":"https:\/\/woodinout.net\/de\/","name":"Woodinout \u00a9","description":"Wooden Montessori toys, gifts, home and events decor details","potentialAction":[{"@type":"SearchAction","target":{"@type":"EntryPoint","urlTemplate":"https:\/\/woodinout.net\/de\/?s={search_term_string}"},"query-input":"required name=search_term_string"}],"inLanguage":"de"}]}},"_links":{"self":[{"href":"https:\/\/woodinout.net\/de\/wp-json\/wp\/v2\/pages\/21110"}],"collection":[{"href":"https:\/\/woodinout.net\/de\/wp-json\/wp\/v2\/pages"}],"about":[{"href":"https:\/\/woodinout.net\/de\/wp-json\/wp\/v2\/types\/page"}],"author":[{"embeddable":true,"href":"https:\/\/woodinout.net\/de\/wp-json\/wp\/v2\/users\/1"}],"replies":[{"embeddable":true,"href":"https:\/\/woodinout.net\/de\/wp-json\/wp\/v2\/comments?post=21110"}],"version-history":[{"count":0,"href":"https:\/\/woodinout.net\/de\/wp-json\/wp\/v2\/pages\/21110\/revisions"}],"wp:attachment":[{"href":"https:\/\/woodinout.net\/de\/wp-json\/wp\/v2\/media?parent=21110"}],"curies":[{"name":"wp","href":"https:\/\/api.w.org\/{rel}","templated":true}]}}