{"id":21109,"date":"2016-04-13T04:25:25","date_gmt":"2016-04-13T01:25:25","guid":{"rendered":"https:\/\/woodinout.net\/startseite-grid\/"},"modified":"2022-03-13T17:32:03","modified_gmt":"2022-03-13T15:32:03","slug":"startseite-grid","status":"publish","type":"page","link":"https:\/\/woodinout.net\/de\/","title":{"rendered":"Heim"},"content":{"rendered":"<div id=\"pl-21109\"  class=\"panel-layout\" ><div id=\"pg-21109-0\"  class=\"panel-grid panel-has-style\" ><div class=\"siteorigin-panels-stretch panel-row-style panel-row-style-for-21109-0\" data-stretch-type=\"full-stretched\" ><div id=\"pgc-21109-0-0\"  class=\"panel-grid-cell panel-grid-cell-empty\" ><div class=\"panel-cell-style panel-cell-style-for-21109-0-0\" ><\/div><\/div><\/div><\/div><div id=\"pg-21109-1\"  class=\"panel-grid panel-has-style\" ><div class=\"siteorigin-panels-stretch panel-row-style panel-row-style-for-21109-1\" data-stretch-type=\"full-stretched\" ><div id=\"pgc-21109-1-0\"  class=\"panel-grid-cell\" ><div id=\"panel-21109-1-0-0\" class=\"so-panel widget widget_primrose-sow-masonry-grid panel-first-child panel-last-child\" data-index=\"0\" ><div\n\t\t\t\n\t\t\tclass=\"so-widget-primrose-sow-masonry-grid so-widget-primrose-sow-masonry-grid-default-d75171398898-21109\"\n\t\t\t\n\t\t><div class=\"primrose-sow-masonry-grid\" data-layouts=\"{&quot;desktop&quot;:{&quot;numColumns&quot;:10,&quot;rowHeight&quot;:&quot;5%&quot;,&quot;gutter&quot;:&quot;10px&quot;},&quot;normal&quot;:{&quot;numColumns&quot;:10,&quot;rowHeight&quot;:&quot;5%&quot;,&quot;gutter&quot;:&quot;10px&quot;},&quot;tablet&quot;:{&quot;numColumns&quot;:10,&quot;rowHeight&quot;:&quot;5%&quot;,&quot;gutter&quot;:&quot;10px&quot;},&quot;mobile&quot;:{&quot;numColumns&quot;:1,&quot;rowHeight&quot;:&quot;15%&quot;,&quot;gutter&quot;:&quot;10px&quot;},&quot;mobileSmall&quot;:{&quot;numColumns&quot;:1,&quot;rowHeight&quot;:&quot;15%&quot;,&quot;gutter&quot;:&quot;10px&quot;}}\">\r\n\t<div class=\"primrose-sow-masonry-grid-sizer-width\"><\/div>\r\n\t<div class=\"primrose-sow-masonry-grid-sizer-height\" style=\"width: 0;\"><\/div>\r\n\t<div class=\"primrose-sow-masonry-grid-sizer-gutter\"><\/div>\r\n\r\n\t<div class=\"primrose-sow-masonry-grid-item primrose-sow-masonry-grid-item-zoom-effect\" data-col-span=\"3\" data-row-span=\"3\">\r\n\t\t\t\t<a href=\"http:\/\/woodinout.net\/shop\/\" class=\"primrose-sow-masonry-grid-item-inner\" >\r\n\t\t\t\t\t<div class=\"primrose-sow-masonry-grid-item-background\" style=\"background-color: #f3f3f3; background-image: url(https:\/\/woodinout.net\/wp-content\/uploads\/2020\/06\/Moon-phase-1.jpg);\"><\/div>\r\n\r\n\t\t\t\t\t<div class=\"primrose-sow-masonry-grid-item-overlay\" style=\"background-color: rgba(0,0,0,0.1);\"><\/div>\r\n\r\n\t\t\t\t\t<div class=\"primrose-sow-masonry-grid-item-content\">\r\n\t\t\t\t\t\t<div class=\"primrose-sow-masonry-grid-item-content-inner\">\r\n\t\t\t\t\t\t\t<div class=\"primrose-sow-masonry-grid-item-title\" style=\"color: #ffffff;\">*** SALE ***<\/div>\r\n\t\t\t\t\t\t\t<div class=\"primrose-sow-masonry-grid-item-subtitle\" style=\"color: #ffffff;\">Up to 20% off for selected items<\/div>\r\n\t\t\t\t\t\t<\/div>\r\n\t\t\t\t\t<\/div>\r\n\t\t\t\t<\/a>\r\n\t\t\t<\/div><div class=\"primrose-sow-masonry-grid-item primrose-sow-masonry-grid-item-zoom-effect\" data-col-span=\"3\" data-row-span=\"4\">\r\n\t\t\t\t<a href=\"http:\/\/woodinout.net\/product\/montessori-math-manipulatives\/\" class=\"primrose-sow-masonry-grid-item-inner\" >\r\n\t\t\t\t\t<div class=\"primrose-sow-masonry-grid-item-background\" style=\"background-color: #f3f3f3; background-image: url(https:\/\/woodinout.net\/wp-content\/uploads\/2020\/06\/MG_6565-NXPowerLite-Copy3.jpg);\"><\/div>\r\n\r\n\t\t\t\t\t<div class=\"primrose-sow-masonry-grid-item-overlay\" style=\"background-color: rgba(0,0,0,0.1);\"><\/div>\r\n\r\n\t\t\t\t\t<div class=\"primrose-sow-masonry-grid-item-content\">\r\n\t\t\t\t\t\t<div class=\"primrose-sow-masonry-grid-item-content-inner\">\r\n\t\t\t\t\t\t\t\r\n\t\t\t\t\t\t\t\r\n\t\t\t\t\t\t<\/div>\r\n\t\t\t\t\t<\/div>\r\n\t\t\t\t<\/a>\r\n\t\t\t<\/div><div class=\"primrose-sow-masonry-grid-item primrose-sow-masonry-grid-item-zoom-effect\" data-col-span=\"4\" data-row-span=\"4\">\r\n\t\t\t\t<a href=\"http:\/\/woodinout.net\/shop\/\" class=\"primrose-sow-masonry-grid-item-inner\" >\r\n\t\t\t\t\t<div class=\"primrose-sow-masonry-grid-item-background\" style=\"background-color: #f3f3f3; background-image: url(https:\/\/woodinout.net\/wp-content\/uploads\/2020\/06\/Wooden-tracing-board-2.jpg);\"><\/div>\r\n\r\n\t\t\t\t\t<div class=\"primrose-sow-masonry-grid-item-overlay\" style=\"background-color: rgba(0,0,0,0.1);\"><\/div>\r\n\r\n\t\t\t\t\t<div class=\"primrose-sow-masonry-grid-item-content\">\r\n\t\t\t\t\t\t<div class=\"primrose-sow-masonry-grid-item-content-inner\">\r\n\t\t\t\t\t\t\t<div class=\"primrose-sow-masonry-grid-item-title\" style=\"color: #ffffff;\">Gifts for your Beloved One<\/div>\r\n\t\t\t\t\t\t\t<div class=\"primrose-sow-masonry-grid-item-subtitle\" style=\"color: #ffffff;\">The best gifts to show your love<\/div>\r\n\t\t\t\t\t\t<\/div>\r\n\t\t\t\t\t<\/div>\r\n\t\t\t\t<\/a>\r\n\t\t\t<\/div><div class=\"primrose-sow-masonry-grid-item primrose-sow-masonry-grid-item-zoom-effect\" data-col-span=\"3\" data-row-span=\"4\">\r\n\t\t\t\t<a href=\"http:\/\/woodinout.net\/product\/scrabble-board-with-alphabet-tiles\/\" class=\"primrose-sow-masonry-grid-item-inner\" >\r\n\t\t\t\t\t<div class=\"primrose-sow-masonry-grid-item-background\" style=\"background-color: #f3f3f3; background-image: url(https:\/\/woodinout.net\/wp-content\/uploads\/2021\/03\/MG_3913-NXPowerLite-Copy.jpg);\"><\/div>\r\n\r\n\t\t\t\t\t<div class=\"primrose-sow-masonry-grid-item-overlay\" style=\"background-color: rgba(0,0,0,0.1);\"><\/div>\r\n\r\n\t\t\t\t\t<div class=\"primrose-sow-masonry-grid-item-content\">\r\n\t\t\t\t\t\t<div class=\"primrose-sow-masonry-grid-item-content-inner\">\r\n\t\t\t\t\t\t\t\r\n\t\t\t\t\t\t\t\r\n\t\t\t\t\t\t<\/div>\r\n\t\t\t\t\t<\/div>\r\n\t\t\t\t<\/a>\r\n\t\t\t<\/div><div class=\"primrose-sow-masonry-grid-item primrose-sow-masonry-grid-item-zoom-effect\" data-col-span=\"4\" data-row-span=\"3\">\r\n\t\t\t\t<a href=\"http:\/\/woodinout.net\/shop\/\" class=\"primrose-sow-masonry-grid-item-inner\" >\r\n\t\t\t\t\t<div class=\"primrose-sow-masonry-grid-item-background\" style=\"background-color: #f3f3f3; background-image: url(https:\/\/woodinout.net\/wp-content\/uploads\/2018\/07\/mila-4-NXPowerLite-Copy-scaled.jpg);\"><\/div>\r\n\r\n\t\t\t\t\t<div class=\"primrose-sow-masonry-grid-item-overlay\" style=\"background-color: rgba(0,0,0,0.1);\"><\/div>\r\n\r\n\t\t\t\t\t<div class=\"primrose-sow-masonry-grid-item-content\">\r\n\t\t\t\t\t\t<div class=\"primrose-sow-masonry-grid-item-content-inner\">\r\n\t\t\t\t\t\t\t<div class=\"primrose-sow-masonry-grid-item-title\" style=\"color: #ffffff;\">Get Free Shipping<\/div>\r\n\t\t\t\t\t\t\t<div class=\"primrose-sow-masonry-grid-item-subtitle\" style=\"color: #ffffff;\">For every order over $300<\/div>\r\n\t\t\t\t\t\t<\/div>\r\n\t\t\t\t\t<\/div>\r\n\t\t\t\t<\/a>\r\n\t\t\t<\/div><div class=\"primrose-sow-masonry-grid-item primrose-sow-masonry-grid-item-zoom-effect\" data-col-span=\"3\" data-row-span=\"3\">\r\n\t\t\t\t<a href=\"http:\/\/woodinout.net\/product\/rainbow-wooden-sorting-toy\/\" class=\"primrose-sow-masonry-grid-item-inner\" >\r\n\t\t\t\t\t<div class=\"primrose-sow-masonry-grid-item-background\" style=\"background-color: #f3f3f3; background-image: url(https:\/\/woodinout.net\/wp-content\/uploads\/2020\/06\/Rainbow-Wooden-sorting-toy-3.jpg);\"><\/div>\r\n\r\n\t\t\t\t\t<div class=\"primrose-sow-masonry-grid-item-overlay\" style=\"background-color: rgba(0,0,0,0.1);\"><\/div>\r\n\r\n\t\t\t\t\t<div class=\"primrose-sow-masonry-grid-item-content\">\r\n\t\t\t\t\t\t<div class=\"primrose-sow-masonry-grid-item-content-inner\">\r\n\t\t\t\t\t\t\t\r\n\t\t\t\t\t\t\t\r\n\t\t\t\t\t\t<\/div>\r\n\t\t\t\t\t<\/div>\r\n\t\t\t\t<\/a>\r\n\t\t\t<\/div><\/div><!-- .primrose-sow-masonry-grid -->\r\n<\/div><\/div><\/div><\/div><\/div><div id=\"pg-21109-2\"  class=\"panel-grid panel-has-style\" ><div class=\"panel-row-style panel-row-style-for-21109-2\" ><div id=\"pgc-21109-2-0\"  class=\"panel-grid-cell\" ><div id=\"panel-21109-2-0-0\" class=\"so-panel widget widget_primrose-sow-heading panel-first-child\" data-index=\"1\" ><div\n\t\t\t\n\t\t\tclass=\"so-widget-primrose-sow-heading so-widget-primrose-sow-heading-default-d75171398898-21109\"\n\t\t\t\n\t\t><h2 class=\"primrose-sow-heading primrose-sow-alignment-center\">Best Sellers<\/h2><\/div><\/div><div id=\"panel-21109-2-0-1\" class=\"so-panel widget widget_primrose-sow-woocommerce-posts-grid\" data-index=\"2\" ><div class=\"panel-widget-style panel-widget-style-for-21109-2-0-1\" ><div\n\t\t\t\n\t\t\tclass=\"so-widget-primrose-sow-woocommerce-posts-grid so-widget-primrose-sow-woocommerce-posts-grid-default-d75171398898-21109\"\n\t\t\t\n\t\t><div class=\"primrose-sow-woocommerce-posts-grid\">\r\n\t<!-- [products best_selling=\"true\" limit=\"3\" columns=\"3\" orderby=\"date\" order=\"desc\"] -->\t<div class=\"woocommerce columns-3 \"><ul class=\"products columns-3\">\n<li class=\"product type-product post-22349 status-publish first instock product_cat-2675 product_cat-1777 product_tag-2678 product_tag-1818 product_tag-1816 product_tag-2610 product_tag-1821 product_tag-1822 product_tag-2676 product_tag-2677 product_tag-2609 product_tag-1798 product_tag-1793 product_tag-1784 has-post-thumbnail shipping-taxable purchasable product-type-simple\">\n\t<a href=\"https:\/\/woodinout.net\/ja\/product\/%e6%9c%a8%e8%a3%bd%e3%82%a2%e3%83%bc%e3%83%81%e3%82%a7%e3%83%aa%e3%83%bc%e5%bc%93%e7%9f%a2\/\" class=\"woocommerce-LoopProduct-link woocommerce-loop-product__link\"><img loading=\"lazy\" decoding=\"async\" width=\"480\" height=\"720\" src=\"https:\/\/woodinout.net\/wp-content\/uploads\/2020\/06\/Wooden-archery-bow-and-arrows-3-480x720.jpg\" class=\"attachment-woocommerce_thumbnail size-woocommerce_thumbnail\" alt=\"\u6728\u88fd\u30a2\u30fc\u30c1\u30a7\u30ea\u30fc\u5f13\u3068\u77e2\u306e\u304a\u3082\u3061\u3083\" srcset=\"https:\/\/woodinout.net\/wp-content\/uploads\/2020\/06\/Wooden-archery-bow-and-arrows-3-480x720.jpg 480w, https:\/\/woodinout.net\/wp-content\/uploads\/2020\/06\/Wooden-archery-bow-and-arrows-3-800x1200.jpg 800w, https:\/\/woodinout.net\/wp-content\/uploads\/2020\/06\/Wooden-archery-bow-and-arrows-3-333x500.jpg 333w, https:\/\/woodinout.net\/wp-content\/uploads\/2020\/06\/Wooden-archery-bow-and-arrows-3-533x800.jpg 533w, https:\/\/woodinout.net\/wp-content\/uploads\/2020\/06\/Wooden-archery-bow-and-arrows-3.jpg 853w\" sizes=\"(max-width: 480px) 100vw, 480px\" \/><h2 class=\"woocommerce-loop-product__title\">\u6728\u88fd\u30a2\u30fc\u30c1\u30a7\u30ea\u30fc\u306e\u304a\u3082\u3061\u3083\u3001\u5f13\u3068\u77e2<\/h2>\n\t<span class=\"price\"><span class=\"woocs_price_code\" data-currency=\"\" data-redraw-id=\"69d225ecca817\"  data-product-id=\"22349\"><span class=\"woocommerce-Price-amount amount\"><bdi>37.00<span class=\"woocommerce-Price-currencySymbol\">&#36;<\/span><\/bdi><\/span><\/span><div class=\"woocs_price_info\"><span class=\"woocs_price_info_icon\"><\/span><ul class='woocs_price_info_list'><li><span>EUR<\/span>: <span class=\"woocs_amount\">&euro;&nbsp;32.93<\/span><\/li><\/ul><\/div><\/span>\n<\/a><a href=\"https:\/\/woodinout.net\/ja\/product\/%e6%9c%a8%e8%a3%bd%e3%82%a2%e3%83%bc%e3%83%81%e3%82%a7%e3%83%aa%e3%83%bc%e5%bc%93%e7%9f%a2\/\" data-quantity=\"1\" class=\"button product_type_simple add_to_cart_button\" data-product_id=\"22349\" data-product_sku=\"\" aria-label=\"In den Warenkorb legen: \u201e\u6728\u88fd\u30a2\u30fc\u30c1\u30a7\u30ea\u30fc\u306e\u304a\u3082\u3061\u3083\u3001\u5f13\u3068\u77e2\u201c\" aria-describedby=\"\" rel=\"nofollow\">Optionen w\u00e4hlen<\/a><\/li>\n<li class=\"product type-product post-22390 status-publish instock product_cat-1819 product_cat-1777 product_tag-2695 product_tag-2694 product_tag-2681 product_tag-1818 product_tag-1816 product_tag-1900 product_tag-1821 product_tag-1822 product_tag-1798 product_tag-1793 product_tag-1899 product_tag-1926 product_tag-1784 product_tag-1897 product_tag-2693 has-post-thumbnail shipping-taxable purchasable product-type-variable\">\n\t<a href=\"https:\/\/woodinout.net\/ja\/product\/%e3%83%91%e3%83%bc%e3%82%bd%e3%83%8a%e3%83%a9%e3%82%a4%e3%82%ba%e3%81%95%e3%82%8c%e3%81%9f%e3%82%ae%e3%83%95%e3%83%88%e3%83%a2%e3%83%b3%e3%83%86%e3%83%83%e3%82%bd%e3%83%bc%e3%83%aa-100%e3%83%95\/\" class=\"woocommerce-LoopProduct-link woocommerce-loop-product__link\"><img loading=\"lazy\" decoding=\"async\" width=\"480\" height=\"720\" src=\"https:\/\/woodinout.net\/wp-content\/uploads\/2020\/06\/Montessori-100-frame-5-480x720.jpg\" class=\"attachment-woocommerce_thumbnail size-woocommerce_thumbnail\" alt=\"\u30e2\u30f3\u30c6\u30c3\u30bd\u30fc\u30ea\u6570\u5b66\u6750\u6599 100 \u30d5\u30ec\u30fc\u30e0 by \u30a6\u30c3\u30c7\u30a3\u30cc\" srcset=\"https:\/\/woodinout.net\/wp-content\/uploads\/2020\/06\/Montessori-100-frame-5-480x720.jpg 480w, https:\/\/woodinout.net\/wp-content\/uploads\/2020\/06\/Montessori-100-frame-5-800x1200.jpg 800w, https:\/\/woodinout.net\/wp-content\/uploads\/2020\/06\/Montessori-100-frame-5-333x500.jpg 333w, https:\/\/woodinout.net\/wp-content\/uploads\/2020\/06\/Montessori-100-frame-5-533x800.jpg 533w, https:\/\/woodinout.net\/wp-content\/uploads\/2020\/06\/Montessori-100-frame-5.jpg 853w\" sizes=\"(max-width: 480px) 100vw, 480px\" \/><h2 class=\"woocommerce-loop-product__title\">\u30e2\u30f3\u30c6\u30bb\u30ea100\u30d5\u30ec\u30fc\u30e0\/\u767e\u30dc\u30fc\u30c9<\/h2>\n\t<span class=\"price\"><span class=\"woocs_price_code\" data-currency=\"\" data-redraw-id=\"69d225ecdf70a\"  data-product-id=\"22390\"><span class=\"woocommerce-Price-amount amount\"><bdi>54.00<span class=\"woocommerce-Price-currencySymbol\">&#36;<\/span><\/bdi><\/span> &ndash; <span class=\"woocommerce-Price-amount amount\"><bdi>102.00<span class=\"woocommerce-Price-currencySymbol\">&#36;<\/span><\/bdi><\/span><\/span><div class=\"woocs_price_info\"><span class=\"woocs_price_info_icon\"><\/span><ul class='woocs_price_info_list'><li><b>EUR<\/b>: <span class=\"woocs_amount\">&euro;&nbsp;48.06<\/span> - <span class=\"woocs_amount\">&euro;&nbsp;90.78<\/span><\/li><\/ul><\/div><\/span>\n<\/a><a href=\"https:\/\/woodinout.net\/ja\/product\/%e3%83%91%e3%83%bc%e3%82%bd%e3%83%8a%e3%83%a9%e3%82%a4%e3%82%ba%e3%81%95%e3%82%8c%e3%81%9f%e3%82%ae%e3%83%95%e3%83%88%e3%83%a2%e3%83%b3%e3%83%86%e3%83%83%e3%82%bd%e3%83%bc%e3%83%aa-100%e3%83%95\/\" data-quantity=\"1\" class=\"button product_type_variable add_to_cart_button\" data-product_id=\"22390\" data-product_sku=\"\" aria-label=\"W\u00e4hle Optionen f\u00fcr \u201e\u30e2\u30f3\u30c6\u30bb\u30ea100\u30d5\u30ec\u30fc\u30e0\/\u767e\u30dc\u30fc\u30c9\u201c\" aria-describedby=\"Dieses Produkt weist mehrere Varianten auf. Die Optionen k\u00f6nnen auf der Produktseite gew\u00e4hlt werden\" rel=\"nofollow\">Optionen w\u00e4hlen<\/a><\/li>\n<li class=\"product type-product post-22322 status-publish last instock product_cat-1819 product_cat-1777 product_tag-1818 product_tag-1930 product_tag-1816 product_tag-1900 product_tag-1821 product_tag-1822 product_tag-1798 product_tag-1793 product_tag-1899 product_tag-1926 product_tag-1784 product_tag-1897 has-post-thumbnail shipping-taxable purchasable product-type-variable\">\n\t<a href=\"https:\/\/woodinout.net\/ja\/product\/%e3%82%af%e3%82%a2%e3%82%a6%e3%83%88%e3%82%ad%e3%83%83%e3%83%88\/\" class=\"woocommerce-LoopProduct-link woocommerce-loop-product__link\"><img loading=\"lazy\" decoding=\"async\" width=\"480\" height=\"720\" src=\"https:\/\/woodinout.net\/wp-content\/uploads\/2021\/03\/Couting_kit_1-480x720.jpg\" class=\"attachment-woocommerce_thumbnail size-woocommerce_thumbnail\" alt=\"\" srcset=\"https:\/\/woodinout.net\/wp-content\/uploads\/2021\/03\/Couting_kit_1-480x720.jpg 480w, https:\/\/woodinout.net\/wp-content\/uploads\/2021\/03\/Couting_kit_1-400x600.jpg 400w, https:\/\/woodinout.net\/wp-content\/uploads\/2021\/03\/Couting_kit_1-533x800.jpg 533w, https:\/\/woodinout.net\/wp-content\/uploads\/2021\/03\/Couting_kit_1-1024x1536.jpg 1024w, https:\/\/woodinout.net\/wp-content\/uploads\/2021\/03\/Couting_kit_1-1365x2048.jpg 1365w, https:\/\/woodinout.net\/wp-content\/uploads\/2021\/03\/Couting_kit_1-1080x1621.jpg 1080w, https:\/\/woodinout.net\/wp-content\/uploads\/2021\/03\/Couting_kit_1.jpg 1706w\" sizes=\"(max-width: 480px) 100vw, 480px\" \/><h2 class=\"woocommerce-loop-product__title\">\u30af\u30fc\u30c6\u30a3\u30f3\u30b0\u30ad\u30c3\u30c8<\/h2>\n\t<span class=\"price\"><span class=\"woocs_price_code\" data-currency=\"\" data-redraw-id=\"69d225ecee905\"  data-product-id=\"22322\"><span class=\"woocommerce-Price-amount amount\"><bdi>23.00<span class=\"woocommerce-Price-currencySymbol\">&#36;<\/span><\/bdi><\/span> &ndash; <span class=\"woocommerce-Price-amount amount\"><bdi>27.00<span class=\"woocommerce-Price-currencySymbol\">&#36;<\/span><\/bdi><\/span><\/span><div class=\"woocs_price_info\"><span class=\"woocs_price_info_icon\"><\/span><ul class='woocs_price_info_list'><li><b>EUR<\/b>: <span class=\"woocs_amount\">&euro;&nbsp;20.47<\/span> - <span class=\"woocs_amount\">&euro;&nbsp;24.03<\/span><\/li><\/ul><\/div><\/span>\n<\/a><a href=\"https:\/\/woodinout.net\/ja\/product\/%e3%82%af%e3%82%a2%e3%82%a6%e3%83%88%e3%82%ad%e3%83%83%e3%83%88\/\" data-quantity=\"1\" class=\"button product_type_variable add_to_cart_button\" data-product_id=\"22322\" data-product_sku=\"\" aria-label=\"W\u00e4hle Optionen f\u00fcr \u201e\u30af\u30fc\u30c6\u30a3\u30f3\u30b0\u30ad\u30c3\u30c8\u201c\" aria-describedby=\"Dieses Produkt weist mehrere Varianten auf. Die Optionen k\u00f6nnen auf der Produktseite gew\u00e4hlt werden\" rel=\"nofollow\">Ausf\u00fchrung w\u00e4hlen<\/a><\/li>\n<\/ul>\n<\/div><\/div><\/div><\/div><\/div><div id=\"panel-21109-2-0-2\" class=\"so-panel widget widget_primrose-sow-buttons panel-last-child\" data-index=\"3\" ><div\n\t\t\t\n\t\t\tclass=\"so-widget-primrose-sow-buttons so-widget-primrose-sow-buttons-default-f55f1a393d9d-21109\"\n\t\t\t\n\t\t>\t<div class=\"primrose-sow-buttons primrose-sow-alignment-center\">\r\n\t\t\t\t\t<a href=\"https:\/\/woodinout.net\/shop\/\"\r\n\t\t\t\tclass=\"primrose-sow-button primrose-sow-button-0 button anchor-link\"\r\n\t\t\t\t>\r\n\t\t\t\tGo to Shop Now\t\t\t<\/a>\r\n\t\t\t<\/div><!-- .primrose-sow-buttons -->\r\n<\/div><\/div><\/div><\/div><\/div><\/div>","protected":false},"excerpt":{"rendered":"<p>*** SALE *** Up to 20% off for selected items Gifts for your Beloved One The best gifts to show your love Get Free Shipping For every order over $300 Best Sellers \u6728\u88fd\u30a2\u30fc\u30c1\u30a7\u30ea\u30fc\u306e\u304a\u3082\u3061\u3083\u3001\u5f13\u3068\u77e2 37.00&#36;EUR: &euro;&nbsp;32.93 Optionen w\u00e4hlen \u30e2\u30f3\u30c6\u30bb\u30ea100\u30d5\u30ec\u30fc\u30e0\/\u767e\u30dc\u30fc\u30c9 54.00&#36; &ndash; 102.00&#36;EUR: &euro;&nbsp;48.06 &#8211; &euro;&nbsp;90.78 Optionen w\u00e4hlen \u30af\u30fc\u30c6\u30a3\u30f3\u30b0\u30ad\u30c3\u30c8 23.00&#36; &ndash; 27.00&#36;EUR: &euro;&nbsp;20.47 &#8211; &euro;&nbsp;24.03 Ausf\u00fchrung w\u00e4hlen [&hellip;]<\/p>\n","protected":false},"author":1,"featured_media":0,"parent":0,"menu_order":0,"comment_status":"closed","ping_status":"closed","template":"page-templates\/blank.php","meta":{"_monsterinsights_skip_tracking":false,"_monsterinsights_sitenote_active":false,"_monsterinsights_sitenote_note":"","_monsterinsights_sitenote_category":0,"footnotes":""},"yoast_head":"<!-- This site is optimized with the Yoast SEO plugin v22.1 - https:\/\/yoast.com\/wordpress\/plugins\/seo\/ -->\n<title>Montessori-Holzspielzeug - Handgemachte Lernressourcen - Woodinout \u00a9<\/title>\n<meta name=\"description\" content=\"Von Montessori inspiriertes Holzspielzeug f\u00fcr die fr\u00fche Entwicklung w\u00e4hrend unserer wertvollen Familienzeit. Handgefertigt aus hochwertigem Massivholz.\" \/>\n<meta name=\"robots\" content=\"index, follow, max-snippet:-1, max-image-preview:large, max-video-preview:-1\" \/>\n<link rel=\"canonical\" href=\"https:\/\/woodinout.net\/de\/\" \/>\n<meta property=\"og:locale\" content=\"de_DE\" \/>\n<meta property=\"og:type\" content=\"article\" \/>\n<meta property=\"og:title\" content=\"Montessori-Holzspielzeug - Handgemachte Lernressourcen - Woodinout \u00a9\" \/>\n<meta property=\"og:description\" content=\"Von Montessori inspiriertes Holzspielzeug f\u00fcr die fr\u00fche Entwicklung w\u00e4hrend unserer wertvollen Familienzeit. Handgefertigt aus hochwertigem Massivholz.\" \/>\n<meta property=\"og:url\" content=\"https:\/\/woodinout.net\/de\/\" \/>\n<meta property=\"og:site_name\" content=\"Woodinout \u00a9\" \/>\n<meta property=\"article:modified_time\" content=\"2022-03-13T15:32:03+00:00\" \/>\n<meta name=\"twitter:card\" content=\"summary_large_image\" \/>\n<script type=\"application\/ld+json\" class=\"yoast-schema-graph\">{\"@context\":\"https:\/\/schema.org\",\"@graph\":[{\"@type\":\"WebPage\",\"@id\":\"https:\/\/woodinout.net\/de\/\",\"url\":\"https:\/\/woodinout.net\/de\/\",\"name\":\"Montessori-Holzspielzeug - Handgemachte Lernressourcen - Woodinout \u00a9\",\"isPartOf\":{\"@id\":\"https:\/\/woodinout.net\/de\/#website\"},\"datePublished\":\"2016-04-13T01:25:25+00:00\",\"dateModified\":\"2022-03-13T15:32:03+00:00\",\"description\":\"Von Montessori inspiriertes Holzspielzeug f\u00fcr die fr\u00fche Entwicklung w\u00e4hrend unserer wertvollen Familienzeit. Handgefertigt aus hochwertigem Massivholz.\",\"breadcrumb\":{\"@id\":\"https:\/\/woodinout.net\/de\/#breadcrumb\"},\"inLanguage\":\"de\",\"potentialAction\":[{\"@type\":\"ReadAction\",\"target\":[\"https:\/\/woodinout.net\/de\/\"]}]},{\"@type\":\"BreadcrumbList\",\"@id\":\"https:\/\/woodinout.net\/de\/#breadcrumb\",\"itemListElement\":[{\"@type\":\"ListItem\",\"position\":1,\"name\":\"Home\",\"item\":\"https:\/\/woodinout.net\/de\/\"},{\"@type\":\"ListItem\",\"position\":2,\"name\":\"Heim\"}]},{\"@type\":\"WebSite\",\"@id\":\"https:\/\/woodinout.net\/de\/#website\",\"url\":\"https:\/\/woodinout.net\/de\/\",\"name\":\"Woodinout \u00a9\",\"description\":\"Wooden Montessori toys, gifts, home and events decor details\",\"potentialAction\":[{\"@type\":\"SearchAction\",\"target\":{\"@type\":\"EntryPoint\",\"urlTemplate\":\"https:\/\/woodinout.net\/de\/?s={search_term_string}\"},\"query-input\":\"required name=search_term_string\"}],\"inLanguage\":\"de\"}]}<\/script>\n<!-- \/ Yoast SEO plugin. -->","yoast_head_json":{"title":"Montessori-Holzspielzeug - Handgemachte Lernressourcen - Woodinout \u00a9","description":"Von Montessori inspiriertes Holzspielzeug f\u00fcr die fr\u00fche Entwicklung w\u00e4hrend unserer wertvollen Familienzeit. Handgefertigt aus hochwertigem Massivholz.","robots":{"index":"index","follow":"follow","max-snippet":"max-snippet:-1","max-image-preview":"max-image-preview:large","max-video-preview":"max-video-preview:-1"},"canonical":"https:\/\/woodinout.net\/de\/","og_locale":"de_DE","og_type":"article","og_title":"Montessori-Holzspielzeug - Handgemachte Lernressourcen - Woodinout \u00a9","og_description":"Von Montessori inspiriertes Holzspielzeug f\u00fcr die fr\u00fche Entwicklung w\u00e4hrend unserer wertvollen Familienzeit. Handgefertigt aus hochwertigem Massivholz.","og_url":"https:\/\/woodinout.net\/de\/","og_site_name":"Woodinout \u00a9","article_modified_time":"2022-03-13T15:32:03+00:00","twitter_card":"summary_large_image","schema":{"@context":"https:\/\/schema.org","@graph":[{"@type":"WebPage","@id":"https:\/\/woodinout.net\/de\/","url":"https:\/\/woodinout.net\/de\/","name":"Montessori-Holzspielzeug - Handgemachte Lernressourcen - Woodinout \u00a9","isPartOf":{"@id":"https:\/\/woodinout.net\/de\/#website"},"datePublished":"2016-04-13T01:25:25+00:00","dateModified":"2022-03-13T15:32:03+00:00","description":"Von Montessori inspiriertes Holzspielzeug f\u00fcr die fr\u00fche Entwicklung w\u00e4hrend unserer wertvollen Familienzeit. Handgefertigt aus hochwertigem Massivholz.","breadcrumb":{"@id":"https:\/\/woodinout.net\/de\/#breadcrumb"},"inLanguage":"de","potentialAction":[{"@type":"ReadAction","target":["https:\/\/woodinout.net\/de\/"]}]},{"@type":"BreadcrumbList","@id":"https:\/\/woodinout.net\/de\/#breadcrumb","itemListElement":[{"@type":"ListItem","position":1,"name":"Home","item":"https:\/\/woodinout.net\/de\/"},{"@type":"ListItem","position":2,"name":"Heim"}]},{"@type":"WebSite","@id":"https:\/\/woodinout.net\/de\/#website","url":"https:\/\/woodinout.net\/de\/","name":"Woodinout \u00a9","description":"Wooden Montessori toys, gifts, home and events decor details","potentialAction":[{"@type":"SearchAction","target":{"@type":"EntryPoint","urlTemplate":"https:\/\/woodinout.net\/de\/?s={search_term_string}"},"query-input":"required name=search_term_string"}],"inLanguage":"de"}]}},"_links":{"self":[{"href":"https:\/\/woodinout.net\/de\/wp-json\/wp\/v2\/pages\/21109"}],"collection":[{"href":"https:\/\/woodinout.net\/de\/wp-json\/wp\/v2\/pages"}],"about":[{"href":"https:\/\/woodinout.net\/de\/wp-json\/wp\/v2\/types\/page"}],"author":[{"embeddable":true,"href":"https:\/\/woodinout.net\/de\/wp-json\/wp\/v2\/users\/1"}],"replies":[{"embeddable":true,"href":"https:\/\/woodinout.net\/de\/wp-json\/wp\/v2\/comments?post=21109"}],"version-history":[{"count":2,"href":"https:\/\/woodinout.net\/de\/wp-json\/wp\/v2\/pages\/21109\/revisions"}],"predecessor-version":[{"id":21353,"href":"https:\/\/woodinout.net\/de\/wp-json\/wp\/v2\/pages\/21109\/revisions\/21353"}],"wp:attachment":[{"href":"https:\/\/woodinout.net\/de\/wp-json\/wp\/v2\/media?parent=21109"}],"curies":[{"name":"wp","href":"https:\/\/api.w.org\/{rel}","templated":true}]}}