{"id":21103,"date":"2016-08-01T15:22:58","date_gmt":"2016-08-01T12:22:58","guid":{"rendered":"https:\/\/woodinout.net\/materialien-und-farben\/"},"modified":"2016-08-01T15:22:58","modified_gmt":"2016-08-01T12:22:58","slug":"materialien-und-farben","status":"publish","type":"page","link":"https:\/\/woodinout.net\/de\/materialien-und-farben\/","title":{"rendered":"Materialien und Farben"},"content":{"rendered":"<p>&#x1f3a8; Farbe: natur oder braun ge\u00f6lt.<br \/>\n&#x1f331; Die Produkte werden aus NAT\u00dcRLICHEM MASSIVHOLZ und Sperrholz hergestellt.<br \/>\n&#x1f3a8; Bitte beachten Sie, dass die Farben aufgrund der Einstellungen und der Beleuchtung des Computermonitors variieren k\u00f6nnen.<\/p>\n","protected":false},"excerpt":{"rendered":"<p>&#x1f3a8; Farbe: natur oder braun ge\u00f6lt. &#x1f331; Die Produkte werden aus NAT\u00dcRLICHEM MASSIVHOLZ und Sperrholz hergestellt. &#x1f3a8; Bitte beachten Sie, dass die Farben aufgrund der Einstellungen und der Beleuchtung des Computermonitors variieren k\u00f6nnen.<\/p>\n","protected":false},"author":1,"featured_media":0,"parent":0,"menu_order":0,"comment_status":"closed","ping_status":"closed","template":"","meta":{"_monsterinsights_skip_tracking":false,"_monsterinsights_sitenote_active":false,"_monsterinsights_sitenote_note":"","_monsterinsights_sitenote_category":0,"footnotes":""},"yoast_head":"<!-- This site is optimized with the Yoast SEO plugin v22.1 - https:\/\/yoast.com\/wordpress\/plugins\/seo\/ -->\n<title>Materialien und Farben - Holzspielzeug Shop Woodinout \u00a9<\/title>\n<meta name=\"description\" content=\"Von Montessori inspiriertes Holzspielzeug f\u00fcr die fr\u00fche Entwicklung w\u00e4hrend unserer wertvollen Familienzeit. Handgefertigt aus hochwertigem Massivholz.\" \/>\n<meta name=\"robots\" content=\"index, follow, max-snippet:-1, max-image-preview:large, max-video-preview:-1\" \/>\n<link rel=\"canonical\" href=\"https:\/\/woodinout.net\/de\/materialien-und-farben\/\" \/>\n<meta property=\"og:locale\" content=\"de_DE\" \/>\n<meta property=\"og:type\" content=\"article\" \/>\n<meta property=\"og:title\" content=\"Materialien und Farben - Holzspielzeug Shop Woodinout \u00a9\" \/>\n<meta property=\"og:description\" content=\"Von Montessori inspiriertes Holzspielzeug f\u00fcr die fr\u00fche Entwicklung w\u00e4hrend unserer wertvollen Familienzeit. Handgefertigt aus hochwertigem Massivholz.\" \/>\n<meta property=\"og:url\" content=\"https:\/\/woodinout.net\/de\/materialien-und-farben\/\" \/>\n<meta property=\"og:site_name\" content=\"Woodinout \u00a9\" \/>\n<meta name=\"twitter:card\" content=\"summary_large_image\" \/>\n<script type=\"application\/ld+json\" class=\"yoast-schema-graph\">{\"@context\":\"https:\/\/schema.org\",\"@graph\":[{\"@type\":\"WebPage\",\"@id\":\"https:\/\/woodinout.net\/de\/materialien-und-farben\/\",\"url\":\"https:\/\/woodinout.net\/de\/materialien-und-farben\/\",\"name\":\"Materialien und Farben - Holzspielzeug Shop Woodinout \u00a9\",\"isPartOf\":{\"@id\":\"https:\/\/woodinout.net\/de\/#website\"},\"datePublished\":\"2016-08-01T12:22:58+00:00\",\"dateModified\":\"2016-08-01T12:22:58+00:00\",\"description\":\"Von Montessori inspiriertes Holzspielzeug f\u00fcr die fr\u00fche Entwicklung w\u00e4hrend unserer wertvollen Familienzeit. Handgefertigt aus hochwertigem Massivholz.\",\"breadcrumb\":{\"@id\":\"https:\/\/woodinout.net\/de\/materialien-und-farben\/#breadcrumb\"},\"inLanguage\":\"de\",\"potentialAction\":[{\"@type\":\"ReadAction\",\"target\":[\"https:\/\/woodinout.net\/de\/materialien-und-farben\/\"]}]},{\"@type\":\"BreadcrumbList\",\"@id\":\"https:\/\/woodinout.net\/de\/materialien-und-farben\/#breadcrumb\",\"itemListElement\":[{\"@type\":\"ListItem\",\"position\":1,\"name\":\"Home\",\"item\":\"https:\/\/woodinout.net\/de\/\"},{\"@type\":\"ListItem\",\"position\":2,\"name\":\"Materialien und Farben\"}]},{\"@type\":\"WebSite\",\"@id\":\"https:\/\/woodinout.net\/de\/#website\",\"url\":\"https:\/\/woodinout.net\/de\/\",\"name\":\"Woodinout \u00a9\",\"description\":\"Wooden Montessori toys, gifts, home and events decor details\",\"potentialAction\":[{\"@type\":\"SearchAction\",\"target\":{\"@type\":\"EntryPoint\",\"urlTemplate\":\"https:\/\/woodinout.net\/de\/?s={search_term_string}\"},\"query-input\":\"required name=search_term_string\"}],\"inLanguage\":\"de\"}]}<\/script>\n<!-- \/ Yoast SEO plugin. -->","yoast_head_json":{"title":"Materialien und Farben - Holzspielzeug Shop Woodinout \u00a9","description":"Von Montessori inspiriertes Holzspielzeug f\u00fcr die fr\u00fche Entwicklung w\u00e4hrend unserer wertvollen Familienzeit. Handgefertigt aus hochwertigem Massivholz.","robots":{"index":"index","follow":"follow","max-snippet":"max-snippet:-1","max-image-preview":"max-image-preview:large","max-video-preview":"max-video-preview:-1"},"canonical":"https:\/\/woodinout.net\/de\/materialien-und-farben\/","og_locale":"de_DE","og_type":"article","og_title":"Materialien und Farben - Holzspielzeug Shop Woodinout \u00a9","og_description":"Von Montessori inspiriertes Holzspielzeug f\u00fcr die fr\u00fche Entwicklung w\u00e4hrend unserer wertvollen Familienzeit. Handgefertigt aus hochwertigem Massivholz.","og_url":"https:\/\/woodinout.net\/de\/materialien-und-farben\/","og_site_name":"Woodinout \u00a9","twitter_card":"summary_large_image","schema":{"@context":"https:\/\/schema.org","@graph":[{"@type":"WebPage","@id":"https:\/\/woodinout.net\/de\/materialien-und-farben\/","url":"https:\/\/woodinout.net\/de\/materialien-und-farben\/","name":"Materialien und Farben - Holzspielzeug Shop Woodinout \u00a9","isPartOf":{"@id":"https:\/\/woodinout.net\/de\/#website"},"datePublished":"2016-08-01T12:22:58+00:00","dateModified":"2016-08-01T12:22:58+00:00","description":"Von Montessori inspiriertes Holzspielzeug f\u00fcr die fr\u00fche Entwicklung w\u00e4hrend unserer wertvollen Familienzeit. Handgefertigt aus hochwertigem Massivholz.","breadcrumb":{"@id":"https:\/\/woodinout.net\/de\/materialien-und-farben\/#breadcrumb"},"inLanguage":"de","potentialAction":[{"@type":"ReadAction","target":["https:\/\/woodinout.net\/de\/materialien-und-farben\/"]}]},{"@type":"BreadcrumbList","@id":"https:\/\/woodinout.net\/de\/materialien-und-farben\/#breadcrumb","itemListElement":[{"@type":"ListItem","position":1,"name":"Home","item":"https:\/\/woodinout.net\/de\/"},{"@type":"ListItem","position":2,"name":"Materialien und Farben"}]},{"@type":"WebSite","@id":"https:\/\/woodinout.net\/de\/#website","url":"https:\/\/woodinout.net\/de\/","name":"Woodinout \u00a9","description":"Wooden Montessori toys, gifts, home and events decor details","potentialAction":[{"@type":"SearchAction","target":{"@type":"EntryPoint","urlTemplate":"https:\/\/woodinout.net\/de\/?s={search_term_string}"},"query-input":"required name=search_term_string"}],"inLanguage":"de"}]}},"_links":{"self":[{"href":"https:\/\/woodinout.net\/de\/wp-json\/wp\/v2\/pages\/21103"}],"collection":[{"href":"https:\/\/woodinout.net\/de\/wp-json\/wp\/v2\/pages"}],"about":[{"href":"https:\/\/woodinout.net\/de\/wp-json\/wp\/v2\/types\/page"}],"author":[{"embeddable":true,"href":"https:\/\/woodinout.net\/de\/wp-json\/wp\/v2\/users\/1"}],"replies":[{"embeddable":true,"href":"https:\/\/woodinout.net\/de\/wp-json\/wp\/v2\/comments?post=21103"}],"version-history":[{"count":0,"href":"https:\/\/woodinout.net\/de\/wp-json\/wp\/v2\/pages\/21103\/revisions"}],"wp:attachment":[{"href":"https:\/\/woodinout.net\/de\/wp-json\/wp\/v2\/media?parent=21103"}],"curies":[{"name":"wp","href":"https:\/\/api.w.org\/{rel}","templated":true}]}}