{"id":21102,"date":"2020-02-06T11:53:26","date_gmt":"2020-02-06T09:53:26","guid":{"rendered":"https:\/\/woodinout.net\/versand-richtlinien\/"},"modified":"2020-02-06T11:53:26","modified_gmt":"2020-02-06T09:53:26","slug":"versand-richtlinien","status":"publish","type":"page","link":"https:\/\/woodinout.net\/de\/versand-richtlinien\/","title":{"rendered":"VERSAND &amp; RICHTLINIEN"},"content":{"rendered":"<p>VERSAND &amp; RICHTLINIEN<\/p>\n","protected":false},"excerpt":{"rendered":"<p>VERSAND &amp; RICHTLINIEN<\/p>\n","protected":false},"author":1,"featured_media":0,"parent":0,"menu_order":0,"comment_status":"closed","ping_status":"closed","template":"","meta":{"_monsterinsights_skip_tracking":false,"_monsterinsights_sitenote_active":false,"_monsterinsights_sitenote_note":"","_monsterinsights_sitenote_category":0,"footnotes":""},"yoast_head":"<!-- This site is optimized with the Yoast SEO plugin v22.1 - https:\/\/yoast.com\/wordpress\/plugins\/seo\/ -->\n<title>VERSAND &amp; RICHTLINIEN - Holzspielzeug Shop Woodinout \u00a9<\/title>\n<meta name=\"description\" content=\"Von Montessori inspiriertes Holzspielzeug f\u00fcr die fr\u00fche Entwicklung w\u00e4hrend unserer wertvollen Familienzeit. Handgefertigt aus hochwertigem Massivholz.\" \/>\n<meta name=\"robots\" content=\"index, follow, max-snippet:-1, max-image-preview:large, max-video-preview:-1\" \/>\n<link rel=\"canonical\" href=\"https:\/\/woodinout.net\/de\/versand-richtlinien\/\" \/>\n<meta property=\"og:locale\" content=\"de_DE\" \/>\n<meta property=\"og:type\" content=\"article\" \/>\n<meta property=\"og:title\" content=\"VERSAND &amp; RICHTLINIEN - Holzspielzeug Shop Woodinout \u00a9\" \/>\n<meta property=\"og:description\" content=\"Von Montessori inspiriertes Holzspielzeug f\u00fcr die fr\u00fche Entwicklung w\u00e4hrend unserer wertvollen Familienzeit. Handgefertigt aus hochwertigem Massivholz.\" \/>\n<meta property=\"og:url\" content=\"https:\/\/woodinout.net\/de\/versand-richtlinien\/\" \/>\n<meta property=\"og:site_name\" content=\"Woodinout \u00a9\" \/>\n<meta name=\"twitter:card\" content=\"summary_large_image\" \/>\n<script type=\"application\/ld+json\" class=\"yoast-schema-graph\">{\"@context\":\"https:\/\/schema.org\",\"@graph\":[{\"@type\":\"WebPage\",\"@id\":\"https:\/\/woodinout.net\/de\/versand-richtlinien\/\",\"url\":\"https:\/\/woodinout.net\/de\/versand-richtlinien\/\",\"name\":\"VERSAND &amp; RICHTLINIEN - Holzspielzeug Shop Woodinout \u00a9\",\"isPartOf\":{\"@id\":\"https:\/\/woodinout.net\/de\/#website\"},\"datePublished\":\"2020-02-06T09:53:26+00:00\",\"dateModified\":\"2020-02-06T09:53:26+00:00\",\"description\":\"Von Montessori inspiriertes Holzspielzeug f\u00fcr die fr\u00fche Entwicklung w\u00e4hrend unserer wertvollen Familienzeit. Handgefertigt aus hochwertigem Massivholz.\",\"breadcrumb\":{\"@id\":\"https:\/\/woodinout.net\/de\/versand-richtlinien\/#breadcrumb\"},\"inLanguage\":\"de\",\"potentialAction\":[{\"@type\":\"ReadAction\",\"target\":[\"https:\/\/woodinout.net\/de\/versand-richtlinien\/\"]}]},{\"@type\":\"BreadcrumbList\",\"@id\":\"https:\/\/woodinout.net\/de\/versand-richtlinien\/#breadcrumb\",\"itemListElement\":[{\"@type\":\"ListItem\",\"position\":1,\"name\":\"Home\",\"item\":\"https:\/\/woodinout.net\/de\/\"},{\"@type\":\"ListItem\",\"position\":2,\"name\":\"VERSAND &amp; RICHTLINIEN\"}]},{\"@type\":\"WebSite\",\"@id\":\"https:\/\/woodinout.net\/de\/#website\",\"url\":\"https:\/\/woodinout.net\/de\/\",\"name\":\"Woodinout \u00a9\",\"description\":\"Wooden Montessori toys, gifts, home and events decor details\",\"potentialAction\":[{\"@type\":\"SearchAction\",\"target\":{\"@type\":\"EntryPoint\",\"urlTemplate\":\"https:\/\/woodinout.net\/de\/?s={search_term_string}\"},\"query-input\":\"required name=search_term_string\"}],\"inLanguage\":\"de\"}]}<\/script>\n<!-- \/ Yoast SEO plugin. -->","yoast_head_json":{"title":"VERSAND &amp; RICHTLINIEN - Holzspielzeug Shop Woodinout \u00a9","description":"Von Montessori inspiriertes Holzspielzeug f\u00fcr die fr\u00fche Entwicklung w\u00e4hrend unserer wertvollen Familienzeit. Handgefertigt aus hochwertigem Massivholz.","robots":{"index":"index","follow":"follow","max-snippet":"max-snippet:-1","max-image-preview":"max-image-preview:large","max-video-preview":"max-video-preview:-1"},"canonical":"https:\/\/woodinout.net\/de\/versand-richtlinien\/","og_locale":"de_DE","og_type":"article","og_title":"VERSAND &amp; RICHTLINIEN - Holzspielzeug Shop Woodinout \u00a9","og_description":"Von Montessori inspiriertes Holzspielzeug f\u00fcr die fr\u00fche Entwicklung w\u00e4hrend unserer wertvollen Familienzeit. Handgefertigt aus hochwertigem Massivholz.","og_url":"https:\/\/woodinout.net\/de\/versand-richtlinien\/","og_site_name":"Woodinout \u00a9","twitter_card":"summary_large_image","schema":{"@context":"https:\/\/schema.org","@graph":[{"@type":"WebPage","@id":"https:\/\/woodinout.net\/de\/versand-richtlinien\/","url":"https:\/\/woodinout.net\/de\/versand-richtlinien\/","name":"VERSAND &amp; RICHTLINIEN - Holzspielzeug Shop Woodinout \u00a9","isPartOf":{"@id":"https:\/\/woodinout.net\/de\/#website"},"datePublished":"2020-02-06T09:53:26+00:00","dateModified":"2020-02-06T09:53:26+00:00","description":"Von Montessori inspiriertes Holzspielzeug f\u00fcr die fr\u00fche Entwicklung w\u00e4hrend unserer wertvollen Familienzeit. Handgefertigt aus hochwertigem Massivholz.","breadcrumb":{"@id":"https:\/\/woodinout.net\/de\/versand-richtlinien\/#breadcrumb"},"inLanguage":"de","potentialAction":[{"@type":"ReadAction","target":["https:\/\/woodinout.net\/de\/versand-richtlinien\/"]}]},{"@type":"BreadcrumbList","@id":"https:\/\/woodinout.net\/de\/versand-richtlinien\/#breadcrumb","itemListElement":[{"@type":"ListItem","position":1,"name":"Home","item":"https:\/\/woodinout.net\/de\/"},{"@type":"ListItem","position":2,"name":"VERSAND &amp; RICHTLINIEN"}]},{"@type":"WebSite","@id":"https:\/\/woodinout.net\/de\/#website","url":"https:\/\/woodinout.net\/de\/","name":"Woodinout \u00a9","description":"Wooden Montessori toys, gifts, home and events decor details","potentialAction":[{"@type":"SearchAction","target":{"@type":"EntryPoint","urlTemplate":"https:\/\/woodinout.net\/de\/?s={search_term_string}"},"query-input":"required name=search_term_string"}],"inLanguage":"de"}]}},"_links":{"self":[{"href":"https:\/\/woodinout.net\/de\/wp-json\/wp\/v2\/pages\/21102"}],"collection":[{"href":"https:\/\/woodinout.net\/de\/wp-json\/wp\/v2\/pages"}],"about":[{"href":"https:\/\/woodinout.net\/de\/wp-json\/wp\/v2\/types\/page"}],"author":[{"embeddable":true,"href":"https:\/\/woodinout.net\/de\/wp-json\/wp\/v2\/users\/1"}],"replies":[{"embeddable":true,"href":"https:\/\/woodinout.net\/de\/wp-json\/wp\/v2\/comments?post=21102"}],"version-history":[{"count":0,"href":"https:\/\/woodinout.net\/de\/wp-json\/wp\/v2\/pages\/21102\/revisions"}],"wp:attachment":[{"href":"https:\/\/woodinout.net\/de\/wp-json\/wp\/v2\/media?parent=21102"}],"curies":[{"name":"wp","href":"https:\/\/api.w.org\/{rel}","templated":true}]}}