{"id":21101,"date":"2020-02-06T11:53:49","date_gmt":"2020-02-06T09:53:49","guid":{"rendered":"https:\/\/woodinout.net\/zahlungen-ruecksendungen\/"},"modified":"2022-03-13T18:09:56","modified_gmt":"2022-03-13T16:09:56","slug":"zahlungen-ruecksendungen","status":"publish","type":"page","link":"https:\/\/woodinout.net\/de\/zahlungen-ruecksendungen\/","title":{"rendered":"ZAHLUNGEN &amp; R\u00dcCKSENDUNGEN"},"content":{"rendered":"<p><strong>Von uns akzeptierte Zahlungsmethoden<\/strong><\/p>\n<p>\u2022 Debit- oder Kreditkarten<br \/>\n\u2022 PayPal Zahlungen<\/p>\n<p><strong>Kann ich die Produkte zur\u00fcckgeben?<\/strong><\/p>\n<p>R\u00fccksendungen werden gem\u00e4\u00df den folgenden Bedingungen akzeptiert:<\/p>\n<ul>\n<li>Der K\u00e4ufer kann die Ware innerhalb von 14 (vierzehn) Tagen ab dem Tag der Lieferung zur\u00fccksenden und den Verk\u00e4ufer per E-Mail informieren<\/li>\n<li>Ein spezielles R\u00fccksendeformular muss ausgef\u00fcllt und zusammen mit dem Paket verschickt werden. Das Formular muss die Bestellnummer und andere Kontaktinformationen enthalten, die w\u00e4hrend des Bestellvorgangs angegeben wurden<\/li>\n<li>Zur\u00fcckgegebene Artikel m\u00fcssen sich im Originalzustand, unbenutzt und unbesch\u00e4digt befinden<\/li>\n<li>Die Artikel m\u00fcssen alle Teile des Originalsets\/ -pakets enthalten<\/li>\n<li>Artikel m\u00fcssen in originaler Form und Abmessungen vorliegen \u2013 keine Anpassung<\/li>\n<\/ul>\n<p><strong>WICHTIGE AUSSCHL\u00dcSSE:<\/strong><\/p>\n<ul>\n<li>R\u00fccksendungen werden nicht f\u00fcr kundenspezifische und personalisierte Artikel akzeptiert<\/li>\n<li>Versand-\/R\u00fccksendekosten und -geb\u00fchren gehen zu Lasten des K\u00e4ufers. Dieser Teil ist nicht erstattungsf\u00e4hig<\/li>\n<\/ul>\n<p><strong>ERSTATTUNG<\/strong><\/p>\n<ul>\n<li>Die R\u00fcckerstattung erfolgt innerhalb von 14 Tagen nach R\u00fccksendung des Pakets<\/li>\n<\/ul>\n<p><strong>AUSWECHSELUNGEN<\/strong><\/p>\n<ul>\n<li>Umtausch wird akzeptiert. In diesem Fall sollten Sie eine neue Bestellung aufgeben<\/li>\n<\/ul>\n<p>Geld f\u00fcr zur\u00fcckgegebene Artikel wird nur auf das Bankkonto des Zahlers \u00fcberwiesen.<\/p>\n","protected":false},"excerpt":{"rendered":"<p>Von uns akzeptierte Zahlungsmethoden \u2022 Debit- oder Kreditkarten \u2022 PayPal Zahlungen Kann ich die Produkte zur\u00fcckgeben? R\u00fccksendungen werden gem\u00e4\u00df den folgenden Bedingungen akzeptiert: Der K\u00e4ufer kann die Ware innerhalb von 14 (vierzehn) Tagen ab dem Tag der Lieferung zur\u00fccksenden und den Verk\u00e4ufer per E-Mail informieren Ein spezielles R\u00fccksendeformular muss ausgef\u00fcllt und zusammen mit dem Paket [&hellip;]<\/p>\n","protected":false},"author":1,"featured_media":0,"parent":0,"menu_order":0,"comment_status":"closed","ping_status":"closed","template":"","meta":{"_monsterinsights_skip_tracking":false,"_monsterinsights_sitenote_active":false,"_monsterinsights_sitenote_note":"","_monsterinsights_sitenote_category":0,"footnotes":""},"yoast_head":"<!-- This site is optimized with the Yoast SEO plugin v22.1 - https:\/\/yoast.com\/wordpress\/plugins\/seo\/ -->\n<title>ZAHLUNGEN &amp; R\u00dcCKSENDUNGEN - Holzspielzeug Shop Woodinout \u00a9<\/title>\n<meta name=\"description\" content=\"Von Montessori inspiriertes Holzspielzeug f\u00fcr die fr\u00fche Entwicklung w\u00e4hrend unserer wertvollen Familienzeit. Handgefertigt aus hochwertigem Massivholz.\" \/>\n<meta name=\"robots\" content=\"index, follow, max-snippet:-1, max-image-preview:large, max-video-preview:-1\" \/>\n<link rel=\"canonical\" href=\"https:\/\/woodinout.net\/de\/zahlungen-ruecksendungen\/\" \/>\n<meta property=\"og:locale\" content=\"de_DE\" \/>\n<meta property=\"og:type\" content=\"article\" \/>\n<meta property=\"og:title\" content=\"ZAHLUNGEN &amp; R\u00dcCKSENDUNGEN - Holzspielzeug Shop Woodinout \u00a9\" \/>\n<meta property=\"og:description\" content=\"Von Montessori inspiriertes Holzspielzeug f\u00fcr die fr\u00fche Entwicklung w\u00e4hrend unserer wertvollen Familienzeit. Handgefertigt aus hochwertigem Massivholz.\" \/>\n<meta property=\"og:url\" content=\"https:\/\/woodinout.net\/de\/zahlungen-ruecksendungen\/\" \/>\n<meta property=\"og:site_name\" content=\"Woodinout \u00a9\" \/>\n<meta property=\"article:modified_time\" content=\"2022-03-13T16:09:56+00:00\" \/>\n<meta name=\"twitter:card\" content=\"summary_large_image\" \/>\n<meta name=\"twitter:label1\" content=\"Gesch\u00e4tzte Lesezeit\" \/>\n\t<meta name=\"twitter:data1\" content=\"1\u00a0Minute\" \/>\n<script type=\"application\/ld+json\" class=\"yoast-schema-graph\">{\"@context\":\"https:\/\/schema.org\",\"@graph\":[{\"@type\":\"WebPage\",\"@id\":\"https:\/\/woodinout.net\/de\/zahlungen-ruecksendungen\/\",\"url\":\"https:\/\/woodinout.net\/de\/zahlungen-ruecksendungen\/\",\"name\":\"ZAHLUNGEN &amp; R\u00dcCKSENDUNGEN - Holzspielzeug Shop Woodinout \u00a9\",\"isPartOf\":{\"@id\":\"https:\/\/woodinout.net\/de\/#website\"},\"datePublished\":\"2020-02-06T09:53:49+00:00\",\"dateModified\":\"2022-03-13T16:09:56+00:00\",\"description\":\"Von Montessori inspiriertes Holzspielzeug f\u00fcr die fr\u00fche Entwicklung w\u00e4hrend unserer wertvollen Familienzeit. Handgefertigt aus hochwertigem Massivholz.\",\"breadcrumb\":{\"@id\":\"https:\/\/woodinout.net\/de\/zahlungen-ruecksendungen\/#breadcrumb\"},\"inLanguage\":\"de\",\"potentialAction\":[{\"@type\":\"ReadAction\",\"target\":[\"https:\/\/woodinout.net\/de\/zahlungen-ruecksendungen\/\"]}]},{\"@type\":\"BreadcrumbList\",\"@id\":\"https:\/\/woodinout.net\/de\/zahlungen-ruecksendungen\/#breadcrumb\",\"itemListElement\":[{\"@type\":\"ListItem\",\"position\":1,\"name\":\"Home\",\"item\":\"https:\/\/woodinout.net\/de\/\"},{\"@type\":\"ListItem\",\"position\":2,\"name\":\"ZAHLUNGEN &amp; R\u00dcCKSENDUNGEN\"}]},{\"@type\":\"WebSite\",\"@id\":\"https:\/\/woodinout.net\/de\/#website\",\"url\":\"https:\/\/woodinout.net\/de\/\",\"name\":\"Woodinout \u00a9\",\"description\":\"Wooden Montessori toys, gifts, home and events decor details\",\"potentialAction\":[{\"@type\":\"SearchAction\",\"target\":{\"@type\":\"EntryPoint\",\"urlTemplate\":\"https:\/\/woodinout.net\/de\/?s={search_term_string}\"},\"query-input\":\"required name=search_term_string\"}],\"inLanguage\":\"de\"}]}<\/script>\n<!-- \/ Yoast SEO plugin. -->","yoast_head_json":{"title":"ZAHLUNGEN &amp; R\u00dcCKSENDUNGEN - Holzspielzeug Shop Woodinout \u00a9","description":"Von Montessori inspiriertes Holzspielzeug f\u00fcr die fr\u00fche Entwicklung w\u00e4hrend unserer wertvollen Familienzeit. Handgefertigt aus hochwertigem Massivholz.","robots":{"index":"index","follow":"follow","max-snippet":"max-snippet:-1","max-image-preview":"max-image-preview:large","max-video-preview":"max-video-preview:-1"},"canonical":"https:\/\/woodinout.net\/de\/zahlungen-ruecksendungen\/","og_locale":"de_DE","og_type":"article","og_title":"ZAHLUNGEN &amp; R\u00dcCKSENDUNGEN - Holzspielzeug Shop Woodinout \u00a9","og_description":"Von Montessori inspiriertes Holzspielzeug f\u00fcr die fr\u00fche Entwicklung w\u00e4hrend unserer wertvollen Familienzeit. Handgefertigt aus hochwertigem Massivholz.","og_url":"https:\/\/woodinout.net\/de\/zahlungen-ruecksendungen\/","og_site_name":"Woodinout \u00a9","article_modified_time":"2022-03-13T16:09:56+00:00","twitter_card":"summary_large_image","twitter_misc":{"Gesch\u00e4tzte Lesezeit":"1\u00a0Minute"},"schema":{"@context":"https:\/\/schema.org","@graph":[{"@type":"WebPage","@id":"https:\/\/woodinout.net\/de\/zahlungen-ruecksendungen\/","url":"https:\/\/woodinout.net\/de\/zahlungen-ruecksendungen\/","name":"ZAHLUNGEN &amp; R\u00dcCKSENDUNGEN - Holzspielzeug Shop Woodinout \u00a9","isPartOf":{"@id":"https:\/\/woodinout.net\/de\/#website"},"datePublished":"2020-02-06T09:53:49+00:00","dateModified":"2022-03-13T16:09:56+00:00","description":"Von Montessori inspiriertes Holzspielzeug f\u00fcr die fr\u00fche Entwicklung w\u00e4hrend unserer wertvollen Familienzeit. Handgefertigt aus hochwertigem Massivholz.","breadcrumb":{"@id":"https:\/\/woodinout.net\/de\/zahlungen-ruecksendungen\/#breadcrumb"},"inLanguage":"de","potentialAction":[{"@type":"ReadAction","target":["https:\/\/woodinout.net\/de\/zahlungen-ruecksendungen\/"]}]},{"@type":"BreadcrumbList","@id":"https:\/\/woodinout.net\/de\/zahlungen-ruecksendungen\/#breadcrumb","itemListElement":[{"@type":"ListItem","position":1,"name":"Home","item":"https:\/\/woodinout.net\/de\/"},{"@type":"ListItem","position":2,"name":"ZAHLUNGEN &amp; R\u00dcCKSENDUNGEN"}]},{"@type":"WebSite","@id":"https:\/\/woodinout.net\/de\/#website","url":"https:\/\/woodinout.net\/de\/","name":"Woodinout \u00a9","description":"Wooden Montessori toys, gifts, home and events decor details","potentialAction":[{"@type":"SearchAction","target":{"@type":"EntryPoint","urlTemplate":"https:\/\/woodinout.net\/de\/?s={search_term_string}"},"query-input":"required name=search_term_string"}],"inLanguage":"de"}]}},"_links":{"self":[{"href":"https:\/\/woodinout.net\/de\/wp-json\/wp\/v2\/pages\/21101"}],"collection":[{"href":"https:\/\/woodinout.net\/de\/wp-json\/wp\/v2\/pages"}],"about":[{"href":"https:\/\/woodinout.net\/de\/wp-json\/wp\/v2\/types\/page"}],"author":[{"embeddable":true,"href":"https:\/\/woodinout.net\/de\/wp-json\/wp\/v2\/users\/1"}],"replies":[{"embeddable":true,"href":"https:\/\/woodinout.net\/de\/wp-json\/wp\/v2\/comments?post=21101"}],"version-history":[{"count":1,"href":"https:\/\/woodinout.net\/de\/wp-json\/wp\/v2\/pages\/21101\/revisions"}],"predecessor-version":[{"id":21461,"href":"https:\/\/woodinout.net\/de\/wp-json\/wp\/v2\/pages\/21101\/revisions\/21461"}],"wp:attachment":[{"href":"https:\/\/woodinout.net\/de\/wp-json\/wp\/v2\/media?parent=21101"}],"curies":[{"name":"wp","href":"https:\/\/api.w.org\/{rel}","templated":true}]}}