{"id":21093,"date":"2020-02-06T11:54:36","date_gmt":"2020-02-06T09:54:36","guid":{"rendered":"https:\/\/woodinout.net\/grosshandel\/"},"modified":"2022-03-12T18:52:47","modified_gmt":"2022-03-12T16:52:47","slug":"grosshandel","status":"publish","type":"page","link":"https:\/\/woodinout.net\/de\/grosshandel\/","title":{"rendered":"GRO\u00dfHANDEL"},"content":{"rendered":"<p>GRO\u00dfHANDEL<\/p>\n\n<p>Oh ja! Es scheint, dass Sie sehr an unseren Produkten interessiert sind und Woodinout-Spielzeug in Ihrem Shop hinzuf\u00fcgen m\u00f6chten. Senden Sie uns eine Nachricht und wir werden uns in K\u00fcrze mit Ihnen in Verbindung setzen.<\/p>\n\n<p>dalius@sistemis.lt<\/p>\n","protected":false},"excerpt":{"rendered":"<p>GRO\u00dfHANDEL Oh ja! Es scheint, dass Sie sehr an unseren Produkten interessiert sind und Woodinout-Spielzeug in Ihrem Shop hinzuf\u00fcgen m\u00f6chten. Senden Sie uns eine Nachricht und wir werden uns in K\u00fcrze mit Ihnen in Verbindung setzen. dalius@sistemis.lt<\/p>\n","protected":false},"author":1,"featured_media":0,"parent":0,"menu_order":0,"comment_status":"closed","ping_status":"closed","template":"","meta":{"_monsterinsights_skip_tracking":false,"_monsterinsights_sitenote_active":false,"_monsterinsights_sitenote_note":"","_monsterinsights_sitenote_category":0,"footnotes":""},"yoast_head":"<!-- This site is optimized with the Yoast SEO plugin v22.1 - https:\/\/yoast.com\/wordpress\/plugins\/seo\/ -->\n<title>GRO\u00dfHANDEL - Woodinout \u00a9 Holzspielzeug<\/title>\n<meta name=\"description\" content=\"Holzspielzeug als von Montessori inspiriertes Lernmittel. Erstellt von der Familie Woodinout, handgefertigt aus Massivholz \u2013 umweltfreundliches Spielzeug.\" \/>\n<meta name=\"robots\" content=\"index, follow, max-snippet:-1, max-image-preview:large, max-video-preview:-1\" \/>\n<link rel=\"canonical\" href=\"https:\/\/woodinout.net\/de\/grosshandel\/\" \/>\n<meta property=\"og:locale\" content=\"de_DE\" \/>\n<meta property=\"og:type\" content=\"article\" \/>\n<meta property=\"og:title\" content=\"GRO\u00dfHANDEL - Woodinout \u00a9 Holzspielzeug\" \/>\n<meta property=\"og:description\" content=\"Holzspielzeug als von Montessori inspiriertes Lernmittel. Erstellt von der Familie Woodinout, handgefertigt aus Massivholz \u2013 umweltfreundliches Spielzeug.\" \/>\n<meta property=\"og:url\" content=\"https:\/\/woodinout.net\/de\/grosshandel\/\" \/>\n<meta property=\"og:site_name\" content=\"Woodinout \u00a9\" \/>\n<meta property=\"article:modified_time\" content=\"2022-03-12T16:52:47+00:00\" \/>\n<meta name=\"twitter:card\" content=\"summary_large_image\" \/>\n<script type=\"application\/ld+json\" class=\"yoast-schema-graph\">{\"@context\":\"https:\/\/schema.org\",\"@graph\":[{\"@type\":\"WebPage\",\"@id\":\"https:\/\/woodinout.net\/de\/grosshandel\/\",\"url\":\"https:\/\/woodinout.net\/de\/grosshandel\/\",\"name\":\"GRO\u00dfHANDEL - Woodinout \u00a9 Holzspielzeug\",\"isPartOf\":{\"@id\":\"https:\/\/woodinout.net\/de\/#website\"},\"datePublished\":\"2020-02-06T09:54:36+00:00\",\"dateModified\":\"2022-03-12T16:52:47+00:00\",\"description\":\"Holzspielzeug als von Montessori inspiriertes Lernmittel. Erstellt von der Familie Woodinout, handgefertigt aus Massivholz \u2013 umweltfreundliches Spielzeug.\",\"breadcrumb\":{\"@id\":\"https:\/\/woodinout.net\/de\/grosshandel\/#breadcrumb\"},\"inLanguage\":\"de\",\"potentialAction\":[{\"@type\":\"ReadAction\",\"target\":[\"https:\/\/woodinout.net\/de\/grosshandel\/\"]}]},{\"@type\":\"BreadcrumbList\",\"@id\":\"https:\/\/woodinout.net\/de\/grosshandel\/#breadcrumb\",\"itemListElement\":[{\"@type\":\"ListItem\",\"position\":1,\"name\":\"Home\",\"item\":\"https:\/\/woodinout.net\/de\/\"},{\"@type\":\"ListItem\",\"position\":2,\"name\":\"GRO\u00dfHANDEL\"}]},{\"@type\":\"WebSite\",\"@id\":\"https:\/\/woodinout.net\/de\/#website\",\"url\":\"https:\/\/woodinout.net\/de\/\",\"name\":\"Woodinout \u00a9\",\"description\":\"Wooden Montessori toys, gifts, home and events decor details\",\"potentialAction\":[{\"@type\":\"SearchAction\",\"target\":{\"@type\":\"EntryPoint\",\"urlTemplate\":\"https:\/\/woodinout.net\/de\/?s={search_term_string}\"},\"query-input\":\"required name=search_term_string\"}],\"inLanguage\":\"de\"}]}<\/script>\n<!-- \/ Yoast SEO plugin. -->","yoast_head_json":{"title":"GRO\u00dfHANDEL - Woodinout \u00a9 Holzspielzeug","description":"Holzspielzeug als von Montessori inspiriertes Lernmittel. Erstellt von der Familie Woodinout, handgefertigt aus Massivholz \u2013 umweltfreundliches Spielzeug.","robots":{"index":"index","follow":"follow","max-snippet":"max-snippet:-1","max-image-preview":"max-image-preview:large","max-video-preview":"max-video-preview:-1"},"canonical":"https:\/\/woodinout.net\/de\/grosshandel\/","og_locale":"de_DE","og_type":"article","og_title":"GRO\u00dfHANDEL - Woodinout \u00a9 Holzspielzeug","og_description":"Holzspielzeug als von Montessori inspiriertes Lernmittel. Erstellt von der Familie Woodinout, handgefertigt aus Massivholz \u2013 umweltfreundliches Spielzeug.","og_url":"https:\/\/woodinout.net\/de\/grosshandel\/","og_site_name":"Woodinout \u00a9","article_modified_time":"2022-03-12T16:52:47+00:00","twitter_card":"summary_large_image","schema":{"@context":"https:\/\/schema.org","@graph":[{"@type":"WebPage","@id":"https:\/\/woodinout.net\/de\/grosshandel\/","url":"https:\/\/woodinout.net\/de\/grosshandel\/","name":"GRO\u00dfHANDEL - Woodinout \u00a9 Holzspielzeug","isPartOf":{"@id":"https:\/\/woodinout.net\/de\/#website"},"datePublished":"2020-02-06T09:54:36+00:00","dateModified":"2022-03-12T16:52:47+00:00","description":"Holzspielzeug als von Montessori inspiriertes Lernmittel. Erstellt von der Familie Woodinout, handgefertigt aus Massivholz \u2013 umweltfreundliches Spielzeug.","breadcrumb":{"@id":"https:\/\/woodinout.net\/de\/grosshandel\/#breadcrumb"},"inLanguage":"de","potentialAction":[{"@type":"ReadAction","target":["https:\/\/woodinout.net\/de\/grosshandel\/"]}]},{"@type":"BreadcrumbList","@id":"https:\/\/woodinout.net\/de\/grosshandel\/#breadcrumb","itemListElement":[{"@type":"ListItem","position":1,"name":"Home","item":"https:\/\/woodinout.net\/de\/"},{"@type":"ListItem","position":2,"name":"GRO\u00dfHANDEL"}]},{"@type":"WebSite","@id":"https:\/\/woodinout.net\/de\/#website","url":"https:\/\/woodinout.net\/de\/","name":"Woodinout \u00a9","description":"Wooden Montessori toys, gifts, home and events decor details","potentialAction":[{"@type":"SearchAction","target":{"@type":"EntryPoint","urlTemplate":"https:\/\/woodinout.net\/de\/?s={search_term_string}"},"query-input":"required name=search_term_string"}],"inLanguage":"de"}]}},"_links":{"self":[{"href":"https:\/\/woodinout.net\/de\/wp-json\/wp\/v2\/pages\/21093"}],"collection":[{"href":"https:\/\/woodinout.net\/de\/wp-json\/wp\/v2\/pages"}],"about":[{"href":"https:\/\/woodinout.net\/de\/wp-json\/wp\/v2\/types\/page"}],"author":[{"embeddable":true,"href":"https:\/\/woodinout.net\/de\/wp-json\/wp\/v2\/users\/1"}],"replies":[{"embeddable":true,"href":"https:\/\/woodinout.net\/de\/wp-json\/wp\/v2\/comments?post=21093"}],"version-history":[{"count":1,"href":"https:\/\/woodinout.net\/de\/wp-json\/wp\/v2\/pages\/21093\/revisions"}],"predecessor-version":[{"id":21098,"href":"https:\/\/woodinout.net\/de\/wp-json\/wp\/v2\/pages\/21093\/revisions\/21098"}],"wp:attachment":[{"href":"https:\/\/woodinout.net\/de\/wp-json\/wp\/v2\/media?parent=21093"}],"curies":[{"name":"wp","href":"https:\/\/api.w.org\/{rel}","templated":true}]}}