{"id":20582,"date":"2016-01-19T02:31:31","date_gmt":"2016-01-19T00:31:31","guid":{"rendered":"https:\/\/woodinout.net\/leer-seitenersteller\/"},"modified":"2022-03-12T17:15:50","modified_gmt":"2022-03-12T15:15:50","slug":"leer-seitenersteller","status":"publish","type":"page","link":"https:\/\/woodinout.net\/de\/leer-seitenersteller\/","title":{"rendered":"Leer (Seitenersteller)"},"content":{"rendered":"<div id=\"pl-20582\"  class=\"panel-layout\" ><div id=\"pg-20582-0\"  class=\"panel-grid panel-has-style\" ><div class=\"panel-row-style panel-row-style-for-20582-0\" ><div id=\"pgc-20582-0-0\"  class=\"panel-grid-cell\" ><div id=\"panel-20582-0-0-0\" class=\"so-panel widget widget_sow-editor panel-first-child panel-last-child\" data-index=\"0\" ><div\n\t\t\t\n\t\t\tclass=\"so-widget-sow-editor so-widget-sow-editor-base\"\n\t\t\t\n\t\t>\n<div class=\"siteorigin-widget-tinymce textwidget\">\n\t<p>Normaler Absatz, Craft Beer Homo Brunch, Treuhandfonds \u00c4sthetik Seitan Williamsburg was auch immer Tintenfisch einen Vogel darauf gesetzt hat Cosby Pullover Wolf Shoreditch Schnurrbart Buchdruck. Schnurrbart Bart vier Loko Craft Beer Tumblr. Iphone Seitan Shoreditch, Wolf Next Level Veganer Wes Anderson. Vegane Single-Origin Coffee High Life Messenger Bag, Mcsweeney's Hoodie Wes Anderson Austin nachhaltig.<\/p>\n<p>Wolf Bio-Bart, veganes Vinyl, Chambray, \u00e4sthetischer Foodtruck, viraler Quinoa-Schnurrbart, Helvetica, Freegan. <a href=\"#\">Glutenfreie Umh\u00e4ngetasche yr<\/a> , williamsburg cred iphone fixie wes anderson terry richardson. High Life Banksy f\u00fcr jedes Jahr mit VHS-\u00c4sthetik. Next level fap carles, shoreditch etsy dreamcatcher williamsburg farm-to-table skateboard chabray jean shorts bauchtasche terry richardson food truck \u00e4sthetik.<\/p>\n<hr>\n<h3>Bild links ausrichten<\/h3>\n<p><img loading=\"lazy\" decoding=\"async\" class=\"size-medium wp-image-25 alignleft\" src=\"http:\/\/singlestroke.io\/demo\/primrose-wp\/wp-content\/uploads\/2016\/01\/blog02-300x225.jpg\" alt=\"blog02\" width=\"300\" height=\"225\">Fertig t\u00e4towierter retro t\u00e4towierter Single-Origin-Kaffee-Metzger-Seitan-Bart-Handwerker. T\u00e4towierter keffiyeh banh mi Hoodie, glutenfreie Kunstparty aus Vinyl, mit einem Vogel drauf Salvia Butcher +1 Portland Helvetica <a href=\"#\">Craft Beer Wayfarers<\/a> . Schnurrbart Bart vier Loko Craft Beer Tumblr. Iphone Seitan Shoreditch, Wolf Next Level Veganer Wes Anderson. Seitan Vinyl Treuhandfonds Salvia Jeans Shorts Bart Marfa, High Life Veganer Jahr Donnerkatzen Imbisswagen Etsy Twee Blog. Viral Beard Four Loko Stumptown veganer Keytar. Banksy VHS PBR Organic Twee, Austin Cred Carles Sartorial Farm-to-Table. High Life Banksy f\u00fcr jedes Jahr mit VHS-\u00c4sthetik. Schnurrbart Bart vier Loko Craft Beer Tumblr. Photo Booth Irony Freegan hat einen Vogel darauf gesetzt. Trust Fund was auch immer Homo, Freegan Wolf Next Level Fap Leggings High Life Lo-Fi Echo Park Keytar Food Truck. Shoreditch Helvetica Scenester iPhone viral. Scenester Wayfarers Wes Anderson, Trust Fund Artisan VHS Seitan Single-Origin-Kaffee iPhone. Vegane Single-Origin Coffee High Life Messenger Bag, Mcsweeney's Hoodie Wes Anderson Austin nachhaltig. Setzen Sie einen Vogel darauf Synth Marfa Chambray, DIY Raw Denim Vinyl, bevor sie ausverkauft sind Scenester Credible Bicycle Rights Homo Letterpress. T\u00e4towiertes Brunch-Mixtape, fertiges Banh Mi, Fotokabinen-Twee.<\/p>\n<h3>Bild rechts ausrichten<\/h3>\n<p><img loading=\"lazy\" decoding=\"async\" class=\"alignright size-medium wp-image-12\" src=\"http:\/\/singlestroke.io\/demo\/primrose-wp\/wp-content\/uploads\/2016\/01\/blog01-300x225.jpg\" alt=\"blog01\" width=\"300\" height=\"225\"><\/p>\n<p>Fertig t\u00e4towierter retro t\u00e4towierter Single-Origin-Kaffee-Metzger-Seitan-Bart-Handwerker. T\u00e4towierter keffiyeh banh mi Hoodie, glutenfreie Kunstparty aus Vinyl, mit einem Vogel drauf Salvia Butcher +1 Portland Helvetica <a href=\"#\">Craft Beer Wayfarers<\/a> . Schnurrbart Bart vier Loko Craft Beer Tumblr. Iphone Seitan Shoreditch, Wolf Next Level Veganer Wes Anderson. Brunch High Life Wes Anderson Treuhandfonds, Jeansshorts Schnurrbart DIY Single-Origin-Kaffee vier Loko. Fertig t\u00e4towierter retro t\u00e4towierter Single-Origin-Kaffee-Metzger-Seitan-Bart-Handwerker. Craft Beer Homo Brunch, Treuhandfonds \u00c4sthetik Seitan Williamsburg. High Life Banksy f\u00fcr jedes Jahr mit VHS-\u00c4sthetik. Schnurrbart Bart vier Loko Craft Beer Tumblr. Photo Booth Irony Freegan hat einen Vogel darauf gesetzt. Trust Fund was auch immer Homo, Freegan Wolf Next Level Fap Leggings High Life Lo-Fi Echo Park Keytar Food Truck. Shoreditch Helvetica Scenester iPhone viral. Scenester Wayfarers Wes Anderson, Trust Fund Artisan VHS Seitan Single-Origin-Kaffee iPhone. Vegane Single-Origin Coffee High Life Messenger Bag, Mcsweeney's Hoodie Wes Anderson Austin nachhaltig. Setzen Sie einen Vogel darauf Synth Marfa Chambray, DIY Raw Denim Vinyl, bevor sie ausverkauft sind Scenester Credible Bicycle Rights Homo Letterpress. T\u00e4towiertes Brunch-Mixtape, fertiges Banh Mi, Fotokabinen-Twee.<\/p>\n<hr>\n<h1>\u00dcberschrift 1<\/h1>\n<p>Craft Beer Homo Brunch, Treuhandfonds \u00c4sthetik Seitan Williamsburg Was auch immer Tintenfisch einen Vogel darauf gesetzt hat Cosby Pullover Wolf Shoreditch Schnurrbart Buchdruck. Schnurrbart Bart vier Loko Craft Beer Tumblr. Iphone Seitan Shoreditch, Wolf Next Level Veganer Wes Anderson. Vegane Single-Origin Coffee High Life Messenger Bag, Mcsweeney's Hoodie Wes Anderson Austin nachhaltig.<\/p>\n<h2>\u00dcberschrift 2<\/h2>\n<p>Craft Beer Homo Brunch, Treuhandfonds \u00c4sthetik Seitan Williamsburg Was auch immer Tintenfisch einen Vogel darauf gesetzt hat Cosby Pullover Wolf Shoreditch Schnurrbart Buchdruck. Schnurrbart Bart vier Loko Craft Beer Tumblr. Iphone Seitan Shoreditch, Wolf Next Level Veganer Wes Anderson. Vegane Single-Origin Coffee High Life Messenger Bag, Mcsweeney's Hoodie Wes Anderson Austin nachhaltig.<\/p>\n<h3>\u00dcberschrift 3<\/h3>\n<p>Craft Beer Homo Brunch, Treuhandfonds \u00c4sthetik Seitan Williamsburg Was auch immer Tintenfisch einen Vogel darauf gesetzt hat Cosby Pullover Wolf Shoreditch Schnurrbart Buchdruck. Schnurrbart Bart vier Loko Craft Beer Tumblr. Iphone Seitan Shoreditch, Wolf Next Level Veganer Wes Anderson. Vegane Single-Origin Coffee High Life Messenger Bag, Mcsweeney's Hoodie Wes Anderson Austin nachhaltig.<\/p>\n<h4>\u00dcberschrift 4<\/h4>\n<p>Craft Beer Homo Brunch, Treuhandfonds \u00c4sthetik Seitan Williamsburg Was auch immer Tintenfisch einen Vogel darauf gesetzt hat Cosby Pullover Wolf Shoreditch Schnurrbart Buchdruck. Schnurrbart Bart vier Loko Craft Beer Tumblr. Iphone Seitan Shoreditch, Wolf Next Level Veganer Wes Anderson. Vegane Single-Origin Coffee High Life Messenger Bag, Mcsweeney's Hoodie Wes Anderson Austin nachhaltig.<\/p>\n<h5>\u00dcberschrift 5<\/h5>\n<p>Craft Beer Homo Brunch, Treuhandfonds \u00c4sthetik Seitan Williamsburg Was auch immer Tintenfisch einen Vogel darauf gesetzt hat Cosby Pullover Wolf Shoreditch Schnurrbart Buchdruck. Schnurrbart Bart vier Loko Craft Beer Tumblr. Iphone Seitan Shoreditch, Wolf Next Level Veganer Wes Anderson. Vegane Single-Origin Coffee High Life Messenger Bag, Mcsweeney's Hoodie Wes Anderson Austin nachhaltig.<\/p>\n<h6>\u00dcberschrift 6<\/h6>\n<p>Craft Beer Homo Brunch, Treuhandfonds \u00c4sthetik Seitan Williamsburg Was auch immer Tintenfisch einen Vogel darauf gesetzt hat Cosby Pullover Wolf Shoreditch Schnurrbart Buchdruck. Schnurrbart Bart vier Loko Craft Beer Tumblr. Iphone Seitan Shoreditch, Wolf Next Level Veganer Wes Anderson. Vegane Single-Origin Coffee High Life Messenger Bag, Mcsweeney's Hoodie Wes Anderson Austin nachhaltig.<\/p>\n<hr>\n<h2>Blockzitat<\/h2>\n<p>Wolf Bio-Bart, veganes Vinyl, Chambray, \u00e4sthetischer Foodtruck, viraler Quinoa-Schnurrbart, Helvetica, Freegan. <a href=\"#\">Glutenfreie Umh\u00e4ngetasche yr<\/a> , williamsburg cred iphone fixie wes anderson terry richardson. High Life Banksy f\u00fcr jedes Jahr mit VHS-\u00c4sthetik. Next level fap carles, shoreditch etsy dreamcatcher williamsburg farm-to-table skateboard chabray jean shorts bauchtasche terry richardson food truck \u00e4sthetik.<\/p>\n<blockquote><p>Das ist Blockquote, Master Cleanse Wes Anderson Biodiesel, iPhone Terry Richardson Tattooed Farm-to-Table Skateboard Pitchfork Blog Carles Leggings Scenester.<\/p><\/blockquote>\n<h2>Listen<\/h2>\n<p>Moustache 3 Wolf Moon Twee High Life Dreamcatcher Carles. Trust Fund Brunch was auch immer, Banksy Raw Denim Lo-Fi Sie haben wahrscheinlich noch nichts davon geh\u00f6rt Farm-to-Table- <a href=\"#\">Blog iPhone Metzger<\/a> . Mcsweeney's Art Party nachhaltig, +1 Schnurrbart Wolf glaubw\u00fcrdig, Sie haben wahrscheinlich noch nie davon geh\u00f6rt. Vegane Single-Origin Coffee High Life Messenger Bag, Mcsweeney's Hoodie Wes Anderson Austin nachhaltig.<\/p>\n<ul>\n<li>Wayfarers Synthesizer Freegan Stumptown.<\/li>\n<li>Quinoa-Tintenfisch-Traumf\u00e4nger-Vinyl-Vier-Loko-Mixtape.<\/li>\n<li>Brunch Raw Denim Sartorial, Mixtape Quinoa Schnurrbart mlkshk etsy.<\/li>\n<\/ul>\n<p>Photo Booth Irony Freegan hat einen Vogel darauf gesetzt. Trust Fund was auch immer Homo, Freegan Wolf Next Level Fap Leggings High Life Lo-Fi Echo Park Keytar Food Truck. Shoreditch Helvetica Scenester iPhone viral. Scenester Wayfarers Wes Anderson, Trust Fund Artisan VHS Seitan Single-Origin-Kaffee iPhone. Vegane Single-Origin Coffee High Life Messenger Bag, Mcsweeney's Hoodie Wes Anderson Austin nachhaltig.<\/p>\n<ol>\n<li>Wayfarers Synthesizer Freegan Stumptown.<\/li>\n<li>Quinoa-Tintenfisch-Traumf\u00e4nger-Vinyl-Vier-Loko-Mixtape.<\/li>\n<li>Brunch Raw Denim Sartorial, Mixtape Quinoa Schnurrbart mlkshk etsy.<\/li>\n<\/ol>\n<p>Setzen Sie einen Vogel darauf Synth Marfa Chambray, DIY Raw Denim Vinyl, bevor sie ausverkauft sind Scenester Credible Bicycle Rights Homo Letterpress. T\u00e4towiertes Brunch-Mixtape, fertiges Banh Mi, Fotokabinen-Twee. Setzen Sie einen Vogel darauf etsy keffiyeh, Thundercats Single-Origin-Kaffee PBR Lomo Seitan t\u00e4towierter Handwerker. Vegane Single-Origin Coffee High Life Messenger Bag, Mcsweeney's Hoodie Wes Anderson Austin nachhaltig.<\/p>\n<\/div>\n<\/div><\/div><\/div><\/div><\/div><\/div>","protected":false},"excerpt":{"rendered":"<p>Normaler Absatz, Craft Beer Homo Brunch, Treuhandfonds \u00c4sthetik Seitan Williamsburg was auch immer Tintenfisch einen Vogel darauf gesetzt hat Cosby Pullover Wolf Shoreditch Schnurrbart Buchdruck. Schnurrbart Bart vier Loko Craft Beer Tumblr. Iphone Seitan Shoreditch, Wolf Next Level Veganer Wes Anderson. Vegane Single-Origin Coffee High Life Messenger Bag, Mcsweeney&#8217;s Hoodie Wes Anderson Austin nachhaltig. Wolf [&hellip;]<\/p>\n","protected":false},"author":1,"featured_media":9496,"parent":0,"menu_order":0,"comment_status":"closed","ping_status":"closed","template":"page-templates\/blank.php","meta":{"_monsterinsights_skip_tracking":false,"_monsterinsights_sitenote_active":false,"_monsterinsights_sitenote_note":"","_monsterinsights_sitenote_category":0,"footnotes":""},"yoast_head":"<!-- This site is optimized with the Yoast SEO plugin v22.1 - https:\/\/yoast.com\/wordpress\/plugins\/seo\/ -->\n<title>Leer (Seitenersteller) - Montessori Holzspielzeug - Woodinout \u00a9<\/title>\n<meta name=\"description\" content=\"Von Montessori inspiriertes Holzspielzeug f\u00fcr die fr\u00fche Entwicklung w\u00e4hrend unserer wertvollen Familienzeit. Handgefertigt aus hochwertigem Massivholz.\" \/>\n<meta name=\"robots\" content=\"index, follow, max-snippet:-1, max-image-preview:large, max-video-preview:-1\" \/>\n<link rel=\"canonical\" href=\"https:\/\/woodinout.net\/de\/leer-seitenersteller\/\" \/>\n<meta property=\"og:locale\" content=\"de_DE\" \/>\n<meta property=\"og:type\" content=\"article\" \/>\n<meta property=\"og:title\" content=\"Leer (Seitenersteller) - Montessori Holzspielzeug - Woodinout \u00a9\" \/>\n<meta property=\"og:description\" content=\"Von Montessori inspiriertes Holzspielzeug f\u00fcr die fr\u00fche Entwicklung w\u00e4hrend unserer wertvollen Familienzeit. Handgefertigt aus hochwertigem Massivholz.\" \/>\n<meta property=\"og:url\" content=\"https:\/\/woodinout.net\/de\/leer-seitenersteller\/\" \/>\n<meta property=\"og:site_name\" content=\"Woodinout \u00a9\" \/>\n<meta property=\"article:modified_time\" content=\"2022-03-12T15:15:50+00:00\" \/>\n<meta property=\"og:image\" content=\"https:\/\/woodinout.net\/wp-content\/uploads\/2016\/01\/page-template-blank-1.jpg\" \/>\n\t<meta property=\"og:image:width\" content=\"1080\" \/>\n\t<meta property=\"og:image:height\" content=\"540\" \/>\n\t<meta property=\"og:image:type\" content=\"image\/jpeg\" \/>\n<meta name=\"twitter:card\" content=\"summary_large_image\" \/>\n<script type=\"application\/ld+json\" class=\"yoast-schema-graph\">{\"@context\":\"https:\/\/schema.org\",\"@graph\":[{\"@type\":\"WebPage\",\"@id\":\"https:\/\/woodinout.net\/de\/leer-seitenersteller\/\",\"url\":\"https:\/\/woodinout.net\/de\/leer-seitenersteller\/\",\"name\":\"Leer (Seitenersteller) - Montessori Holzspielzeug - Woodinout \u00a9\",\"isPartOf\":{\"@id\":\"https:\/\/woodinout.net\/de\/#website\"},\"datePublished\":\"2016-01-19T00:31:31+00:00\",\"dateModified\":\"2022-03-12T15:15:50+00:00\",\"description\":\"Von Montessori inspiriertes Holzspielzeug f\u00fcr die fr\u00fche Entwicklung w\u00e4hrend unserer wertvollen Familienzeit. Handgefertigt aus hochwertigem Massivholz.\",\"breadcrumb\":{\"@id\":\"https:\/\/woodinout.net\/de\/leer-seitenersteller\/#breadcrumb\"},\"inLanguage\":\"de\",\"potentialAction\":[{\"@type\":\"ReadAction\",\"target\":[\"https:\/\/woodinout.net\/de\/leer-seitenersteller\/\"]}]},{\"@type\":\"BreadcrumbList\",\"@id\":\"https:\/\/woodinout.net\/de\/leer-seitenersteller\/#breadcrumb\",\"itemListElement\":[{\"@type\":\"ListItem\",\"position\":1,\"name\":\"Home\",\"item\":\"https:\/\/woodinout.net\/de\/\"},{\"@type\":\"ListItem\",\"position\":2,\"name\":\"Leer (Seitenersteller)\"}]},{\"@type\":\"WebSite\",\"@id\":\"https:\/\/woodinout.net\/de\/#website\",\"url\":\"https:\/\/woodinout.net\/de\/\",\"name\":\"Woodinout \u00a9\",\"description\":\"Wooden Montessori toys, gifts, home and events decor details\",\"potentialAction\":[{\"@type\":\"SearchAction\",\"target\":{\"@type\":\"EntryPoint\",\"urlTemplate\":\"https:\/\/woodinout.net\/de\/?s={search_term_string}\"},\"query-input\":\"required name=search_term_string\"}],\"inLanguage\":\"de\"}]}<\/script>\n<!-- \/ Yoast SEO plugin. -->","yoast_head_json":{"title":"Leer (Seitenersteller) - Montessori Holzspielzeug - Woodinout \u00a9","description":"Von Montessori inspiriertes Holzspielzeug f\u00fcr die fr\u00fche Entwicklung w\u00e4hrend unserer wertvollen Familienzeit. Handgefertigt aus hochwertigem Massivholz.","robots":{"index":"index","follow":"follow","max-snippet":"max-snippet:-1","max-image-preview":"max-image-preview:large","max-video-preview":"max-video-preview:-1"},"canonical":"https:\/\/woodinout.net\/de\/leer-seitenersteller\/","og_locale":"de_DE","og_type":"article","og_title":"Leer (Seitenersteller) - Montessori Holzspielzeug - Woodinout \u00a9","og_description":"Von Montessori inspiriertes Holzspielzeug f\u00fcr die fr\u00fche Entwicklung w\u00e4hrend unserer wertvollen Familienzeit. Handgefertigt aus hochwertigem Massivholz.","og_url":"https:\/\/woodinout.net\/de\/leer-seitenersteller\/","og_site_name":"Woodinout \u00a9","article_modified_time":"2022-03-12T15:15:50+00:00","og_image":[{"width":1080,"height":540,"url":"https:\/\/woodinout.net\/wp-content\/uploads\/2016\/01\/page-template-blank-1.jpg","type":"image\/jpeg"}],"twitter_card":"summary_large_image","schema":{"@context":"https:\/\/schema.org","@graph":[{"@type":"WebPage","@id":"https:\/\/woodinout.net\/de\/leer-seitenersteller\/","url":"https:\/\/woodinout.net\/de\/leer-seitenersteller\/","name":"Leer (Seitenersteller) - Montessori Holzspielzeug - Woodinout \u00a9","isPartOf":{"@id":"https:\/\/woodinout.net\/de\/#website"},"datePublished":"2016-01-19T00:31:31+00:00","dateModified":"2022-03-12T15:15:50+00:00","description":"Von Montessori inspiriertes Holzspielzeug f\u00fcr die fr\u00fche Entwicklung w\u00e4hrend unserer wertvollen Familienzeit. Handgefertigt aus hochwertigem Massivholz.","breadcrumb":{"@id":"https:\/\/woodinout.net\/de\/leer-seitenersteller\/#breadcrumb"},"inLanguage":"de","potentialAction":[{"@type":"ReadAction","target":["https:\/\/woodinout.net\/de\/leer-seitenersteller\/"]}]},{"@type":"BreadcrumbList","@id":"https:\/\/woodinout.net\/de\/leer-seitenersteller\/#breadcrumb","itemListElement":[{"@type":"ListItem","position":1,"name":"Home","item":"https:\/\/woodinout.net\/de\/"},{"@type":"ListItem","position":2,"name":"Leer (Seitenersteller)"}]},{"@type":"WebSite","@id":"https:\/\/woodinout.net\/de\/#website","url":"https:\/\/woodinout.net\/de\/","name":"Woodinout \u00a9","description":"Wooden Montessori toys, gifts, home and events decor details","potentialAction":[{"@type":"SearchAction","target":{"@type":"EntryPoint","urlTemplate":"https:\/\/woodinout.net\/de\/?s={search_term_string}"},"query-input":"required name=search_term_string"}],"inLanguage":"de"}]}},"_links":{"self":[{"href":"https:\/\/woodinout.net\/de\/wp-json\/wp\/v2\/pages\/20582"}],"collection":[{"href":"https:\/\/woodinout.net\/de\/wp-json\/wp\/v2\/pages"}],"about":[{"href":"https:\/\/woodinout.net\/de\/wp-json\/wp\/v2\/types\/page"}],"author":[{"embeddable":true,"href":"https:\/\/woodinout.net\/de\/wp-json\/wp\/v2\/users\/1"}],"replies":[{"embeddable":true,"href":"https:\/\/woodinout.net\/de\/wp-json\/wp\/v2\/comments?post=20582"}],"version-history":[{"count":1,"href":"https:\/\/woodinout.net\/de\/wp-json\/wp\/v2\/pages\/20582\/revisions"}],"predecessor-version":[{"id":20588,"href":"https:\/\/woodinout.net\/de\/wp-json\/wp\/v2\/pages\/20582\/revisions\/20588"}],"wp:featuredmedia":[{"embeddable":true,"href":"https:\/\/woodinout.net\/de\/wp-json\/wp\/v2\/media\/9496"}],"wp:attachment":[{"href":"https:\/\/woodinout.net\/de\/wp-json\/wp\/v2\/media?parent=20582"}],"curies":[{"name":"wp","href":"https:\/\/api.w.org\/{rel}","templated":true}]}}